{"id":29592,"date":"2022-02-22T09:52:02","date_gmt":"2022-02-22T02:52:02","guid":{"rendered":"https:\/\/mouldking.store\/?post_type=product&#038;p=29592"},"modified":"2022-02-22T09:52:03","modified_gmt":"2022-02-22T02:52:03","slug":"qman-k20501-20504-naruto-with-660-pieces","status":"publish","type":"product","link":"https:\/\/mouldking.store\/hu\/shop\/qman-k20501-20504-naruto-with-660-pieces\/","title":{"rendered":"Qman K20501-20504 Naruto 660 darabbal"},"content":{"rendered":"<p>Term\u00e9k inform\u00e1ci\u00f3:<\/p>\n<ol>\n<li>M\u00e1rka: Qman<\/li>\n<li>Nem: Uniszex<\/li>\n<li>Name: Naruto<\/li>\n<li>Koroszt\u00e1ly: &gt; 6 \u00e9v<\/li>\n<li>Model Number: K20501-20504<\/li>\n<li>Besorol\u00e1s: \u00d6sszeszerel\u00e9s<\/li>\n<li>M\u0171anyag blokk forma: \u00f6nz\u00e1r\u00f3 t\u00e9gla<\/li>\n<li>Anyaga: M\u0171anyag<\/li>\n<li>M\u0171anyag t\u00edpus: ABS<\/li>\n<li>Bricks Blocks: 660 PCS (totals)<\/li>\n<li>R\u00e9szletes \u00f6sszeszerel\u00e9si \u00fatmutat\u00f3t tartalmaz.<\/li>\n<\/ol>\n<p>\u00c9rtes\u00edt\u00e9s:<br \/>\n1. Eredeti doboz n\u00e9lk\u00fcl, de garant\u00e1ljuk, hogy term\u00e9keink min\u0151s\u00e9gbiztos\u00edt\u00e1ssal \u00e9s sz\u00e9p csomagol\u00e1ssal rendelkeznek.<br \/>\n2. Mint minden alkatr\u00e9szt, amelyet a sz\u00e1ll\u00edt\u00e1s el\u0151tt ellen\u0151rizt\u00fcnk, ez\u00e9rt ha \u00fagy tal\u00e1lja, hogy n\u00e9h\u00e1ny alkatr\u00e9sz hi\u00e1nyzik vagy s\u00e9r\u00fclt, ne agg\u00f3djon, \u00e9s k\u00e9rj\u00fck, vegye fel vel\u00fcnk a kapcsolatot, \u00e9s azonnal ingyenesen elk\u00fcldj\u00fck \u00d6nnek.<\/p>\n<p>&nbsp;<\/p>\n<figure id=\"attachment_29593\" aria-describedby=\"caption-attachment-29593\" style=\"width: 790px\" class=\"wp-caption aligncenter\"><img fetchpriority=\"high\" decoding=\"async\" class=\"wp-image-29593 size-full\" src=\"https:\/\/mouldking.store\/wp-content\/uploads\/2022\/02\/Qman-K20501-20504-Naruto-1.jpg\" alt=\"Qman K20501-20504 Naruto with 660 pieces\" width=\"790\" height=\"800\" title=\"-\" srcset=\"https:\/\/mouldking.store\/wp-content\/uploads\/2022\/02\/Qman-K20501-20504-Naruto-1.jpg 790w, https:\/\/mouldking.store\/wp-content\/uploads\/2022\/02\/Qman-K20501-20504-Naruto-1-296x300.jpg 296w, https:\/\/mouldking.store\/wp-content\/uploads\/2022\/02\/Qman-K20501-20504-Naruto-1-768x778.jpg 768w, https:\/\/mouldking.store\/wp-content\/uploads\/2022\/02\/Qman-K20501-20504-Naruto-1-300x304.jpg 300w, https:\/\/mouldking.store\/wp-content\/uploads\/2022\/02\/Qman-K20501-20504-Naruto-1-600x608.jpg 600w, https:\/\/mouldking.store\/wp-content\/uploads\/2022\/02\/Qman-K20501-20504-Naruto-1-148x150.jpg 148w\" sizes=\"(max-width: 790px) 100vw, 790px\" \/><figcaption id=\"caption-attachment-29593\" class=\"wp-caption-text\">Qman K20501-20504 Naruto 660 darabbal<\/figcaption><\/figure>\n<figure id=\"attachment_29608\" aria-describedby=\"caption-attachment-29608\" style=\"width: 800px\" class=\"wp-caption aligncenter\"><img decoding=\"async\" class=\"wp-image-29608 size-full\" src=\"https:\/\/mouldking.store\/wp-content\/uploads\/2022\/02\/Qman-K20501-20504-Naruto-16.jpg\" alt=\"Qman K20501-20504 Naruto with 660 pieces\" width=\"800\" height=\"800\" title=\"-\" srcset=\"https:\/\/mouldking.store\/wp-content\/uploads\/2022\/02\/Qman-K20501-20504-Naruto-16.jpg 800w, https:\/\/mouldking.store\/wp-content\/uploads\/2022\/02\/Qman-K20501-20504-Naruto-16-300x300.jpg 300w, https:\/\/mouldking.store\/wp-content\/uploads\/2022\/02\/Qman-K20501-20504-Naruto-16-768x768.jpg 768w, https:\/\/mouldking.store\/wp-content\/uploads\/2022\/02\/Qman-K20501-20504-Naruto-16-600x600.jpg 600w, https:\/\/mouldking.store\/wp-content\/uploads\/2022\/02\/Qman-K20501-20504-Naruto-16-150x150.jpg 150w\" sizes=\"(max-width: 800px) 100vw, 800px\" \/><figcaption id=\"caption-attachment-29608\" class=\"wp-caption-text\">Qman K20501-20504 Naruto 660 darabbal<\/figcaption><\/figure>\n<figure id=\"attachment_29599\" aria-describedby=\"caption-attachment-29599\" style=\"width: 790px\" class=\"wp-caption aligncenter\"><img decoding=\"async\" class=\"wp-image-29599 size-full\" src=\"https:\/\/mouldking.store\/wp-content\/uploads\/2022\/02\/Qman-K20501-20504-Naruto-7.jpg\" alt=\"Qman K20501-20504 Naruto with 660 pieces\" width=\"790\" height=\"740\" title=\"-\" srcset=\"https:\/\/mouldking.store\/wp-content\/uploads\/2022\/02\/Qman-K20501-20504-Naruto-7.jpg 790w, https:\/\/mouldking.store\/wp-content\/uploads\/2022\/02\/Qman-K20501-20504-Naruto-7-300x281.jpg 300w, https:\/\/mouldking.store\/wp-content\/uploads\/2022\/02\/Qman-K20501-20504-Naruto-7-768x719.jpg 768w, https:\/\/mouldking.store\/wp-content\/uploads\/2022\/02\/Qman-K20501-20504-Naruto-7-600x562.jpg 600w, https:\/\/mouldking.store\/wp-content\/uploads\/2022\/02\/Qman-K20501-20504-Naruto-7-150x141.jpg 150w\" sizes=\"(max-width: 790px) 100vw, 790px\" \/><figcaption id=\"caption-attachment-29599\" class=\"wp-caption-text\">Qman K20501-20504 Naruto 660 darabbal<\/figcaption><\/figure>\n<figure id=\"attachment_29598\" aria-describedby=\"caption-attachment-29598\" style=\"width: 790px\" class=\"wp-caption aligncenter\"><img loading=\"lazy\" decoding=\"async\" class=\"wp-image-29598 size-full\" src=\"https:\/\/mouldking.store\/wp-content\/uploads\/2022\/02\/Qman-K20501-20504-Naruto-6.jpg\" alt=\"Qman K20501-20504 Naruto with 660 pieces\" width=\"790\" height=\"607\" title=\"-\" srcset=\"https:\/\/mouldking.store\/wp-content\/uploads\/2022\/02\/Qman-K20501-20504-Naruto-6.jpg 790w, https:\/\/mouldking.store\/wp-content\/uploads\/2022\/02\/Qman-K20501-20504-Naruto-6-300x231.jpg 300w, https:\/\/mouldking.store\/wp-content\/uploads\/2022\/02\/Qman-K20501-20504-Naruto-6-768x590.jpg 768w, https:\/\/mouldking.store\/wp-content\/uploads\/2022\/02\/Qman-K20501-20504-Naruto-6-600x461.jpg 600w, https:\/\/mouldking.store\/wp-content\/uploads\/2022\/02\/Qman-K20501-20504-Naruto-6-150x115.jpg 150w\" sizes=\"(max-width: 790px) 100vw, 790px\" \/><figcaption id=\"caption-attachment-29598\" class=\"wp-caption-text\">Qman K20501-20504 Naruto 660 darabbal<\/figcaption><\/figure>\n<figure id=\"attachment_29602\" aria-describedby=\"caption-attachment-29602\" style=\"width: 790px\" class=\"wp-caption aligncenter\"><img loading=\"lazy\" decoding=\"async\" class=\"wp-image-29602 size-full\" src=\"https:\/\/mouldking.store\/wp-content\/uploads\/2022\/02\/Qman-K20501-20504-Naruto-10.jpg\" alt=\"Qman K20501-20504 Naruto with 660 pieces\" width=\"790\" height=\"616\" title=\"-\" srcset=\"https:\/\/mouldking.store\/wp-content\/uploads\/2022\/02\/Qman-K20501-20504-Naruto-10.jpg 790w, https:\/\/mouldking.store\/wp-content\/uploads\/2022\/02\/Qman-K20501-20504-Naruto-10-300x234.jpg 300w, https:\/\/mouldking.store\/wp-content\/uploads\/2022\/02\/Qman-K20501-20504-Naruto-10-768x599.jpg 768w, https:\/\/mouldking.store\/wp-content\/uploads\/2022\/02\/Qman-K20501-20504-Naruto-10-600x468.jpg 600w, https:\/\/mouldking.store\/wp-content\/uploads\/2022\/02\/Qman-K20501-20504-Naruto-10-150x117.jpg 150w\" sizes=\"(max-width: 790px) 100vw, 790px\" \/><figcaption id=\"caption-attachment-29602\" class=\"wp-caption-text\">Qman K20501-20504 Naruto 660 darabbal<\/figcaption><\/figure>\n<figure id=\"attachment_29594\" aria-describedby=\"caption-attachment-29594\" style=\"width: 800px\" class=\"wp-caption aligncenter\"><img loading=\"lazy\" decoding=\"async\" class=\"wp-image-29594 size-full\" src=\"https:\/\/mouldking.store\/wp-content\/uploads\/2022\/02\/Qman-K20501-20504-Naruto-2.jpg\" alt=\"Qman K20501-20504 Naruto with 660 pieces\" width=\"800\" height=\"800\" title=\"-\" srcset=\"https:\/\/mouldking.store\/wp-content\/uploads\/2022\/02\/Qman-K20501-20504-Naruto-2.jpg 800w, https:\/\/mouldking.store\/wp-content\/uploads\/2022\/02\/Qman-K20501-20504-Naruto-2-300x300.jpg 300w, https:\/\/mouldking.store\/wp-content\/uploads\/2022\/02\/Qman-K20501-20504-Naruto-2-768x768.jpg 768w, https:\/\/mouldking.store\/wp-content\/uploads\/2022\/02\/Qman-K20501-20504-Naruto-2-600x600.jpg 600w, https:\/\/mouldking.store\/wp-content\/uploads\/2022\/02\/Qman-K20501-20504-Naruto-2-150x150.jpg 150w\" sizes=\"(max-width: 800px) 100vw, 800px\" \/><figcaption id=\"caption-attachment-29594\" class=\"wp-caption-text\">Qman K20501-20504 Naruto 660 darabbal<\/figcaption><\/figure>\n<figure id=\"attachment_29603\" aria-describedby=\"caption-attachment-29603\" style=\"width: 688px\" class=\"wp-caption aligncenter\"><img loading=\"lazy\" decoding=\"async\" class=\"wp-image-29603 size-full\" src=\"https:\/\/mouldking.store\/wp-content\/uploads\/2022\/02\/Qman-K20501-20504-Naruto-11.jpg\" alt=\"Qman K20501-20504 Naruto with 660 pieces\" width=\"688\" height=\"1024\" title=\"-\" srcset=\"https:\/\/mouldking.store\/wp-content\/uploads\/2022\/02\/Qman-K20501-20504-Naruto-11.jpg 688w, https:\/\/mouldking.store\/wp-content\/uploads\/2022\/02\/Qman-K20501-20504-Naruto-11-202x300.jpg 202w, https:\/\/mouldking.store\/wp-content\/uploads\/2022\/02\/Qman-K20501-20504-Naruto-11-300x447.jpg 300w, https:\/\/mouldking.store\/wp-content\/uploads\/2022\/02\/Qman-K20501-20504-Naruto-11-600x893.jpg 600w, https:\/\/mouldking.store\/wp-content\/uploads\/2022\/02\/Qman-K20501-20504-Naruto-11-101x150.jpg 101w\" sizes=\"(max-width: 688px) 100vw, 688px\" \/><figcaption id=\"caption-attachment-29603\" class=\"wp-caption-text\">Qman K20501-20504 Naruto 660 darabbal<\/figcaption><\/figure>\n<figure id=\"attachment_29595\" aria-describedby=\"caption-attachment-29595\" style=\"width: 800px\" class=\"wp-caption aligncenter\"><img loading=\"lazy\" decoding=\"async\" class=\"wp-image-29595 size-full\" src=\"https:\/\/mouldking.store\/wp-content\/uploads\/2022\/02\/Qman-K20501-20504-Naruto-3.jpg\" alt=\"Qman K20501-20504 Naruto with 660 pieces\" width=\"800\" height=\"800\" title=\"-\" srcset=\"https:\/\/mouldking.store\/wp-content\/uploads\/2022\/02\/Qman-K20501-20504-Naruto-3.jpg 800w, https:\/\/mouldking.store\/wp-content\/uploads\/2022\/02\/Qman-K20501-20504-Naruto-3-300x300.jpg 300w, https:\/\/mouldking.store\/wp-content\/uploads\/2022\/02\/Qman-K20501-20504-Naruto-3-768x768.jpg 768w, https:\/\/mouldking.store\/wp-content\/uploads\/2022\/02\/Qman-K20501-20504-Naruto-3-600x600.jpg 600w, https:\/\/mouldking.store\/wp-content\/uploads\/2022\/02\/Qman-K20501-20504-Naruto-3-150x150.jpg 150w\" sizes=\"(max-width: 800px) 100vw, 800px\" \/><figcaption id=\"caption-attachment-29595\" class=\"wp-caption-text\">Qman K20501-20504 Naruto 660 darabbal<\/figcaption><\/figure>\n<figure id=\"attachment_29604\" aria-describedby=\"caption-attachment-29604\" style=\"width: 693px\" class=\"wp-caption aligncenter\"><img loading=\"lazy\" decoding=\"async\" class=\"wp-image-29604 size-full\" src=\"https:\/\/mouldking.store\/wp-content\/uploads\/2022\/02\/Qman-K20501-20504-Naruto-12.jpg\" alt=\"Qman K20501-20504 Naruto with 660 pieces\" width=\"693\" height=\"1024\" title=\"-\" srcset=\"https:\/\/mouldking.store\/wp-content\/uploads\/2022\/02\/Qman-K20501-20504-Naruto-12.jpg 693w, https:\/\/mouldking.store\/wp-content\/uploads\/2022\/02\/Qman-K20501-20504-Naruto-12-203x300.jpg 203w, https:\/\/mouldking.store\/wp-content\/uploads\/2022\/02\/Qman-K20501-20504-Naruto-12-300x443.jpg 300w, https:\/\/mouldking.store\/wp-content\/uploads\/2022\/02\/Qman-K20501-20504-Naruto-12-600x887.jpg 600w, https:\/\/mouldking.store\/wp-content\/uploads\/2022\/02\/Qman-K20501-20504-Naruto-12-102x150.jpg 102w\" sizes=\"(max-width: 693px) 100vw, 693px\" \/><figcaption id=\"caption-attachment-29604\" class=\"wp-caption-text\">Qman K20501-20504 Naruto 660 darabbal<\/figcaption><\/figure>\n<figure id=\"attachment_29596\" aria-describedby=\"caption-attachment-29596\" style=\"width: 800px\" class=\"wp-caption aligncenter\"><img loading=\"lazy\" decoding=\"async\" class=\"wp-image-29596 size-full\" src=\"https:\/\/mouldking.store\/wp-content\/uploads\/2022\/02\/Qman-K20501-20504-Naruto-4.jpg\" alt=\"Qman K20501-20504 Naruto with 660 pieces\" width=\"800\" height=\"800\" title=\"-\" srcset=\"https:\/\/mouldking.store\/wp-content\/uploads\/2022\/02\/Qman-K20501-20504-Naruto-4.jpg 800w, https:\/\/mouldking.store\/wp-content\/uploads\/2022\/02\/Qman-K20501-20504-Naruto-4-300x300.jpg 300w, https:\/\/mouldking.store\/wp-content\/uploads\/2022\/02\/Qman-K20501-20504-Naruto-4-768x768.jpg 768w, https:\/\/mouldking.store\/wp-content\/uploads\/2022\/02\/Qman-K20501-20504-Naruto-4-600x600.jpg 600w, https:\/\/mouldking.store\/wp-content\/uploads\/2022\/02\/Qman-K20501-20504-Naruto-4-150x150.jpg 150w\" sizes=\"(max-width: 800px) 100vw, 800px\" \/><figcaption id=\"caption-attachment-29596\" class=\"wp-caption-text\">Qman K20501-20504 Naruto 660 darabbal<\/figcaption><\/figure>\n<figure id=\"attachment_29605\" aria-describedby=\"caption-attachment-29605\" style=\"width: 723px\" class=\"wp-caption aligncenter\"><img loading=\"lazy\" decoding=\"async\" class=\"wp-image-29605 size-full\" src=\"https:\/\/mouldking.store\/wp-content\/uploads\/2022\/02\/Qman-K20501-20504-Naruto-13.jpg\" alt=\"Qman K20501-20504 Naruto with 660 pieces\" width=\"723\" height=\"1024\" title=\"-\" srcset=\"https:\/\/mouldking.store\/wp-content\/uploads\/2022\/02\/Qman-K20501-20504-Naruto-13.jpg 723w, https:\/\/mouldking.store\/wp-content\/uploads\/2022\/02\/Qman-K20501-20504-Naruto-13-212x300.jpg 212w, https:\/\/mouldking.store\/wp-content\/uploads\/2022\/02\/Qman-K20501-20504-Naruto-13-300x425.jpg 300w, https:\/\/mouldking.store\/wp-content\/uploads\/2022\/02\/Qman-K20501-20504-Naruto-13-600x850.jpg 600w, https:\/\/mouldking.store\/wp-content\/uploads\/2022\/02\/Qman-K20501-20504-Naruto-13-106x150.jpg 106w\" sizes=\"(max-width: 723px) 100vw, 723px\" \/><figcaption id=\"caption-attachment-29605\" class=\"wp-caption-text\">Qman K20501-20504 Naruto 660 darabbal<\/figcaption><\/figure>\n<figure id=\"attachment_29597\" aria-describedby=\"caption-attachment-29597\" style=\"width: 800px\" class=\"wp-caption aligncenter\"><img loading=\"lazy\" decoding=\"async\" class=\"wp-image-29597 size-full\" src=\"https:\/\/mouldking.store\/wp-content\/uploads\/2022\/02\/Qman-K20501-20504-Naruto-5.jpg\" alt=\"Qman K20501-20504 Naruto with 660 pieces\" width=\"800\" height=\"800\" title=\"-\" srcset=\"https:\/\/mouldking.store\/wp-content\/uploads\/2022\/02\/Qman-K20501-20504-Naruto-5.jpg 800w, https:\/\/mouldking.store\/wp-content\/uploads\/2022\/02\/Qman-K20501-20504-Naruto-5-300x300.jpg 300w, https:\/\/mouldking.store\/wp-content\/uploads\/2022\/02\/Qman-K20501-20504-Naruto-5-768x768.jpg 768w, https:\/\/mouldking.store\/wp-content\/uploads\/2022\/02\/Qman-K20501-20504-Naruto-5-600x600.jpg 600w, https:\/\/mouldking.store\/wp-content\/uploads\/2022\/02\/Qman-K20501-20504-Naruto-5-150x150.jpg 150w\" sizes=\"(max-width: 800px) 100vw, 800px\" \/><figcaption id=\"caption-attachment-29597\" class=\"wp-caption-text\">Qman K20501-20504 Naruto 660 darabbal<\/figcaption><\/figure>\n<figure id=\"attachment_29606\" aria-describedby=\"caption-attachment-29606\" style=\"width: 618px\" class=\"wp-caption aligncenter\"><img loading=\"lazy\" decoding=\"async\" class=\"wp-image-29606 size-full\" src=\"https:\/\/mouldking.store\/wp-content\/uploads\/2022\/02\/Qman-K20501-20504-Naruto-14.jpg\" alt=\"Qman K20501-20504 Naruto with 660 pieces\" width=\"618\" height=\"1024\" title=\"-\" srcset=\"https:\/\/mouldking.store\/wp-content\/uploads\/2022\/02\/Qman-K20501-20504-Naruto-14.jpg 618w, https:\/\/mouldking.store\/wp-content\/uploads\/2022\/02\/Qman-K20501-20504-Naruto-14-181x300.jpg 181w, https:\/\/mouldking.store\/wp-content\/uploads\/2022\/02\/Qman-K20501-20504-Naruto-14-300x497.jpg 300w, https:\/\/mouldking.store\/wp-content\/uploads\/2022\/02\/Qman-K20501-20504-Naruto-14-600x994.jpg 600w, https:\/\/mouldking.store\/wp-content\/uploads\/2022\/02\/Qman-K20501-20504-Naruto-14-91x150.jpg 91w\" sizes=\"(max-width: 618px) 100vw, 618px\" \/><figcaption id=\"caption-attachment-29606\" class=\"wp-caption-text\">Qman K20501-20504 Naruto 660 darabbal<\/figcaption><\/figure>\n<figure id=\"attachment_29607\" aria-describedby=\"caption-attachment-29607\" style=\"width: 664px\" class=\"wp-caption aligncenter\"><img loading=\"lazy\" decoding=\"async\" class=\"wp-image-29607 size-full\" src=\"https:\/\/mouldking.store\/wp-content\/uploads\/2022\/02\/Qman-K20501-20504-Naruto-15.jpg\" alt=\"Qman K20501-20504 Naruto with 660 pieces\" width=\"664\" height=\"1024\" title=\"-\" srcset=\"https:\/\/mouldking.store\/wp-content\/uploads\/2022\/02\/Qman-K20501-20504-Naruto-15.jpg 664w, https:\/\/mouldking.store\/wp-content\/uploads\/2022\/02\/Qman-K20501-20504-Naruto-15-195x300.jpg 195w, https:\/\/mouldking.store\/wp-content\/uploads\/2022\/02\/Qman-K20501-20504-Naruto-15-300x463.jpg 300w, https:\/\/mouldking.store\/wp-content\/uploads\/2022\/02\/Qman-K20501-20504-Naruto-15-600x925.jpg 600w, https:\/\/mouldking.store\/wp-content\/uploads\/2022\/02\/Qman-K20501-20504-Naruto-15-97x150.jpg 97w\" sizes=\"(max-width: 664px) 100vw, 664px\" \/><figcaption id=\"caption-attachment-29607\" class=\"wp-caption-text\">Qman K20501-20504 Naruto 660 darabbal<\/figcaption><\/figure>","protected":false},"excerpt":{"rendered":"<p>Product information: Brand: Qman Gender: Unisex Name: Naruto Age Range: &gt; 6 years old Model Number: K20501-20504 Classification: Assemblage Plastic Block Shape: Self-Locking Bricks Material: Plastic Plastic Type: ABS Bricks Blocks: 660 PCS (totals) Contains detailed assembly instructions. Notice: 1. Without an original box, but we guarantee our products have quality assurance and nice packaging. [&hellip;]<\/p>","protected":false},"featured_media":29608,"comment_status":"closed","ping_status":"closed","template":"","meta":{"_acf_changed":false},"product_cat":[581],"product_tag":[4539,4534,4540,4541,4542,2383,4125,4535,4533,4532,4536,4537,4538],"class_list":["product","first","instock","shipping-taxable","purchasable","product-type-variable"],"acf":[],"_links":{"self":[{"href":"https:\/\/mouldking.store\/hu\/wp-json\/wp\/v2\/product\/29592","targetHints":{"allow":["GET"]}}],"collection":[{"href":"https:\/\/mouldking.store\/hu\/wp-json\/wp\/v2\/product"}],"about":[{"href":"https:\/\/mouldking.store\/hu\/wp-json\/wp\/v2\/types\/product"}],"replies":[{"embeddable":true,"href":"https:\/\/mouldking.store\/hu\/wp-json\/wp\/v2\/comments?post=29592"}],"wp:featuredmedia":[{"embeddable":true,"href":"https:\/\/mouldking.store\/hu\/wp-json\/wp\/v2\/media\/29608"}],"wp:attachment":[{"href":"https:\/\/mouldking.store\/hu\/wp-json\/wp\/v2\/media?parent=29592"}],"wp:term":[{"taxonomy":"product_cat","embeddable":true,"href":"https:\/\/mouldking.store\/hu\/wp-json\/wp\/v2\/product_cat?post=29592"},{"taxonomy":"product_tag","embeddable":true,"href":"https:\/\/mouldking.store\/hu\/wp-json\/wp\/v2\/product_tag?post=29592"}],"curies":[{"name":"wp","href":"https:\/\/api.w.org\/{rel}","templated":true}]}}