{"id":29857,"date":"2022-02-23T16:15:56","date_gmt":"2022-02-23T09:15:56","guid":{"rendered":"https:\/\/mouldking.store\/?post_type=product&#038;p=29857"},"modified":"2022-02-23T16:15:56","modified_gmt":"2022-02-23T09:15:56","slug":"qman-k20202-k20204-pokemon-pikachu","status":"publish","type":"product","link":"https:\/\/mouldking.store\/hu\/shop\/qman-k20202-k20204-pokemon-pikachu\/","title":{"rendered":"Qman K20202-K20204 Pok\u00e9mon Pikachu"},"content":{"rendered":"<p>Term\u00e9k inform\u00e1ci\u00f3:<\/p>\n<ol>\n<li>M\u00e1rka: Qman<\/li>\n<li>Nem: Uniszex<\/li>\n<li>Name: Pok\u00e9mon Pikachu<\/li>\n<li>Koroszt\u00e1ly: &gt; 6 \u00e9v<\/li>\n<li>Model Number: K20202-K20204<\/li>\n<li>Besorol\u00e1s: \u00d6sszeszerel\u00e9s<\/li>\n<li>M\u0171anyag blokk forma: \u00f6nz\u00e1r\u00f3 t\u00e9gla<\/li>\n<li>Anyaga: M\u0171anyag<\/li>\n<li>M\u0171anyag t\u00edpus: ABS<\/li>\n<li>Bricks Blocks: K20202 ~110+PCS, K20204\u00a0 ~112+PCS<\/li>\n<li>R\u00e9szletes \u00f6sszeszerel\u00e9si \u00fatmutat\u00f3t tartalmaz.<\/li>\n<\/ol>\n<p>\u00c9rtes\u00edt\u00e9s:<br \/>\n1. Eredeti doboz n\u00e9lk\u00fcl, de garant\u00e1ljuk, hogy term\u00e9keink min\u0151s\u00e9gbiztos\u00edt\u00e1ssal \u00e9s sz\u00e9p csomagol\u00e1ssal rendelkeznek.<br \/>\n2. Mint minden alkatr\u00e9szt, amelyet a sz\u00e1ll\u00edt\u00e1s el\u0151tt ellen\u0151rizt\u00fcnk, ez\u00e9rt ha \u00fagy tal\u00e1lja, hogy n\u00e9h\u00e1ny alkatr\u00e9sz hi\u00e1nyzik vagy s\u00e9r\u00fclt, ne agg\u00f3djon, \u00e9s k\u00e9rj\u00fck, vegye fel vel\u00fcnk a kapcsolatot, \u00e9s azonnal ingyenesen elk\u00fcldj\u00fck \u00d6nnek.<\/p>\n<p>&nbsp;<\/p>\n<figure id=\"attachment_29859\" aria-describedby=\"caption-attachment-29859\" style=\"width: 440px\" class=\"wp-caption aligncenter\"><img fetchpriority=\"high\" decoding=\"async\" class=\"wp-image-29859 size-full\" src=\"https:\/\/mouldking.store\/wp-content\/uploads\/2022\/02\/Qman-K20202-K20204-Pokemon-Pikachu-2.jpg\" alt=\"Qman K20202-K20204 Pok\u00e9mon Pikachu\" width=\"440\" height=\"1024\" title=\"-\" srcset=\"https:\/\/mouldking.store\/wp-content\/uploads\/2022\/02\/Qman-K20202-K20204-Pokemon-Pikachu-2.jpg 440w, https:\/\/mouldking.store\/wp-content\/uploads\/2022\/02\/Qman-K20202-K20204-Pokemon-Pikachu-2-129x300.jpg 129w, https:\/\/mouldking.store\/wp-content\/uploads\/2022\/02\/Qman-K20202-K20204-Pokemon-Pikachu-2-300x698.jpg 300w, https:\/\/mouldking.store\/wp-content\/uploads\/2022\/02\/Qman-K20202-K20204-Pokemon-Pikachu-2-64x150.jpg 64w\" sizes=\"(max-width: 440px) 100vw, 440px\" \/><figcaption id=\"caption-attachment-29859\" class=\"wp-caption-text\">Qman K20202-K20204 Pok\u00e9mon Pikachu<\/figcaption><\/figure>\n<figure id=\"attachment_29860\" aria-describedby=\"caption-attachment-29860\" style=\"width: 443px\" class=\"wp-caption aligncenter\"><img decoding=\"async\" class=\"wp-image-29860 size-full\" src=\"https:\/\/mouldking.store\/wp-content\/uploads\/2022\/02\/Qman-K20202-K20204-Pokemon-Pikachu-3.jpg\" alt=\"Qman K20202-K20204 Pok\u00e9mon Pikachu\" width=\"443\" height=\"1024\" title=\"-\" srcset=\"https:\/\/mouldking.store\/wp-content\/uploads\/2022\/02\/Qman-K20202-K20204-Pokemon-Pikachu-3.jpg 443w, https:\/\/mouldking.store\/wp-content\/uploads\/2022\/02\/Qman-K20202-K20204-Pokemon-Pikachu-3-130x300.jpg 130w, https:\/\/mouldking.store\/wp-content\/uploads\/2022\/02\/Qman-K20202-K20204-Pokemon-Pikachu-3-300x693.jpg 300w, https:\/\/mouldking.store\/wp-content\/uploads\/2022\/02\/Qman-K20202-K20204-Pokemon-Pikachu-3-65x150.jpg 65w\" sizes=\"(max-width: 443px) 100vw, 443px\" \/><figcaption id=\"caption-attachment-29860\" class=\"wp-caption-text\">Qman K20202-K20204 Pok\u00e9mon Pikachu<\/figcaption><\/figure>","protected":false},"excerpt":{"rendered":"<p>Product information: Brand: Qman Gender: Unisex Name: Pok\u00e9mon Pikachu Age Range: &gt; 6 years old Model Number: K20202-K20204 Classification: Assemblage Plastic Block Shape: Self-Locking Bricks Material: Plastic Plastic Type: ABS Bricks Blocks: K20202 ~110+PCS, K20204\u00a0 ~112+PCS Contains detailed assembly instructions. Notice: 1. Without an original box, but we guarantee our products have quality assurance and [&hellip;]<\/p>","protected":false},"featured_media":29858,"comment_status":"closed","ping_status":"closed","template":"","meta":{"_acf_changed":false},"product_cat":[581],"product_tag":[4717,4716,4718,4687,2468,4685,4125,4715,4714],"class_list":["product","first","instock","shipping-taxable","purchasable","product-type-variable"],"acf":[],"_links":{"self":[{"href":"https:\/\/mouldking.store\/hu\/wp-json\/wp\/v2\/product\/29857","targetHints":{"allow":["GET"]}}],"collection":[{"href":"https:\/\/mouldking.store\/hu\/wp-json\/wp\/v2\/product"}],"about":[{"href":"https:\/\/mouldking.store\/hu\/wp-json\/wp\/v2\/types\/product"}],"replies":[{"embeddable":true,"href":"https:\/\/mouldking.store\/hu\/wp-json\/wp\/v2\/comments?post=29857"}],"wp:featuredmedia":[{"embeddable":true,"href":"https:\/\/mouldking.store\/hu\/wp-json\/wp\/v2\/media\/29858"}],"wp:attachment":[{"href":"https:\/\/mouldking.store\/hu\/wp-json\/wp\/v2\/media?parent=29857"}],"wp:term":[{"taxonomy":"product_cat","embeddable":true,"href":"https:\/\/mouldking.store\/hu\/wp-json\/wp\/v2\/product_cat?post=29857"},{"taxonomy":"product_tag","embeddable":true,"href":"https:\/\/mouldking.store\/hu\/wp-json\/wp\/v2\/product_tag?post=29857"}],"curies":[{"name":"wp","href":"https:\/\/api.w.org\/{rel}","templated":true}]}}