{"id":29864,"date":"2022-02-23T16:19:26","date_gmt":"2022-02-23T09:19:26","guid":{"rendered":"https:\/\/mouldking.store\/?post_type=product&#038;p=29864"},"modified":"2024-11-06T12:16:40","modified_gmt":"2024-11-06T05:16:40","slug":"jie-star-89143-claus-toys-with-2955-pieces","status":"publish","type":"product","link":"https:\/\/mouldking.store\/hu\/shop\/jie-star-89143-claus-toys-with-2955-pieces\/","title":{"rendered":"JIE STAR 89143 Claus j\u00e1t\u00e9kok 2955 darabbal"},"content":{"rendered":"<p>Term\u00e9k inform\u00e1ci\u00f3:<\/p>\n<ol>\n<li>M\u00e1rka: JIE STAR<\/li>\n<li>Nem: Uniszex<\/li>\n<li>Name: Claus Toys<\/li>\n<li>Koroszt\u00e1ly: &gt; 6 \u00e9v<\/li>\n<li>Model Number: 89143<\/li>\n<li>Besorol\u00e1s: \u00d6sszeszerel\u00e9s<\/li>\n<li>M\u0171anyag blokk forma: \u00f6nz\u00e1r\u00f3 t\u00e9gla<\/li>\n<li>Anyaga: M\u0171anyag<\/li>\n<li>M\u0171anyag t\u00edpus: ABS<\/li>\n<li>Bricks Blocks: 2955 PCS<\/li>\n<li>R\u00e9szletes \u00f6sszeszerel\u00e9si \u00fatmutat\u00f3t tartalmaz.<\/li>\n<\/ol>\n<p>\u00c9rtes\u00edt\u00e9s:<br \/>\n1. Eredeti doboz n\u00e9lk\u00fcl, de garant\u00e1ljuk, hogy term\u00e9keink min\u0151s\u00e9gbiztos\u00edt\u00e1ssal \u00e9s sz\u00e9p csomagol\u00e1ssal rendelkeznek.<br \/>\n2. Mint minden alkatr\u00e9szt, amelyet a sz\u00e1ll\u00edt\u00e1s el\u0151tt ellen\u0151rizt\u00fcnk, ez\u00e9rt ha \u00fagy tal\u00e1lja, hogy n\u00e9h\u00e1ny alkatr\u00e9sz hi\u00e1nyzik vagy s\u00e9r\u00fclt, ne agg\u00f3djon, \u00e9s k\u00e9rj\u00fck, vegye fel vel\u00fcnk a kapcsolatot, \u00e9s azonnal ingyenesen elk\u00fcldj\u00fck \u00d6nnek.<\/p>\n<p>&nbsp;<\/p>\n<figure id=\"attachment_29865\" aria-describedby=\"caption-attachment-29865\" style=\"width: 800px\" class=\"wp-caption aligncenter\"><img fetchpriority=\"high\" decoding=\"async\" class=\"wp-image-29865 size-full\" src=\"https:\/\/mouldking.store\/wp-content\/uploads\/2022\/02\/JIE-STAR-89143-Claus-Toys-with-2955-pieces-1.jpg\" alt=\"JIE STAR 89143 Claus Toys with 2955 pieces\" width=\"800\" height=\"800\" title=\"-\" srcset=\"https:\/\/mouldking.store\/wp-content\/uploads\/2022\/02\/JIE-STAR-89143-Claus-Toys-with-2955-pieces-1.jpg 800w, https:\/\/mouldking.store\/wp-content\/uploads\/2022\/02\/JIE-STAR-89143-Claus-Toys-with-2955-pieces-1-300x300.jpg 300w, https:\/\/mouldking.store\/wp-content\/uploads\/2022\/02\/JIE-STAR-89143-Claus-Toys-with-2955-pieces-1-768x768.jpg 768w, https:\/\/mouldking.store\/wp-content\/uploads\/2022\/02\/JIE-STAR-89143-Claus-Toys-with-2955-pieces-1-600x600.jpg 600w, https:\/\/mouldking.store\/wp-content\/uploads\/2022\/02\/JIE-STAR-89143-Claus-Toys-with-2955-pieces-1-150x150.jpg 150w\" sizes=\"(max-width: 800px) 100vw, 800px\" \/><figcaption id=\"caption-attachment-29865\" class=\"wp-caption-text\">JIE STAR 89143 Claus j\u00e1t\u00e9kok 2955 darabbal<\/figcaption><\/figure>\n<figure id=\"attachment_29868\" aria-describedby=\"caption-attachment-29868\" style=\"width: 746px\" class=\"wp-caption aligncenter\"><img decoding=\"async\" class=\"wp-image-29868 size-full\" src=\"https:\/\/mouldking.store\/wp-content\/uploads\/2022\/02\/JIE-STAR-89143-Claus-Toys-with-2955-pieces-1.png\" alt=\"JIE STAR 89143 Claus Toys with 2955 pieces\" width=\"746\" height=\"656\" title=\"-\" srcset=\"https:\/\/mouldking.store\/wp-content\/uploads\/2022\/02\/JIE-STAR-89143-Claus-Toys-with-2955-pieces-1.png 746w, https:\/\/mouldking.store\/wp-content\/uploads\/2022\/02\/JIE-STAR-89143-Claus-Toys-with-2955-pieces-1-300x264.png 300w, https:\/\/mouldking.store\/wp-content\/uploads\/2022\/02\/JIE-STAR-89143-Claus-Toys-with-2955-pieces-1-600x528.png 600w, https:\/\/mouldking.store\/wp-content\/uploads\/2022\/02\/JIE-STAR-89143-Claus-Toys-with-2955-pieces-1-150x132.png 150w\" sizes=\"(max-width: 746px) 100vw, 746px\" \/><figcaption id=\"caption-attachment-29868\" class=\"wp-caption-text\">JIE STAR 89143 Claus j\u00e1t\u00e9kok 2955 darabbal<\/figcaption><\/figure>\n<figure id=\"attachment_29869\" aria-describedby=\"caption-attachment-29869\" style=\"width: 740px\" class=\"wp-caption aligncenter\"><img decoding=\"async\" class=\"wp-image-29869 size-full\" src=\"https:\/\/mouldking.store\/wp-content\/uploads\/2022\/02\/JIE-STAR-89143-Claus-Toys-with-2955-pieces-2.png\" alt=\"JIE STAR 89143 Claus Toys with 2955 pieces\" width=\"740\" height=\"851\" title=\"-\" srcset=\"https:\/\/mouldking.store\/wp-content\/uploads\/2022\/02\/JIE-STAR-89143-Claus-Toys-with-2955-pieces-2.png 740w, https:\/\/mouldking.store\/wp-content\/uploads\/2022\/02\/JIE-STAR-89143-Claus-Toys-with-2955-pieces-2-261x300.png 261w, https:\/\/mouldking.store\/wp-content\/uploads\/2022\/02\/JIE-STAR-89143-Claus-Toys-with-2955-pieces-2-300x345.png 300w, https:\/\/mouldking.store\/wp-content\/uploads\/2022\/02\/JIE-STAR-89143-Claus-Toys-with-2955-pieces-2-600x690.png 600w, https:\/\/mouldking.store\/wp-content\/uploads\/2022\/02\/JIE-STAR-89143-Claus-Toys-with-2955-pieces-2-130x150.png 130w\" sizes=\"(max-width: 740px) 100vw, 740px\" \/><figcaption id=\"caption-attachment-29869\" class=\"wp-caption-text\">JIE STAR 89143 Claus j\u00e1t\u00e9kok 2955 darabbal<\/figcaption><\/figure>\n<figure id=\"attachment_29867\" aria-describedby=\"caption-attachment-29867\" style=\"width: 800px\" class=\"wp-caption aligncenter\"><img loading=\"lazy\" decoding=\"async\" class=\"wp-image-29867 size-full\" src=\"https:\/\/mouldking.store\/wp-content\/uploads\/2022\/02\/JIE-STAR-89143-Claus-Toys-with-2955-pieces-3.jpg\" alt=\"JIE STAR 89143 Claus Toys with 2955 pieces\" width=\"800\" height=\"800\" title=\"-\" srcset=\"https:\/\/mouldking.store\/wp-content\/uploads\/2022\/02\/JIE-STAR-89143-Claus-Toys-with-2955-pieces-3.jpg 800w, https:\/\/mouldking.store\/wp-content\/uploads\/2022\/02\/JIE-STAR-89143-Claus-Toys-with-2955-pieces-3-300x300.jpg 300w, https:\/\/mouldking.store\/wp-content\/uploads\/2022\/02\/JIE-STAR-89143-Claus-Toys-with-2955-pieces-3-768x768.jpg 768w, https:\/\/mouldking.store\/wp-content\/uploads\/2022\/02\/JIE-STAR-89143-Claus-Toys-with-2955-pieces-3-600x600.jpg 600w, https:\/\/mouldking.store\/wp-content\/uploads\/2022\/02\/JIE-STAR-89143-Claus-Toys-with-2955-pieces-3-150x150.jpg 150w\" sizes=\"(max-width: 800px) 100vw, 800px\" \/><figcaption id=\"caption-attachment-29867\" class=\"wp-caption-text\">JIE STAR 89143 Claus j\u00e1t\u00e9kok 2955 darabbal<\/figcaption><\/figure>\n<figure id=\"attachment_29866\" aria-describedby=\"caption-attachment-29866\" style=\"width: 800px\" class=\"wp-caption aligncenter\"><img loading=\"lazy\" decoding=\"async\" class=\"wp-image-29866 size-full\" src=\"https:\/\/mouldking.store\/wp-content\/uploads\/2022\/02\/JIE-STAR-89143-Claus-Toys-with-2955-pieces-2.jpg\" alt=\"JIE STAR 89143 Claus Toys with 2955 pieces\" width=\"800\" height=\"800\" title=\"-\" srcset=\"https:\/\/mouldking.store\/wp-content\/uploads\/2022\/02\/JIE-STAR-89143-Claus-Toys-with-2955-pieces-2.jpg 800w, https:\/\/mouldking.store\/wp-content\/uploads\/2022\/02\/JIE-STAR-89143-Claus-Toys-with-2955-pieces-2-300x300.jpg 300w, https:\/\/mouldking.store\/wp-content\/uploads\/2022\/02\/JIE-STAR-89143-Claus-Toys-with-2955-pieces-2-768x768.jpg 768w, https:\/\/mouldking.store\/wp-content\/uploads\/2022\/02\/JIE-STAR-89143-Claus-Toys-with-2955-pieces-2-600x600.jpg 600w, https:\/\/mouldking.store\/wp-content\/uploads\/2022\/02\/JIE-STAR-89143-Claus-Toys-with-2955-pieces-2-150x150.jpg 150w\" sizes=\"(max-width: 800px) 100vw, 800px\" \/><figcaption id=\"caption-attachment-29866\" class=\"wp-caption-text\">JIE STAR 89143 Claus j\u00e1t\u00e9kok 2955 darabbal<\/figcaption><\/figure>","protected":false},"excerpt":{"rendered":"<p>Product information: Brand: JIE STAR Gender: Unisex Name: Claus Toys Age Range: &gt; 6 years old Model Number: 89143 Classification: Assemblage Plastic Block Shape: Self-Locking Bricks Material: Plastic Plastic Type: ABS Bricks Blocks: 2955 PCS Contains detailed assembly instructions. Notice: 1. Without an original box, but we guarantee our products have quality assurance and nice [&hellip;]<\/p>","protected":false},"featured_media":29865,"comment_status":"closed","ping_status":"closed","template":"","meta":{"_acf_changed":false},"product_cat":[390],"product_tag":[4723,4722,2256,4721,4720,4719],"class_list":["product","first","outofstock","shipping-taxable","purchasable","product-type-simple"],"acf":[],"_links":{"self":[{"href":"https:\/\/mouldking.store\/hu\/wp-json\/wp\/v2\/product\/29864","targetHints":{"allow":["GET"]}}],"collection":[{"href":"https:\/\/mouldking.store\/hu\/wp-json\/wp\/v2\/product"}],"about":[{"href":"https:\/\/mouldking.store\/hu\/wp-json\/wp\/v2\/types\/product"}],"replies":[{"embeddable":true,"href":"https:\/\/mouldking.store\/hu\/wp-json\/wp\/v2\/comments?post=29864"}],"wp:featuredmedia":[{"embeddable":true,"href":"https:\/\/mouldking.store\/hu\/wp-json\/wp\/v2\/media\/29865"}],"wp:attachment":[{"href":"https:\/\/mouldking.store\/hu\/wp-json\/wp\/v2\/media?parent=29864"}],"wp:term":[{"taxonomy":"product_cat","embeddable":true,"href":"https:\/\/mouldking.store\/hu\/wp-json\/wp\/v2\/product_cat?post=29864"},{"taxonomy":"product_tag","embeddable":true,"href":"https:\/\/mouldking.store\/hu\/wp-json\/wp\/v2\/product_tag?post=29864"}],"curies":[{"name":"wp","href":"https:\/\/api.w.org\/{rel}","templated":true}]}}