{"id":29897,"date":"2022-02-23T16:58:40","date_gmt":"2022-02-23T09:58:40","guid":{"rendered":"https:\/\/mouldking.store\/?post_type=product&#038;p=29897"},"modified":"2022-02-23T16:58:41","modified_gmt":"2022-02-23T09:58:41","slug":"qman-3305-blast-ranger-4-in-1-with-644-pieces","status":"publish","type":"product","link":"https:\/\/mouldking.store\/hu\/shop\/qman-3305-blast-ranger-4-in-1-with-644-pieces\/","title":{"rendered":"Qman 3305 Blast Ranger 4 az 1-ben 644 darabbal"},"content":{"rendered":"<p>Term\u00e9k inform\u00e1ci\u00f3:<\/p>\n<ol>\n<li>M\u00e1rka: Qman<\/li>\n<li>Nem: Uniszex<\/li>\n<li>Name: Blast Ranger 4 in 1<\/li>\n<li>Koroszt\u00e1ly: &gt; 6 \u00e9v<\/li>\n<li>Model Number: 3305<\/li>\n<li>Besorol\u00e1s: \u00d6sszeszerel\u00e9s<\/li>\n<li>M\u0171anyag blokk forma: \u00f6nz\u00e1r\u00f3 t\u00e9gla<\/li>\n<li>Anyaga: M\u0171anyag<\/li>\n<li>M\u0171anyag t\u00edpus: ABS<\/li>\n<li>Bricks Blocks: 644 PCS<\/li>\n<li>R\u00e9szletes \u00f6sszeszerel\u00e9si \u00fatmutat\u00f3t tartalmaz.<\/li>\n<\/ol>\n<p>\u00c9rtes\u00edt\u00e9s:<br \/>\n1. Eredeti doboz n\u00e9lk\u00fcl, de garant\u00e1ljuk, hogy term\u00e9keink min\u0151s\u00e9gbiztos\u00edt\u00e1ssal \u00e9s sz\u00e9p csomagol\u00e1ssal rendelkeznek.<br \/>\n2. Mint minden alkatr\u00e9szt, amelyet a sz\u00e1ll\u00edt\u00e1s el\u0151tt ellen\u0151rizt\u00fcnk, ez\u00e9rt ha \u00fagy tal\u00e1lja, hogy n\u00e9h\u00e1ny alkatr\u00e9sz hi\u00e1nyzik vagy s\u00e9r\u00fclt, ne agg\u00f3djon, \u00e9s k\u00e9rj\u00fck, vegye fel vel\u00fcnk a kapcsolatot, \u00e9s azonnal ingyenesen elk\u00fcldj\u00fck \u00d6nnek.<\/p>\n<figure id=\"attachment_29898\" aria-describedby=\"caption-attachment-29898\" style=\"width: 800px\" class=\"wp-caption aligncenter\"><img fetchpriority=\"high\" decoding=\"async\" class=\"wp-image-29898 size-full\" src=\"https:\/\/mouldking.store\/wp-content\/uploads\/2022\/02\/Qman-3305-Blast-Ranger-4-in-1-with-644-pieces-1.jpg\" alt=\"Qman 3305 Blast Ranger 4 in 1 \" width=\"800\" height=\"800\" title=\"-\" srcset=\"https:\/\/mouldking.store\/wp-content\/uploads\/2022\/02\/Qman-3305-Blast-Ranger-4-in-1-with-644-pieces-1.jpg 800w, https:\/\/mouldking.store\/wp-content\/uploads\/2022\/02\/Qman-3305-Blast-Ranger-4-in-1-with-644-pieces-1-300x300.jpg 300w, https:\/\/mouldking.store\/wp-content\/uploads\/2022\/02\/Qman-3305-Blast-Ranger-4-in-1-with-644-pieces-1-768x768.jpg 768w, https:\/\/mouldking.store\/wp-content\/uploads\/2022\/02\/Qman-3305-Blast-Ranger-4-in-1-with-644-pieces-1-600x600.jpg 600w, https:\/\/mouldking.store\/wp-content\/uploads\/2022\/02\/Qman-3305-Blast-Ranger-4-in-1-with-644-pieces-1-150x150.jpg 150w\" sizes=\"(max-width: 800px) 100vw, 800px\" \/><figcaption id=\"caption-attachment-29898\" class=\"wp-caption-text\">Qman 3305 Blast Ranger 4 in 1<\/figcaption><\/figure>\n<figure id=\"attachment_29903\" aria-describedby=\"caption-attachment-29903\" style=\"width: 800px\" class=\"wp-caption aligncenter\"><img decoding=\"async\" class=\"wp-image-29903 size-full\" src=\"https:\/\/mouldking.store\/wp-content\/uploads\/2022\/02\/Qman-3305-Blast-Ranger-4-in-1-with-644-pieces-2.jpg\" alt=\"Qman 3305 Blast Ranger 4 in 1 \" width=\"800\" height=\"800\" title=\"-\" srcset=\"https:\/\/mouldking.store\/wp-content\/uploads\/2022\/02\/Qman-3305-Blast-Ranger-4-in-1-with-644-pieces-2.jpg 800w, https:\/\/mouldking.store\/wp-content\/uploads\/2022\/02\/Qman-3305-Blast-Ranger-4-in-1-with-644-pieces-2-300x300.jpg 300w, https:\/\/mouldking.store\/wp-content\/uploads\/2022\/02\/Qman-3305-Blast-Ranger-4-in-1-with-644-pieces-2-768x768.jpg 768w, https:\/\/mouldking.store\/wp-content\/uploads\/2022\/02\/Qman-3305-Blast-Ranger-4-in-1-with-644-pieces-2-600x600.jpg 600w, https:\/\/mouldking.store\/wp-content\/uploads\/2022\/02\/Qman-3305-Blast-Ranger-4-in-1-with-644-pieces-2-150x150.jpg 150w\" sizes=\"(max-width: 800px) 100vw, 800px\" \/><figcaption id=\"caption-attachment-29903\" class=\"wp-caption-text\">Qman 3305 Blast Ranger 4 in 1<\/figcaption><\/figure>\n<figure id=\"attachment_29902\" aria-describedby=\"caption-attachment-29902\" style=\"width: 647px\" class=\"wp-caption aligncenter\"><img decoding=\"async\" class=\"wp-image-29902 size-full\" src=\"https:\/\/mouldking.store\/wp-content\/uploads\/2022\/02\/Qman-3305-Blast-Ranger-4-in-1-with-644-pieces-4.png\" alt=\"Qman 3305 Blast Ranger 4 in 1 \" width=\"647\" height=\"409\" title=\"-\" srcset=\"https:\/\/mouldking.store\/wp-content\/uploads\/2022\/02\/Qman-3305-Blast-Ranger-4-in-1-with-644-pieces-4.png 647w, https:\/\/mouldking.store\/wp-content\/uploads\/2022\/02\/Qman-3305-Blast-Ranger-4-in-1-with-644-pieces-4-300x190.png 300w, https:\/\/mouldking.store\/wp-content\/uploads\/2022\/02\/Qman-3305-Blast-Ranger-4-in-1-with-644-pieces-4-600x379.png 600w, https:\/\/mouldking.store\/wp-content\/uploads\/2022\/02\/Qman-3305-Blast-Ranger-4-in-1-with-644-pieces-4-150x95.png 150w\" sizes=\"(max-width: 647px) 100vw, 647px\" \/><figcaption id=\"caption-attachment-29902\" class=\"wp-caption-text\">Qman 3305 Blast Ranger 4 in 1<\/figcaption><\/figure>\n<figure id=\"attachment_29901\" aria-describedby=\"caption-attachment-29901\" style=\"width: 667px\" class=\"wp-caption aligncenter\"><img loading=\"lazy\" decoding=\"async\" class=\"wp-image-29901 size-full\" src=\"https:\/\/mouldking.store\/wp-content\/uploads\/2022\/02\/Qman-3305-Blast-Ranger-4-in-1-with-644-pieces-3.png\" alt=\"Qman 3305 Blast Ranger 4 in 1 \" width=\"667\" height=\"423\" title=\"-\" srcset=\"https:\/\/mouldking.store\/wp-content\/uploads\/2022\/02\/Qman-3305-Blast-Ranger-4-in-1-with-644-pieces-3.png 667w, https:\/\/mouldking.store\/wp-content\/uploads\/2022\/02\/Qman-3305-Blast-Ranger-4-in-1-with-644-pieces-3-300x190.png 300w, https:\/\/mouldking.store\/wp-content\/uploads\/2022\/02\/Qman-3305-Blast-Ranger-4-in-1-with-644-pieces-3-600x381.png 600w, https:\/\/mouldking.store\/wp-content\/uploads\/2022\/02\/Qman-3305-Blast-Ranger-4-in-1-with-644-pieces-3-150x95.png 150w\" sizes=\"(max-width: 667px) 100vw, 667px\" \/><figcaption id=\"caption-attachment-29901\" class=\"wp-caption-text\">Qman 3305 Blast Ranger 4 in 1<\/figcaption><\/figure>\n<figure id=\"attachment_29900\" aria-describedby=\"caption-attachment-29900\" style=\"width: 651px\" class=\"wp-caption aligncenter\"><img loading=\"lazy\" decoding=\"async\" class=\"wp-image-29900 size-full\" src=\"https:\/\/mouldking.store\/wp-content\/uploads\/2022\/02\/Qman-3305-Blast-Ranger-4-in-1-with-644-pieces-2.png\" alt=\"Qman 3305 Blast Ranger 4 in 1 \" width=\"651\" height=\"444\" title=\"-\" srcset=\"https:\/\/mouldking.store\/wp-content\/uploads\/2022\/02\/Qman-3305-Blast-Ranger-4-in-1-with-644-pieces-2.png 651w, https:\/\/mouldking.store\/wp-content\/uploads\/2022\/02\/Qman-3305-Blast-Ranger-4-in-1-with-644-pieces-2-300x205.png 300w, https:\/\/mouldking.store\/wp-content\/uploads\/2022\/02\/Qman-3305-Blast-Ranger-4-in-1-with-644-pieces-2-600x409.png 600w, https:\/\/mouldking.store\/wp-content\/uploads\/2022\/02\/Qman-3305-Blast-Ranger-4-in-1-with-644-pieces-2-150x102.png 150w\" sizes=\"(max-width: 651px) 100vw, 651px\" \/><figcaption id=\"caption-attachment-29900\" class=\"wp-caption-text\">Qman 3305 Blast Ranger 4 in 1<\/figcaption><\/figure>\n<figure id=\"attachment_29899\" aria-describedby=\"caption-attachment-29899\" style=\"width: 661px\" class=\"wp-caption aligncenter\"><img loading=\"lazy\" decoding=\"async\" class=\"wp-image-29899 size-full\" src=\"https:\/\/mouldking.store\/wp-content\/uploads\/2022\/02\/Qman-3305-Blast-Ranger-4-in-1-with-644-pieces-1.png\" alt=\"Qman 3305 Blast Ranger 4 in 1 \" width=\"661\" height=\"430\" title=\"-\" srcset=\"https:\/\/mouldking.store\/wp-content\/uploads\/2022\/02\/Qman-3305-Blast-Ranger-4-in-1-with-644-pieces-1.png 661w, https:\/\/mouldking.store\/wp-content\/uploads\/2022\/02\/Qman-3305-Blast-Ranger-4-in-1-with-644-pieces-1-300x195.png 300w, https:\/\/mouldking.store\/wp-content\/uploads\/2022\/02\/Qman-3305-Blast-Ranger-4-in-1-with-644-pieces-1-600x390.png 600w, https:\/\/mouldking.store\/wp-content\/uploads\/2022\/02\/Qman-3305-Blast-Ranger-4-in-1-with-644-pieces-1-150x98.png 150w\" sizes=\"(max-width: 661px) 100vw, 661px\" \/><figcaption id=\"caption-attachment-29899\" class=\"wp-caption-text\">Qman 3305 Blast Ranger 4 in 1<\/figcaption><\/figure>","protected":false},"excerpt":{"rendered":"<p>Product information: Brand: Qman Gender: Unisex Name: Blast Ranger 4 in 1 Age Range: &gt; 6 years old Model Number: 3305 Classification: Assemblage Plastic Block Shape: Self-Locking Bricks Material: Plastic Plastic Type: ABS Bricks Blocks: 644 PCS Contains detailed assembly instructions. Notice: 1. Without an original box, but we guarantee our products have quality assurance [&hellip;]<\/p>","protected":false},"featured_media":29898,"comment_status":"closed","ping_status":"closed","template":"","meta":{"_acf_changed":false},"product_cat":[371],"product_tag":[4741,2660,4742,4739,4125,4738,4740,4737,4736],"class_list":["product","first","instock","shipping-taxable","purchasable","product-type-simple"],"acf":[],"_links":{"self":[{"href":"https:\/\/mouldking.store\/hu\/wp-json\/wp\/v2\/product\/29897","targetHints":{"allow":["GET"]}}],"collection":[{"href":"https:\/\/mouldking.store\/hu\/wp-json\/wp\/v2\/product"}],"about":[{"href":"https:\/\/mouldking.store\/hu\/wp-json\/wp\/v2\/types\/product"}],"replies":[{"embeddable":true,"href":"https:\/\/mouldking.store\/hu\/wp-json\/wp\/v2\/comments?post=29897"}],"wp:featuredmedia":[{"embeddable":true,"href":"https:\/\/mouldking.store\/hu\/wp-json\/wp\/v2\/media\/29898"}],"wp:attachment":[{"href":"https:\/\/mouldking.store\/hu\/wp-json\/wp\/v2\/media?parent=29897"}],"wp:term":[{"taxonomy":"product_cat","embeddable":true,"href":"https:\/\/mouldking.store\/hu\/wp-json\/wp\/v2\/product_cat?post=29897"},{"taxonomy":"product_tag","embeddable":true,"href":"https:\/\/mouldking.store\/hu\/wp-json\/wp\/v2\/product_tag?post=29897"}],"curies":[{"name":"wp","href":"https:\/\/api.w.org\/{rel}","templated":true}]}}