{"id":29931,"date":"2022-02-23T17:22:07","date_gmt":"2022-02-23T10:22:07","guid":{"rendered":"https:\/\/mouldking.store\/?post_type=product&#038;p=29931"},"modified":"2022-02-23T17:22:08","modified_gmt":"2022-02-23T10:22:08","slug":"qman-1805-fire-truck-8-in-1-with-313-pieces","status":"publish","type":"product","link":"https:\/\/mouldking.store\/hu\/shop\/qman-1805-fire-truck-8-in-1-with-313-pieces\/","title":{"rendered":"Qman 1805 Fire Truck 8 az 1-ben 313 darabbal"},"content":{"rendered":"<p>Term\u00e9k inform\u00e1ci\u00f3:<\/p>\n<ol>\n<li>M\u00e1rka: Qman<\/li>\n<li>Nem: Uniszex<\/li>\n<li>N\u00e9v: T\u0171zolt\u00f3aut\u00f3 8 az 1-ben<\/li>\n<li>Koroszt\u00e1ly: &gt; 6 \u00e9v<\/li>\n<li>Modellsz\u00e1m: 1805<\/li>\n<li>Besorol\u00e1s: \u00d6sszeszerel\u00e9s<\/li>\n<li>M\u0171anyag blokk forma: \u00f6nz\u00e1r\u00f3 t\u00e9gla<\/li>\n<li>Anyaga: M\u0171anyag<\/li>\n<li>M\u0171anyag t\u00edpus: ABS<\/li>\n<li>T\u00e9gla blokkok: 313 DB<\/li>\n<li>R\u00e9szletes \u00f6sszeszerel\u00e9si \u00fatmutat\u00f3t tartalmaz.<\/li>\n<\/ol>\n<p>\u00c9rtes\u00edt\u00e9s:<br \/>\n1. Eredeti doboz n\u00e9lk\u00fcl, de garant\u00e1ljuk, hogy term\u00e9keink min\u0151s\u00e9gbiztos\u00edt\u00e1ssal \u00e9s sz\u00e9p csomagol\u00e1ssal rendelkeznek.<br \/>\n2. Mint minden alkatr\u00e9szt, amelyet a sz\u00e1ll\u00edt\u00e1s el\u0151tt ellen\u0151rizt\u00fcnk, ez\u00e9rt ha \u00fagy tal\u00e1lja, hogy n\u00e9h\u00e1ny alkatr\u00e9sz hi\u00e1nyzik vagy s\u00e9r\u00fclt, ne agg\u00f3djon, \u00e9s k\u00e9rj\u00fck, vegye fel vel\u00fcnk a kapcsolatot, \u00e9s azonnal ingyenesen elk\u00fcldj\u00fck \u00d6nnek.<\/p>\n<figure id=\"attachment_29932\" aria-describedby=\"caption-attachment-29932\" style=\"width: 800px\" class=\"wp-caption aligncenter\"><img fetchpriority=\"high\" decoding=\"async\" class=\"wp-image-29932 size-full\" src=\"https:\/\/mouldking.store\/wp-content\/uploads\/2022\/02\/Qman-1805-Fire-Truck-8-in-1-with-313-pieces-1.jpg\" alt=\"Qman 1805 Fire Truck 8 in 1 with 313 pieces\" width=\"800\" height=\"800\" title=\"-\" srcset=\"https:\/\/mouldking.store\/wp-content\/uploads\/2022\/02\/Qman-1805-Fire-Truck-8-in-1-with-313-pieces-1.jpg 800w, https:\/\/mouldking.store\/wp-content\/uploads\/2022\/02\/Qman-1805-Fire-Truck-8-in-1-with-313-pieces-1-300x300.jpg 300w, https:\/\/mouldking.store\/wp-content\/uploads\/2022\/02\/Qman-1805-Fire-Truck-8-in-1-with-313-pieces-1-768x768.jpg 768w, https:\/\/mouldking.store\/wp-content\/uploads\/2022\/02\/Qman-1805-Fire-Truck-8-in-1-with-313-pieces-1-600x600.jpg 600w, https:\/\/mouldking.store\/wp-content\/uploads\/2022\/02\/Qman-1805-Fire-Truck-8-in-1-with-313-pieces-1-150x150.jpg 150w\" sizes=\"(max-width: 800px) 100vw, 800px\" \/><figcaption id=\"caption-attachment-29932\" class=\"wp-caption-text\">Qman 1805 Fire Truck 8 az 1-ben 313 darabbal<\/figcaption><\/figure>\n<figure id=\"attachment_29935\" aria-describedby=\"caption-attachment-29935\" style=\"width: 800px\" class=\"wp-caption aligncenter\"><img decoding=\"async\" class=\"wp-image-29935 size-full\" src=\"https:\/\/mouldking.store\/wp-content\/uploads\/2022\/02\/Qman-1805-Fire-Truck-8-in-1-with-313-pieces-2.jpg\" alt=\"Qman 1805 Fire Truck 8 in 1 with 313 pieces\" width=\"800\" height=\"800\" title=\"-\" srcset=\"https:\/\/mouldking.store\/wp-content\/uploads\/2022\/02\/Qman-1805-Fire-Truck-8-in-1-with-313-pieces-2.jpg 800w, https:\/\/mouldking.store\/wp-content\/uploads\/2022\/02\/Qman-1805-Fire-Truck-8-in-1-with-313-pieces-2-300x300.jpg 300w, https:\/\/mouldking.store\/wp-content\/uploads\/2022\/02\/Qman-1805-Fire-Truck-8-in-1-with-313-pieces-2-768x768.jpg 768w, https:\/\/mouldking.store\/wp-content\/uploads\/2022\/02\/Qman-1805-Fire-Truck-8-in-1-with-313-pieces-2-600x600.jpg 600w, https:\/\/mouldking.store\/wp-content\/uploads\/2022\/02\/Qman-1805-Fire-Truck-8-in-1-with-313-pieces-2-150x150.jpg 150w\" sizes=\"(max-width: 800px) 100vw, 800px\" \/><figcaption id=\"caption-attachment-29935\" class=\"wp-caption-text\">Qman 1805 Fire Truck 8 az 1-ben 313 darabbal<\/figcaption><\/figure>\n<figure id=\"attachment_29934\" aria-describedby=\"caption-attachment-29934\" style=\"width: 791px\" class=\"wp-caption aligncenter\"><img decoding=\"async\" class=\"wp-image-29934 size-full\" src=\"https:\/\/mouldking.store\/wp-content\/uploads\/2022\/02\/Qman-1805-Fire-Truck-8-in-1-with-313-pieces-2.png\" alt=\"Qman 1805 Fire Truck 8 in 1 with 313 pieces\" width=\"791\" height=\"443\" title=\"-\" srcset=\"https:\/\/mouldking.store\/wp-content\/uploads\/2022\/02\/Qman-1805-Fire-Truck-8-in-1-with-313-pieces-2.png 791w, https:\/\/mouldking.store\/wp-content\/uploads\/2022\/02\/Qman-1805-Fire-Truck-8-in-1-with-313-pieces-2-300x168.png 300w, https:\/\/mouldking.store\/wp-content\/uploads\/2022\/02\/Qman-1805-Fire-Truck-8-in-1-with-313-pieces-2-768x430.png 768w, https:\/\/mouldking.store\/wp-content\/uploads\/2022\/02\/Qman-1805-Fire-Truck-8-in-1-with-313-pieces-2-600x336.png 600w, https:\/\/mouldking.store\/wp-content\/uploads\/2022\/02\/Qman-1805-Fire-Truck-8-in-1-with-313-pieces-2-150x84.png 150w\" sizes=\"(max-width: 791px) 100vw, 791px\" \/><figcaption id=\"caption-attachment-29934\" class=\"wp-caption-text\">Qman 1805 Fire Truck 8 az 1-ben 313 darabbal<\/figcaption><\/figure>\n<figure id=\"attachment_29933\" aria-describedby=\"caption-attachment-29933\" style=\"width: 822px\" class=\"wp-caption aligncenter\"><img loading=\"lazy\" decoding=\"async\" class=\"wp-image-29933 size-full\" src=\"https:\/\/mouldking.store\/wp-content\/uploads\/2022\/02\/Qman-1805-Fire-Truck-8-in-1-with-313-pieces-1.png\" alt=\"Qman 1805 Fire Truck 8 in 1 with 313 pieces\" width=\"822\" height=\"770\" title=\"-\" srcset=\"https:\/\/mouldking.store\/wp-content\/uploads\/2022\/02\/Qman-1805-Fire-Truck-8-in-1-with-313-pieces-1.png 822w, https:\/\/mouldking.store\/wp-content\/uploads\/2022\/02\/Qman-1805-Fire-Truck-8-in-1-with-313-pieces-1-300x281.png 300w, https:\/\/mouldking.store\/wp-content\/uploads\/2022\/02\/Qman-1805-Fire-Truck-8-in-1-with-313-pieces-1-768x719.png 768w, https:\/\/mouldking.store\/wp-content\/uploads\/2022\/02\/Qman-1805-Fire-Truck-8-in-1-with-313-pieces-1-600x562.png 600w, https:\/\/mouldking.store\/wp-content\/uploads\/2022\/02\/Qman-1805-Fire-Truck-8-in-1-with-313-pieces-1-150x141.png 150w\" sizes=\"(max-width: 822px) 100vw, 822px\" \/><figcaption id=\"caption-attachment-29933\" class=\"wp-caption-text\">Qman 1805 Fire Truck 8 az 1-ben 313 darabbal<\/figcaption><\/figure>\n<figure id=\"attachment_29936\" aria-describedby=\"caption-attachment-29936\" style=\"width: 800px\" class=\"wp-caption aligncenter\"><img loading=\"lazy\" decoding=\"async\" class=\"wp-image-29936 size-full\" src=\"https:\/\/mouldking.store\/wp-content\/uploads\/2022\/02\/Qman-1805-Fire-Truck-8-in-1-with-313-pieces-3.jpg\" alt=\"Qman 1805 Fire Truck 8 in 1 with 313 pieces\" width=\"800\" height=\"800\" title=\"-\" srcset=\"https:\/\/mouldking.store\/wp-content\/uploads\/2022\/02\/Qman-1805-Fire-Truck-8-in-1-with-313-pieces-3.jpg 800w, https:\/\/mouldking.store\/wp-content\/uploads\/2022\/02\/Qman-1805-Fire-Truck-8-in-1-with-313-pieces-3-300x300.jpg 300w, https:\/\/mouldking.store\/wp-content\/uploads\/2022\/02\/Qman-1805-Fire-Truck-8-in-1-with-313-pieces-3-768x768.jpg 768w, https:\/\/mouldking.store\/wp-content\/uploads\/2022\/02\/Qman-1805-Fire-Truck-8-in-1-with-313-pieces-3-600x600.jpg 600w, https:\/\/mouldking.store\/wp-content\/uploads\/2022\/02\/Qman-1805-Fire-Truck-8-in-1-with-313-pieces-3-150x150.jpg 150w\" sizes=\"(max-width: 800px) 100vw, 800px\" \/><figcaption id=\"caption-attachment-29936\" class=\"wp-caption-text\">Qman 1805 Fire Truck 8 az 1-ben 313 darabbal<\/figcaption><\/figure>","protected":false},"excerpt":{"rendered":"<p>Product information: Brand: Qman Gender: Unisex Name: Fire Truck 8 in 1 Age Range: &gt; 6 years old Model Number: 1805 Classification: Assemblage Plastic Block Shape: Self-Locking Bricks Material: Plastic Plastic Type: ABS Bricks Blocks: 313 PCS Contains detailed assembly instructions. Notice: 1. Without an original box, but we guarantee our products have quality assurance [&hellip;]<\/p>","protected":false},"featured_media":29932,"comment_status":"closed","ping_status":"closed","template":"","meta":{"_acf_changed":false},"product_cat":[364],"product_tag":[4780,4779,3565,4777,4125,4776,4778,4775,4774],"class_list":["product","first","instock","shipping-taxable","purchasable","product-type-simple"],"acf":[],"_links":{"self":[{"href":"https:\/\/mouldking.store\/hu\/wp-json\/wp\/v2\/product\/29931","targetHints":{"allow":["GET"]}}],"collection":[{"href":"https:\/\/mouldking.store\/hu\/wp-json\/wp\/v2\/product"}],"about":[{"href":"https:\/\/mouldking.store\/hu\/wp-json\/wp\/v2\/types\/product"}],"replies":[{"embeddable":true,"href":"https:\/\/mouldking.store\/hu\/wp-json\/wp\/v2\/comments?post=29931"}],"wp:featuredmedia":[{"embeddable":true,"href":"https:\/\/mouldking.store\/hu\/wp-json\/wp\/v2\/media\/29932"}],"wp:attachment":[{"href":"https:\/\/mouldking.store\/hu\/wp-json\/wp\/v2\/media?parent=29931"}],"wp:term":[{"taxonomy":"product_cat","embeddable":true,"href":"https:\/\/mouldking.store\/hu\/wp-json\/wp\/v2\/product_cat?post=29931"},{"taxonomy":"product_tag","embeddable":true,"href":"https:\/\/mouldking.store\/hu\/wp-json\/wp\/v2\/product_tag?post=29931"}],"curies":[{"name":"wp","href":"https:\/\/api.w.org\/{rel}","templated":true}]}}