{"id":30041,"date":"2022-02-23T19:21:20","date_gmt":"2022-02-23T12:21:20","guid":{"rendered":"https:\/\/mouldking.store\/?post_type=product&#038;p=30041"},"modified":"2022-02-23T19:21:20","modified_gmt":"2022-02-23T12:21:20","slug":"qman-41201-41208-rubiks-cube","status":"publish","type":"product","link":"https:\/\/mouldking.store\/hu\/shop\/qman-41201-41208-rubiks-cube\/","title":{"rendered":"Qman 41201-41208 Rubik-kocka"},"content":{"rendered":"<p>Term\u00e9k inform\u00e1ci\u00f3:<\/p>\n<ol>\n<li>M\u00e1rka: Qman<\/li>\n<li>Nem: Uniszex<\/li>\n<li>Name: Rubik&#8217;s Cube<\/li>\n<li>Koroszt\u00e1ly: &gt; 6 \u00e9v<\/li>\n<li>Model Number: 41201-41208<\/li>\n<li>Besorol\u00e1s: \u00d6sszeszerel\u00e9s<\/li>\n<li>M\u0171anyag blokk forma: \u00f6nz\u00e1r\u00f3 t\u00e9gla<\/li>\n<li>Anyaga: M\u0171anyag<\/li>\n<li>M\u0171anyag t\u00edpus: ABS<\/li>\n<li>Bricks Blocks: 41201 ~124+PCS<br \/>\n41202\u00a0~121+PCS<br \/>\n41203\u00a0~123+PCS<br \/>\n41204\u00a0~145+PCS<br \/>\n41205\u00a0~149+PCS<br \/>\n41206\u00a0~140+PCS<br \/>\n41207\u00a0~177+PCS<br \/>\n41208\u00a0~140+PCS<\/li>\n<li>R\u00e9szletes \u00f6sszeszerel\u00e9si \u00fatmutat\u00f3t tartalmaz.<\/li>\n<\/ol>\n<p>\u00c9rtes\u00edt\u00e9s:<br \/>\n1. Eredeti doboz n\u00e9lk\u00fcl, de garant\u00e1ljuk, hogy term\u00e9keink min\u0151s\u00e9gbiztos\u00edt\u00e1ssal \u00e9s sz\u00e9p csomagol\u00e1ssal rendelkeznek.<br \/>\n2. Mint minden alkatr\u00e9szt, amelyet a sz\u00e1ll\u00edt\u00e1s el\u0151tt ellen\u0151rizt\u00fcnk, ez\u00e9rt ha \u00fagy tal\u00e1lja, hogy n\u00e9h\u00e1ny alkatr\u00e9sz hi\u00e1nyzik vagy s\u00e9r\u00fclt, ne agg\u00f3djon, \u00e9s k\u00e9rj\u00fck, vegye fel vel\u00fcnk a kapcsolatot, \u00e9s azonnal ingyenesen elk\u00fcldj\u00fck \u00d6nnek.<\/p>\n<figure id=\"attachment_30056\" aria-describedby=\"caption-attachment-30056\" style=\"width: 800px\" class=\"wp-caption aligncenter\"><img fetchpriority=\"high\" decoding=\"async\" class=\"wp-image-30056 size-full\" src=\"https:\/\/mouldking.store\/wp-content\/uploads\/2022\/02\/Qman-41201-41208-Rubiks-Cube-6.jpg\" alt=\"Qman 41201-41208 Rubik&#039;s Cube\" width=\"800\" height=\"800\" title=\"-\" srcset=\"https:\/\/mouldking.store\/wp-content\/uploads\/2022\/02\/Qman-41201-41208-Rubiks-Cube-6.jpg 800w, https:\/\/mouldking.store\/wp-content\/uploads\/2022\/02\/Qman-41201-41208-Rubiks-Cube-6-300x300.jpg 300w, https:\/\/mouldking.store\/wp-content\/uploads\/2022\/02\/Qman-41201-41208-Rubiks-Cube-6-768x768.jpg 768w, https:\/\/mouldking.store\/wp-content\/uploads\/2022\/02\/Qman-41201-41208-Rubiks-Cube-6-600x600.jpg 600w, https:\/\/mouldking.store\/wp-content\/uploads\/2022\/02\/Qman-41201-41208-Rubiks-Cube-6-150x150.jpg 150w\" sizes=\"(max-width: 800px) 100vw, 800px\" \/><figcaption id=\"caption-attachment-30056\" class=\"wp-caption-text\">Qman 41201-41208 Rubik-kocka<\/figcaption><\/figure>\n<figure id=\"attachment_30057\" aria-describedby=\"caption-attachment-30057\" style=\"width: 800px\" class=\"wp-caption aligncenter\"><img decoding=\"async\" class=\"wp-image-30057 size-full\" src=\"https:\/\/mouldking.store\/wp-content\/uploads\/2022\/02\/Qman-41201-41208-Rubiks-Cube-7.jpg\" alt=\"Qman 41201-41208 Rubik&#039;s Cube\" width=\"800\" height=\"800\" title=\"-\" srcset=\"https:\/\/mouldking.store\/wp-content\/uploads\/2022\/02\/Qman-41201-41208-Rubiks-Cube-7.jpg 800w, https:\/\/mouldking.store\/wp-content\/uploads\/2022\/02\/Qman-41201-41208-Rubiks-Cube-7-300x300.jpg 300w, https:\/\/mouldking.store\/wp-content\/uploads\/2022\/02\/Qman-41201-41208-Rubiks-Cube-7-768x768.jpg 768w, https:\/\/mouldking.store\/wp-content\/uploads\/2022\/02\/Qman-41201-41208-Rubiks-Cube-7-600x600.jpg 600w, https:\/\/mouldking.store\/wp-content\/uploads\/2022\/02\/Qman-41201-41208-Rubiks-Cube-7-150x150.jpg 150w\" sizes=\"(max-width: 800px) 100vw, 800px\" \/><figcaption id=\"caption-attachment-30057\" class=\"wp-caption-text\">Qman 41201-41208 Rubik-kocka<\/figcaption><\/figure>\n<figure id=\"attachment_30058\" aria-describedby=\"caption-attachment-30058\" style=\"width: 800px\" class=\"wp-caption aligncenter\"><img decoding=\"async\" class=\"wp-image-30058 size-full\" src=\"https:\/\/mouldking.store\/wp-content\/uploads\/2022\/02\/Qman-41201-41208-Rubiks-Cube-8.jpg\" alt=\"Qman 41201-41208 Rubik&#039;s Cube\" width=\"800\" height=\"800\" title=\"-\" srcset=\"https:\/\/mouldking.store\/wp-content\/uploads\/2022\/02\/Qman-41201-41208-Rubiks-Cube-8.jpg 800w, https:\/\/mouldking.store\/wp-content\/uploads\/2022\/02\/Qman-41201-41208-Rubiks-Cube-8-300x300.jpg 300w, https:\/\/mouldking.store\/wp-content\/uploads\/2022\/02\/Qman-41201-41208-Rubiks-Cube-8-768x768.jpg 768w, https:\/\/mouldking.store\/wp-content\/uploads\/2022\/02\/Qman-41201-41208-Rubiks-Cube-8-600x600.jpg 600w, https:\/\/mouldking.store\/wp-content\/uploads\/2022\/02\/Qman-41201-41208-Rubiks-Cube-8-150x150.jpg 150w\" sizes=\"(max-width: 800px) 100vw, 800px\" \/><figcaption id=\"caption-attachment-30058\" class=\"wp-caption-text\">Qman 41201-41208 Rubik-kocka<\/figcaption><\/figure>\n<figure id=\"attachment_30042\" aria-describedby=\"caption-attachment-30042\" style=\"width: 773px\" class=\"wp-caption aligncenter\"><img loading=\"lazy\" decoding=\"async\" class=\"wp-image-30042 size-full\" src=\"https:\/\/mouldking.store\/wp-content\/uploads\/2022\/02\/Qman-41201-41208-Rubiks-Cube-1.png\" alt=\"Qman 41201-41208 Rubik&#039;s Cube\" width=\"773\" height=\"852\" title=\"-\" srcset=\"https:\/\/mouldking.store\/wp-content\/uploads\/2022\/02\/Qman-41201-41208-Rubiks-Cube-1.png 773w, https:\/\/mouldking.store\/wp-content\/uploads\/2022\/02\/Qman-41201-41208-Rubiks-Cube-1-272x300.png 272w, https:\/\/mouldking.store\/wp-content\/uploads\/2022\/02\/Qman-41201-41208-Rubiks-Cube-1-768x846.png 768w, https:\/\/mouldking.store\/wp-content\/uploads\/2022\/02\/Qman-41201-41208-Rubiks-Cube-1-300x331.png 300w, https:\/\/mouldking.store\/wp-content\/uploads\/2022\/02\/Qman-41201-41208-Rubiks-Cube-1-600x661.png 600w, https:\/\/mouldking.store\/wp-content\/uploads\/2022\/02\/Qman-41201-41208-Rubiks-Cube-1-136x150.png 136w\" sizes=\"(max-width: 773px) 100vw, 773px\" \/><figcaption id=\"caption-attachment-30042\" class=\"wp-caption-text\">Qman 41201-41208 Rubik-kocka<\/figcaption><\/figure>\n<figure id=\"attachment_30043\" aria-describedby=\"caption-attachment-30043\" style=\"width: 1024px\" class=\"wp-caption aligncenter\"><img loading=\"lazy\" decoding=\"async\" class=\"wp-image-30043 size-large\" src=\"https:\/\/mouldking.store\/wp-content\/uploads\/2022\/02\/Qman-41201-41208-Rubiks-Cube-1-1024x1024.jpg\" alt=\"Qman 41201-41208 Rubik&#039;s Cube\" width=\"1024\" height=\"1024\" title=\"-\" srcset=\"https:\/\/mouldking.store\/wp-content\/uploads\/2022\/02\/Qman-41201-41208-Rubiks-Cube-1-1024x1024.jpg 1024w, https:\/\/mouldking.store\/wp-content\/uploads\/2022\/02\/Qman-41201-41208-Rubiks-Cube-1-300x300.jpg 300w, https:\/\/mouldking.store\/wp-content\/uploads\/2022\/02\/Qman-41201-41208-Rubiks-Cube-1-768x768.jpg 768w, https:\/\/mouldking.store\/wp-content\/uploads\/2022\/02\/Qman-41201-41208-Rubiks-Cube-1-600x600.jpg 600w, https:\/\/mouldking.store\/wp-content\/uploads\/2022\/02\/Qman-41201-41208-Rubiks-Cube-1-150x150.jpg 150w, https:\/\/mouldking.store\/wp-content\/uploads\/2022\/02\/Qman-41201-41208-Rubiks-Cube-1.jpg 1280w\" sizes=\"(max-width: 1024px) 100vw, 1024px\" \/><figcaption id=\"caption-attachment-30043\" class=\"wp-caption-text\">Qman 41201-41208 Rubik-kocka<\/figcaption><\/figure>\n<figure id=\"attachment_30044\" aria-describedby=\"caption-attachment-30044\" style=\"width: 1024px\" class=\"wp-caption aligncenter\"><img loading=\"lazy\" decoding=\"async\" class=\"wp-image-30044 size-large\" src=\"https:\/\/mouldking.store\/wp-content\/uploads\/2022\/02\/Qman-41201-41208-Rubiks-Cube-2-1024x1024.jpg\" alt=\"Qman 41201-41208 Rubik&#039;s Cube\" width=\"1024\" height=\"1024\" title=\"-\" srcset=\"https:\/\/mouldking.store\/wp-content\/uploads\/2022\/02\/Qman-41201-41208-Rubiks-Cube-2-1024x1024.jpg 1024w, https:\/\/mouldking.store\/wp-content\/uploads\/2022\/02\/Qman-41201-41208-Rubiks-Cube-2-300x300.jpg 300w, https:\/\/mouldking.store\/wp-content\/uploads\/2022\/02\/Qman-41201-41208-Rubiks-Cube-2-768x768.jpg 768w, https:\/\/mouldking.store\/wp-content\/uploads\/2022\/02\/Qman-41201-41208-Rubiks-Cube-2-600x600.jpg 600w, https:\/\/mouldking.store\/wp-content\/uploads\/2022\/02\/Qman-41201-41208-Rubiks-Cube-2-150x150.jpg 150w, https:\/\/mouldking.store\/wp-content\/uploads\/2022\/02\/Qman-41201-41208-Rubiks-Cube-2.jpg 1280w\" sizes=\"(max-width: 1024px) 100vw, 1024px\" \/><figcaption id=\"caption-attachment-30044\" class=\"wp-caption-text\">Qman 41201-41208 Rubik-kocka<\/figcaption><\/figure>\n<figure id=\"attachment_30045\" aria-describedby=\"caption-attachment-30045\" style=\"width: 1024px\" class=\"wp-caption aligncenter\"><img loading=\"lazy\" decoding=\"async\" class=\"wp-image-30045 size-large\" src=\"https:\/\/mouldking.store\/wp-content\/uploads\/2022\/02\/Qman-41201-41208-Rubiks-Cube-3-1024x1024.jpg\" alt=\"Qman 41201-41208 Rubik&#039;s Cube\" width=\"1024\" height=\"1024\" title=\"-\" srcset=\"https:\/\/mouldking.store\/wp-content\/uploads\/2022\/02\/Qman-41201-41208-Rubiks-Cube-3-1024x1024.jpg 1024w, https:\/\/mouldking.store\/wp-content\/uploads\/2022\/02\/Qman-41201-41208-Rubiks-Cube-3-300x300.jpg 300w, https:\/\/mouldking.store\/wp-content\/uploads\/2022\/02\/Qman-41201-41208-Rubiks-Cube-3-768x768.jpg 768w, https:\/\/mouldking.store\/wp-content\/uploads\/2022\/02\/Qman-41201-41208-Rubiks-Cube-3-600x600.jpg 600w, https:\/\/mouldking.store\/wp-content\/uploads\/2022\/02\/Qman-41201-41208-Rubiks-Cube-3-150x150.jpg 150w, https:\/\/mouldking.store\/wp-content\/uploads\/2022\/02\/Qman-41201-41208-Rubiks-Cube-3.jpg 1280w\" sizes=\"(max-width: 1024px) 100vw, 1024px\" \/><figcaption id=\"caption-attachment-30045\" class=\"wp-caption-text\">Qman 41201-41208 Rubik-kocka<\/figcaption><\/figure>\n<figure id=\"attachment_30046\" aria-describedby=\"caption-attachment-30046\" style=\"width: 1024px\" class=\"wp-caption aligncenter\"><img loading=\"lazy\" decoding=\"async\" class=\"wp-image-30046 size-large\" src=\"https:\/\/mouldking.store\/wp-content\/uploads\/2022\/02\/Qman-41201-41208-Rubiks-Cube-4-1024x1024.jpg\" alt=\"Qman 41201-41208 Rubik&#039;s Cube\" width=\"1024\" height=\"1024\" title=\"-\" srcset=\"https:\/\/mouldking.store\/wp-content\/uploads\/2022\/02\/Qman-41201-41208-Rubiks-Cube-4-1024x1024.jpg 1024w, https:\/\/mouldking.store\/wp-content\/uploads\/2022\/02\/Qman-41201-41208-Rubiks-Cube-4-300x300.jpg 300w, https:\/\/mouldking.store\/wp-content\/uploads\/2022\/02\/Qman-41201-41208-Rubiks-Cube-4-768x768.jpg 768w, https:\/\/mouldking.store\/wp-content\/uploads\/2022\/02\/Qman-41201-41208-Rubiks-Cube-4-600x600.jpg 600w, https:\/\/mouldking.store\/wp-content\/uploads\/2022\/02\/Qman-41201-41208-Rubiks-Cube-4-150x150.jpg 150w, https:\/\/mouldking.store\/wp-content\/uploads\/2022\/02\/Qman-41201-41208-Rubiks-Cube-4.jpg 1280w\" sizes=\"(max-width: 1024px) 100vw, 1024px\" \/><figcaption id=\"caption-attachment-30046\" class=\"wp-caption-text\">Qman 41201-41208 Rubik-kocka<\/figcaption><\/figure>\n<figure id=\"attachment_30047\" aria-describedby=\"caption-attachment-30047\" style=\"width: 1024px\" class=\"wp-caption aligncenter\"><img loading=\"lazy\" decoding=\"async\" class=\"wp-image-30047 size-large\" src=\"https:\/\/mouldking.store\/wp-content\/uploads\/2022\/02\/Qman-41201-41208-Rubiks-Cube-5-1024x1024.jpg\" alt=\"Qman 41201-41208 Rubik&#039;s Cube\" width=\"1024\" height=\"1024\" title=\"-\" srcset=\"https:\/\/mouldking.store\/wp-content\/uploads\/2022\/02\/Qman-41201-41208-Rubiks-Cube-5-1024x1024.jpg 1024w, https:\/\/mouldking.store\/wp-content\/uploads\/2022\/02\/Qman-41201-41208-Rubiks-Cube-5-300x300.jpg 300w, https:\/\/mouldking.store\/wp-content\/uploads\/2022\/02\/Qman-41201-41208-Rubiks-Cube-5-768x768.jpg 768w, https:\/\/mouldking.store\/wp-content\/uploads\/2022\/02\/Qman-41201-41208-Rubiks-Cube-5-600x600.jpg 600w, https:\/\/mouldking.store\/wp-content\/uploads\/2022\/02\/Qman-41201-41208-Rubiks-Cube-5-150x150.jpg 150w, https:\/\/mouldking.store\/wp-content\/uploads\/2022\/02\/Qman-41201-41208-Rubiks-Cube-5.jpg 1280w\" sizes=\"(max-width: 1024px) 100vw, 1024px\" \/><figcaption id=\"caption-attachment-30047\" class=\"wp-caption-text\">Qman 41201-41208 Rubik-kocka<\/figcaption><\/figure>\n<figure id=\"attachment_30048\" aria-describedby=\"caption-attachment-30048\" style=\"width: 675px\" class=\"wp-caption aligncenter\"><img loading=\"lazy\" decoding=\"async\" class=\"wp-image-30048 size-full\" src=\"https:\/\/mouldking.store\/wp-content\/uploads\/2022\/02\/Qman-41201-41208-Rubiks-Cube-2.png\" alt=\"Qman 41201-41208 Rubik&#039;s Cube\" width=\"675\" height=\"816\" title=\"-\" srcset=\"https:\/\/mouldking.store\/wp-content\/uploads\/2022\/02\/Qman-41201-41208-Rubiks-Cube-2.png 675w, https:\/\/mouldking.store\/wp-content\/uploads\/2022\/02\/Qman-41201-41208-Rubiks-Cube-2-248x300.png 248w, https:\/\/mouldking.store\/wp-content\/uploads\/2022\/02\/Qman-41201-41208-Rubiks-Cube-2-300x363.png 300w, https:\/\/mouldking.store\/wp-content\/uploads\/2022\/02\/Qman-41201-41208-Rubiks-Cube-2-600x725.png 600w, https:\/\/mouldking.store\/wp-content\/uploads\/2022\/02\/Qman-41201-41208-Rubiks-Cube-2-124x150.png 124w\" sizes=\"(max-width: 675px) 100vw, 675px\" \/><figcaption id=\"caption-attachment-30048\" class=\"wp-caption-text\">Qman 41201-41208 Rubik-kocka<\/figcaption><\/figure>","protected":false},"excerpt":{"rendered":"<p>Product information: Brand: Qman Gender: Unisex Name: Rubik&#8217;s Cube Age Range: &gt; 6 years old Model Number: 41201-41208 Classification: Assemblage Plastic Block Shape: Self-Locking Bricks Material: Plastic Plastic Type: ABS Bricks Blocks: 41201 ~124+PCS 41202\u00a0~121+PCS 41203\u00a0~123+PCS 41204\u00a0~145+PCS 41205\u00a0~149+PCS 41206\u00a0~140+PCS 41207\u00a0~177+PCS 41208\u00a0~140+PCS Contains detailed assembly instructions. Notice: 1. Without an original box, but we guarantee our [&hellip;]<\/p>","protected":false},"featured_media":30056,"comment_status":"closed","ping_status":"closed","template":"","meta":{"_acf_changed":false},"product_cat":[371],"product_tag":[4850,4848,4851,4852,4853,4854,4855,4125,4849,4847,4647],"class_list":["product","first","instock","shipping-taxable","purchasable","product-type-variable"],"acf":[],"_links":{"self":[{"href":"https:\/\/mouldking.store\/hu\/wp-json\/wp\/v2\/product\/30041","targetHints":{"allow":["GET"]}}],"collection":[{"href":"https:\/\/mouldking.store\/hu\/wp-json\/wp\/v2\/product"}],"about":[{"href":"https:\/\/mouldking.store\/hu\/wp-json\/wp\/v2\/types\/product"}],"replies":[{"embeddable":true,"href":"https:\/\/mouldking.store\/hu\/wp-json\/wp\/v2\/comments?post=30041"}],"wp:featuredmedia":[{"embeddable":true,"href":"https:\/\/mouldking.store\/hu\/wp-json\/wp\/v2\/media\/30056"}],"wp:attachment":[{"href":"https:\/\/mouldking.store\/hu\/wp-json\/wp\/v2\/media?parent=30041"}],"wp:term":[{"taxonomy":"product_cat","embeddable":true,"href":"https:\/\/mouldking.store\/hu\/wp-json\/wp\/v2\/product_cat?post=30041"},{"taxonomy":"product_tag","embeddable":true,"href":"https:\/\/mouldking.store\/hu\/wp-json\/wp\/v2\/product_tag?post=30041"}],"curies":[{"name":"wp","href":"https:\/\/api.w.org\/{rel}","templated":true}]}}