{"id":30446,"date":"2022-03-02T14:51:03","date_gmt":"2022-03-02T07:51:03","guid":{"rendered":"https:\/\/mouldking.store\/?post_type=product&#038;p=30446"},"modified":"2025-05-21T09:40:35","modified_gmt":"2025-05-21T02:40:35","slug":"mould-king-21015-minifig-scale-at-at-w-interior-with-6919-pieces","status":"publish","type":"product","link":"https:\/\/mouldking.store\/hu\/shop\/mould-king-21015-minifig-scale-at-at-w-interior-with-6919-pieces\/","title":{"rendered":"Mold King 21015 minifig AT-AT m\u00e9rleg bels\u0151vel, 6919 darab"},"content":{"rendered":"<p>Term\u00e9k inform\u00e1ci\u00f3:<\/p>\n<ol>\n<li>M\u00e1rka: Mold King<\/li>\n<li>Nem: Uniszex<\/li>\n<li>Name: Minifig Scale AT-AT w\/ Interior<\/li>\n<li>Korhat\u00e1r: 14 \u00e9v felett<\/li>\n<li>Model Number: 21015<\/li>\n<li>Besorol\u00e1s: \u00d6sszeszerel\u00e9s<\/li>\n<li>M\u0171anyag blokk forma: \u00f6nz\u00e1r\u00f3 t\u00e9gla<\/li>\n<li>Anyaga: M\u0171anyag<\/li>\n<li>M\u0171anyag t\u00edpus: ABS<\/li>\n<li>Bricks Blocks: 6919 PCS<\/li>\n<li>R\u00e9szletes \u00f6sszeszerel\u00e9si \u00fatmutat\u00f3t tartalmaz.<\/li>\n<\/ol>\n<p>\u00c9rtes\u00edt\u00e9s:<br \/>\n1. Eredeti doboz n\u00e9lk\u00fcl, de garant\u00e1ljuk, hogy term\u00e9keink min\u0151s\u00e9gbiztos\u00edt\u00e1ssal \u00e9s sz\u00e9p csomagol\u00e1ssal rendelkeznek.<br \/>\n2. Mint minden alkatr\u00e9szt, amelyet a sz\u00e1ll\u00edt\u00e1s el\u0151tt ellen\u0151rizt\u00fcnk, ez\u00e9rt ha \u00fagy tal\u00e1lja, hogy n\u00e9h\u00e1ny alkatr\u00e9sz hi\u00e1nyzik vagy s\u00e9r\u00fclt, ne agg\u00f3djon, \u00e9s k\u00e9rj\u00fck, vegye fel vel\u00fcnk a kapcsolatot, \u00e9s azonnal ingyenesen elk\u00fcldj\u00fck \u00d6nnek.<\/p>\n<figure id=\"attachment_30447\" aria-describedby=\"caption-attachment-30447\" style=\"width: 800px\" class=\"wp-caption aligncenter\"><img fetchpriority=\"high\" decoding=\"async\" class=\"wp-image-30447 size-full\" src=\"https:\/\/mouldking.store\/wp-content\/uploads\/2022\/03\/Mould-King-21015-Minifig-Scale-AT-AT-w-Interior-with-6919-pieces-1.jpg\" alt=\"Mould King 21015 Minifig Scale AT-AT w\/ Interior with 6919 pieces\" width=\"800\" height=\"800\" title=\"-\" srcset=\"https:\/\/mouldking.store\/wp-content\/uploads\/2022\/03\/Mould-King-21015-Minifig-Scale-AT-AT-w-Interior-with-6919-pieces-1.jpg 800w, https:\/\/mouldking.store\/wp-content\/uploads\/2022\/03\/Mould-King-21015-Minifig-Scale-AT-AT-w-Interior-with-6919-pieces-1-300x300.jpg 300w, https:\/\/mouldking.store\/wp-content\/uploads\/2022\/03\/Mould-King-21015-Minifig-Scale-AT-AT-w-Interior-with-6919-pieces-1-768x768.jpg 768w, https:\/\/mouldking.store\/wp-content\/uploads\/2022\/03\/Mould-King-21015-Minifig-Scale-AT-AT-w-Interior-with-6919-pieces-1-600x600.jpg 600w, https:\/\/mouldking.store\/wp-content\/uploads\/2022\/03\/Mould-King-21015-Minifig-Scale-AT-AT-w-Interior-with-6919-pieces-1-150x150.jpg 150w\" sizes=\"(max-width: 800px) 100vw, 800px\" \/><figcaption id=\"caption-attachment-30447\" class=\"wp-caption-text\">Mold King 21015 minifig AT-AT m\u00e9rleg bels\u0151vel, 6919 darab<\/figcaption><\/figure>\n<figure id=\"attachment_30452\" aria-describedby=\"caption-attachment-30452\" style=\"width: 790px\" class=\"wp-caption aligncenter\"><img decoding=\"async\" class=\"wp-image-30452 size-full\" src=\"https:\/\/mouldking.store\/wp-content\/uploads\/2022\/03\/Mould-King-21015-Minifig-Scale-AT-AT-w-Interior-with-6919-pieces-6.jpg\" alt=\"Mould King 21015 Minifig Scale AT-AT w\/ Interior with 6919 pieces\" width=\"790\" height=\"874\" title=\"-\" srcset=\"https:\/\/mouldking.store\/wp-content\/uploads\/2022\/03\/Mould-King-21015-Minifig-Scale-AT-AT-w-Interior-with-6919-pieces-6.jpg 790w, https:\/\/mouldking.store\/wp-content\/uploads\/2022\/03\/Mould-King-21015-Minifig-Scale-AT-AT-w-Interior-with-6919-pieces-6-271x300.jpg 271w, https:\/\/mouldking.store\/wp-content\/uploads\/2022\/03\/Mould-King-21015-Minifig-Scale-AT-AT-w-Interior-with-6919-pieces-6-768x850.jpg 768w, https:\/\/mouldking.store\/wp-content\/uploads\/2022\/03\/Mould-King-21015-Minifig-Scale-AT-AT-w-Interior-with-6919-pieces-6-300x332.jpg 300w, https:\/\/mouldking.store\/wp-content\/uploads\/2022\/03\/Mould-King-21015-Minifig-Scale-AT-AT-w-Interior-with-6919-pieces-6-600x664.jpg 600w, https:\/\/mouldking.store\/wp-content\/uploads\/2022\/03\/Mould-King-21015-Minifig-Scale-AT-AT-w-Interior-with-6919-pieces-6-136x150.jpg 136w\" sizes=\"(max-width: 790px) 100vw, 790px\" \/><figcaption id=\"caption-attachment-30452\" class=\"wp-caption-text\">Mold King 21015 minifig AT-AT m\u00e9rleg bels\u0151vel, 6919 darab<\/figcaption><\/figure>\n<figure id=\"attachment_30453\" aria-describedby=\"caption-attachment-30453\" style=\"width: 790px\" class=\"wp-caption aligncenter\"><img decoding=\"async\" class=\"wp-image-30453 size-full\" src=\"https:\/\/mouldking.store\/wp-content\/uploads\/2022\/03\/Mould-King-21015-Minifig-Scale-AT-AT-w-Interior-with-6919-pieces-7.jpg\" alt=\"Mould King 21015 Minifig Scale AT-AT w\/ Interior with 6919 pieces\" width=\"790\" height=\"772\" title=\"-\" srcset=\"https:\/\/mouldking.store\/wp-content\/uploads\/2022\/03\/Mould-King-21015-Minifig-Scale-AT-AT-w-Interior-with-6919-pieces-7.jpg 790w, https:\/\/mouldking.store\/wp-content\/uploads\/2022\/03\/Mould-King-21015-Minifig-Scale-AT-AT-w-Interior-with-6919-pieces-7-300x293.jpg 300w, https:\/\/mouldking.store\/wp-content\/uploads\/2022\/03\/Mould-King-21015-Minifig-Scale-AT-AT-w-Interior-with-6919-pieces-7-768x751.jpg 768w, https:\/\/mouldking.store\/wp-content\/uploads\/2022\/03\/Mould-King-21015-Minifig-Scale-AT-AT-w-Interior-with-6919-pieces-7-600x586.jpg 600w, https:\/\/mouldking.store\/wp-content\/uploads\/2022\/03\/Mould-King-21015-Minifig-Scale-AT-AT-w-Interior-with-6919-pieces-7-150x147.jpg 150w\" sizes=\"(max-width: 790px) 100vw, 790px\" \/><figcaption id=\"caption-attachment-30453\" class=\"wp-caption-text\">Mold King 21015 minifig AT-AT m\u00e9rleg bels\u0151vel, 6919 darab<\/figcaption><\/figure>\n<figure id=\"attachment_30451\" aria-describedby=\"caption-attachment-30451\" style=\"width: 790px\" class=\"wp-caption aligncenter\"><img loading=\"lazy\" decoding=\"async\" class=\"wp-image-30451 size-full\" src=\"https:\/\/mouldking.store\/wp-content\/uploads\/2022\/03\/Mould-King-21015-Minifig-Scale-AT-AT-w-Interior-with-6919-pieces-5.jpg\" alt=\"Mould King 21015 Minifig Scale AT-AT w\/ Interior with 6919 pieces\" width=\"790\" height=\"860\" title=\"-\" srcset=\"https:\/\/mouldking.store\/wp-content\/uploads\/2022\/03\/Mould-King-21015-Minifig-Scale-AT-AT-w-Interior-with-6919-pieces-5.jpg 790w, https:\/\/mouldking.store\/wp-content\/uploads\/2022\/03\/Mould-King-21015-Minifig-Scale-AT-AT-w-Interior-with-6919-pieces-5-276x300.jpg 276w, https:\/\/mouldking.store\/wp-content\/uploads\/2022\/03\/Mould-King-21015-Minifig-Scale-AT-AT-w-Interior-with-6919-pieces-5-768x836.jpg 768w, https:\/\/mouldking.store\/wp-content\/uploads\/2022\/03\/Mould-King-21015-Minifig-Scale-AT-AT-w-Interior-with-6919-pieces-5-300x327.jpg 300w, https:\/\/mouldking.store\/wp-content\/uploads\/2022\/03\/Mould-King-21015-Minifig-Scale-AT-AT-w-Interior-with-6919-pieces-5-600x653.jpg 600w, https:\/\/mouldking.store\/wp-content\/uploads\/2022\/03\/Mould-King-21015-Minifig-Scale-AT-AT-w-Interior-with-6919-pieces-5-138x150.jpg 138w\" sizes=\"(max-width: 790px) 100vw, 790px\" \/><figcaption id=\"caption-attachment-30451\" class=\"wp-caption-text\">Mold King 21015 minifig AT-AT m\u00e9rleg bels\u0151vel, 6919 darab<\/figcaption><\/figure>\n<figure id=\"attachment_30450\" aria-describedby=\"caption-attachment-30450\" style=\"width: 790px\" class=\"wp-caption aligncenter\"><img loading=\"lazy\" decoding=\"async\" class=\"wp-image-30450 size-full\" src=\"https:\/\/mouldking.store\/wp-content\/uploads\/2022\/03\/Mould-King-21015-Minifig-Scale-AT-AT-w-Interior-with-6919-pieces-4.jpg\" alt=\"Mould King 21015 Minifig Scale AT-AT w\/ Interior with 6919 pieces\" width=\"790\" height=\"585\" title=\"-\" srcset=\"https:\/\/mouldking.store\/wp-content\/uploads\/2022\/03\/Mould-King-21015-Minifig-Scale-AT-AT-w-Interior-with-6919-pieces-4.jpg 790w, https:\/\/mouldking.store\/wp-content\/uploads\/2022\/03\/Mould-King-21015-Minifig-Scale-AT-AT-w-Interior-with-6919-pieces-4-300x222.jpg 300w, https:\/\/mouldking.store\/wp-content\/uploads\/2022\/03\/Mould-King-21015-Minifig-Scale-AT-AT-w-Interior-with-6919-pieces-4-768x569.jpg 768w, https:\/\/mouldking.store\/wp-content\/uploads\/2022\/03\/Mould-King-21015-Minifig-Scale-AT-AT-w-Interior-with-6919-pieces-4-600x444.jpg 600w, https:\/\/mouldking.store\/wp-content\/uploads\/2022\/03\/Mould-King-21015-Minifig-Scale-AT-AT-w-Interior-with-6919-pieces-4-150x111.jpg 150w\" sizes=\"(max-width: 790px) 100vw, 790px\" \/><figcaption id=\"caption-attachment-30450\" class=\"wp-caption-text\">Mold King 21015 minifig AT-AT m\u00e9rleg bels\u0151vel, 6919 darab<\/figcaption><\/figure>\n<figure id=\"attachment_30449\" aria-describedby=\"caption-attachment-30449\" style=\"width: 790px\" class=\"wp-caption aligncenter\"><img loading=\"lazy\" decoding=\"async\" class=\"wp-image-30449 size-full\" src=\"https:\/\/mouldking.store\/wp-content\/uploads\/2022\/03\/Mould-King-21015-Minifig-Scale-AT-AT-w-Interior-with-6919-pieces-3.jpg\" alt=\"Mould King 21015 Minifig Scale AT-AT w\/ Interior with 6919 pieces\" width=\"790\" height=\"568\" title=\"-\" srcset=\"https:\/\/mouldking.store\/wp-content\/uploads\/2022\/03\/Mould-King-21015-Minifig-Scale-AT-AT-w-Interior-with-6919-pieces-3.jpg 790w, https:\/\/mouldking.store\/wp-content\/uploads\/2022\/03\/Mould-King-21015-Minifig-Scale-AT-AT-w-Interior-with-6919-pieces-3-300x216.jpg 300w, https:\/\/mouldking.store\/wp-content\/uploads\/2022\/03\/Mould-King-21015-Minifig-Scale-AT-AT-w-Interior-with-6919-pieces-3-768x552.jpg 768w, https:\/\/mouldking.store\/wp-content\/uploads\/2022\/03\/Mould-King-21015-Minifig-Scale-AT-AT-w-Interior-with-6919-pieces-3-600x431.jpg 600w, https:\/\/mouldking.store\/wp-content\/uploads\/2022\/03\/Mould-King-21015-Minifig-Scale-AT-AT-w-Interior-with-6919-pieces-3-150x108.jpg 150w\" sizes=\"(max-width: 790px) 100vw, 790px\" \/><figcaption id=\"caption-attachment-30449\" class=\"wp-caption-text\">Mold King 21015 minifig AT-AT m\u00e9rleg bels\u0151vel, 6919 darab<\/figcaption><\/figure>\n<figure id=\"attachment_30448\" aria-describedby=\"caption-attachment-30448\" style=\"width: 726px\" class=\"wp-caption aligncenter\"><img loading=\"lazy\" decoding=\"async\" class=\"wp-image-30448 size-full\" src=\"https:\/\/mouldking.store\/wp-content\/uploads\/2022\/03\/Mould-King-21015-Minifig-Scale-AT-AT-w-Interior-with-6919-pieces-2.jpg\" alt=\"Mould King 21015 Minifig Scale AT-AT w\/ Interior with 6919 pieces\" width=\"726\" height=\"1024\" title=\"-\" srcset=\"https:\/\/mouldking.store\/wp-content\/uploads\/2022\/03\/Mould-King-21015-Minifig-Scale-AT-AT-w-Interior-with-6919-pieces-2.jpg 726w, https:\/\/mouldking.store\/wp-content\/uploads\/2022\/03\/Mould-King-21015-Minifig-Scale-AT-AT-w-Interior-with-6919-pieces-2-213x300.jpg 213w, https:\/\/mouldking.store\/wp-content\/uploads\/2022\/03\/Mould-King-21015-Minifig-Scale-AT-AT-w-Interior-with-6919-pieces-2-300x423.jpg 300w, https:\/\/mouldking.store\/wp-content\/uploads\/2022\/03\/Mould-King-21015-Minifig-Scale-AT-AT-w-Interior-with-6919-pieces-2-600x846.jpg 600w, https:\/\/mouldking.store\/wp-content\/uploads\/2022\/03\/Mould-King-21015-Minifig-Scale-AT-AT-w-Interior-with-6919-pieces-2-106x150.jpg 106w\" sizes=\"(max-width: 726px) 100vw, 726px\" \/><figcaption id=\"caption-attachment-30448\" class=\"wp-caption-text\">Mold King 21015 minifig AT-AT m\u00e9rleg bels\u0151vel, 6919 darab<\/figcaption><\/figure>","protected":false},"excerpt":{"rendered":"<p>Product information: Brand: Mould King Gender: Unisex Name: Minifig Scale AT-AT w\/ Interior Age Range: &gt; 14 years old Model Number: 21015 Classification: Assemblage Plastic Block Shape: Self-Locking Bricks Material: Plastic Plastic Type: ABS Bricks Blocks: 6919 PCS Contains detailed assembly instructions. Notice: 1. Without an original box, but we guarantee our products have quality [&hellip;]<\/p>","protected":false},"featured_media":30447,"comment_status":"closed","ping_status":"closed","template":"","meta":{"_acf_changed":false},"product_cat":[415],"product_tag":[5077,5079,5078,5076,615,5075,5074,5073],"class_list":["product","first","outofstock","shipping-taxable","purchasable","product-type-simple"],"acf":[],"_links":{"self":[{"href":"https:\/\/mouldking.store\/hu\/wp-json\/wp\/v2\/product\/30446","targetHints":{"allow":["GET"]}}],"collection":[{"href":"https:\/\/mouldking.store\/hu\/wp-json\/wp\/v2\/product"}],"about":[{"href":"https:\/\/mouldking.store\/hu\/wp-json\/wp\/v2\/types\/product"}],"replies":[{"embeddable":true,"href":"https:\/\/mouldking.store\/hu\/wp-json\/wp\/v2\/comments?post=30446"}],"wp:featuredmedia":[{"embeddable":true,"href":"https:\/\/mouldking.store\/hu\/wp-json\/wp\/v2\/media\/30447"}],"wp:attachment":[{"href":"https:\/\/mouldking.store\/hu\/wp-json\/wp\/v2\/media?parent=30446"}],"wp:term":[{"taxonomy":"product_cat","embeddable":true,"href":"https:\/\/mouldking.store\/hu\/wp-json\/wp\/v2\/product_cat?post=30446"},{"taxonomy":"product_tag","embeddable":true,"href":"https:\/\/mouldking.store\/hu\/wp-json\/wp\/v2\/product_tag?post=30446"}],"curies":[{"name":"wp","href":"https:\/\/api.w.org\/{rel}","templated":true}]}}