{"id":30539,"date":"2022-03-02T15:51:41","date_gmt":"2022-03-02T08:51:41","guid":{"rendered":"https:\/\/mouldking.store\/?post_type=product&#038;p=30539"},"modified":"2024-01-19T15:49:45","modified_gmt":"2024-01-19T08:49:45","slug":"k-box-22003-fender-stratocaster-with-1224-pieces","status":"publish","type":"product","link":"https:\/\/mouldking.store\/hu\/shop\/k-box-22003-fender-stratocaster-with-1224-pieces\/","title":{"rendered":"K-BOX 22003 Fender Stratocaster 1224 darabbal"},"content":{"rendered":"<p>Term\u00e9k inform\u00e1ci\u00f3:<\/p>\n<ol>\n<li>M\u00e1rka: K-BOX<\/li>\n<li>Nem: Uniszex<\/li>\n<li>N\u00e9v: Fender Stratocaster<\/li>\n<li>Koroszt\u00e1ly: &gt; 6 \u00e9v<\/li>\n<li>Modellsz\u00e1m: 22003<\/li>\n<li>Besorol\u00e1s: \u00d6sszeszerel\u00e9s<\/li>\n<li>M\u0171anyag blokk forma: \u00f6nz\u00e1r\u00f3 t\u00e9gla<\/li>\n<li>Anyaga: M\u0171anyag<\/li>\n<li>M\u0171anyag t\u00edpus: ABS<\/li>\n<li>T\u00e9gla blokkok: 1224 DB<\/li>\n<li>R\u00e9szletes \u00f6sszeszerel\u00e9si \u00fatmutat\u00f3t tartalmaz.<\/li>\n<\/ol>\n<p>\u00c9rtes\u00edt\u00e9s:<br \/>\n1. Eredeti doboz n\u00e9lk\u00fcl, de garant\u00e1ljuk, hogy term\u00e9keink min\u0151s\u00e9gbiztos\u00edt\u00e1ssal \u00e9s sz\u00e9p csomagol\u00e1ssal rendelkeznek.<br \/>\n2. Mint minden alkatr\u00e9szt, amelyet a sz\u00e1ll\u00edt\u00e1s el\u0151tt ellen\u0151rizt\u00fcnk, ez\u00e9rt ha \u00fagy tal\u00e1lja, hogy n\u00e9h\u00e1ny alkatr\u00e9sz hi\u00e1nyzik vagy s\u00e9r\u00fclt, ne agg\u00f3djon, \u00e9s k\u00e9rj\u00fck, vegye fel vel\u00fcnk a kapcsolatot, \u00e9s azonnal ingyenesen elk\u00fcldj\u00fck \u00d6nnek.<\/p>\n<figure id=\"attachment_30540\" aria-describedby=\"caption-attachment-30540\" style=\"width: 800px\" class=\"wp-caption aligncenter\"><img fetchpriority=\"high\" decoding=\"async\" class=\"wp-image-30540 size-full\" src=\"https:\/\/mouldking.store\/wp-content\/uploads\/2022\/03\/K-BOX-22003-Fender-Stratocaster-with-1224-pieces-1.jpg\" alt=\"K-BOX 22003 Fender Stratocaster with 1224 pieces\" width=\"800\" height=\"800\" title=\"-\" srcset=\"https:\/\/mouldking.store\/wp-content\/uploads\/2022\/03\/K-BOX-22003-Fender-Stratocaster-with-1224-pieces-1.jpg 800w, https:\/\/mouldking.store\/wp-content\/uploads\/2022\/03\/K-BOX-22003-Fender-Stratocaster-with-1224-pieces-1-300x300.jpg 300w, https:\/\/mouldking.store\/wp-content\/uploads\/2022\/03\/K-BOX-22003-Fender-Stratocaster-with-1224-pieces-1-768x768.jpg 768w, https:\/\/mouldking.store\/wp-content\/uploads\/2022\/03\/K-BOX-22003-Fender-Stratocaster-with-1224-pieces-1-600x600.jpg 600w, https:\/\/mouldking.store\/wp-content\/uploads\/2022\/03\/K-BOX-22003-Fender-Stratocaster-with-1224-pieces-1-150x150.jpg 150w\" sizes=\"(max-width: 800px) 100vw, 800px\" \/><figcaption id=\"caption-attachment-30540\" class=\"wp-caption-text\">K-BOX 22003 Fender Stratocaster 1224 darabbal<\/figcaption><\/figure>\n<figure id=\"attachment_30541\" aria-describedby=\"caption-attachment-30541\" style=\"width: 800px\" class=\"wp-caption aligncenter\"><img decoding=\"async\" class=\"wp-image-30541 size-full\" src=\"https:\/\/mouldking.store\/wp-content\/uploads\/2022\/03\/K-BOX-22003-Fender-Stratocaster-with-1224-pieces-2.jpg\" alt=\"K-BOX 22003 Fender Stratocaster with 1224 pieces\" width=\"800\" height=\"800\" title=\"-\" srcset=\"https:\/\/mouldking.store\/wp-content\/uploads\/2022\/03\/K-BOX-22003-Fender-Stratocaster-with-1224-pieces-2.jpg 800w, https:\/\/mouldking.store\/wp-content\/uploads\/2022\/03\/K-BOX-22003-Fender-Stratocaster-with-1224-pieces-2-300x300.jpg 300w, https:\/\/mouldking.store\/wp-content\/uploads\/2022\/03\/K-BOX-22003-Fender-Stratocaster-with-1224-pieces-2-768x768.jpg 768w, https:\/\/mouldking.store\/wp-content\/uploads\/2022\/03\/K-BOX-22003-Fender-Stratocaster-with-1224-pieces-2-600x600.jpg 600w, https:\/\/mouldking.store\/wp-content\/uploads\/2022\/03\/K-BOX-22003-Fender-Stratocaster-with-1224-pieces-2-150x150.jpg 150w\" sizes=\"(max-width: 800px) 100vw, 800px\" \/><figcaption id=\"caption-attachment-30541\" class=\"wp-caption-text\">K-BOX 22003 Fender Stratocaster 1224 darabbal<\/figcaption><\/figure>\n<figure id=\"attachment_30542\" aria-describedby=\"caption-attachment-30542\" style=\"width: 1024px\" class=\"wp-caption aligncenter\"><img decoding=\"async\" class=\"wp-image-30542 size-full\" src=\"https:\/\/mouldking.store\/wp-content\/uploads\/2022\/03\/K-BOX-22003-Fender-Stratocaster-with-1224-pieces-3.jpg\" alt=\"K-BOX 22003 Fender Stratocaster with 1224 pieces\" width=\"1024\" height=\"1024\" title=\"-\" srcset=\"https:\/\/mouldking.store\/wp-content\/uploads\/2022\/03\/K-BOX-22003-Fender-Stratocaster-with-1224-pieces-3.jpg 1024w, https:\/\/mouldking.store\/wp-content\/uploads\/2022\/03\/K-BOX-22003-Fender-Stratocaster-with-1224-pieces-3-300x300.jpg 300w, https:\/\/mouldking.store\/wp-content\/uploads\/2022\/03\/K-BOX-22003-Fender-Stratocaster-with-1224-pieces-3-768x768.jpg 768w, https:\/\/mouldking.store\/wp-content\/uploads\/2022\/03\/K-BOX-22003-Fender-Stratocaster-with-1224-pieces-3-600x600.jpg 600w, https:\/\/mouldking.store\/wp-content\/uploads\/2022\/03\/K-BOX-22003-Fender-Stratocaster-with-1224-pieces-3-150x150.jpg 150w\" sizes=\"(max-width: 1024px) 100vw, 1024px\" \/><figcaption id=\"caption-attachment-30542\" class=\"wp-caption-text\">K-BOX 22003 Fender Stratocaster 1224 darabbal<\/figcaption><\/figure>\n<figure id=\"attachment_30544\" aria-describedby=\"caption-attachment-30544\" style=\"width: 1024px\" class=\"wp-caption aligncenter\"><img loading=\"lazy\" decoding=\"async\" class=\"wp-image-30544 size-full\" src=\"https:\/\/mouldking.store\/wp-content\/uploads\/2022\/03\/K-BOX-22003-Fender-Stratocaster-with-1224-pieces-5.jpg\" alt=\"K-BOX 22003 Fender Stratocaster with 1224 pieces\" width=\"1024\" height=\"1024\" title=\"-\" srcset=\"https:\/\/mouldking.store\/wp-content\/uploads\/2022\/03\/K-BOX-22003-Fender-Stratocaster-with-1224-pieces-5.jpg 1024w, https:\/\/mouldking.store\/wp-content\/uploads\/2022\/03\/K-BOX-22003-Fender-Stratocaster-with-1224-pieces-5-300x300.jpg 300w, https:\/\/mouldking.store\/wp-content\/uploads\/2022\/03\/K-BOX-22003-Fender-Stratocaster-with-1224-pieces-5-768x768.jpg 768w, https:\/\/mouldking.store\/wp-content\/uploads\/2022\/03\/K-BOX-22003-Fender-Stratocaster-with-1224-pieces-5-600x600.jpg 600w, https:\/\/mouldking.store\/wp-content\/uploads\/2022\/03\/K-BOX-22003-Fender-Stratocaster-with-1224-pieces-5-150x150.jpg 150w\" sizes=\"(max-width: 1024px) 100vw, 1024px\" \/><figcaption id=\"caption-attachment-30544\" class=\"wp-caption-text\">K-BOX 22003 Fender Stratocaster 1224 darabbal<\/figcaption><\/figure>\n<figure id=\"attachment_30545\" aria-describedby=\"caption-attachment-30545\" style=\"width: 1024px\" class=\"wp-caption aligncenter\"><img loading=\"lazy\" decoding=\"async\" class=\"wp-image-30545 size-full\" src=\"https:\/\/mouldking.store\/wp-content\/uploads\/2022\/03\/K-BOX-22003-Fender-Stratocaster-with-1224-pieces-6.jpg\" alt=\"K-BOX 22003 Fender Stratocaster with 1224 pieces\" width=\"1024\" height=\"1024\" title=\"-\" srcset=\"https:\/\/mouldking.store\/wp-content\/uploads\/2022\/03\/K-BOX-22003-Fender-Stratocaster-with-1224-pieces-6.jpg 1024w, https:\/\/mouldking.store\/wp-content\/uploads\/2022\/03\/K-BOX-22003-Fender-Stratocaster-with-1224-pieces-6-300x300.jpg 300w, https:\/\/mouldking.store\/wp-content\/uploads\/2022\/03\/K-BOX-22003-Fender-Stratocaster-with-1224-pieces-6-768x768.jpg 768w, https:\/\/mouldking.store\/wp-content\/uploads\/2022\/03\/K-BOX-22003-Fender-Stratocaster-with-1224-pieces-6-600x600.jpg 600w, https:\/\/mouldking.store\/wp-content\/uploads\/2022\/03\/K-BOX-22003-Fender-Stratocaster-with-1224-pieces-6-150x150.jpg 150w\" sizes=\"(max-width: 1024px) 100vw, 1024px\" \/><figcaption id=\"caption-attachment-30545\" class=\"wp-caption-text\">K-BOX 22003 Fender Stratocaster 1224 darabbal<\/figcaption><\/figure>\n<figure id=\"attachment_30543\" aria-describedby=\"caption-attachment-30543\" style=\"width: 1024px\" class=\"wp-caption aligncenter\"><img loading=\"lazy\" decoding=\"async\" class=\"wp-image-30543 size-full\" src=\"https:\/\/mouldking.store\/wp-content\/uploads\/2022\/03\/K-BOX-22003-Fender-Stratocaster-with-1224-pieces-4.jpg\" alt=\"K-BOX 22003 Fender Stratocaster with 1224 pieces\" width=\"1024\" height=\"1024\" title=\"-\" srcset=\"https:\/\/mouldking.store\/wp-content\/uploads\/2022\/03\/K-BOX-22003-Fender-Stratocaster-with-1224-pieces-4.jpg 1024w, https:\/\/mouldking.store\/wp-content\/uploads\/2022\/03\/K-BOX-22003-Fender-Stratocaster-with-1224-pieces-4-300x300.jpg 300w, https:\/\/mouldking.store\/wp-content\/uploads\/2022\/03\/K-BOX-22003-Fender-Stratocaster-with-1224-pieces-4-768x768.jpg 768w, https:\/\/mouldking.store\/wp-content\/uploads\/2022\/03\/K-BOX-22003-Fender-Stratocaster-with-1224-pieces-4-600x600.jpg 600w, https:\/\/mouldking.store\/wp-content\/uploads\/2022\/03\/K-BOX-22003-Fender-Stratocaster-with-1224-pieces-4-150x150.jpg 150w\" sizes=\"(max-width: 1024px) 100vw, 1024px\" \/><figcaption id=\"caption-attachment-30543\" class=\"wp-caption-text\">K-BOX 22003 Fender Stratocaster 1224 darabbal<\/figcaption><\/figure>","protected":false},"excerpt":{"rendered":"<p>Product information: Brand: K-BOX Gender: Unisex Name: Fender Stratocaster Age Range: &gt; 6 years old Model Number: 22003 Classification: Assemblage Plastic Block Shape: Self-Locking Bricks Material: Plastic Plastic Type: ABS Bricks Blocks: 1224 PCS Contains detailed assembly instructions. Notice: 1. Without an original box, but we guarantee our products have quality assurance and nice packaging. [&hellip;]<\/p>","protected":false},"featured_media":30540,"comment_status":"closed","ping_status":"closed","template":"","meta":{"_acf_changed":false},"product_cat":[371],"product_tag":[4989,5126,5125,2969,5124,5123,5122,5127],"class_list":["product","first","outofstock","shipping-taxable","purchasable","product-type-simple"],"acf":[],"_links":{"self":[{"href":"https:\/\/mouldking.store\/hu\/wp-json\/wp\/v2\/product\/30539","targetHints":{"allow":["GET"]}}],"collection":[{"href":"https:\/\/mouldking.store\/hu\/wp-json\/wp\/v2\/product"}],"about":[{"href":"https:\/\/mouldking.store\/hu\/wp-json\/wp\/v2\/types\/product"}],"replies":[{"embeddable":true,"href":"https:\/\/mouldking.store\/hu\/wp-json\/wp\/v2\/comments?post=30539"}],"wp:featuredmedia":[{"embeddable":true,"href":"https:\/\/mouldking.store\/hu\/wp-json\/wp\/v2\/media\/30540"}],"wp:attachment":[{"href":"https:\/\/mouldking.store\/hu\/wp-json\/wp\/v2\/media?parent=30539"}],"wp:term":[{"taxonomy":"product_cat","embeddable":true,"href":"https:\/\/mouldking.store\/hu\/wp-json\/wp\/v2\/product_cat?post=30539"},{"taxonomy":"product_tag","embeddable":true,"href":"https:\/\/mouldking.store\/hu\/wp-json\/wp\/v2\/product_tag?post=30539"}],"curies":[{"name":"wp","href":"https:\/\/api.w.org\/{rel}","templated":true}]}}