{"id":30564,"date":"2022-03-02T16:05:51","date_gmt":"2022-03-02T09:05:51","guid":{"rendered":"https:\/\/mouldking.store\/?post_type=product&#038;p=30564"},"modified":"2022-03-02T16:05:51","modified_gmt":"2022-03-02T09:05:51","slug":"mould-king-14014-grenade-toygun-with-1333-pieces","status":"publish","type":"product","link":"https:\/\/mouldking.store\/hu\/shop\/mould-king-14014-grenade-toygun-with-1333-pieces\/","title":{"rendered":"Mold King 14014 Grenade Toygun 1333 darabbal"},"content":{"rendered":"<p>Term\u00e9k inform\u00e1ci\u00f3:<\/p>\n<ol>\n<li>M\u00e1rka: Mold King<\/li>\n<li>Nem: Uniszex<\/li>\n<li>Name: Grenade Toygun<\/li>\n<li>Korhat\u00e1r: 14 \u00e9v felett<\/li>\n<li>Model Number: 14014<\/li>\n<li>Besorol\u00e1s: \u00d6sszeszerel\u00e9s<\/li>\n<li>M\u0171anyag blokk forma: \u00f6nz\u00e1r\u00f3 t\u00e9gla<\/li>\n<li>Anyaga: M\u0171anyag<\/li>\n<li>M\u0171anyag t\u00edpus: ABS<\/li>\n<li>Bricks Blocks: 1333 PCS<\/li>\n<li>R\u00e9szletes \u00f6sszeszerel\u00e9si \u00fatmutat\u00f3t tartalmaz.<\/li>\n<\/ol>\n<p>\u00c9rtes\u00edt\u00e9s:<br \/>\n1. Eredeti doboz n\u00e9lk\u00fcl, de garant\u00e1ljuk, hogy term\u00e9keink min\u0151s\u00e9gbiztos\u00edt\u00e1ssal \u00e9s sz\u00e9p csomagol\u00e1ssal rendelkeznek.<br \/>\n2. Mint minden alkatr\u00e9szt, amelyet a sz\u00e1ll\u00edt\u00e1s el\u0151tt ellen\u0151rizt\u00fcnk, ez\u00e9rt ha \u00fagy tal\u00e1lja, hogy n\u00e9h\u00e1ny alkatr\u00e9sz hi\u00e1nyzik vagy s\u00e9r\u00fclt, ne agg\u00f3djon, \u00e9s k\u00e9rj\u00fck, vegye fel vel\u00fcnk a kapcsolatot, \u00e9s azonnal ingyenesen elk\u00fcldj\u00fck \u00d6nnek.<\/p>\n<figure id=\"attachment_30565\" aria-describedby=\"caption-attachment-30565\" style=\"width: 800px\" class=\"wp-caption aligncenter\"><img fetchpriority=\"high\" decoding=\"async\" class=\"wp-image-30565 size-full\" src=\"https:\/\/mouldking.store\/wp-content\/uploads\/2022\/03\/Mould-King-14014-Grenade-Toygun-1.jpg\" alt=\"Mould King 14014 Grenade Toygun with 1333 pieces\" width=\"800\" height=\"800\" title=\"-\" srcset=\"https:\/\/mouldking.store\/wp-content\/uploads\/2022\/03\/Mould-King-14014-Grenade-Toygun-1.jpg 800w, https:\/\/mouldking.store\/wp-content\/uploads\/2022\/03\/Mould-King-14014-Grenade-Toygun-1-300x300.jpg 300w, https:\/\/mouldking.store\/wp-content\/uploads\/2022\/03\/Mould-King-14014-Grenade-Toygun-1-768x768.jpg 768w, https:\/\/mouldking.store\/wp-content\/uploads\/2022\/03\/Mould-King-14014-Grenade-Toygun-1-600x600.jpg 600w, https:\/\/mouldking.store\/wp-content\/uploads\/2022\/03\/Mould-King-14014-Grenade-Toygun-1-150x150.jpg 150w\" sizes=\"(max-width: 800px) 100vw, 800px\" \/><figcaption id=\"caption-attachment-30565\" class=\"wp-caption-text\">Mold King 14014 Grenade Toygun 1333 darabbal<\/figcaption><\/figure>\n<figure id=\"attachment_30572\" aria-describedby=\"caption-attachment-30572\" style=\"width: 790px\" class=\"wp-caption aligncenter\"><img decoding=\"async\" class=\"wp-image-30572 size-full\" src=\"https:\/\/mouldking.store\/wp-content\/uploads\/2022\/03\/Mould-King-14014-Grenade-Toygun-8.jpg\" alt=\"Mould King 14014 Grenade Toygun with 1333 pieces\" width=\"790\" height=\"577\" title=\"-\" srcset=\"https:\/\/mouldking.store\/wp-content\/uploads\/2022\/03\/Mould-King-14014-Grenade-Toygun-8.jpg 790w, https:\/\/mouldking.store\/wp-content\/uploads\/2022\/03\/Mould-King-14014-Grenade-Toygun-8-300x219.jpg 300w, https:\/\/mouldking.store\/wp-content\/uploads\/2022\/03\/Mould-King-14014-Grenade-Toygun-8-768x561.jpg 768w, https:\/\/mouldking.store\/wp-content\/uploads\/2022\/03\/Mould-King-14014-Grenade-Toygun-8-600x438.jpg 600w, https:\/\/mouldking.store\/wp-content\/uploads\/2022\/03\/Mould-King-14014-Grenade-Toygun-8-150x110.jpg 150w\" sizes=\"(max-width: 790px) 100vw, 790px\" \/><figcaption id=\"caption-attachment-30572\" class=\"wp-caption-text\">Mold King 14014 Grenade Toygun 1333 darabbal<\/figcaption><\/figure>\n<figure id=\"attachment_30570\" aria-describedby=\"caption-attachment-30570\" style=\"width: 637px\" class=\"wp-caption aligncenter\"><img decoding=\"async\" class=\"wp-image-30570 size-full\" src=\"https:\/\/mouldking.store\/wp-content\/uploads\/2022\/03\/Mould-King-14014-Grenade-Toygun-6.jpg\" alt=\"Mould King 14014 Grenade Toygun with 1333 pieces\" width=\"637\" height=\"1024\" title=\"-\" srcset=\"https:\/\/mouldking.store\/wp-content\/uploads\/2022\/03\/Mould-King-14014-Grenade-Toygun-6.jpg 637w, https:\/\/mouldking.store\/wp-content\/uploads\/2022\/03\/Mould-King-14014-Grenade-Toygun-6-187x300.jpg 187w, https:\/\/mouldking.store\/wp-content\/uploads\/2022\/03\/Mould-King-14014-Grenade-Toygun-6-300x482.jpg 300w, https:\/\/mouldking.store\/wp-content\/uploads\/2022\/03\/Mould-King-14014-Grenade-Toygun-6-600x965.jpg 600w, https:\/\/mouldking.store\/wp-content\/uploads\/2022\/03\/Mould-King-14014-Grenade-Toygun-6-93x150.jpg 93w\" sizes=\"(max-width: 637px) 100vw, 637px\" \/><figcaption id=\"caption-attachment-30570\" class=\"wp-caption-text\">Mold King 14014 Grenade Toygun 1333 darabbal<\/figcaption><\/figure>\n<figure id=\"attachment_30569\" aria-describedby=\"caption-attachment-30569\" style=\"width: 675px\" class=\"wp-caption aligncenter\"><img loading=\"lazy\" decoding=\"async\" class=\"wp-image-30569 size-full\" src=\"https:\/\/mouldking.store\/wp-content\/uploads\/2022\/03\/Mould-King-14014-Grenade-Toygun-5.jpg\" alt=\"Mould King 14014 Grenade Toygun with 1333 pieces\" width=\"675\" height=\"1024\" title=\"-\" srcset=\"https:\/\/mouldking.store\/wp-content\/uploads\/2022\/03\/Mould-King-14014-Grenade-Toygun-5.jpg 675w, https:\/\/mouldking.store\/wp-content\/uploads\/2022\/03\/Mould-King-14014-Grenade-Toygun-5-198x300.jpg 198w, https:\/\/mouldking.store\/wp-content\/uploads\/2022\/03\/Mould-King-14014-Grenade-Toygun-5-300x455.jpg 300w, https:\/\/mouldking.store\/wp-content\/uploads\/2022\/03\/Mould-King-14014-Grenade-Toygun-5-600x910.jpg 600w, https:\/\/mouldking.store\/wp-content\/uploads\/2022\/03\/Mould-King-14014-Grenade-Toygun-5-99x150.jpg 99w\" sizes=\"(max-width: 675px) 100vw, 675px\" \/><figcaption id=\"caption-attachment-30569\" class=\"wp-caption-text\">Mold King 14014 Grenade Toygun 1333 darabbal<\/figcaption><\/figure>\n<figure id=\"attachment_30568\" aria-describedby=\"caption-attachment-30568\" style=\"width: 677px\" class=\"wp-caption aligncenter\"><img loading=\"lazy\" decoding=\"async\" class=\"wp-image-30568 size-full\" src=\"https:\/\/mouldking.store\/wp-content\/uploads\/2022\/03\/Mould-King-14014-Grenade-Toygun-4.jpg\" alt=\"Mould King 14014 Grenade Toygun with 1333 pieces\" width=\"677\" height=\"1024\" title=\"-\" srcset=\"https:\/\/mouldking.store\/wp-content\/uploads\/2022\/03\/Mould-King-14014-Grenade-Toygun-4.jpg 677w, https:\/\/mouldking.store\/wp-content\/uploads\/2022\/03\/Mould-King-14014-Grenade-Toygun-4-198x300.jpg 198w, https:\/\/mouldking.store\/wp-content\/uploads\/2022\/03\/Mould-King-14014-Grenade-Toygun-4-300x454.jpg 300w, https:\/\/mouldking.store\/wp-content\/uploads\/2022\/03\/Mould-King-14014-Grenade-Toygun-4-600x908.jpg 600w, https:\/\/mouldking.store\/wp-content\/uploads\/2022\/03\/Mould-King-14014-Grenade-Toygun-4-99x150.jpg 99w\" sizes=\"(max-width: 677px) 100vw, 677px\" \/><figcaption id=\"caption-attachment-30568\" class=\"wp-caption-text\">Mold King 14014 Grenade Toygun 1333 darabbal<\/figcaption><\/figure>\n<figure id=\"attachment_30567\" aria-describedby=\"caption-attachment-30567\" style=\"width: 678px\" class=\"wp-caption aligncenter\"><img loading=\"lazy\" decoding=\"async\" class=\"wp-image-30567 size-full\" src=\"https:\/\/mouldking.store\/wp-content\/uploads\/2022\/03\/Mould-King-14014-Grenade-Toygun-3.jpg\" alt=\"Mould King 14014 Grenade Toygun with 1333 pieces\" width=\"678\" height=\"1024\" title=\"-\" srcset=\"https:\/\/mouldking.store\/wp-content\/uploads\/2022\/03\/Mould-King-14014-Grenade-Toygun-3.jpg 678w, https:\/\/mouldking.store\/wp-content\/uploads\/2022\/03\/Mould-King-14014-Grenade-Toygun-3-199x300.jpg 199w, https:\/\/mouldking.store\/wp-content\/uploads\/2022\/03\/Mould-King-14014-Grenade-Toygun-3-300x453.jpg 300w, https:\/\/mouldking.store\/wp-content\/uploads\/2022\/03\/Mould-King-14014-Grenade-Toygun-3-600x906.jpg 600w, https:\/\/mouldking.store\/wp-content\/uploads\/2022\/03\/Mould-King-14014-Grenade-Toygun-3-99x150.jpg 99w\" sizes=\"(max-width: 678px) 100vw, 678px\" \/><figcaption id=\"caption-attachment-30567\" class=\"wp-caption-text\">Mold King 14014 Grenade Toygun 1333 darabbal<\/figcaption><\/figure>\n<figure id=\"attachment_30571\" aria-describedby=\"caption-attachment-30571\" style=\"width: 790px\" class=\"wp-caption aligncenter\"><img loading=\"lazy\" decoding=\"async\" class=\"wp-image-30571 size-full\" src=\"https:\/\/mouldking.store\/wp-content\/uploads\/2022\/03\/Mould-King-14014-Grenade-Toygun-7.jpg\" alt=\"Mould King 14014 Grenade Toygun with 1333 pieces\" width=\"790\" height=\"847\" title=\"-\" srcset=\"https:\/\/mouldking.store\/wp-content\/uploads\/2022\/03\/Mould-King-14014-Grenade-Toygun-7.jpg 790w, https:\/\/mouldking.store\/wp-content\/uploads\/2022\/03\/Mould-King-14014-Grenade-Toygun-7-280x300.jpg 280w, https:\/\/mouldking.store\/wp-content\/uploads\/2022\/03\/Mould-King-14014-Grenade-Toygun-7-768x823.jpg 768w, https:\/\/mouldking.store\/wp-content\/uploads\/2022\/03\/Mould-King-14014-Grenade-Toygun-7-300x322.jpg 300w, https:\/\/mouldking.store\/wp-content\/uploads\/2022\/03\/Mould-King-14014-Grenade-Toygun-7-600x643.jpg 600w, https:\/\/mouldking.store\/wp-content\/uploads\/2022\/03\/Mould-King-14014-Grenade-Toygun-7-140x150.jpg 140w\" sizes=\"(max-width: 790px) 100vw, 790px\" \/><figcaption id=\"caption-attachment-30571\" class=\"wp-caption-text\">Mold King 14014 Grenade Toygun 1333 darabbal<\/figcaption><\/figure>\n<figure id=\"attachment_30566\" aria-describedby=\"caption-attachment-30566\" style=\"width: 790px\" class=\"wp-caption aligncenter\"><img loading=\"lazy\" decoding=\"async\" class=\"wp-image-30566 size-full\" src=\"https:\/\/mouldking.store\/wp-content\/uploads\/2022\/03\/Mould-King-14014-Grenade-Toygun-2.jpg\" alt=\"Mould King 14014 Grenade Toygun with 1333 pieces\" width=\"790\" height=\"712\" title=\"-\" srcset=\"https:\/\/mouldking.store\/wp-content\/uploads\/2022\/03\/Mould-King-14014-Grenade-Toygun-2.jpg 790w, https:\/\/mouldking.store\/wp-content\/uploads\/2022\/03\/Mould-King-14014-Grenade-Toygun-2-300x270.jpg 300w, https:\/\/mouldking.store\/wp-content\/uploads\/2022\/03\/Mould-King-14014-Grenade-Toygun-2-768x692.jpg 768w, https:\/\/mouldking.store\/wp-content\/uploads\/2022\/03\/Mould-King-14014-Grenade-Toygun-2-600x541.jpg 600w, https:\/\/mouldking.store\/wp-content\/uploads\/2022\/03\/Mould-King-14014-Grenade-Toygun-2-150x135.jpg 150w\" sizes=\"(max-width: 790px) 100vw, 790px\" \/><figcaption id=\"caption-attachment-30566\" class=\"wp-caption-text\">Mold King 14014 Grenade Toygun 1333 darabbal<\/figcaption><\/figure>","protected":false},"excerpt":{"rendered":"<p>Product information: Brand: Mould King Gender: Unisex Name: Grenade Toygun Age Range: &gt; 14 years old Model Number: 14014 Classification: Assemblage Plastic Block Shape: Self-Locking Bricks Material: Plastic Plastic Type: ABS Bricks Blocks: 1333 PCS Contains detailed assembly instructions. Notice: 1. Without an original box, but we guarantee our products have quality assurance and nice [&hellip;]<\/p>","protected":false},"featured_media":30565,"comment_status":"closed","ping_status":"closed","template":"","meta":{"_acf_changed":false},"product_cat":[372],"product_tag":[5151,5152,5150,5154,615,5149,5148,5153],"class_list":["product","first","instock","shipping-taxable","purchasable","product-type-simple"],"acf":[],"_links":{"self":[{"href":"https:\/\/mouldking.store\/hu\/wp-json\/wp\/v2\/product\/30564","targetHints":{"allow":["GET"]}}],"collection":[{"href":"https:\/\/mouldking.store\/hu\/wp-json\/wp\/v2\/product"}],"about":[{"href":"https:\/\/mouldking.store\/hu\/wp-json\/wp\/v2\/types\/product"}],"replies":[{"embeddable":true,"href":"https:\/\/mouldking.store\/hu\/wp-json\/wp\/v2\/comments?post=30564"}],"wp:featuredmedia":[{"embeddable":true,"href":"https:\/\/mouldking.store\/hu\/wp-json\/wp\/v2\/media\/30565"}],"wp:attachment":[{"href":"https:\/\/mouldking.store\/hu\/wp-json\/wp\/v2\/media?parent=30564"}],"wp:term":[{"taxonomy":"product_cat","embeddable":true,"href":"https:\/\/mouldking.store\/hu\/wp-json\/wp\/v2\/product_cat?post=30564"},{"taxonomy":"product_tag","embeddable":true,"href":"https:\/\/mouldking.store\/hu\/wp-json\/wp\/v2\/product_tag?post=30564"}],"curies":[{"name":"wp","href":"https:\/\/api.w.org\/{rel}","templated":true}]}}