{"id":30668,"date":"2022-03-08T15:21:56","date_gmt":"2022-03-08T08:21:56","guid":{"rendered":"https:\/\/mouldking.store\/?post_type=product&#038;p=30668"},"modified":"2023-11-23T09:39:52","modified_gmt":"2023-11-23T02:39:52","slug":"mould-king-17035-rc-crane-with-2819-pieces","status":"publish","type":"product","link":"https:\/\/mouldking.store\/hu\/shop\/mould-king-17035-rc-crane-with-2819-pieces\/","title":{"rendered":"Mold King 17035 RC daru 2819 darabbal"},"content":{"rendered":"<p>Term\u00e9k inform\u00e1ci\u00f3:<\/p>\n<ol>\n<li>M\u00e1rka: Mold King<\/li>\n<li>Nem: Uniszex<\/li>\n<li>N\u00e9v: RC Crane<\/li>\n<li>Korhat\u00e1r: 14 \u00e9v felett<\/li>\n<li>Modellsz\u00e1m: 17035<\/li>\n<li>Besorol\u00e1s: \u00d6sszeszerel\u00e9s<\/li>\n<li>M\u0171anyag blokk forma: \u00f6nz\u00e1r\u00f3 t\u00e9gla<\/li>\n<li>Anyaga: M\u0171anyag<\/li>\n<li>M\u0171anyag t\u00edpus: ABS<\/li>\n<li>T\u00e9gla blokkok: 2819 DB<\/li>\n<li>R\u00e9szletes \u00f6sszeszerel\u00e9si \u00fatmutat\u00f3t tartalmaz.<\/li>\n<\/ol>\n<p>\u00c9rtes\u00edt\u00e9s:<br \/>\n1. Eredeti doboz n\u00e9lk\u00fcl, de garant\u00e1ljuk, hogy term\u00e9keink min\u0151s\u00e9gbiztos\u00edt\u00e1ssal \u00e9s sz\u00e9p csomagol\u00e1ssal rendelkeznek.<br \/>\n2. Mint minden alkatr\u00e9szt, amelyet a sz\u00e1ll\u00edt\u00e1s el\u0151tt ellen\u0151rizt\u00fcnk, ez\u00e9rt ha \u00fagy tal\u00e1lja, hogy n\u00e9h\u00e1ny alkatr\u00e9sz hi\u00e1nyzik vagy s\u00e9r\u00fclt, ne agg\u00f3djon, \u00e9s k\u00e9rj\u00fck, vegye fel vel\u00fcnk a kapcsolatot, \u00e9s azonnal ingyenesen elk\u00fcldj\u00fck \u00d6nnek.<\/p>\n<figure id=\"attachment_30673\" aria-describedby=\"caption-attachment-30673\" style=\"width: 800px\" class=\"wp-caption aligncenter\"><img fetchpriority=\"high\" decoding=\"async\" class=\"wp-image-30673 size-full\" src=\"https:\/\/mouldking.store\/wp-content\/uploads\/2022\/03\/Mould-King-17035-RC-Crane-with-2819-pieces.jpg\" alt=\"Mould King 17035 RC Crane with 2819 pieces\" width=\"800\" height=\"800\" title=\"-\" srcset=\"https:\/\/mouldking.store\/wp-content\/uploads\/2022\/03\/Mould-King-17035-RC-Crane-with-2819-pieces.jpg 800w, https:\/\/mouldking.store\/wp-content\/uploads\/2022\/03\/Mould-King-17035-RC-Crane-with-2819-pieces-300x300.jpg 300w, https:\/\/mouldking.store\/wp-content\/uploads\/2022\/03\/Mould-King-17035-RC-Crane-with-2819-pieces-768x768.jpg 768w, https:\/\/mouldking.store\/wp-content\/uploads\/2022\/03\/Mould-King-17035-RC-Crane-with-2819-pieces-600x600.jpg 600w, https:\/\/mouldking.store\/wp-content\/uploads\/2022\/03\/Mould-King-17035-RC-Crane-with-2819-pieces-150x150.jpg 150w\" sizes=\"(max-width: 800px) 100vw, 800px\" \/><figcaption id=\"caption-attachment-30673\" class=\"wp-caption-text\">Mold King 17035 RC daru 2819 darabbal<\/figcaption><\/figure>\n<figure id=\"attachment_30669\" aria-describedby=\"caption-attachment-30669\" style=\"width: 899px\" class=\"wp-caption aligncenter\"><img decoding=\"async\" class=\"wp-image-30669 size-full\" src=\"https:\/\/mouldking.store\/wp-content\/uploads\/2022\/03\/MOULD-KING-17035-Green-Electric-Mechanical-Crane-Ultimate-42009-1.jpg\" alt=\"Mould King 17035 RC Crane with 2819 pieces\" width=\"899\" height=\"889\" title=\"-\" srcset=\"https:\/\/mouldking.store\/wp-content\/uploads\/2022\/03\/MOULD-KING-17035-Green-Electric-Mechanical-Crane-Ultimate-42009-1.jpg 899w, https:\/\/mouldking.store\/wp-content\/uploads\/2022\/03\/MOULD-KING-17035-Green-Electric-Mechanical-Crane-Ultimate-42009-1-300x297.jpg 300w, https:\/\/mouldking.store\/wp-content\/uploads\/2022\/03\/MOULD-KING-17035-Green-Electric-Mechanical-Crane-Ultimate-42009-1-768x759.jpg 768w, https:\/\/mouldking.store\/wp-content\/uploads\/2022\/03\/MOULD-KING-17035-Green-Electric-Mechanical-Crane-Ultimate-42009-1-600x593.jpg 600w, https:\/\/mouldking.store\/wp-content\/uploads\/2022\/03\/MOULD-KING-17035-Green-Electric-Mechanical-Crane-Ultimate-42009-1-150x148.jpg 150w\" sizes=\"(max-width: 899px) 100vw, 899px\" \/><figcaption id=\"caption-attachment-30669\" class=\"wp-caption-text\">Mold King 17035 RC daru 2819 darabbal<\/figcaption><\/figure>\n<figure id=\"attachment_30672\" aria-describedby=\"caption-attachment-30672\" style=\"width: 901px\" class=\"wp-caption aligncenter\"><img decoding=\"async\" class=\"wp-image-30672 size-full\" src=\"https:\/\/mouldking.store\/wp-content\/uploads\/2022\/03\/MOULD-KING-17035-Green-Electric-Mechanical-Crane-Ultimate-42009-4.jpg\" alt=\"Mould King 17035 RC Crane with 2819 pieces\" width=\"901\" height=\"889\" title=\"-\" srcset=\"https:\/\/mouldking.store\/wp-content\/uploads\/2022\/03\/MOULD-KING-17035-Green-Electric-Mechanical-Crane-Ultimate-42009-4.jpg 901w, https:\/\/mouldking.store\/wp-content\/uploads\/2022\/03\/MOULD-KING-17035-Green-Electric-Mechanical-Crane-Ultimate-42009-4-300x296.jpg 300w, https:\/\/mouldking.store\/wp-content\/uploads\/2022\/03\/MOULD-KING-17035-Green-Electric-Mechanical-Crane-Ultimate-42009-4-768x758.jpg 768w, https:\/\/mouldking.store\/wp-content\/uploads\/2022\/03\/MOULD-KING-17035-Green-Electric-Mechanical-Crane-Ultimate-42009-4-600x592.jpg 600w, https:\/\/mouldking.store\/wp-content\/uploads\/2022\/03\/MOULD-KING-17035-Green-Electric-Mechanical-Crane-Ultimate-42009-4-150x148.jpg 150w\" sizes=\"(max-width: 901px) 100vw, 901px\" \/><figcaption id=\"caption-attachment-30672\" class=\"wp-caption-text\">Mold King 17035 RC daru 2819 darabbal<\/figcaption><\/figure>\n<figure id=\"attachment_30670\" aria-describedby=\"caption-attachment-30670\" style=\"width: 906px\" class=\"wp-caption aligncenter\"><img loading=\"lazy\" decoding=\"async\" class=\"wp-image-30670 size-full\" src=\"https:\/\/mouldking.store\/wp-content\/uploads\/2022\/03\/MOULD-KING-17035-Green-Electric-Mechanical-Crane-Ultimate-42009-2.jpg\" alt=\"Mould King 17035 RC Crane with 2819 pieces\" width=\"906\" height=\"870\" title=\"-\" srcset=\"https:\/\/mouldking.store\/wp-content\/uploads\/2022\/03\/MOULD-KING-17035-Green-Electric-Mechanical-Crane-Ultimate-42009-2.jpg 906w, https:\/\/mouldking.store\/wp-content\/uploads\/2022\/03\/MOULD-KING-17035-Green-Electric-Mechanical-Crane-Ultimate-42009-2-300x288.jpg 300w, https:\/\/mouldking.store\/wp-content\/uploads\/2022\/03\/MOULD-KING-17035-Green-Electric-Mechanical-Crane-Ultimate-42009-2-768x737.jpg 768w, https:\/\/mouldking.store\/wp-content\/uploads\/2022\/03\/MOULD-KING-17035-Green-Electric-Mechanical-Crane-Ultimate-42009-2-600x576.jpg 600w, https:\/\/mouldking.store\/wp-content\/uploads\/2022\/03\/MOULD-KING-17035-Green-Electric-Mechanical-Crane-Ultimate-42009-2-150x144.jpg 150w\" sizes=\"(max-width: 906px) 100vw, 906px\" \/><figcaption id=\"caption-attachment-30670\" class=\"wp-caption-text\">Mold King 17035 RC daru 2819 darabbal<\/figcaption><\/figure>\n<figure id=\"attachment_30671\" aria-describedby=\"caption-attachment-30671\" style=\"width: 900px\" class=\"wp-caption aligncenter\"><img loading=\"lazy\" decoding=\"async\" class=\"wp-image-30671 size-full\" src=\"https:\/\/mouldking.store\/wp-content\/uploads\/2022\/03\/MOULD-KING-17035-Green-Electric-Mechanical-Crane-Ultimate-42009-3.jpg\" alt=\"Mould King 17035 RC Crane with 2819 pieces\" width=\"900\" height=\"897\" title=\"-\" srcset=\"https:\/\/mouldking.store\/wp-content\/uploads\/2022\/03\/MOULD-KING-17035-Green-Electric-Mechanical-Crane-Ultimate-42009-3.jpg 900w, https:\/\/mouldking.store\/wp-content\/uploads\/2022\/03\/MOULD-KING-17035-Green-Electric-Mechanical-Crane-Ultimate-42009-3-300x299.jpg 300w, https:\/\/mouldking.store\/wp-content\/uploads\/2022\/03\/MOULD-KING-17035-Green-Electric-Mechanical-Crane-Ultimate-42009-3-768x765.jpg 768w, https:\/\/mouldking.store\/wp-content\/uploads\/2022\/03\/MOULD-KING-17035-Green-Electric-Mechanical-Crane-Ultimate-42009-3-600x598.jpg 600w, https:\/\/mouldking.store\/wp-content\/uploads\/2022\/03\/MOULD-KING-17035-Green-Electric-Mechanical-Crane-Ultimate-42009-3-150x150.jpg 150w\" sizes=\"(max-width: 900px) 100vw, 900px\" \/><figcaption id=\"caption-attachment-30671\" class=\"wp-caption-text\">Mold King 17035 RC daru 2819 darabbal<\/figcaption><\/figure>","protected":false},"excerpt":{"rendered":"<p>Product information: Brand: Mould King Gender: Unisex Name: RC Crane Age Range: &gt; 14 years old Model Number: 17035 Classification: Assemblage Plastic Block Shape: Self-Locking Bricks Material: Plastic Plastic Type: ABS Bricks Blocks: 2819 PCS Contains detailed assembly instructions. Notice: 1. Without an original box, but we guarantee our products have quality assurance and nice [&hellip;]<\/p>","protected":false},"featured_media":30673,"comment_status":"closed","ping_status":"closed","template":"","meta":{"_acf_changed":false},"product_cat":[364],"product_tag":[5204,5205,615,5202,5201,5200,481,5203],"class_list":["product","first","outofstock","shipping-taxable","purchasable","product-type-simple"],"acf":[],"_links":{"self":[{"href":"https:\/\/mouldking.store\/hu\/wp-json\/wp\/v2\/product\/30668","targetHints":{"allow":["GET"]}}],"collection":[{"href":"https:\/\/mouldking.store\/hu\/wp-json\/wp\/v2\/product"}],"about":[{"href":"https:\/\/mouldking.store\/hu\/wp-json\/wp\/v2\/types\/product"}],"replies":[{"embeddable":true,"href":"https:\/\/mouldking.store\/hu\/wp-json\/wp\/v2\/comments?post=30668"}],"wp:featuredmedia":[{"embeddable":true,"href":"https:\/\/mouldking.store\/hu\/wp-json\/wp\/v2\/media\/30673"}],"wp:attachment":[{"href":"https:\/\/mouldking.store\/hu\/wp-json\/wp\/v2\/media?parent=30668"}],"wp:term":[{"taxonomy":"product_cat","embeddable":true,"href":"https:\/\/mouldking.store\/hu\/wp-json\/wp\/v2\/product_cat?post=30668"},{"taxonomy":"product_tag","embeddable":true,"href":"https:\/\/mouldking.store\/hu\/wp-json\/wp\/v2\/product_tag?post=30668"}],"curies":[{"name":"wp","href":"https:\/\/api.w.org\/{rel}","templated":true}]}}