{"id":30674,"date":"2022-03-08T15:27:34","date_gmt":"2022-03-08T08:27:34","guid":{"rendered":"https:\/\/mouldking.store\/?post_type=product&#038;p=30674"},"modified":"2023-05-17T14:41:57","modified_gmt":"2023-05-17T07:41:57","slug":"18k-k138-howls-moving-castle-with-1000-pieces","status":"publish","type":"product","link":"https:\/\/mouldking.store\/hu\/shop\/18k-k138-howls-moving-castle-with-1000-pieces\/","title":{"rendered":"18K K138 Howl&#039;s Moving Castle 1000 darabbal"},"content":{"rendered":"<p>Term\u00e9k inform\u00e1ci\u00f3:<\/p>\n<ol>\n<li>M\u00e1rka: 18K<\/li>\n<li>Nem: Uniszex<\/li>\n<li>N\u00e9v: Howl&#039;s Moving Castle<\/li>\n<li>Korhat\u00e1r: &gt; 7 \u00e9ves<\/li>\n<li>Modellsz\u00e1m: K138<\/li>\n<li>Besorol\u00e1s: \u00d6sszeszerel\u00e9s<\/li>\n<li>M\u0171anyag blokk forma: \u00f6nz\u00e1r\u00f3 t\u00e9gla<\/li>\n<li>Anyaga: M\u0171anyag<\/li>\n<li>M\u0171anyag t\u00edpus: ABS<\/li>\n<li>T\u00e9gla blokkok: 1000 DB<\/li>\n<li>R\u00e9szletes \u00f6sszeszerel\u00e9si \u00fatmutat\u00f3t tartalmaz.<\/li>\n<\/ol>\n<p>\u00c9rtes\u00edt\u00e9s:<br \/>\n1. Eredeti doboz n\u00e9lk\u00fcl, de garant\u00e1ljuk, hogy term\u00e9keink min\u0151s\u00e9gbiztos\u00edt\u00e1ssal \u00e9s sz\u00e9p csomagol\u00e1ssal rendelkeznek.<br \/>\n2. Mint minden alkatr\u00e9szt, amelyet a sz\u00e1ll\u00edt\u00e1s el\u0151tt ellen\u0151rizt\u00fcnk, ez\u00e9rt ha \u00fagy tal\u00e1lja, hogy n\u00e9h\u00e1ny alkatr\u00e9sz hi\u00e1nyzik vagy s\u00e9r\u00fclt, ne agg\u00f3djon, \u00e9s k\u00e9rj\u00fck, vegye fel vel\u00fcnk a kapcsolatot, \u00e9s azonnal ingyenesen elk\u00fcldj\u00fck \u00d6nnek.<\/p>\n<figure id=\"attachment_30681\" aria-describedby=\"caption-attachment-30681\" style=\"width: 684px\" class=\"wp-caption aligncenter\"><img fetchpriority=\"high\" decoding=\"async\" class=\"wp-image-30681 size-full\" src=\"https:\/\/mouldking.store\/wp-content\/uploads\/2022\/03\/18K-K138-Howls-Moving-Castle-7.jpg\" alt=\"18K K138 Howl&#039;s Moving Castle with 1000 pieces\" width=\"684\" height=\"1024\" title=\"-\" srcset=\"https:\/\/mouldking.store\/wp-content\/uploads\/2022\/03\/18K-K138-Howls-Moving-Castle-7.jpg 684w, https:\/\/mouldking.store\/wp-content\/uploads\/2022\/03\/18K-K138-Howls-Moving-Castle-7-200x300.jpg 200w, https:\/\/mouldking.store\/wp-content\/uploads\/2022\/03\/18K-K138-Howls-Moving-Castle-7-300x449.jpg 300w, https:\/\/mouldking.store\/wp-content\/uploads\/2022\/03\/18K-K138-Howls-Moving-Castle-7-600x898.jpg 600w, https:\/\/mouldking.store\/wp-content\/uploads\/2022\/03\/18K-K138-Howls-Moving-Castle-7-100x150.jpg 100w\" sizes=\"(max-width: 684px) 100vw, 684px\" \/><figcaption id=\"caption-attachment-30681\" class=\"wp-caption-text\">18K K138 Howl&#039;s Moving Castle 1000 darabbal<\/figcaption><\/figure>\n<figure id=\"attachment_30680\" aria-describedby=\"caption-attachment-30680\" style=\"width: 750px\" class=\"wp-caption aligncenter\"><img decoding=\"async\" class=\"wp-image-30680 size-full\" src=\"https:\/\/mouldking.store\/wp-content\/uploads\/2022\/03\/18K-K138-Howls-Moving-Castle-6.jpg\" alt=\"18K K138 Howl&#039;s Moving Castle with 1000 pieces\" width=\"750\" height=\"710\" title=\"-\" srcset=\"https:\/\/mouldking.store\/wp-content\/uploads\/2022\/03\/18K-K138-Howls-Moving-Castle-6.jpg 750w, https:\/\/mouldking.store\/wp-content\/uploads\/2022\/03\/18K-K138-Howls-Moving-Castle-6-300x284.jpg 300w, https:\/\/mouldking.store\/wp-content\/uploads\/2022\/03\/18K-K138-Howls-Moving-Castle-6-600x568.jpg 600w, https:\/\/mouldking.store\/wp-content\/uploads\/2022\/03\/18K-K138-Howls-Moving-Castle-6-150x142.jpg 150w\" sizes=\"(max-width: 750px) 100vw, 750px\" \/><figcaption id=\"caption-attachment-30680\" class=\"wp-caption-text\">18K K138 Howl&#039;s Moving Castle 1000 darabbal<\/figcaption><\/figure>\n<figure id=\"attachment_30679\" aria-describedby=\"caption-attachment-30679\" style=\"width: 750px\" class=\"wp-caption aligncenter\"><img decoding=\"async\" class=\"wp-image-30679 size-full\" src=\"https:\/\/mouldking.store\/wp-content\/uploads\/2022\/03\/18K-K138-Howls-Moving-Castle-5.jpg\" alt=\"18K K138 Howl&#039;s Moving Castle with 1000 pieces\" width=\"750\" height=\"656\" title=\"-\" srcset=\"https:\/\/mouldking.store\/wp-content\/uploads\/2022\/03\/18K-K138-Howls-Moving-Castle-5.jpg 750w, https:\/\/mouldking.store\/wp-content\/uploads\/2022\/03\/18K-K138-Howls-Moving-Castle-5-300x262.jpg 300w, https:\/\/mouldking.store\/wp-content\/uploads\/2022\/03\/18K-K138-Howls-Moving-Castle-5-600x525.jpg 600w, https:\/\/mouldking.store\/wp-content\/uploads\/2022\/03\/18K-K138-Howls-Moving-Castle-5-150x131.jpg 150w\" sizes=\"(max-width: 750px) 100vw, 750px\" \/><figcaption id=\"caption-attachment-30679\" class=\"wp-caption-text\">18K K138 Howl&#039;s Moving Castle 1000 darabbal<\/figcaption><\/figure>\n<figure id=\"attachment_30678\" aria-describedby=\"caption-attachment-30678\" style=\"width: 710px\" class=\"wp-caption aligncenter\"><img loading=\"lazy\" decoding=\"async\" class=\"wp-image-30678 size-full\" src=\"https:\/\/mouldking.store\/wp-content\/uploads\/2022\/03\/18K-K138-Howls-Moving-Castle-4.jpg\" alt=\"18K K138 Howl&#039;s Moving Castle with 1000 pieces\" width=\"710\" height=\"1024\" title=\"-\" srcset=\"https:\/\/mouldking.store\/wp-content\/uploads\/2022\/03\/18K-K138-Howls-Moving-Castle-4.jpg 710w, https:\/\/mouldking.store\/wp-content\/uploads\/2022\/03\/18K-K138-Howls-Moving-Castle-4-208x300.jpg 208w, https:\/\/mouldking.store\/wp-content\/uploads\/2022\/03\/18K-K138-Howls-Moving-Castle-4-300x433.jpg 300w, https:\/\/mouldking.store\/wp-content\/uploads\/2022\/03\/18K-K138-Howls-Moving-Castle-4-600x865.jpg 600w, https:\/\/mouldking.store\/wp-content\/uploads\/2022\/03\/18K-K138-Howls-Moving-Castle-4-104x150.jpg 104w\" sizes=\"(max-width: 710px) 100vw, 710px\" \/><figcaption id=\"caption-attachment-30678\" class=\"wp-caption-text\">18K K138 Howl&#039;s Moving Castle 1000 darabbal<\/figcaption><\/figure>\n<figure id=\"attachment_30677\" aria-describedby=\"caption-attachment-30677\" style=\"width: 750px\" class=\"wp-caption aligncenter\"><img loading=\"lazy\" decoding=\"async\" class=\"wp-image-30677 size-full\" src=\"https:\/\/mouldking.store\/wp-content\/uploads\/2022\/03\/18K-K138-Howls-Moving-Castle-3.jpg\" alt=\"18K K138 Howl&#039;s Moving Castle with 1000 pieces\" width=\"750\" height=\"872\" title=\"-\" srcset=\"https:\/\/mouldking.store\/wp-content\/uploads\/2022\/03\/18K-K138-Howls-Moving-Castle-3.jpg 750w, https:\/\/mouldking.store\/wp-content\/uploads\/2022\/03\/18K-K138-Howls-Moving-Castle-3-258x300.jpg 258w, https:\/\/mouldking.store\/wp-content\/uploads\/2022\/03\/18K-K138-Howls-Moving-Castle-3-300x349.jpg 300w, https:\/\/mouldking.store\/wp-content\/uploads\/2022\/03\/18K-K138-Howls-Moving-Castle-3-600x698.jpg 600w, https:\/\/mouldking.store\/wp-content\/uploads\/2022\/03\/18K-K138-Howls-Moving-Castle-3-129x150.jpg 129w\" sizes=\"(max-width: 750px) 100vw, 750px\" \/><figcaption id=\"caption-attachment-30677\" class=\"wp-caption-text\">18K K138 Howl&#039;s Moving Castle 1000 darabbal<\/figcaption><\/figure>\n<figure id=\"attachment_30676\" aria-describedby=\"caption-attachment-30676\" style=\"width: 750px\" class=\"wp-caption aligncenter\"><img loading=\"lazy\" decoding=\"async\" class=\"wp-image-30676 size-full\" src=\"https:\/\/mouldking.store\/wp-content\/uploads\/2022\/03\/18K-K138-Howls-Moving-Castle-2.jpg\" alt=\"18K K138 Howl&#039;s Moving Castle with 1000 pieces\" width=\"750\" height=\"473\" title=\"-\" srcset=\"https:\/\/mouldking.store\/wp-content\/uploads\/2022\/03\/18K-K138-Howls-Moving-Castle-2.jpg 750w, https:\/\/mouldking.store\/wp-content\/uploads\/2022\/03\/18K-K138-Howls-Moving-Castle-2-300x189.jpg 300w, https:\/\/mouldking.store\/wp-content\/uploads\/2022\/03\/18K-K138-Howls-Moving-Castle-2-600x378.jpg 600w, https:\/\/mouldking.store\/wp-content\/uploads\/2022\/03\/18K-K138-Howls-Moving-Castle-2-150x95.jpg 150w\" sizes=\"(max-width: 750px) 100vw, 750px\" \/><figcaption id=\"caption-attachment-30676\" class=\"wp-caption-text\">18K K138 Howl&#039;s Moving Castle 1000 darabbal<\/figcaption><\/figure>","protected":false},"excerpt":{"rendered":"<p>Product information: Brand: 18K Gender: Unisex Name: Howl&#8217;s Moving Castle Age Range: &gt; 7 years old Model Number: K138 Classification: Assemblage Plastic Block Shape: Self-Locking Bricks Material: Plastic Plastic Type: ABS Bricks Blocks: 1000 PCS Contains detailed assembly instructions. Notice: 1. Without an original box, but we guarantee our products have quality assurance and nice [&hellip;]<\/p>","protected":false},"featured_media":30675,"comment_status":"closed","ping_status":"closed","template":"","meta":{"_acf_changed":false},"product_cat":[581],"product_tag":[1770,5208,5207,5206,787,5211,5209,5210,5212],"class_list":["product","first","instock","shipping-taxable","purchasable","product-type-simple"],"acf":[],"_links":{"self":[{"href":"https:\/\/mouldking.store\/hu\/wp-json\/wp\/v2\/product\/30674","targetHints":{"allow":["GET"]}}],"collection":[{"href":"https:\/\/mouldking.store\/hu\/wp-json\/wp\/v2\/product"}],"about":[{"href":"https:\/\/mouldking.store\/hu\/wp-json\/wp\/v2\/types\/product"}],"replies":[{"embeddable":true,"href":"https:\/\/mouldking.store\/hu\/wp-json\/wp\/v2\/comments?post=30674"}],"wp:featuredmedia":[{"embeddable":true,"href":"https:\/\/mouldking.store\/hu\/wp-json\/wp\/v2\/media\/30675"}],"wp:attachment":[{"href":"https:\/\/mouldking.store\/hu\/wp-json\/wp\/v2\/media?parent=30674"}],"wp:term":[{"taxonomy":"product_cat","embeddable":true,"href":"https:\/\/mouldking.store\/hu\/wp-json\/wp\/v2\/product_cat?post=30674"},{"taxonomy":"product_tag","embeddable":true,"href":"https:\/\/mouldking.store\/hu\/wp-json\/wp\/v2\/product_tag?post=30674"}],"curies":[{"name":"wp","href":"https:\/\/api.w.org\/{rel}","templated":true}]}}