{"id":30758,"date":"2022-03-08T16:25:13","date_gmt":"2022-03-08T09:25:13","guid":{"rendered":"https:\/\/mouldking.store\/?post_type=product&#038;p=30758"},"modified":"2022-03-08T16:25:14","modified_gmt":"2022-03-08T09:25:14","slug":"mould-king-13048-rc-red-ferrari-488-with-2083-pieces","status":"publish","type":"product","link":"https:\/\/mouldking.store\/hu\/shop\/mould-king-13048-rc-red-ferrari-488-with-2083-pieces\/","title":{"rendered":"Mold King 13048 RC Red Ferrari 488 2083 darabbal"},"content":{"rendered":"<p>Term\u00e9k inform\u00e1ci\u00f3:<\/p>\n<ol>\n<li>M\u00e1rka: Mold King<\/li>\n<li>Nem: Uniszex<\/li>\n<li>Name: RC Red Ferrari 488<\/li>\n<li>Korhat\u00e1r: 14 \u00e9v felett<\/li>\n<li>Model Number: 13048<\/li>\n<li>Besorol\u00e1s: \u00d6sszeszerel\u00e9s<\/li>\n<li>M\u0171anyag blokk forma: \u00f6nz\u00e1r\u00f3 t\u00e9gla<\/li>\n<li>Anyaga: M\u0171anyag<\/li>\n<li>M\u0171anyag t\u00edpus: ABS<\/li>\n<li>Bricks Blocks: 2083 PCS<\/li>\n<li>R\u00e9szletes \u00f6sszeszerel\u00e9si \u00fatmutat\u00f3t tartalmaz.<\/li>\n<\/ol>\n<p>\u00c9rtes\u00edt\u00e9s:<br \/>\n1. Eredeti doboz n\u00e9lk\u00fcl, de garant\u00e1ljuk, hogy term\u00e9keink min\u0151s\u00e9gbiztos\u00edt\u00e1ssal \u00e9s sz\u00e9p csomagol\u00e1ssal rendelkeznek.<br \/>\n2. Mint minden alkatr\u00e9szt, amelyet a sz\u00e1ll\u00edt\u00e1s el\u0151tt ellen\u0151rizt\u00fcnk, ez\u00e9rt ha \u00fagy tal\u00e1lja, hogy n\u00e9h\u00e1ny alkatr\u00e9sz hi\u00e1nyzik vagy s\u00e9r\u00fclt, ne agg\u00f3djon, \u00e9s k\u00e9rj\u00fck, vegye fel vel\u00fcnk a kapcsolatot, \u00e9s azonnal ingyenesen elk\u00fcldj\u00fck \u00d6nnek.<\/p>\n<figure id=\"attachment_30759\" aria-describedby=\"caption-attachment-30759\" style=\"width: 800px\" class=\"wp-caption aligncenter\"><img fetchpriority=\"high\" decoding=\"async\" class=\"wp-image-30759 size-full\" src=\"https:\/\/mouldking.store\/wp-content\/uploads\/2022\/03\/Mould-King-13048-RC-Red-Ferrari-488-1.jpg\" alt=\"Mould King 13048 RC Red Ferrari 488 with 2083 pieces\" width=\"800\" height=\"800\" title=\"-\" srcset=\"https:\/\/mouldking.store\/wp-content\/uploads\/2022\/03\/Mould-King-13048-RC-Red-Ferrari-488-1.jpg 800w, https:\/\/mouldking.store\/wp-content\/uploads\/2022\/03\/Mould-King-13048-RC-Red-Ferrari-488-1-300x300.jpg 300w, https:\/\/mouldking.store\/wp-content\/uploads\/2022\/03\/Mould-King-13048-RC-Red-Ferrari-488-1-768x768.jpg 768w, https:\/\/mouldking.store\/wp-content\/uploads\/2022\/03\/Mould-King-13048-RC-Red-Ferrari-488-1-600x600.jpg 600w, https:\/\/mouldking.store\/wp-content\/uploads\/2022\/03\/Mould-King-13048-RC-Red-Ferrari-488-1-150x150.jpg 150w\" sizes=\"(max-width: 800px) 100vw, 800px\" \/><figcaption id=\"caption-attachment-30759\" class=\"wp-caption-text\">Mold King 13048 RC Red Ferrari 488 2083 darabbal<\/figcaption><\/figure>\n<figure id=\"attachment_30766\" aria-describedby=\"caption-attachment-30766\" style=\"width: 800px\" class=\"wp-caption aligncenter\"><img decoding=\"async\" class=\"wp-image-30766 size-full\" src=\"https:\/\/mouldking.store\/wp-content\/uploads\/2022\/03\/Mould-King-13048-RC-Red-Ferrari-488-6.jpg\" alt=\"Mould King 13048 RC Red Ferrari 488 with 2083 pieces\" width=\"800\" height=\"800\" title=\"-\" srcset=\"https:\/\/mouldking.store\/wp-content\/uploads\/2022\/03\/Mould-King-13048-RC-Red-Ferrari-488-6.jpg 800w, https:\/\/mouldking.store\/wp-content\/uploads\/2022\/03\/Mould-King-13048-RC-Red-Ferrari-488-6-300x300.jpg 300w, https:\/\/mouldking.store\/wp-content\/uploads\/2022\/03\/Mould-King-13048-RC-Red-Ferrari-488-6-768x768.jpg 768w, https:\/\/mouldking.store\/wp-content\/uploads\/2022\/03\/Mould-King-13048-RC-Red-Ferrari-488-6-600x600.jpg 600w, https:\/\/mouldking.store\/wp-content\/uploads\/2022\/03\/Mould-King-13048-RC-Red-Ferrari-488-6-150x150.jpg 150w\" sizes=\"(max-width: 800px) 100vw, 800px\" \/><figcaption id=\"caption-attachment-30766\" class=\"wp-caption-text\">Mold King 13048 RC Red Ferrari 488 2083 darabbal<\/figcaption><\/figure>\n<figure id=\"attachment_30763\" aria-describedby=\"caption-attachment-30763\" style=\"width: 790px\" class=\"wp-caption aligncenter\"><img decoding=\"async\" class=\"wp-image-30763 size-full\" src=\"https:\/\/mouldking.store\/wp-content\/uploads\/2022\/03\/Mould-King-13048-RC-Red-Ferrari-488-3.jpg\" alt=\"Mould King 13048 RC Red Ferrari 488 with 2083 pieces\" width=\"790\" height=\"773\" title=\"-\" srcset=\"https:\/\/mouldking.store\/wp-content\/uploads\/2022\/03\/Mould-King-13048-RC-Red-Ferrari-488-3.jpg 790w, https:\/\/mouldking.store\/wp-content\/uploads\/2022\/03\/Mould-King-13048-RC-Red-Ferrari-488-3-300x294.jpg 300w, https:\/\/mouldking.store\/wp-content\/uploads\/2022\/03\/Mould-King-13048-RC-Red-Ferrari-488-3-768x751.jpg 768w, https:\/\/mouldking.store\/wp-content\/uploads\/2022\/03\/Mould-King-13048-RC-Red-Ferrari-488-3-600x587.jpg 600w, https:\/\/mouldking.store\/wp-content\/uploads\/2022\/03\/Mould-King-13048-RC-Red-Ferrari-488-3-150x147.jpg 150w\" sizes=\"(max-width: 790px) 100vw, 790px\" \/><figcaption id=\"caption-attachment-30763\" class=\"wp-caption-text\">Mold King 13048 RC Red Ferrari 488 2083 darabbal<\/figcaption><\/figure>\n<figure id=\"attachment_30761\" aria-describedby=\"caption-attachment-30761\" style=\"width: 747px\" class=\"wp-caption aligncenter\"><img loading=\"lazy\" decoding=\"async\" class=\"wp-image-30761 size-full\" src=\"https:\/\/mouldking.store\/wp-content\/uploads\/2022\/03\/Mould-King-13048-RC-Red-Ferrari-488-1.png\" alt=\"Mould King 13048 RC Red Ferrari 488 with 2083 pieces\" width=\"747\" height=\"488\" title=\"-\" srcset=\"https:\/\/mouldking.store\/wp-content\/uploads\/2022\/03\/Mould-King-13048-RC-Red-Ferrari-488-1.png 747w, https:\/\/mouldking.store\/wp-content\/uploads\/2022\/03\/Mould-King-13048-RC-Red-Ferrari-488-1-300x196.png 300w, https:\/\/mouldking.store\/wp-content\/uploads\/2022\/03\/Mould-King-13048-RC-Red-Ferrari-488-1-600x392.png 600w, https:\/\/mouldking.store\/wp-content\/uploads\/2022\/03\/Mould-King-13048-RC-Red-Ferrari-488-1-150x98.png 150w\" sizes=\"(max-width: 747px) 100vw, 747px\" \/><figcaption id=\"caption-attachment-30761\" class=\"wp-caption-text\">Mold King 13048 RC Red Ferrari 488 2083 darabbal<\/figcaption><\/figure>\n<figure id=\"attachment_30762\" aria-describedby=\"caption-attachment-30762\" style=\"width: 751px\" class=\"wp-caption aligncenter\"><img loading=\"lazy\" decoding=\"async\" class=\"wp-image-30762 size-full\" src=\"https:\/\/mouldking.store\/wp-content\/uploads\/2022\/03\/Mould-King-13048-RC-Red-Ferrari-488-2.png\" alt=\"Mould King 13048 RC Red Ferrari 488 with 2083 pieces\" width=\"751\" height=\"426\" title=\"-\" srcset=\"https:\/\/mouldking.store\/wp-content\/uploads\/2022\/03\/Mould-King-13048-RC-Red-Ferrari-488-2.png 751w, https:\/\/mouldking.store\/wp-content\/uploads\/2022\/03\/Mould-King-13048-RC-Red-Ferrari-488-2-300x170.png 300w, https:\/\/mouldking.store\/wp-content\/uploads\/2022\/03\/Mould-King-13048-RC-Red-Ferrari-488-2-600x340.png 600w, https:\/\/mouldking.store\/wp-content\/uploads\/2022\/03\/Mould-King-13048-RC-Red-Ferrari-488-2-150x85.png 150w\" sizes=\"(max-width: 751px) 100vw, 751px\" \/><figcaption id=\"caption-attachment-30762\" class=\"wp-caption-text\">Mold King 13048 RC Red Ferrari 488 2083 darabbal<\/figcaption><\/figure>\n<figure id=\"attachment_30760\" aria-describedby=\"caption-attachment-30760\" style=\"width: 652px\" class=\"wp-caption aligncenter\"><img loading=\"lazy\" decoding=\"async\" class=\"wp-image-30760 size-full\" src=\"https:\/\/mouldking.store\/wp-content\/uploads\/2022\/03\/Mould-King-13048-RC-Red-Ferrari-488-2.jpg\" alt=\"Mould King 13048 RC Red Ferrari 488 with 2083 pieces\" width=\"652\" height=\"1024\" title=\"-\" srcset=\"https:\/\/mouldking.store\/wp-content\/uploads\/2022\/03\/Mould-King-13048-RC-Red-Ferrari-488-2.jpg 652w, https:\/\/mouldking.store\/wp-content\/uploads\/2022\/03\/Mould-King-13048-RC-Red-Ferrari-488-2-191x300.jpg 191w, https:\/\/mouldking.store\/wp-content\/uploads\/2022\/03\/Mould-King-13048-RC-Red-Ferrari-488-2-300x471.jpg 300w, https:\/\/mouldking.store\/wp-content\/uploads\/2022\/03\/Mould-King-13048-RC-Red-Ferrari-488-2-600x942.jpg 600w, https:\/\/mouldking.store\/wp-content\/uploads\/2022\/03\/Mould-King-13048-RC-Red-Ferrari-488-2-96x150.jpg 96w\" sizes=\"(max-width: 652px) 100vw, 652px\" \/><figcaption id=\"caption-attachment-30760\" class=\"wp-caption-text\">Mold King 13048 RC Red Ferrari 488 2083 darabbal<\/figcaption><\/figure>\n<figure id=\"attachment_30765\" aria-describedby=\"caption-attachment-30765\" style=\"width: 693px\" class=\"wp-caption aligncenter\"><img loading=\"lazy\" decoding=\"async\" class=\"wp-image-30765 size-full\" src=\"https:\/\/mouldking.store\/wp-content\/uploads\/2022\/03\/Mould-King-13048-RC-Red-Ferrari-488-5.jpg\" alt=\"Mould King 13048 RC Red Ferrari 488 with 2083 pieces\" width=\"693\" height=\"1024\" title=\"-\" srcset=\"https:\/\/mouldking.store\/wp-content\/uploads\/2022\/03\/Mould-King-13048-RC-Red-Ferrari-488-5.jpg 693w, https:\/\/mouldking.store\/wp-content\/uploads\/2022\/03\/Mould-King-13048-RC-Red-Ferrari-488-5-203x300.jpg 203w, https:\/\/mouldking.store\/wp-content\/uploads\/2022\/03\/Mould-King-13048-RC-Red-Ferrari-488-5-300x443.jpg 300w, https:\/\/mouldking.store\/wp-content\/uploads\/2022\/03\/Mould-King-13048-RC-Red-Ferrari-488-5-600x887.jpg 600w, https:\/\/mouldking.store\/wp-content\/uploads\/2022\/03\/Mould-King-13048-RC-Red-Ferrari-488-5-102x150.jpg 102w\" sizes=\"(max-width: 693px) 100vw, 693px\" \/><figcaption id=\"caption-attachment-30765\" class=\"wp-caption-text\">Mold King 13048 RC Red Ferrari 488 2083 darabbal<\/figcaption><\/figure>\n<figure id=\"attachment_30764\" aria-describedby=\"caption-attachment-30764\" style=\"width: 790px\" class=\"wp-caption aligncenter\"><img loading=\"lazy\" decoding=\"async\" class=\"wp-image-30764 size-full\" src=\"https:\/\/mouldking.store\/wp-content\/uploads\/2022\/03\/Mould-King-13048-RC-Red-Ferrari-488-4.jpg\" alt=\"Mould King 13048 RC Red Ferrari 488 with 2083 pieces\" width=\"790\" height=\"885\" title=\"-\" srcset=\"https:\/\/mouldking.store\/wp-content\/uploads\/2022\/03\/Mould-King-13048-RC-Red-Ferrari-488-4.jpg 790w, https:\/\/mouldking.store\/wp-content\/uploads\/2022\/03\/Mould-King-13048-RC-Red-Ferrari-488-4-268x300.jpg 268w, https:\/\/mouldking.store\/wp-content\/uploads\/2022\/03\/Mould-King-13048-RC-Red-Ferrari-488-4-768x860.jpg 768w, https:\/\/mouldking.store\/wp-content\/uploads\/2022\/03\/Mould-King-13048-RC-Red-Ferrari-488-4-300x336.jpg 300w, https:\/\/mouldking.store\/wp-content\/uploads\/2022\/03\/Mould-King-13048-RC-Red-Ferrari-488-4-600x672.jpg 600w, https:\/\/mouldking.store\/wp-content\/uploads\/2022\/03\/Mould-King-13048-RC-Red-Ferrari-488-4-134x150.jpg 134w\" sizes=\"(max-width: 790px) 100vw, 790px\" \/><figcaption id=\"caption-attachment-30764\" class=\"wp-caption-text\">Mold King 13048 RC Red Ferrari 488 2083 darabbal<\/figcaption><\/figure>","protected":false},"excerpt":{"rendered":"<p>Product information: Brand: Mould King Gender: Unisex Name: RC Red Ferrari 488 Age Range: &gt; 14 years old Model Number: 13048 Classification: Assemblage Plastic Block Shape: Self-Locking Bricks Material: Plastic Plastic Type: ABS Bricks Blocks: 2083 PCS Contains detailed assembly instructions. Notice: 1. Without an original box, but we guarantee our products have quality assurance [&hellip;]<\/p>","protected":false},"featured_media":30759,"comment_status":"closed","ping_status":"closed","template":"","meta":{"_acf_changed":false},"product_cat":[364],"product_tag":[5284,1585,1375,615,5282,5281,5280,481,5283,5285],"class_list":["product","first","instock","shipping-taxable","purchasable","product-type-simple"],"acf":[],"_links":{"self":[{"href":"https:\/\/mouldking.store\/hu\/wp-json\/wp\/v2\/product\/30758","targetHints":{"allow":["GET"]}}],"collection":[{"href":"https:\/\/mouldking.store\/hu\/wp-json\/wp\/v2\/product"}],"about":[{"href":"https:\/\/mouldking.store\/hu\/wp-json\/wp\/v2\/types\/product"}],"replies":[{"embeddable":true,"href":"https:\/\/mouldking.store\/hu\/wp-json\/wp\/v2\/comments?post=30758"}],"wp:featuredmedia":[{"embeddable":true,"href":"https:\/\/mouldking.store\/hu\/wp-json\/wp\/v2\/media\/30759"}],"wp:attachment":[{"href":"https:\/\/mouldking.store\/hu\/wp-json\/wp\/v2\/media?parent=30758"}],"wp:term":[{"taxonomy":"product_cat","embeddable":true,"href":"https:\/\/mouldking.store\/hu\/wp-json\/wp\/v2\/product_cat?post=30758"},{"taxonomy":"product_tag","embeddable":true,"href":"https:\/\/mouldking.store\/hu\/wp-json\/wp\/v2\/product_tag?post=30758"}],"curies":[{"name":"wp","href":"https:\/\/api.w.org\/{rel}","templated":true}]}}