{"id":30793,"date":"2022-03-08T16:51:49","date_gmt":"2022-03-08T09:51:49","guid":{"rendered":"https:\/\/mouldking.store\/?post_type=product&#038;p=30793"},"modified":"2022-03-08T16:51:49","modified_gmt":"2022-03-08T09:51:49","slug":"kazi-ky-10010-99a-tank-with-1411-pieces","status":"publish","type":"product","link":"https:\/\/mouldking.store\/hu\/shop\/kazi-ky-10010-99a-tank-with-1411-pieces\/","title":{"rendered":"KAZI KY 10010 99A Tart\u00e1ly 1411 darabbal"},"content":{"rendered":"<p>Term\u00e9k inform\u00e1ci\u00f3:<\/p>\n<ol>\n<li>M\u00e1rka: KAZI<\/li>\n<li>Nem: Uniszex<\/li>\n<li>Name: 99A Tank<\/li>\n<li>Koroszt\u00e1ly: &gt; 6 \u00e9v<\/li>\n<li>Model Number: KY 10010<\/li>\n<li>Besorol\u00e1s: \u00d6sszeszerel\u00e9s<\/li>\n<li>M\u0171anyag blokk forma: \u00f6nz\u00e1r\u00f3 t\u00e9gla<\/li>\n<li>Anyaga: M\u0171anyag<\/li>\n<li>M\u0171anyag t\u00edpus: ABS<\/li>\n<li>Bricks Blocks: 1411 PCS<\/li>\n<li>R\u00e9szletes \u00f6sszeszerel\u00e9si \u00fatmutat\u00f3t tartalmaz.<\/li>\n<\/ol>\n<p>\u00c9rtes\u00edt\u00e9s:<br \/>\n1. Eredeti doboz n\u00e9lk\u00fcl, de garant\u00e1ljuk, hogy term\u00e9keink min\u0151s\u00e9gbiztos\u00edt\u00e1ssal \u00e9s sz\u00e9p csomagol\u00e1ssal rendelkeznek.<br \/>\n2. Mint minden alkatr\u00e9szt, amelyet a sz\u00e1ll\u00edt\u00e1s el\u0151tt ellen\u0151rizt\u00fcnk, ez\u00e9rt ha \u00fagy tal\u00e1lja, hogy n\u00e9h\u00e1ny alkatr\u00e9sz hi\u00e1nyzik vagy s\u00e9r\u00fclt, ne agg\u00f3djon, \u00e9s k\u00e9rj\u00fck, vegye fel vel\u00fcnk a kapcsolatot, \u00e9s azonnal ingyenesen elk\u00fcldj\u00fck \u00d6nnek.<\/p>\n<figure id=\"attachment_30794\" aria-describedby=\"caption-attachment-30794\" style=\"width: 800px\" class=\"wp-caption aligncenter\"><img fetchpriority=\"high\" decoding=\"async\" class=\"wp-image-30794 size-full\" src=\"https:\/\/mouldking.store\/wp-content\/uploads\/2022\/03\/KAZI-KY-10010-99A-Tank-1.jpg\" alt=\"KAZI KY 10010 99A Tank with 1411 pieces\" width=\"800\" height=\"800\" title=\"-\" srcset=\"https:\/\/mouldking.store\/wp-content\/uploads\/2022\/03\/KAZI-KY-10010-99A-Tank-1.jpg 800w, https:\/\/mouldking.store\/wp-content\/uploads\/2022\/03\/KAZI-KY-10010-99A-Tank-1-300x300.jpg 300w, https:\/\/mouldking.store\/wp-content\/uploads\/2022\/03\/KAZI-KY-10010-99A-Tank-1-768x768.jpg 768w, https:\/\/mouldking.store\/wp-content\/uploads\/2022\/03\/KAZI-KY-10010-99A-Tank-1-600x600.jpg 600w, https:\/\/mouldking.store\/wp-content\/uploads\/2022\/03\/KAZI-KY-10010-99A-Tank-1-150x150.jpg 150w\" sizes=\"(max-width: 800px) 100vw, 800px\" \/><figcaption id=\"caption-attachment-30794\" class=\"wp-caption-text\">KAZI KY 10010 99A Tart\u00e1ly 1411 darabbal<\/figcaption><\/figure>\n<figure id=\"attachment_30806\" aria-describedby=\"caption-attachment-30806\" style=\"width: 800px\" class=\"wp-caption aligncenter\"><img decoding=\"async\" class=\"wp-image-30806 size-full\" src=\"https:\/\/mouldking.store\/wp-content\/uploads\/2022\/03\/KAZI-KY-10010-99A-Tank-13.jpg\" alt=\"KAZI KY 10010 99A Tank with 1411 pieces\" width=\"800\" height=\"800\" title=\"-\" srcset=\"https:\/\/mouldking.store\/wp-content\/uploads\/2022\/03\/KAZI-KY-10010-99A-Tank-13.jpg 800w, https:\/\/mouldking.store\/wp-content\/uploads\/2022\/03\/KAZI-KY-10010-99A-Tank-13-300x300.jpg 300w, https:\/\/mouldking.store\/wp-content\/uploads\/2022\/03\/KAZI-KY-10010-99A-Tank-13-768x768.jpg 768w, https:\/\/mouldking.store\/wp-content\/uploads\/2022\/03\/KAZI-KY-10010-99A-Tank-13-600x600.jpg 600w, https:\/\/mouldking.store\/wp-content\/uploads\/2022\/03\/KAZI-KY-10010-99A-Tank-13-150x150.jpg 150w\" sizes=\"(max-width: 800px) 100vw, 800px\" \/><figcaption id=\"caption-attachment-30806\" class=\"wp-caption-text\">KAZI KY 10010 99A Tart\u00e1ly 1411 darabbal<\/figcaption><\/figure>\n<figure id=\"attachment_30801\" aria-describedby=\"caption-attachment-30801\" style=\"width: 753px\" class=\"wp-caption aligncenter\"><img decoding=\"async\" class=\"wp-image-30801 size-full\" src=\"https:\/\/mouldking.store\/wp-content\/uploads\/2022\/03\/KAZI-KY-10010-99A-Tank-8.jpg\" alt=\"KAZI KY 10010 99A Tank with 1411 pieces\" width=\"753\" height=\"1024\" title=\"-\" srcset=\"https:\/\/mouldking.store\/wp-content\/uploads\/2022\/03\/KAZI-KY-10010-99A-Tank-8.jpg 753w, https:\/\/mouldking.store\/wp-content\/uploads\/2022\/03\/KAZI-KY-10010-99A-Tank-8-221x300.jpg 221w, https:\/\/mouldking.store\/wp-content\/uploads\/2022\/03\/KAZI-KY-10010-99A-Tank-8-300x408.jpg 300w, https:\/\/mouldking.store\/wp-content\/uploads\/2022\/03\/KAZI-KY-10010-99A-Tank-8-600x816.jpg 600w, https:\/\/mouldking.store\/wp-content\/uploads\/2022\/03\/KAZI-KY-10010-99A-Tank-8-110x150.jpg 110w\" sizes=\"(max-width: 753px) 100vw, 753px\" \/><figcaption id=\"caption-attachment-30801\" class=\"wp-caption-text\">KAZI KY 10010 99A Tart\u00e1ly 1411 darabbal<\/figcaption><\/figure>\n<figure id=\"attachment_30802\" aria-describedby=\"caption-attachment-30802\" style=\"width: 790px\" class=\"wp-caption aligncenter\"><img loading=\"lazy\" decoding=\"async\" class=\"wp-image-30802 size-full\" src=\"https:\/\/mouldking.store\/wp-content\/uploads\/2022\/03\/KAZI-KY-10010-99A-Tank-9.jpg\" alt=\"KAZI KY 10010 99A Tank with 1411 pieces\" width=\"790\" height=\"992\" title=\"-\" srcset=\"https:\/\/mouldking.store\/wp-content\/uploads\/2022\/03\/KAZI-KY-10010-99A-Tank-9.jpg 790w, https:\/\/mouldking.store\/wp-content\/uploads\/2022\/03\/KAZI-KY-10010-99A-Tank-9-239x300.jpg 239w, https:\/\/mouldking.store\/wp-content\/uploads\/2022\/03\/KAZI-KY-10010-99A-Tank-9-768x964.jpg 768w, https:\/\/mouldking.store\/wp-content\/uploads\/2022\/03\/KAZI-KY-10010-99A-Tank-9-300x377.jpg 300w, https:\/\/mouldking.store\/wp-content\/uploads\/2022\/03\/KAZI-KY-10010-99A-Tank-9-600x753.jpg 600w, https:\/\/mouldking.store\/wp-content\/uploads\/2022\/03\/KAZI-KY-10010-99A-Tank-9-119x150.jpg 119w\" sizes=\"(max-width: 790px) 100vw, 790px\" \/><figcaption id=\"caption-attachment-30802\" class=\"wp-caption-text\">KAZI KY 10010 99A Tart\u00e1ly 1411 darabbal<\/figcaption><\/figure>\n<figure id=\"attachment_30800\" aria-describedby=\"caption-attachment-30800\" style=\"width: 790px\" class=\"wp-caption aligncenter\"><img loading=\"lazy\" decoding=\"async\" class=\"wp-image-30800 size-full\" src=\"https:\/\/mouldking.store\/wp-content\/uploads\/2022\/03\/KAZI-KY-10010-99A-Tank-7.jpg\" alt=\"KAZI KY 10010 99A Tank with 1411 pieces\" width=\"790\" height=\"929\" title=\"-\" srcset=\"https:\/\/mouldking.store\/wp-content\/uploads\/2022\/03\/KAZI-KY-10010-99A-Tank-7.jpg 790w, https:\/\/mouldking.store\/wp-content\/uploads\/2022\/03\/KAZI-KY-10010-99A-Tank-7-255x300.jpg 255w, https:\/\/mouldking.store\/wp-content\/uploads\/2022\/03\/KAZI-KY-10010-99A-Tank-7-768x903.jpg 768w, https:\/\/mouldking.store\/wp-content\/uploads\/2022\/03\/KAZI-KY-10010-99A-Tank-7-300x353.jpg 300w, https:\/\/mouldking.store\/wp-content\/uploads\/2022\/03\/KAZI-KY-10010-99A-Tank-7-600x706.jpg 600w, https:\/\/mouldking.store\/wp-content\/uploads\/2022\/03\/KAZI-KY-10010-99A-Tank-7-128x150.jpg 128w\" sizes=\"(max-width: 790px) 100vw, 790px\" \/><figcaption id=\"caption-attachment-30800\" class=\"wp-caption-text\">KAZI KY 10010 99A Tart\u00e1ly 1411 darabbal<\/figcaption><\/figure>\n<figure id=\"attachment_30805\" aria-describedby=\"caption-attachment-30805\" style=\"width: 790px\" class=\"wp-caption aligncenter\"><img loading=\"lazy\" decoding=\"async\" class=\"wp-image-30805 size-full\" src=\"https:\/\/mouldking.store\/wp-content\/uploads\/2022\/03\/KAZI-KY-10010-99A-Tank-12.jpg\" alt=\"KAZI KY 10010 99A Tank with 1411 pieces\" width=\"790\" height=\"623\" title=\"-\" srcset=\"https:\/\/mouldking.store\/wp-content\/uploads\/2022\/03\/KAZI-KY-10010-99A-Tank-12.jpg 790w, https:\/\/mouldking.store\/wp-content\/uploads\/2022\/03\/KAZI-KY-10010-99A-Tank-12-300x237.jpg 300w, https:\/\/mouldking.store\/wp-content\/uploads\/2022\/03\/KAZI-KY-10010-99A-Tank-12-768x606.jpg 768w, https:\/\/mouldking.store\/wp-content\/uploads\/2022\/03\/KAZI-KY-10010-99A-Tank-12-600x473.jpg 600w, https:\/\/mouldking.store\/wp-content\/uploads\/2022\/03\/KAZI-KY-10010-99A-Tank-12-150x118.jpg 150w\" sizes=\"(max-width: 790px) 100vw, 790px\" \/><figcaption id=\"caption-attachment-30805\" class=\"wp-caption-text\">KAZI KY 10010 99A Tart\u00e1ly 1411 darabbal<\/figcaption><\/figure>\n<figure id=\"attachment_30804\" aria-describedby=\"caption-attachment-30804\" style=\"width: 790px\" class=\"wp-caption aligncenter\"><img loading=\"lazy\" decoding=\"async\" class=\"wp-image-30804 size-full\" src=\"https:\/\/mouldking.store\/wp-content\/uploads\/2022\/03\/KAZI-KY-10010-99A-Tank-11.jpg\" alt=\"KAZI KY 10010 99A Tank with 1411 pieces\" width=\"790\" height=\"483\" title=\"-\" srcset=\"https:\/\/mouldking.store\/wp-content\/uploads\/2022\/03\/KAZI-KY-10010-99A-Tank-11.jpg 790w, https:\/\/mouldking.store\/wp-content\/uploads\/2022\/03\/KAZI-KY-10010-99A-Tank-11-300x183.jpg 300w, https:\/\/mouldking.store\/wp-content\/uploads\/2022\/03\/KAZI-KY-10010-99A-Tank-11-768x470.jpg 768w, https:\/\/mouldking.store\/wp-content\/uploads\/2022\/03\/KAZI-KY-10010-99A-Tank-11-600x367.jpg 600w, https:\/\/mouldking.store\/wp-content\/uploads\/2022\/03\/KAZI-KY-10010-99A-Tank-11-150x92.jpg 150w\" sizes=\"(max-width: 790px) 100vw, 790px\" \/><figcaption id=\"caption-attachment-30804\" class=\"wp-caption-text\">KAZI KY 10010 99A Tart\u00e1ly 1411 darabbal<\/figcaption><\/figure>\n<figure id=\"attachment_30803\" aria-describedby=\"caption-attachment-30803\" style=\"width: 790px\" class=\"wp-caption aligncenter\"><img loading=\"lazy\" decoding=\"async\" class=\"wp-image-30803 size-full\" src=\"https:\/\/mouldking.store\/wp-content\/uploads\/2022\/03\/KAZI-KY-10010-99A-Tank-10.jpg\" alt=\"KAZI KY 10010 99A Tank with 1411 pieces\" width=\"790\" height=\"657\" title=\"-\" srcset=\"https:\/\/mouldking.store\/wp-content\/uploads\/2022\/03\/KAZI-KY-10010-99A-Tank-10.jpg 790w, https:\/\/mouldking.store\/wp-content\/uploads\/2022\/03\/KAZI-KY-10010-99A-Tank-10-300x249.jpg 300w, https:\/\/mouldking.store\/wp-content\/uploads\/2022\/03\/KAZI-KY-10010-99A-Tank-10-768x639.jpg 768w, https:\/\/mouldking.store\/wp-content\/uploads\/2022\/03\/KAZI-KY-10010-99A-Tank-10-600x499.jpg 600w, https:\/\/mouldking.store\/wp-content\/uploads\/2022\/03\/KAZI-KY-10010-99A-Tank-10-150x125.jpg 150w\" sizes=\"(max-width: 790px) 100vw, 790px\" \/><figcaption id=\"caption-attachment-30803\" class=\"wp-caption-text\">KAZI KY 10010 99A Tart\u00e1ly 1411 darabbal<\/figcaption><\/figure>\n<figure id=\"attachment_30796\" aria-describedby=\"caption-attachment-30796\" style=\"width: 800px\" class=\"wp-caption aligncenter\"><img loading=\"lazy\" decoding=\"async\" class=\"wp-image-30796 size-full\" src=\"https:\/\/mouldking.store\/wp-content\/uploads\/2022\/03\/KAZI-KY-10010-99A-Tank-3.jpg\" alt=\"KAZI KY 10010 99A Tank with 1411 pieces\" width=\"800\" height=\"800\" title=\"-\" srcset=\"https:\/\/mouldking.store\/wp-content\/uploads\/2022\/03\/KAZI-KY-10010-99A-Tank-3.jpg 800w, https:\/\/mouldking.store\/wp-content\/uploads\/2022\/03\/KAZI-KY-10010-99A-Tank-3-300x300.jpg 300w, https:\/\/mouldking.store\/wp-content\/uploads\/2022\/03\/KAZI-KY-10010-99A-Tank-3-768x768.jpg 768w, https:\/\/mouldking.store\/wp-content\/uploads\/2022\/03\/KAZI-KY-10010-99A-Tank-3-600x600.jpg 600w, https:\/\/mouldking.store\/wp-content\/uploads\/2022\/03\/KAZI-KY-10010-99A-Tank-3-150x150.jpg 150w\" sizes=\"(max-width: 800px) 100vw, 800px\" \/><figcaption id=\"caption-attachment-30796\" class=\"wp-caption-text\">KAZI KY 10010 99A Tart\u00e1ly 1411 darabbal<\/figcaption><\/figure>\n<figure id=\"attachment_30795\" aria-describedby=\"caption-attachment-30795\" style=\"width: 800px\" class=\"wp-caption aligncenter\"><img loading=\"lazy\" decoding=\"async\" class=\"wp-image-30795 size-full\" src=\"https:\/\/mouldking.store\/wp-content\/uploads\/2022\/03\/KAZI-KY-10010-99A-Tank-2.jpg\" alt=\"KAZI KY 10010 99A Tank with 1411 pieces\" width=\"800\" height=\"800\" title=\"-\" srcset=\"https:\/\/mouldking.store\/wp-content\/uploads\/2022\/03\/KAZI-KY-10010-99A-Tank-2.jpg 800w, https:\/\/mouldking.store\/wp-content\/uploads\/2022\/03\/KAZI-KY-10010-99A-Tank-2-300x300.jpg 300w, https:\/\/mouldking.store\/wp-content\/uploads\/2022\/03\/KAZI-KY-10010-99A-Tank-2-768x768.jpg 768w, https:\/\/mouldking.store\/wp-content\/uploads\/2022\/03\/KAZI-KY-10010-99A-Tank-2-600x600.jpg 600w, https:\/\/mouldking.store\/wp-content\/uploads\/2022\/03\/KAZI-KY-10010-99A-Tank-2-150x150.jpg 150w\" sizes=\"(max-width: 800px) 100vw, 800px\" \/><figcaption id=\"caption-attachment-30795\" class=\"wp-caption-text\">KAZI KY 10010 99A Tart\u00e1ly 1411 darabbal<\/figcaption><\/figure>\n<figure id=\"attachment_30799\" aria-describedby=\"caption-attachment-30799\" style=\"width: 790px\" class=\"wp-caption aligncenter\"><img loading=\"lazy\" decoding=\"async\" class=\"wp-image-30799 size-full\" src=\"https:\/\/mouldking.store\/wp-content\/uploads\/2022\/03\/KAZI-KY-10010-99A-Tank-6.jpg\" alt=\"KAZI KY 10010 99A Tank with 1411 pieces\" width=\"790\" height=\"694\" title=\"-\" srcset=\"https:\/\/mouldking.store\/wp-content\/uploads\/2022\/03\/KAZI-KY-10010-99A-Tank-6.jpg 790w, https:\/\/mouldking.store\/wp-content\/uploads\/2022\/03\/KAZI-KY-10010-99A-Tank-6-300x264.jpg 300w, https:\/\/mouldking.store\/wp-content\/uploads\/2022\/03\/KAZI-KY-10010-99A-Tank-6-768x675.jpg 768w, https:\/\/mouldking.store\/wp-content\/uploads\/2022\/03\/KAZI-KY-10010-99A-Tank-6-600x527.jpg 600w, https:\/\/mouldking.store\/wp-content\/uploads\/2022\/03\/KAZI-KY-10010-99A-Tank-6-150x132.jpg 150w\" sizes=\"(max-width: 790px) 100vw, 790px\" \/><figcaption id=\"caption-attachment-30799\" class=\"wp-caption-text\">KAZI KY 10010 99A Tart\u00e1ly 1411 darabbal<\/figcaption><\/figure>\n<figure id=\"attachment_30798\" aria-describedby=\"caption-attachment-30798\" style=\"width: 477px\" class=\"wp-caption aligncenter\"><img loading=\"lazy\" decoding=\"async\" class=\"wp-image-30798 size-full\" src=\"https:\/\/mouldking.store\/wp-content\/uploads\/2022\/03\/KAZI-KY-10010-99A-Tank-5.jpg\" alt=\"KAZI KY 10010 99A Tank with 1411 pieces\" width=\"477\" height=\"1024\" title=\"-\" srcset=\"https:\/\/mouldking.store\/wp-content\/uploads\/2022\/03\/KAZI-KY-10010-99A-Tank-5.jpg 477w, https:\/\/mouldking.store\/wp-content\/uploads\/2022\/03\/KAZI-KY-10010-99A-Tank-5-140x300.jpg 140w, https:\/\/mouldking.store\/wp-content\/uploads\/2022\/03\/KAZI-KY-10010-99A-Tank-5-300x644.jpg 300w, https:\/\/mouldking.store\/wp-content\/uploads\/2022\/03\/KAZI-KY-10010-99A-Tank-5-70x150.jpg 70w\" sizes=\"(max-width: 477px) 100vw, 477px\" \/><figcaption id=\"caption-attachment-30798\" class=\"wp-caption-text\">KAZI KY 10010 99A Tart\u00e1ly 1411 darabbal<\/figcaption><\/figure>\n<figure id=\"attachment_30797\" aria-describedby=\"caption-attachment-30797\" style=\"width: 790px\" class=\"wp-caption aligncenter\"><img loading=\"lazy\" decoding=\"async\" class=\"wp-image-30797 size-full\" src=\"https:\/\/mouldking.store\/wp-content\/uploads\/2022\/03\/KAZI-KY-10010-99A-Tank-4.jpg\" alt=\"KAZI KY 10010 99A Tank with 1411 pieces\" width=\"790\" height=\"812\" title=\"-\" srcset=\"https:\/\/mouldking.store\/wp-content\/uploads\/2022\/03\/KAZI-KY-10010-99A-Tank-4.jpg 790w, https:\/\/mouldking.store\/wp-content\/uploads\/2022\/03\/KAZI-KY-10010-99A-Tank-4-292x300.jpg 292w, https:\/\/mouldking.store\/wp-content\/uploads\/2022\/03\/KAZI-KY-10010-99A-Tank-4-768x789.jpg 768w, https:\/\/mouldking.store\/wp-content\/uploads\/2022\/03\/KAZI-KY-10010-99A-Tank-4-300x308.jpg 300w, https:\/\/mouldking.store\/wp-content\/uploads\/2022\/03\/KAZI-KY-10010-99A-Tank-4-600x617.jpg 600w, https:\/\/mouldking.store\/wp-content\/uploads\/2022\/03\/KAZI-KY-10010-99A-Tank-4-146x150.jpg 146w\" sizes=\"(max-width: 790px) 100vw, 790px\" \/><figcaption id=\"caption-attachment-30797\" class=\"wp-caption-text\">KAZI KY 10010 99A Tart\u00e1ly 1411 darabbal<\/figcaption><\/figure>","protected":false},"excerpt":{"rendered":"<p>Product information: Brand: KAZI Gender: Unisex Name: 99A Tank Age Range: &gt; 6 years old Model Number: KY 10010 Classification: Assemblage Plastic Block Shape: Self-Locking Bricks Material: Plastic Plastic Type: ABS Bricks Blocks: 1411 PCS Contains detailed assembly instructions. Notice: 1. Without an original box, but we guarantee our products have quality assurance and nice [&hellip;]<\/p>","protected":false},"featured_media":30794,"comment_status":"closed","ping_status":"closed","template":"","meta":{"_acf_changed":false},"product_cat":[372],"product_tag":[2794,2792,2536,5301,5300,5299,5302,485],"class_list":["product","first","instock","shipping-taxable","purchasable","product-type-simple"],"acf":[],"_links":{"self":[{"href":"https:\/\/mouldking.store\/hu\/wp-json\/wp\/v2\/product\/30793","targetHints":{"allow":["GET"]}}],"collection":[{"href":"https:\/\/mouldking.store\/hu\/wp-json\/wp\/v2\/product"}],"about":[{"href":"https:\/\/mouldking.store\/hu\/wp-json\/wp\/v2\/types\/product"}],"replies":[{"embeddable":true,"href":"https:\/\/mouldking.store\/hu\/wp-json\/wp\/v2\/comments?post=30793"}],"wp:featuredmedia":[{"embeddable":true,"href":"https:\/\/mouldking.store\/hu\/wp-json\/wp\/v2\/media\/30794"}],"wp:attachment":[{"href":"https:\/\/mouldking.store\/hu\/wp-json\/wp\/v2\/media?parent=30793"}],"wp:term":[{"taxonomy":"product_cat","embeddable":true,"href":"https:\/\/mouldking.store\/hu\/wp-json\/wp\/v2\/product_cat?post=30793"},{"taxonomy":"product_tag","embeddable":true,"href":"https:\/\/mouldking.store\/hu\/wp-json\/wp\/v2\/product_tag?post=30793"}],"curies":[{"name":"wp","href":"https:\/\/api.w.org\/{rel}","templated":true}]}}