{"id":31415,"date":"2022-05-27T12:36:36","date_gmt":"2022-05-27T05:36:36","guid":{"rendered":"https:\/\/mouldking.store\/?post_type=product&#038;p=31415"},"modified":"2022-05-27T12:36:37","modified_gmt":"2022-05-27T05:36:37","slug":"qman-k20612-crayon-shin-chans-home-with-2465-pieces","status":"publish","type":"product","link":"https:\/\/mouldking.store\/hu\/shop\/qman-k20612-crayon-shin-chans-home-with-2465-pieces\/","title":{"rendered":"Qman K20612 Crayon Shin-Chan otthona 2465 darabbal"},"content":{"rendered":"<p>Term\u00e9k inform\u00e1ci\u00f3:<\/p>\n<ol>\n<li>M\u00e1rka: Qman<\/li>\n<li>Nem: Uniszex<\/li>\n<li>N\u00e9v: Crayon Shin-Chan otthona<\/li>\n<li>Koroszt\u00e1ly: &gt; 6 \u00e9v<\/li>\n<li>Modellsz\u00e1m: K20612<\/li>\n<li>Besorol\u00e1s: \u00d6sszeszerel\u00e9s<\/li>\n<li>M\u0171anyag blokk forma: \u00f6nz\u00e1r\u00f3 t\u00e9gla<\/li>\n<li>Anyaga: M\u0171anyag<\/li>\n<li>M\u0171anyag t\u00edpus: ABS<\/li>\n<li>T\u00e9gla blokkok: 2465 DB<\/li>\n<li>R\u00e9szletes \u00f6sszeszerel\u00e9si \u00fatmutat\u00f3t tartalmaz.<\/li>\n<\/ol>\n<p>\u00c9rtes\u00edt\u00e9s:<br \/>\n1. Eredeti doboz n\u00e9lk\u00fcl, de garant\u00e1ljuk, hogy term\u00e9keink min\u0151s\u00e9gbiztos\u00edt\u00e1ssal \u00e9s sz\u00e9p csomagol\u00e1ssal rendelkeznek.<br \/>\n2. Mint minden alkatr\u00e9szt, amelyet a sz\u00e1ll\u00edt\u00e1s el\u0151tt ellen\u0151rizt\u00fcnk, ez\u00e9rt ha \u00fagy tal\u00e1lja, hogy n\u00e9h\u00e1ny alkatr\u00e9sz hi\u00e1nyzik vagy s\u00e9r\u00fclt, ne agg\u00f3djon, \u00e9s k\u00e9rj\u00fck, vegye fel vel\u00fcnk a kapcsolatot, \u00e9s azonnal ingyenesen elk\u00fcldj\u00fck \u00d6nnek.<\/p>\n<p>&nbsp;<\/p>\n<figure id=\"attachment_31427\" aria-describedby=\"caption-attachment-31427\" style=\"width: 900px\" class=\"wp-caption aligncenter\"><img fetchpriority=\"high\" decoding=\"async\" class=\"wp-image-31427 size-full\" src=\"https:\/\/mouldking.store\/wp-content\/uploads\/2022\/05\/Qman-K20612-Crayon-Shin-Chans-Home-1.jpg\" alt=\"Qman K20612 Crayon Shin-Chan&#039;s Home with 2465 pieces\" width=\"900\" height=\"871\" title=\"-\" srcset=\"https:\/\/mouldking.store\/wp-content\/uploads\/2022\/05\/Qman-K20612-Crayon-Shin-Chans-Home-1.jpg 900w, https:\/\/mouldking.store\/wp-content\/uploads\/2022\/05\/Qman-K20612-Crayon-Shin-Chans-Home-1-300x290.jpg 300w, https:\/\/mouldking.store\/wp-content\/uploads\/2022\/05\/Qman-K20612-Crayon-Shin-Chans-Home-1-768x743.jpg 768w, https:\/\/mouldking.store\/wp-content\/uploads\/2022\/05\/Qman-K20612-Crayon-Shin-Chans-Home-1-600x581.jpg 600w, https:\/\/mouldking.store\/wp-content\/uploads\/2022\/05\/Qman-K20612-Crayon-Shin-Chans-Home-1-150x145.jpg 150w\" sizes=\"(max-width: 900px) 100vw, 900px\" \/><figcaption id=\"caption-attachment-31427\" class=\"wp-caption-text\">Qman K20612 Crayon Shin-Chan otthona 2465 darabbal<\/figcaption><\/figure>\n<figure id=\"attachment_31417\" aria-describedby=\"caption-attachment-31417\" style=\"width: 659px\" class=\"wp-caption aligncenter\"><img decoding=\"async\" class=\"wp-image-31417 size-full\" src=\"https:\/\/mouldking.store\/wp-content\/uploads\/2022\/05\/Qman-K20612-Crayon-Shin-Chans-Home-2.jpg\" alt=\"Qman K20612 Crayon Shin-Chan&#039;s Home with 2465 pieces\" width=\"659\" height=\"853\" title=\"-\" srcset=\"https:\/\/mouldking.store\/wp-content\/uploads\/2022\/05\/Qman-K20612-Crayon-Shin-Chans-Home-2.jpg 659w, https:\/\/mouldking.store\/wp-content\/uploads\/2022\/05\/Qman-K20612-Crayon-Shin-Chans-Home-2-232x300.jpg 232w, https:\/\/mouldking.store\/wp-content\/uploads\/2022\/05\/Qman-K20612-Crayon-Shin-Chans-Home-2-300x388.jpg 300w, https:\/\/mouldking.store\/wp-content\/uploads\/2022\/05\/Qman-K20612-Crayon-Shin-Chans-Home-2-600x777.jpg 600w, https:\/\/mouldking.store\/wp-content\/uploads\/2022\/05\/Qman-K20612-Crayon-Shin-Chans-Home-2-116x150.jpg 116w\" sizes=\"(max-width: 659px) 100vw, 659px\" \/><figcaption id=\"caption-attachment-31417\" class=\"wp-caption-text\">Qman K20612 Crayon Shin-Chan otthona 2465 darabbal<\/figcaption><\/figure>\n<figure id=\"attachment_31425\" aria-describedby=\"caption-attachment-31425\" style=\"width: 650px\" class=\"wp-caption aligncenter\"><img decoding=\"async\" class=\"wp-image-31425 size-full\" src=\"https:\/\/mouldking.store\/wp-content\/uploads\/2022\/05\/Qman-K20612-Crayon-Shin-Chans-Home-10.jpg\" alt=\"Qman K20612 Crayon Shin-Chan&#039;s Home with 2465 pieces\" width=\"650\" height=\"868\" title=\"-\" srcset=\"https:\/\/mouldking.store\/wp-content\/uploads\/2022\/05\/Qman-K20612-Crayon-Shin-Chans-Home-10.jpg 650w, https:\/\/mouldking.store\/wp-content\/uploads\/2022\/05\/Qman-K20612-Crayon-Shin-Chans-Home-10-225x300.jpg 225w, https:\/\/mouldking.store\/wp-content\/uploads\/2022\/05\/Qman-K20612-Crayon-Shin-Chans-Home-10-300x401.jpg 300w, https:\/\/mouldking.store\/wp-content\/uploads\/2022\/05\/Qman-K20612-Crayon-Shin-Chans-Home-10-600x801.jpg 600w, https:\/\/mouldking.store\/wp-content\/uploads\/2022\/05\/Qman-K20612-Crayon-Shin-Chans-Home-10-112x150.jpg 112w\" sizes=\"(max-width: 650px) 100vw, 650px\" \/><figcaption id=\"caption-attachment-31425\" class=\"wp-caption-text\">Qman K20612 Crayon Shin-Chan otthona 2465 darabbal<\/figcaption><\/figure>\n<figure id=\"attachment_31426\" aria-describedby=\"caption-attachment-31426\" style=\"width: 629px\" class=\"wp-caption aligncenter\"><img loading=\"lazy\" decoding=\"async\" class=\"wp-image-31426 size-full\" src=\"https:\/\/mouldking.store\/wp-content\/uploads\/2022\/05\/Qman-K20612-Crayon-Shin-Chans-Home-11.jpg\" alt=\"Qman K20612 Crayon Shin-Chan&#039;s Home with 2465 pieces\" width=\"629\" height=\"863\" title=\"-\" srcset=\"https:\/\/mouldking.store\/wp-content\/uploads\/2022\/05\/Qman-K20612-Crayon-Shin-Chans-Home-11.jpg 629w, https:\/\/mouldking.store\/wp-content\/uploads\/2022\/05\/Qman-K20612-Crayon-Shin-Chans-Home-11-219x300.jpg 219w, https:\/\/mouldking.store\/wp-content\/uploads\/2022\/05\/Qman-K20612-Crayon-Shin-Chans-Home-11-300x412.jpg 300w, https:\/\/mouldking.store\/wp-content\/uploads\/2022\/05\/Qman-K20612-Crayon-Shin-Chans-Home-11-600x823.jpg 600w, https:\/\/mouldking.store\/wp-content\/uploads\/2022\/05\/Qman-K20612-Crayon-Shin-Chans-Home-11-109x150.jpg 109w\" sizes=\"(max-width: 629px) 100vw, 629px\" \/><figcaption id=\"caption-attachment-31426\" class=\"wp-caption-text\">Qman K20612 Crayon Shin-Chan otthona 2465 darabbal<\/figcaption><\/figure>\n<figure id=\"attachment_31423\" aria-describedby=\"caption-attachment-31423\" style=\"width: 712px\" class=\"wp-caption aligncenter\"><img loading=\"lazy\" decoding=\"async\" class=\"wp-image-31423 size-full\" src=\"https:\/\/mouldking.store\/wp-content\/uploads\/2022\/05\/Qman-K20612-Crayon-Shin-Chans-Home-8.jpg\" alt=\"Qman K20612 Crayon Shin-Chan&#039;s Home with 2465 pieces\" width=\"712\" height=\"852\" title=\"-\" srcset=\"https:\/\/mouldking.store\/wp-content\/uploads\/2022\/05\/Qman-K20612-Crayon-Shin-Chans-Home-8.jpg 712w, https:\/\/mouldking.store\/wp-content\/uploads\/2022\/05\/Qman-K20612-Crayon-Shin-Chans-Home-8-251x300.jpg 251w, https:\/\/mouldking.store\/wp-content\/uploads\/2022\/05\/Qman-K20612-Crayon-Shin-Chans-Home-8-300x359.jpg 300w, https:\/\/mouldking.store\/wp-content\/uploads\/2022\/05\/Qman-K20612-Crayon-Shin-Chans-Home-8-600x718.jpg 600w, https:\/\/mouldking.store\/wp-content\/uploads\/2022\/05\/Qman-K20612-Crayon-Shin-Chans-Home-8-125x150.jpg 125w\" sizes=\"(max-width: 712px) 100vw, 712px\" \/><figcaption id=\"caption-attachment-31423\" class=\"wp-caption-text\">Qman K20612 Crayon Shin-Chan otthona 2465 darabbal<\/figcaption><\/figure>\n<figure id=\"attachment_31421\" aria-describedby=\"caption-attachment-31421\" style=\"width: 465px\" class=\"wp-caption aligncenter\"><img loading=\"lazy\" decoding=\"async\" class=\"wp-image-31421 size-full\" src=\"https:\/\/mouldking.store\/wp-content\/uploads\/2022\/05\/Qman-K20612-Crayon-Shin-Chans-Home-6.jpg\" alt=\"Qman K20612 Crayon Shin-Chan&#039;s Home with 2465 pieces\" width=\"465\" height=\"889\" title=\"-\" srcset=\"https:\/\/mouldking.store\/wp-content\/uploads\/2022\/05\/Qman-K20612-Crayon-Shin-Chans-Home-6.jpg 465w, https:\/\/mouldking.store\/wp-content\/uploads\/2022\/05\/Qman-K20612-Crayon-Shin-Chans-Home-6-157x300.jpg 157w, https:\/\/mouldking.store\/wp-content\/uploads\/2022\/05\/Qman-K20612-Crayon-Shin-Chans-Home-6-300x574.jpg 300w, https:\/\/mouldking.store\/wp-content\/uploads\/2022\/05\/Qman-K20612-Crayon-Shin-Chans-Home-6-78x150.jpg 78w\" sizes=\"(max-width: 465px) 100vw, 465px\" \/><figcaption id=\"caption-attachment-31421\" class=\"wp-caption-text\">Qman K20612 Crayon Shin-Chan otthona 2465 darabbal<\/figcaption><\/figure>\n<figure id=\"attachment_31420\" aria-describedby=\"caption-attachment-31420\" style=\"width: 619px\" class=\"wp-caption aligncenter\"><img loading=\"lazy\" decoding=\"async\" class=\"wp-image-31420 size-full\" src=\"https:\/\/mouldking.store\/wp-content\/uploads\/2022\/05\/Qman-K20612-Crayon-Shin-Chans-Home-5.jpg\" alt=\"Qman K20612 Crayon Shin-Chan&#039;s Home with 2465 pieces\" width=\"619\" height=\"870\" title=\"-\" srcset=\"https:\/\/mouldking.store\/wp-content\/uploads\/2022\/05\/Qman-K20612-Crayon-Shin-Chans-Home-5.jpg 619w, https:\/\/mouldking.store\/wp-content\/uploads\/2022\/05\/Qman-K20612-Crayon-Shin-Chans-Home-5-213x300.jpg 213w, https:\/\/mouldking.store\/wp-content\/uploads\/2022\/05\/Qman-K20612-Crayon-Shin-Chans-Home-5-300x422.jpg 300w, https:\/\/mouldking.store\/wp-content\/uploads\/2022\/05\/Qman-K20612-Crayon-Shin-Chans-Home-5-600x843.jpg 600w, https:\/\/mouldking.store\/wp-content\/uploads\/2022\/05\/Qman-K20612-Crayon-Shin-Chans-Home-5-107x150.jpg 107w\" sizes=\"(max-width: 619px) 100vw, 619px\" \/><figcaption id=\"caption-attachment-31420\" class=\"wp-caption-text\">Qman K20612 Crayon Shin-Chan otthona 2465 darabbal<\/figcaption><\/figure>\n<figure id=\"attachment_31419\" aria-describedby=\"caption-attachment-31419\" style=\"width: 646px\" class=\"wp-caption aligncenter\"><img loading=\"lazy\" decoding=\"async\" class=\"wp-image-31419 size-full\" src=\"https:\/\/mouldking.store\/wp-content\/uploads\/2022\/05\/Qman-K20612-Crayon-Shin-Chans-Home-4.jpg\" alt=\"Qman K20612 Crayon Shin-Chan&#039;s Home with 2465 pieces\" width=\"646\" height=\"888\" title=\"-\" srcset=\"https:\/\/mouldking.store\/wp-content\/uploads\/2022\/05\/Qman-K20612-Crayon-Shin-Chans-Home-4.jpg 646w, https:\/\/mouldking.store\/wp-content\/uploads\/2022\/05\/Qman-K20612-Crayon-Shin-Chans-Home-4-218x300.jpg 218w, https:\/\/mouldking.store\/wp-content\/uploads\/2022\/05\/Qman-K20612-Crayon-Shin-Chans-Home-4-300x412.jpg 300w, https:\/\/mouldking.store\/wp-content\/uploads\/2022\/05\/Qman-K20612-Crayon-Shin-Chans-Home-4-600x825.jpg 600w, https:\/\/mouldking.store\/wp-content\/uploads\/2022\/05\/Qman-K20612-Crayon-Shin-Chans-Home-4-109x150.jpg 109w\" sizes=\"(max-width: 646px) 100vw, 646px\" \/><figcaption id=\"caption-attachment-31419\" class=\"wp-caption-text\">Qman K20612 Crayon Shin-Chan otthona 2465 darabbal<\/figcaption><\/figure>\n<figure id=\"attachment_31418\" aria-describedby=\"caption-attachment-31418\" style=\"width: 388px\" class=\"wp-caption aligncenter\"><img loading=\"lazy\" decoding=\"async\" class=\"wp-image-31418 size-full\" src=\"https:\/\/mouldking.store\/wp-content\/uploads\/2022\/05\/Qman-K20612-Crayon-Shin-Chans-Home-3.jpg\" alt=\"Qman K20612 Crayon Shin-Chan&#039;s Home with 2465 pieces\" width=\"388\" height=\"875\" title=\"-\" srcset=\"https:\/\/mouldking.store\/wp-content\/uploads\/2022\/05\/Qman-K20612-Crayon-Shin-Chans-Home-3.jpg 388w, https:\/\/mouldking.store\/wp-content\/uploads\/2022\/05\/Qman-K20612-Crayon-Shin-Chans-Home-3-133x300.jpg 133w, https:\/\/mouldking.store\/wp-content\/uploads\/2022\/05\/Qman-K20612-Crayon-Shin-Chans-Home-3-300x677.jpg 300w, https:\/\/mouldking.store\/wp-content\/uploads\/2022\/05\/Qman-K20612-Crayon-Shin-Chans-Home-3-67x150.jpg 67w\" sizes=\"(max-width: 388px) 100vw, 388px\" \/><figcaption id=\"caption-attachment-31418\" class=\"wp-caption-text\">Qman K20612 Crayon Shin-Chan otthona 2465 darabbal<\/figcaption><\/figure>\n<figure id=\"attachment_31424\" aria-describedby=\"caption-attachment-31424\" style=\"width: 413px\" class=\"wp-caption aligncenter\"><img loading=\"lazy\" decoding=\"async\" class=\"wp-image-31424 size-full\" src=\"https:\/\/mouldking.store\/wp-content\/uploads\/2022\/05\/Qman-K20612-Crayon-Shin-Chans-Home-9.jpg\" alt=\"Qman K20612 Crayon Shin-Chan&#039;s Home with 2465 pieces\" width=\"413\" height=\"893\" title=\"-\" srcset=\"https:\/\/mouldking.store\/wp-content\/uploads\/2022\/05\/Qman-K20612-Crayon-Shin-Chans-Home-9.jpg 413w, https:\/\/mouldking.store\/wp-content\/uploads\/2022\/05\/Qman-K20612-Crayon-Shin-Chans-Home-9-139x300.jpg 139w, https:\/\/mouldking.store\/wp-content\/uploads\/2022\/05\/Qman-K20612-Crayon-Shin-Chans-Home-9-300x649.jpg 300w, https:\/\/mouldking.store\/wp-content\/uploads\/2022\/05\/Qman-K20612-Crayon-Shin-Chans-Home-9-69x150.jpg 69w\" sizes=\"(max-width: 413px) 100vw, 413px\" \/><figcaption id=\"caption-attachment-31424\" class=\"wp-caption-text\">Qman K20612 Crayon Shin-Chan otthona 2465 darabbal<\/figcaption><\/figure>","protected":false},"excerpt":{"rendered":"<p>Product information: Brand: Qman Gender: Unisex Name: Crayon Shin-Chan&#8217;s Home Age Range: &gt; 6 years old Model Number: K20612 Classification: Assemblage Plastic Block Shape: Self-Locking Bricks Material: Plastic Plastic Type: ABS Bricks Blocks: 2465 PCS Contains detailed assembly instructions. Notice: 1. Without an original box, but we guarantee our products have quality assurance and nice [&hellip;]<\/p>","protected":false},"featured_media":31427,"comment_status":"closed","ping_status":"closed","template":"","meta":{"_acf_changed":false},"product_cat":[1395,390,581,1408],"product_tag":[5409,5440,2318,5441,4125,5439,5438,5437,5411,5442],"class_list":["product","first","instock","shipping-taxable","purchasable","product-type-simple"],"acf":[],"_links":{"self":[{"href":"https:\/\/mouldking.store\/hu\/wp-json\/wp\/v2\/product\/31415","targetHints":{"allow":["GET"]}}],"collection":[{"href":"https:\/\/mouldking.store\/hu\/wp-json\/wp\/v2\/product"}],"about":[{"href":"https:\/\/mouldking.store\/hu\/wp-json\/wp\/v2\/types\/product"}],"replies":[{"embeddable":true,"href":"https:\/\/mouldking.store\/hu\/wp-json\/wp\/v2\/comments?post=31415"}],"wp:featuredmedia":[{"embeddable":true,"href":"https:\/\/mouldking.store\/hu\/wp-json\/wp\/v2\/media\/31427"}],"wp:attachment":[{"href":"https:\/\/mouldking.store\/hu\/wp-json\/wp\/v2\/media?parent=31415"}],"wp:term":[{"taxonomy":"product_cat","embeddable":true,"href":"https:\/\/mouldking.store\/hu\/wp-json\/wp\/v2\/product_cat?post=31415"},{"taxonomy":"product_tag","embeddable":true,"href":"https:\/\/mouldking.store\/hu\/wp-json\/wp\/v2\/product_tag?post=31415"}],"curies":[{"name":"wp","href":"https:\/\/api.w.org\/{rel}","templated":true}]}}