{"id":31477,"date":"2022-05-27T14:46:36","date_gmt":"2022-05-27T07:46:36","guid":{"rendered":"https:\/\/mouldking.store\/?post_type=product&#038;p=31477"},"modified":"2022-05-27T14:46:36","modified_gmt":"2022-05-27T07:46:36","slug":"reobrix-66011-the-royal-fleet-with-3162-pieces","status":"publish","type":"product","link":"https:\/\/mouldking.store\/hu\/shop\/reobrix-66011-the-royal-fleet-with-3162-pieces\/","title":{"rendered":"Reobrix 66011 A kir\u00e1lyi flotta 3162 darabbal"},"content":{"rendered":"<p>Term\u00e9k inform\u00e1ci\u00f3:<\/p>\n<ol>\n<li>M\u00e1rka: Reobrix<\/li>\n<li>Nem: Uniszex<\/li>\n<li>N\u00e9v: Kir\u00e1lyi Flotta<\/li>\n<li>Koroszt\u00e1ly: &gt; 6 \u00e9v<\/li>\n<li>Modellsz\u00e1m: 66011<\/li>\n<li>Besorol\u00e1s: \u00d6sszeszerel\u00e9s<\/li>\n<li>M\u0171anyag blokk forma: \u00f6nz\u00e1r\u00f3 t\u00e9gla<\/li>\n<li>Anyaga: M\u0171anyag<\/li>\n<li>M\u0171anyag t\u00edpus: ABS<\/li>\n<li>T\u00e9gla blokkok: 3162 DB<\/li>\n<li>R\u00e9szletes \u00f6sszeszerel\u00e9si \u00fatmutat\u00f3t tartalmaz.<\/li>\n<\/ol>\n<p>\u00c9rtes\u00edt\u00e9s:<br \/>\n1. Eredeti doboz n\u00e9lk\u00fcl, de garant\u00e1ljuk, hogy term\u00e9keink min\u0151s\u00e9gbiztos\u00edt\u00e1ssal \u00e9s sz\u00e9p csomagol\u00e1ssal rendelkeznek.<br \/>\n2. Mint minden alkatr\u00e9szt, amelyet a sz\u00e1ll\u00edt\u00e1s el\u0151tt ellen\u0151rizt\u00fcnk, ez\u00e9rt ha \u00fagy tal\u00e1lja, hogy n\u00e9h\u00e1ny alkatr\u00e9sz hi\u00e1nyzik vagy s\u00e9r\u00fclt, ne agg\u00f3djon, \u00e9s k\u00e9rj\u00fck, vegye fel vel\u00fcnk a kapcsolatot, \u00e9s azonnal ingyenesen elk\u00fcldj\u00fck \u00d6nnek.<\/p>\n<figure id=\"attachment_31478\" aria-describedby=\"caption-attachment-31478\" style=\"width: 898px\" class=\"wp-caption aligncenter\"><img fetchpriority=\"high\" decoding=\"async\" class=\"wp-image-31478 size-full\" src=\"https:\/\/mouldking.store\/wp-content\/uploads\/2022\/05\/Reobrix-66011-The-Royal-Fleet-1.jpg\" alt=\"Reobrix 66011 The Royal Fleet with 3162 pieces\" width=\"898\" height=\"894\" title=\"-\" srcset=\"https:\/\/mouldking.store\/wp-content\/uploads\/2022\/05\/Reobrix-66011-The-Royal-Fleet-1.jpg 898w, https:\/\/mouldking.store\/wp-content\/uploads\/2022\/05\/Reobrix-66011-The-Royal-Fleet-1-300x299.jpg 300w, https:\/\/mouldking.store\/wp-content\/uploads\/2022\/05\/Reobrix-66011-The-Royal-Fleet-1-768x765.jpg 768w, https:\/\/mouldking.store\/wp-content\/uploads\/2022\/05\/Reobrix-66011-The-Royal-Fleet-1-600x597.jpg 600w, https:\/\/mouldking.store\/wp-content\/uploads\/2022\/05\/Reobrix-66011-The-Royal-Fleet-1-150x150.jpg 150w\" sizes=\"(max-width: 898px) 100vw, 898px\" \/><figcaption id=\"caption-attachment-31478\" class=\"wp-caption-text\">Reobrix 66011 A kir\u00e1lyi flotta 3162 darabbal<\/figcaption><\/figure>\n<figure id=\"attachment_31480\" aria-describedby=\"caption-attachment-31480\" style=\"width: 899px\" class=\"wp-caption aligncenter\"><img decoding=\"async\" class=\"wp-image-31480 size-full\" src=\"https:\/\/mouldking.store\/wp-content\/uploads\/2022\/05\/Reobrix-66011-The-Royal-Fleet-3.jpg\" alt=\"Reobrix 66011 The Royal Fleet with 3162 pieces\" width=\"899\" height=\"890\" title=\"-\" srcset=\"https:\/\/mouldking.store\/wp-content\/uploads\/2022\/05\/Reobrix-66011-The-Royal-Fleet-3.jpg 899w, https:\/\/mouldking.store\/wp-content\/uploads\/2022\/05\/Reobrix-66011-The-Royal-Fleet-3-300x297.jpg 300w, https:\/\/mouldking.store\/wp-content\/uploads\/2022\/05\/Reobrix-66011-The-Royal-Fleet-3-768x760.jpg 768w, https:\/\/mouldking.store\/wp-content\/uploads\/2022\/05\/Reobrix-66011-The-Royal-Fleet-3-600x594.jpg 600w, https:\/\/mouldking.store\/wp-content\/uploads\/2022\/05\/Reobrix-66011-The-Royal-Fleet-3-150x148.jpg 150w\" sizes=\"(max-width: 899px) 100vw, 899px\" \/><figcaption id=\"caption-attachment-31480\" class=\"wp-caption-text\">Reobrix 66011 A kir\u00e1lyi flotta 3162 darabbal<\/figcaption><\/figure>\n<figure id=\"attachment_31482\" aria-describedby=\"caption-attachment-31482\" style=\"width: 895px\" class=\"wp-caption aligncenter\"><img decoding=\"async\" class=\"wp-image-31482 size-full\" src=\"https:\/\/mouldking.store\/wp-content\/uploads\/2022\/05\/Reobrix-66011-The-Royal-Fleet-5.jpg\" alt=\"Reobrix 66011 The Royal Fleet with 3162 pieces\" width=\"895\" height=\"893\" title=\"-\" srcset=\"https:\/\/mouldking.store\/wp-content\/uploads\/2022\/05\/Reobrix-66011-The-Royal-Fleet-5.jpg 895w, https:\/\/mouldking.store\/wp-content\/uploads\/2022\/05\/Reobrix-66011-The-Royal-Fleet-5-300x299.jpg 300w, https:\/\/mouldking.store\/wp-content\/uploads\/2022\/05\/Reobrix-66011-The-Royal-Fleet-5-768x766.jpg 768w, https:\/\/mouldking.store\/wp-content\/uploads\/2022\/05\/Reobrix-66011-The-Royal-Fleet-5-600x599.jpg 600w, https:\/\/mouldking.store\/wp-content\/uploads\/2022\/05\/Reobrix-66011-The-Royal-Fleet-5-150x150.jpg 150w\" sizes=\"(max-width: 895px) 100vw, 895px\" \/><figcaption id=\"caption-attachment-31482\" class=\"wp-caption-text\">Reobrix 66011 A kir\u00e1lyi flotta 3162 darabbal<\/figcaption><\/figure>\n<figure id=\"attachment_31483\" aria-describedby=\"caption-attachment-31483\" style=\"width: 896px\" class=\"wp-caption aligncenter\"><img loading=\"lazy\" decoding=\"async\" class=\"wp-image-31483 size-full\" src=\"https:\/\/mouldking.store\/wp-content\/uploads\/2022\/05\/Reobrix-66011-The-Royal-Fleet-6.jpg\" alt=\"Reobrix 66011 The Royal Fleet with 3162 pieces\" width=\"896\" height=\"890\" title=\"-\" srcset=\"https:\/\/mouldking.store\/wp-content\/uploads\/2022\/05\/Reobrix-66011-The-Royal-Fleet-6.jpg 896w, https:\/\/mouldking.store\/wp-content\/uploads\/2022\/05\/Reobrix-66011-The-Royal-Fleet-6-300x298.jpg 300w, https:\/\/mouldking.store\/wp-content\/uploads\/2022\/05\/Reobrix-66011-The-Royal-Fleet-6-768x763.jpg 768w, https:\/\/mouldking.store\/wp-content\/uploads\/2022\/05\/Reobrix-66011-The-Royal-Fleet-6-600x596.jpg 600w, https:\/\/mouldking.store\/wp-content\/uploads\/2022\/05\/Reobrix-66011-The-Royal-Fleet-6-150x150.jpg 150w\" sizes=\"(max-width: 896px) 100vw, 896px\" \/><figcaption id=\"caption-attachment-31483\" class=\"wp-caption-text\">Reobrix 66011 A kir\u00e1lyi flotta 3162 darabbal<\/figcaption><\/figure>\n<figure id=\"attachment_31481\" aria-describedby=\"caption-attachment-31481\" style=\"width: 897px\" class=\"wp-caption aligncenter\"><img loading=\"lazy\" decoding=\"async\" class=\"wp-image-31481 size-full\" src=\"https:\/\/mouldking.store\/wp-content\/uploads\/2022\/05\/Reobrix-66011-The-Royal-Fleet-4.jpg\" alt=\"Reobrix 66011 The Royal Fleet with 3162 pieces\" width=\"897\" height=\"891\" title=\"-\" srcset=\"https:\/\/mouldking.store\/wp-content\/uploads\/2022\/05\/Reobrix-66011-The-Royal-Fleet-4.jpg 897w, https:\/\/mouldking.store\/wp-content\/uploads\/2022\/05\/Reobrix-66011-The-Royal-Fleet-4-300x298.jpg 300w, https:\/\/mouldking.store\/wp-content\/uploads\/2022\/05\/Reobrix-66011-The-Royal-Fleet-4-768x763.jpg 768w, https:\/\/mouldking.store\/wp-content\/uploads\/2022\/05\/Reobrix-66011-The-Royal-Fleet-4-600x596.jpg 600w, https:\/\/mouldking.store\/wp-content\/uploads\/2022\/05\/Reobrix-66011-The-Royal-Fleet-4-150x150.jpg 150w\" sizes=\"(max-width: 897px) 100vw, 897px\" \/><figcaption id=\"caption-attachment-31481\" class=\"wp-caption-text\">Reobrix 66011 A kir\u00e1lyi flotta 3162 darabbal<\/figcaption><\/figure>\n<figure id=\"attachment_31479\" aria-describedby=\"caption-attachment-31479\" style=\"width: 898px\" class=\"wp-caption aligncenter\"><img loading=\"lazy\" decoding=\"async\" class=\"wp-image-31479 size-full\" src=\"https:\/\/mouldking.store\/wp-content\/uploads\/2022\/05\/Reobrix-66011-The-Royal-Fleet-2.jpg\" alt=\"Reobrix 66011 The Royal Fleet with 3162 pieces\" width=\"898\" height=\"883\" title=\"-\" srcset=\"https:\/\/mouldking.store\/wp-content\/uploads\/2022\/05\/Reobrix-66011-The-Royal-Fleet-2.jpg 898w, https:\/\/mouldking.store\/wp-content\/uploads\/2022\/05\/Reobrix-66011-The-Royal-Fleet-2-300x295.jpg 300w, https:\/\/mouldking.store\/wp-content\/uploads\/2022\/05\/Reobrix-66011-The-Royal-Fleet-2-768x755.jpg 768w, https:\/\/mouldking.store\/wp-content\/uploads\/2022\/05\/Reobrix-66011-The-Royal-Fleet-2-600x590.jpg 600w, https:\/\/mouldking.store\/wp-content\/uploads\/2022\/05\/Reobrix-66011-The-Royal-Fleet-2-150x147.jpg 150w\" sizes=\"(max-width: 898px) 100vw, 898px\" \/><figcaption id=\"caption-attachment-31479\" class=\"wp-caption-text\">Reobrix 66011 A kir\u00e1lyi flotta 3162 darabbal<\/figcaption><\/figure>","protected":false},"excerpt":{"rendered":"<p>Product information: Brand: Reobrix Gender: Unisex Name: The Royal Fleet Age Range: &gt; 6 years old Model Number: 66011 Classification: Assemblage Plastic Block Shape: Self-Locking Bricks Material: Plastic Plastic Type: ABS Bricks Blocks: 3162 PCS Contains detailed assembly instructions. Notice: 1. Without an original box, but we guarantee our products have quality assurance and nice [&hellip;]<\/p>","protected":false},"featured_media":31478,"comment_status":"closed","ping_status":"closed","template":"","meta":{"_acf_changed":false},"product_cat":[371],"product_tag":[5480,2669,5478,5477,5476,5479,5481],"class_list":["product","first","instock","shipping-taxable","purchasable","product-type-simple"],"acf":[],"_links":{"self":[{"href":"https:\/\/mouldking.store\/hu\/wp-json\/wp\/v2\/product\/31477","targetHints":{"allow":["GET"]}}],"collection":[{"href":"https:\/\/mouldking.store\/hu\/wp-json\/wp\/v2\/product"}],"about":[{"href":"https:\/\/mouldking.store\/hu\/wp-json\/wp\/v2\/types\/product"}],"replies":[{"embeddable":true,"href":"https:\/\/mouldking.store\/hu\/wp-json\/wp\/v2\/comments?post=31477"}],"wp:featuredmedia":[{"embeddable":true,"href":"https:\/\/mouldking.store\/hu\/wp-json\/wp\/v2\/media\/31478"}],"wp:attachment":[{"href":"https:\/\/mouldking.store\/hu\/wp-json\/wp\/v2\/media?parent=31477"}],"wp:term":[{"taxonomy":"product_cat","embeddable":true,"href":"https:\/\/mouldking.store\/hu\/wp-json\/wp\/v2\/product_cat?post=31477"},{"taxonomy":"product_tag","embeddable":true,"href":"https:\/\/mouldking.store\/hu\/wp-json\/wp\/v2\/product_tag?post=31477"}],"curies":[{"name":"wp","href":"https:\/\/api.w.org\/{rel}","templated":true}]}}