{"id":31484,"date":"2022-05-27T14:51:14","date_gmt":"2022-05-27T07:51:14","guid":{"rendered":"https:\/\/mouldking.store\/?post_type=product&#038;p=31484"},"modified":"2022-05-27T14:51:14","modified_gmt":"2022-05-27T07:51:14","slug":"reobrix-66010-pirate-revenge-with-3066-pieces","status":"publish","type":"product","link":"https:\/\/mouldking.store\/hu\/shop\/reobrix-66010-pirate-revenge-with-3066-pieces\/","title":{"rendered":"Reobrix 66010 Pirate Revenge 3066 darabbal"},"content":{"rendered":"<p>Term\u00e9k inform\u00e1ci\u00f3:<\/p>\n<ol>\n<li>M\u00e1rka: Reobrix<\/li>\n<li>Nem: Uniszex<\/li>\n<li>Name: Pirate Revenge<\/li>\n<li>Koroszt\u00e1ly: &gt; 6 \u00e9v<\/li>\n<li>Model Number: 66010<\/li>\n<li>Besorol\u00e1s: \u00d6sszeszerel\u00e9s<\/li>\n<li>M\u0171anyag blokk forma: \u00f6nz\u00e1r\u00f3 t\u00e9gla<\/li>\n<li>Anyaga: M\u0171anyag<\/li>\n<li>M\u0171anyag t\u00edpus: ABS<\/li>\n<li>Bricks Blocks: 3066 PCS<\/li>\n<li>R\u00e9szletes \u00f6sszeszerel\u00e9si \u00fatmutat\u00f3t tartalmaz.<\/li>\n<\/ol>\n<p>\u00c9rtes\u00edt\u00e9s:<br \/>\n1. Eredeti doboz n\u00e9lk\u00fcl, de garant\u00e1ljuk, hogy term\u00e9keink min\u0151s\u00e9gbiztos\u00edt\u00e1ssal \u00e9s sz\u00e9p csomagol\u00e1ssal rendelkeznek.<br \/>\n2. Mint minden alkatr\u00e9szt, amelyet a sz\u00e1ll\u00edt\u00e1s el\u0151tt ellen\u0151rizt\u00fcnk, ez\u00e9rt ha \u00fagy tal\u00e1lja, hogy n\u00e9h\u00e1ny alkatr\u00e9sz hi\u00e1nyzik vagy s\u00e9r\u00fclt, ne agg\u00f3djon, \u00e9s k\u00e9rj\u00fck, vegye fel vel\u00fcnk a kapcsolatot, \u00e9s azonnal ingyenesen elk\u00fcldj\u00fck \u00d6nnek.<\/p>\n<figure id=\"attachment_31485\" aria-describedby=\"caption-attachment-31485\" style=\"width: 800px\" class=\"wp-caption aligncenter\"><img fetchpriority=\"high\" decoding=\"async\" class=\"wp-image-31485 size-full\" src=\"https:\/\/mouldking.store\/wp-content\/uploads\/2022\/05\/Reobrix-66010-Pirate-Revenge-1.webp\" alt=\"Reobrix 66010 Pirate Revenge with 3066 pieces\" width=\"800\" height=\"800\" title=\"-\"><figcaption id=\"caption-attachment-31485\" class=\"wp-caption-text\">Reobrix 66010 Pirate Revenge 3066 darabbal<\/figcaption><\/figure>\n<figure id=\"attachment_31486\" aria-describedby=\"caption-attachment-31486\" style=\"width: 800px\" class=\"wp-caption aligncenter\"><img decoding=\"async\" class=\"wp-image-31486 size-full\" src=\"https:\/\/mouldking.store\/wp-content\/uploads\/2022\/05\/Reobrix-66010-Pirate-Revenge-1.png\" alt=\"Reobrix 66010 Pirate Revenge with 3066 pieces\" width=\"800\" height=\"800\" title=\"-\" srcset=\"https:\/\/mouldking.store\/wp-content\/uploads\/2022\/05\/Reobrix-66010-Pirate-Revenge-1.png 800w, https:\/\/mouldking.store\/wp-content\/uploads\/2022\/05\/Reobrix-66010-Pirate-Revenge-1-300x300.png 300w, https:\/\/mouldking.store\/wp-content\/uploads\/2022\/05\/Reobrix-66010-Pirate-Revenge-1-768x768.png 768w, https:\/\/mouldking.store\/wp-content\/uploads\/2022\/05\/Reobrix-66010-Pirate-Revenge-1-600x600.png 600w, https:\/\/mouldking.store\/wp-content\/uploads\/2022\/05\/Reobrix-66010-Pirate-Revenge-1-150x150.png 150w\" sizes=\"(max-width: 800px) 100vw, 800px\" \/><figcaption id=\"caption-attachment-31486\" class=\"wp-caption-text\">Reobrix 66010 Pirate Revenge 3066 darabbal<\/figcaption><\/figure>\n<figure id=\"attachment_31488\" aria-describedby=\"caption-attachment-31488\" style=\"width: 800px\" class=\"wp-caption aligncenter\"><img decoding=\"async\" class=\"wp-image-31488 size-full\" src=\"https:\/\/mouldking.store\/wp-content\/uploads\/2022\/05\/Reobrix-66010-Pirate-Revenge-3.png\" alt=\"Reobrix 66010 Pirate Revenge with 3066 pieces\" width=\"800\" height=\"800\" title=\"-\" srcset=\"https:\/\/mouldking.store\/wp-content\/uploads\/2022\/05\/Reobrix-66010-Pirate-Revenge-3.png 800w, https:\/\/mouldking.store\/wp-content\/uploads\/2022\/05\/Reobrix-66010-Pirate-Revenge-3-300x300.png 300w, https:\/\/mouldking.store\/wp-content\/uploads\/2022\/05\/Reobrix-66010-Pirate-Revenge-3-768x768.png 768w, https:\/\/mouldking.store\/wp-content\/uploads\/2022\/05\/Reobrix-66010-Pirate-Revenge-3-600x600.png 600w, https:\/\/mouldking.store\/wp-content\/uploads\/2022\/05\/Reobrix-66010-Pirate-Revenge-3-150x150.png 150w\" sizes=\"(max-width: 800px) 100vw, 800px\" \/><figcaption id=\"caption-attachment-31488\" class=\"wp-caption-text\">Reobrix 66010 Pirate Revenge 3066 darabbal<\/figcaption><\/figure>\n<figure id=\"attachment_31487\" aria-describedby=\"caption-attachment-31487\" style=\"width: 800px\" class=\"wp-caption aligncenter\"><img loading=\"lazy\" decoding=\"async\" class=\"wp-image-31487 size-full\" src=\"https:\/\/mouldking.store\/wp-content\/uploads\/2022\/05\/Reobrix-66010-Pirate-Revenge-2.png\" alt=\"Reobrix 66010 Pirate Revenge with 3066 pieces\" width=\"800\" height=\"800\" title=\"-\" srcset=\"https:\/\/mouldking.store\/wp-content\/uploads\/2022\/05\/Reobrix-66010-Pirate-Revenge-2.png 800w, https:\/\/mouldking.store\/wp-content\/uploads\/2022\/05\/Reobrix-66010-Pirate-Revenge-2-300x300.png 300w, https:\/\/mouldking.store\/wp-content\/uploads\/2022\/05\/Reobrix-66010-Pirate-Revenge-2-768x768.png 768w, https:\/\/mouldking.store\/wp-content\/uploads\/2022\/05\/Reobrix-66010-Pirate-Revenge-2-600x600.png 600w, https:\/\/mouldking.store\/wp-content\/uploads\/2022\/05\/Reobrix-66010-Pirate-Revenge-2-150x150.png 150w\" sizes=\"(max-width: 800px) 100vw, 800px\" \/><figcaption id=\"caption-attachment-31487\" class=\"wp-caption-text\">Reobrix 66010 Pirate Revenge 3066 darabbal<\/figcaption><\/figure>\n<figure id=\"attachment_31490\" aria-describedby=\"caption-attachment-31490\" style=\"width: 717px\" class=\"wp-caption aligncenter\"><img loading=\"lazy\" decoding=\"async\" class=\"wp-image-31490 size-full\" src=\"https:\/\/mouldking.store\/wp-content\/uploads\/2022\/05\/Reobrix-66010-Pirate-Revenge-5.png\" alt=\"Reobrix 66010 Pirate Revenge with 3066 pieces\" width=\"717\" height=\"1024\" title=\"-\" srcset=\"https:\/\/mouldking.store\/wp-content\/uploads\/2022\/05\/Reobrix-66010-Pirate-Revenge-5.png 717w, https:\/\/mouldking.store\/wp-content\/uploads\/2022\/05\/Reobrix-66010-Pirate-Revenge-5-210x300.png 210w, https:\/\/mouldking.store\/wp-content\/uploads\/2022\/05\/Reobrix-66010-Pirate-Revenge-5-300x428.png 300w, https:\/\/mouldking.store\/wp-content\/uploads\/2022\/05\/Reobrix-66010-Pirate-Revenge-5-600x857.png 600w, https:\/\/mouldking.store\/wp-content\/uploads\/2022\/05\/Reobrix-66010-Pirate-Revenge-5-105x150.png 105w\" sizes=\"(max-width: 717px) 100vw, 717px\" \/><figcaption id=\"caption-attachment-31490\" class=\"wp-caption-text\">Reobrix 66010 Pirate Revenge 3066 darabbal<\/figcaption><\/figure>\n<figure id=\"attachment_31489\" aria-describedby=\"caption-attachment-31489\" style=\"width: 800px\" class=\"wp-caption aligncenter\"><img loading=\"lazy\" decoding=\"async\" class=\"wp-image-31489 size-full\" src=\"https:\/\/mouldking.store\/wp-content\/uploads\/2022\/05\/Reobrix-66010-Pirate-Revenge-4.png\" alt=\"Reobrix 66010 Pirate Revenge with 3066 pieces\" width=\"800\" height=\"800\" title=\"-\" srcset=\"https:\/\/mouldking.store\/wp-content\/uploads\/2022\/05\/Reobrix-66010-Pirate-Revenge-4.png 800w, https:\/\/mouldking.store\/wp-content\/uploads\/2022\/05\/Reobrix-66010-Pirate-Revenge-4-300x300.png 300w, https:\/\/mouldking.store\/wp-content\/uploads\/2022\/05\/Reobrix-66010-Pirate-Revenge-4-768x768.png 768w, https:\/\/mouldking.store\/wp-content\/uploads\/2022\/05\/Reobrix-66010-Pirate-Revenge-4-600x600.png 600w, https:\/\/mouldking.store\/wp-content\/uploads\/2022\/05\/Reobrix-66010-Pirate-Revenge-4-150x150.png 150w\" sizes=\"(max-width: 800px) 100vw, 800px\" \/><figcaption id=\"caption-attachment-31489\" class=\"wp-caption-text\">Reobrix 66010 Pirate Revenge 3066 darabbal<\/figcaption><\/figure>\n<figure id=\"attachment_31491\" aria-describedby=\"caption-attachment-31491\" style=\"width: 800px\" class=\"wp-caption aligncenter\"><img loading=\"lazy\" decoding=\"async\" class=\"wp-image-31491 size-full\" src=\"https:\/\/mouldking.store\/wp-content\/uploads\/2022\/05\/Reobrix-66010-Pirate-Revenge-6.png\" alt=\"Reobrix 66010 Pirate Revenge with 3066 pieces\" width=\"800\" height=\"800\" title=\"-\" srcset=\"https:\/\/mouldking.store\/wp-content\/uploads\/2022\/05\/Reobrix-66010-Pirate-Revenge-6.png 800w, https:\/\/mouldking.store\/wp-content\/uploads\/2022\/05\/Reobrix-66010-Pirate-Revenge-6-300x300.png 300w, https:\/\/mouldking.store\/wp-content\/uploads\/2022\/05\/Reobrix-66010-Pirate-Revenge-6-768x768.png 768w, https:\/\/mouldking.store\/wp-content\/uploads\/2022\/05\/Reobrix-66010-Pirate-Revenge-6-600x600.png 600w, https:\/\/mouldking.store\/wp-content\/uploads\/2022\/05\/Reobrix-66010-Pirate-Revenge-6-150x150.png 150w\" sizes=\"(max-width: 800px) 100vw, 800px\" \/><figcaption id=\"caption-attachment-31491\" class=\"wp-caption-text\">Reobrix 66010 Pirate Revenge 3066 darabbal<\/figcaption><\/figure>","protected":false},"excerpt":{"rendered":"<p>Product information: Brand: Reobrix Gender: Unisex Name: Pirate Revenge Age Range: &gt; 6 years old Model Number: 66010 Classification: Assemblage Plastic Block Shape: Self-Locking Bricks Material: Plastic Plastic Type: ABS Bricks Blocks: 3066 PCS Contains detailed assembly instructions. Notice: 1. Without an original box, but we guarantee our products have quality assurance and nice packaging. [&hellip;]<\/p>","protected":false},"featured_media":31485,"comment_status":"closed","ping_status":"closed","template":"","meta":{"_acf_changed":false},"product_cat":[581],"product_tag":[5486,5487,5485,2669,5484,5483,5482,5488],"class_list":["product","first","instock","shipping-taxable","purchasable","product-type-simple"],"acf":[],"_links":{"self":[{"href":"https:\/\/mouldking.store\/hu\/wp-json\/wp\/v2\/product\/31484","targetHints":{"allow":["GET"]}}],"collection":[{"href":"https:\/\/mouldking.store\/hu\/wp-json\/wp\/v2\/product"}],"about":[{"href":"https:\/\/mouldking.store\/hu\/wp-json\/wp\/v2\/types\/product"}],"replies":[{"embeddable":true,"href":"https:\/\/mouldking.store\/hu\/wp-json\/wp\/v2\/comments?post=31484"}],"wp:featuredmedia":[{"embeddable":true,"href":"https:\/\/mouldking.store\/hu\/wp-json\/wp\/v2\/media\/31485"}],"wp:attachment":[{"href":"https:\/\/mouldking.store\/hu\/wp-json\/wp\/v2\/media?parent=31484"}],"wp:term":[{"taxonomy":"product_cat","embeddable":true,"href":"https:\/\/mouldking.store\/hu\/wp-json\/wp\/v2\/product_cat?post=31484"},{"taxonomy":"product_tag","embeddable":true,"href":"https:\/\/mouldking.store\/hu\/wp-json\/wp\/v2\/product_tag?post=31484"}],"curies":[{"name":"wp","href":"https:\/\/api.w.org\/{rel}","templated":true}]}}