{"id":31492,"date":"2022-05-27T14:59:47","date_gmt":"2022-05-27T07:59:47","guid":{"rendered":"https:\/\/mouldking.store\/?post_type=product&#038;p=31492"},"modified":"2022-05-27T14:59:47","modified_gmt":"2022-05-27T07:59:47","slug":"mj-13012-magic-taj-mahal-with-768-pieces","status":"publish","type":"product","link":"https:\/\/mouldking.store\/hu\/shop\/mj-13012-magic-taj-mahal-with-768-pieces\/","title":{"rendered":"MJ 13012 Magic Taj Mahal 768 darabbal"},"content":{"rendered":"<p>Term\u00e9k inform\u00e1ci\u00f3:<\/p>\n<ol>\n<li>M\u00e1rka: MJ<\/li>\n<li>Nem: Uniszex<\/li>\n<li>Name: Magic Taj Mahal<\/li>\n<li>Koroszt\u00e1ly: &gt; 6 \u00e9v<\/li>\n<li>Model Number: 13012<\/li>\n<li>Besorol\u00e1s: \u00d6sszeszerel\u00e9s<\/li>\n<li>M\u0171anyag blokk forma: \u00f6nz\u00e1r\u00f3 t\u00e9gla<\/li>\n<li>Anyaga: M\u0171anyag<\/li>\n<li>M\u0171anyag t\u00edpus: ABS<\/li>\n<li>T\u00e9glablokkok: 768 DB<\/li>\n<li>R\u00e9szletes \u00f6sszeszerel\u00e9si \u00fatmutat\u00f3t tartalmaz.<\/li>\n<\/ol>\n<p>\u00c9rtes\u00edt\u00e9s:<br \/>\n1. Eredeti doboz n\u00e9lk\u00fcl, de garant\u00e1ljuk, hogy term\u00e9keink min\u0151s\u00e9gbiztos\u00edt\u00e1ssal \u00e9s sz\u00e9p csomagol\u00e1ssal rendelkeznek.<br \/>\n2. Mint minden alkatr\u00e9szt, amelyet a sz\u00e1ll\u00edt\u00e1s el\u0151tt ellen\u0151rizt\u00fcnk, ez\u00e9rt ha \u00fagy tal\u00e1lja, hogy n\u00e9h\u00e1ny alkatr\u00e9sz hi\u00e1nyzik vagy s\u00e9r\u00fclt, ne agg\u00f3djon, \u00e9s k\u00e9rj\u00fck, vegye fel vel\u00fcnk a kapcsolatot, \u00e9s azonnal ingyenesen elk\u00fcldj\u00fck \u00d6nnek.<\/p>\n<p>&nbsp;<\/p>\n<figure id=\"attachment_31493\" aria-describedby=\"caption-attachment-31493\" style=\"width: 800px\" class=\"wp-caption aligncenter\"><img fetchpriority=\"high\" decoding=\"async\" class=\"wp-image-31493\" src=\"https:\/\/mouldking.store\/wp-content\/uploads\/2022\/05\/MJ-13012-Magic-Taj-Mahal-1-300x300.png\" alt=\"MJ 13012 Magic Taj Mahal with 768 pieces\" width=\"800\" height=\"800\" title=\"-\" srcset=\"https:\/\/mouldking.store\/wp-content\/uploads\/2022\/05\/MJ-13012-Magic-Taj-Mahal-1-300x300.png 300w, https:\/\/mouldking.store\/wp-content\/uploads\/2022\/05\/MJ-13012-Magic-Taj-Mahal-1-768x768.png 768w, https:\/\/mouldking.store\/wp-content\/uploads\/2022\/05\/MJ-13012-Magic-Taj-Mahal-1-600x600.png 600w, https:\/\/mouldking.store\/wp-content\/uploads\/2022\/05\/MJ-13012-Magic-Taj-Mahal-1-150x150.png 150w, https:\/\/mouldking.store\/wp-content\/uploads\/2022\/05\/MJ-13012-Magic-Taj-Mahal-1.png 1024w\" sizes=\"(max-width: 800px) 100vw, 800px\" \/><figcaption id=\"caption-attachment-31493\" class=\"wp-caption-text\">MJ 13012 Magic Taj Mahal 768 darabbal<\/figcaption><\/figure>\n<figure id=\"attachment_31495\" aria-describedby=\"caption-attachment-31495\" style=\"width: 651px\" class=\"wp-caption aligncenter\"><img decoding=\"async\" class=\"wp-image-31495 size-full\" src=\"https:\/\/mouldking.store\/wp-content\/uploads\/2022\/05\/MJ-13012-Magic-Taj-Mahal-3.png\" alt=\"MJ 13012 Magic Taj Mahal with 768 pieces\" width=\"651\" height=\"1024\" title=\"-\" srcset=\"https:\/\/mouldking.store\/wp-content\/uploads\/2022\/05\/MJ-13012-Magic-Taj-Mahal-3.png 651w, https:\/\/mouldking.store\/wp-content\/uploads\/2022\/05\/MJ-13012-Magic-Taj-Mahal-3-191x300.png 191w, https:\/\/mouldking.store\/wp-content\/uploads\/2022\/05\/MJ-13012-Magic-Taj-Mahal-3-300x472.png 300w, https:\/\/mouldking.store\/wp-content\/uploads\/2022\/05\/MJ-13012-Magic-Taj-Mahal-3-600x944.png 600w, https:\/\/mouldking.store\/wp-content\/uploads\/2022\/05\/MJ-13012-Magic-Taj-Mahal-3-95x150.png 95w\" sizes=\"(max-width: 651px) 100vw, 651px\" \/><figcaption id=\"caption-attachment-31495\" class=\"wp-caption-text\">MJ 13012 Magic Taj Mahal 768 darabbal<\/figcaption><\/figure>\n<figure id=\"attachment_31494\" aria-describedby=\"caption-attachment-31494\" style=\"width: 800px\" class=\"wp-caption aligncenter\"><img decoding=\"async\" class=\"wp-image-31494\" src=\"https:\/\/mouldking.store\/wp-content\/uploads\/2022\/05\/MJ-13012-Magic-Taj-Mahal-2-300x245.png\" alt=\"MJ 13012 Magic Taj Mahal with 768 pieces\" width=\"800\" height=\"653\" title=\"-\" srcset=\"https:\/\/mouldking.store\/wp-content\/uploads\/2022\/05\/MJ-13012-Magic-Taj-Mahal-2-300x245.png 300w, https:\/\/mouldking.store\/wp-content\/uploads\/2022\/05\/MJ-13012-Magic-Taj-Mahal-2-768x627.png 768w, https:\/\/mouldking.store\/wp-content\/uploads\/2022\/05\/MJ-13012-Magic-Taj-Mahal-2-600x490.png 600w, https:\/\/mouldking.store\/wp-content\/uploads\/2022\/05\/MJ-13012-Magic-Taj-Mahal-2-150x122.png 150w, https:\/\/mouldking.store\/wp-content\/uploads\/2022\/05\/MJ-13012-Magic-Taj-Mahal-2.png 1024w\" sizes=\"(max-width: 800px) 100vw, 800px\" \/><figcaption id=\"caption-attachment-31494\" class=\"wp-caption-text\">MJ 13012 Magic Taj Mahal 768 darabbal<\/figcaption><\/figure>","protected":false},"excerpt":{"rendered":"<p>Product information: Brand: MJ Gender: Unisex Name: Magic Taj Mahal Age Range: &gt; 6 years old Model Number: 13012 Classification: Assemblage Plastic Block Shape: Self-Locking Bricks Material: Plastic Plastic Type: ABS Bricks Blocks: 768 PCS Contains detailed assembly instructions. Notice: 1. Without an original box, but we guarantee our products have quality assurance and nice [&hellip;]<\/p>","protected":false},"featured_media":31493,"comment_status":"closed","ping_status":"closed","template":"","meta":{"_acf_changed":false},"product_cat":[390],"product_tag":[5494,5492,5493,5491,5490,5489,5495],"class_list":["product","first","instock","shipping-taxable","purchasable","product-type-simple"],"acf":[],"_links":{"self":[{"href":"https:\/\/mouldking.store\/hu\/wp-json\/wp\/v2\/product\/31492","targetHints":{"allow":["GET"]}}],"collection":[{"href":"https:\/\/mouldking.store\/hu\/wp-json\/wp\/v2\/product"}],"about":[{"href":"https:\/\/mouldking.store\/hu\/wp-json\/wp\/v2\/types\/product"}],"replies":[{"embeddable":true,"href":"https:\/\/mouldking.store\/hu\/wp-json\/wp\/v2\/comments?post=31492"}],"wp:featuredmedia":[{"embeddable":true,"href":"https:\/\/mouldking.store\/hu\/wp-json\/wp\/v2\/media\/31493"}],"wp:attachment":[{"href":"https:\/\/mouldking.store\/hu\/wp-json\/wp\/v2\/media?parent=31492"}],"wp:term":[{"taxonomy":"product_cat","embeddable":true,"href":"https:\/\/mouldking.store\/hu\/wp-json\/wp\/v2\/product_cat?post=31492"},{"taxonomy":"product_tag","embeddable":true,"href":"https:\/\/mouldking.store\/hu\/wp-json\/wp\/v2\/product_tag?post=31492"}],"curies":[{"name":"wp","href":"https:\/\/api.w.org\/{rel}","templated":true}]}}