{"id":31590,"date":"2022-05-27T16:16:37","date_gmt":"2022-05-27T09:16:37","guid":{"rendered":"https:\/\/mouldking.store\/?post_type=product&#038;p=31590"},"modified":"2022-05-27T16:16:37","modified_gmt":"2022-05-27T09:16:37","slug":"juhang-86017-golf-resort-course-with-3022-pieces","status":"publish","type":"product","link":"https:\/\/mouldking.store\/hu\/shop\/juhang-86017-golf-resort-course-with-3022-pieces\/","title":{"rendered":"JUHANG 86017 Golf Resort p\u00e1lya 3022 darabbal"},"content":{"rendered":"<p>Term\u00e9k inform\u00e1ci\u00f3:<\/p>\n<ol>\n<li>M\u00e1rka: JUHANG<\/li>\n<li>Nem: Uniszex<\/li>\n<li>Name: Golf Resort Course<\/li>\n<li>Koroszt\u00e1ly: &gt; 6 \u00e9v<\/li>\n<li>Model Number: 86017<\/li>\n<li>Besorol\u00e1s: \u00d6sszeszerel\u00e9s<\/li>\n<li>M\u0171anyag blokk forma: \u00f6nz\u00e1r\u00f3 t\u00e9gla<\/li>\n<li>Anyaga: M\u0171anyag<\/li>\n<li>M\u0171anyag t\u00edpus: ABS<\/li>\n<li>Bricks Blocks: 3022 PCS<\/li>\n<li>R\u00e9szletes \u00f6sszeszerel\u00e9si \u00fatmutat\u00f3t tartalmaz.<\/li>\n<\/ol>\n<p>\u00c9rtes\u00edt\u00e9s:<br \/>\n1. Eredeti doboz n\u00e9lk\u00fcl, de garant\u00e1ljuk, hogy term\u00e9keink min\u0151s\u00e9gbiztos\u00edt\u00e1ssal \u00e9s sz\u00e9p csomagol\u00e1ssal rendelkeznek.<br \/>\n2. Mint minden alkatr\u00e9szt, amelyet a sz\u00e1ll\u00edt\u00e1s el\u0151tt ellen\u0151rizt\u00fcnk, ez\u00e9rt ha \u00fagy tal\u00e1lja, hogy n\u00e9h\u00e1ny alkatr\u00e9sz hi\u00e1nyzik vagy s\u00e9r\u00fclt, ne agg\u00f3djon, \u00e9s k\u00e9rj\u00fck, vegye fel vel\u00fcnk a kapcsolatot, \u00e9s azonnal ingyenesen elk\u00fcldj\u00fck \u00d6nnek.<\/p>\n<p>&nbsp;<\/p>\n<figure id=\"attachment_31591\" aria-describedby=\"caption-attachment-31591\" style=\"width: 800px\" class=\"wp-caption aligncenter\"><img fetchpriority=\"high\" decoding=\"async\" class=\"wp-image-31591 size-full\" src=\"https:\/\/mouldking.store\/wp-content\/uploads\/2022\/05\/JuHang-86017-Golf-Resort-Course-2.png\" alt=\"JUHANG 86017 Golf Resort Course with 3022 pieces\" width=\"800\" height=\"800\" title=\"-\" srcset=\"https:\/\/mouldking.store\/wp-content\/uploads\/2022\/05\/JuHang-86017-Golf-Resort-Course-2.png 800w, https:\/\/mouldking.store\/wp-content\/uploads\/2022\/05\/JuHang-86017-Golf-Resort-Course-2-300x300.png 300w, https:\/\/mouldking.store\/wp-content\/uploads\/2022\/05\/JuHang-86017-Golf-Resort-Course-2-768x768.png 768w, https:\/\/mouldking.store\/wp-content\/uploads\/2022\/05\/JuHang-86017-Golf-Resort-Course-2-600x600.png 600w, https:\/\/mouldking.store\/wp-content\/uploads\/2022\/05\/JuHang-86017-Golf-Resort-Course-2-150x150.png 150w\" sizes=\"(max-width: 800px) 100vw, 800px\" \/><figcaption id=\"caption-attachment-31591\" class=\"wp-caption-text\">JUHANG 86017 Golf Resort p\u00e1lya 3022 darabbal<\/figcaption><\/figure>\n<figure id=\"attachment_31594\" aria-describedby=\"caption-attachment-31594\" style=\"width: 800px\" class=\"wp-caption aligncenter\"><img decoding=\"async\" class=\"wp-image-31594 size-full\" src=\"https:\/\/mouldking.store\/wp-content\/uploads\/2022\/05\/JuHang-86017-Golf-Resort-Course-1.png\" alt=\"JUHANG 86017 Golf Resort Course with 3022 pieces\" width=\"800\" height=\"800\" title=\"-\" srcset=\"https:\/\/mouldking.store\/wp-content\/uploads\/2022\/05\/JuHang-86017-Golf-Resort-Course-1.png 800w, https:\/\/mouldking.store\/wp-content\/uploads\/2022\/05\/JuHang-86017-Golf-Resort-Course-1-300x300.png 300w, https:\/\/mouldking.store\/wp-content\/uploads\/2022\/05\/JuHang-86017-Golf-Resort-Course-1-768x768.png 768w, https:\/\/mouldking.store\/wp-content\/uploads\/2022\/05\/JuHang-86017-Golf-Resort-Course-1-600x600.png 600w, https:\/\/mouldking.store\/wp-content\/uploads\/2022\/05\/JuHang-86017-Golf-Resort-Course-1-150x150.png 150w\" sizes=\"(max-width: 800px) 100vw, 800px\" \/><figcaption id=\"caption-attachment-31594\" class=\"wp-caption-text\">JUHANG 86017 Golf Resort p\u00e1lya 3022 darabbal<\/figcaption><\/figure>\n<figure id=\"attachment_31592\" aria-describedby=\"caption-attachment-31592\" style=\"width: 800px\" class=\"wp-caption aligncenter\"><img decoding=\"async\" class=\"wp-image-31592 size-full\" src=\"https:\/\/mouldking.store\/wp-content\/uploads\/2022\/05\/JuHang-86017-Golf-Resort-Course-3.png\" alt=\"JUHANG 86017 Golf Resort Course with 3022 pieces\" width=\"800\" height=\"800\" title=\"-\" srcset=\"https:\/\/mouldking.store\/wp-content\/uploads\/2022\/05\/JuHang-86017-Golf-Resort-Course-3.png 800w, https:\/\/mouldking.store\/wp-content\/uploads\/2022\/05\/JuHang-86017-Golf-Resort-Course-3-300x300.png 300w, https:\/\/mouldking.store\/wp-content\/uploads\/2022\/05\/JuHang-86017-Golf-Resort-Course-3-768x768.png 768w, https:\/\/mouldking.store\/wp-content\/uploads\/2022\/05\/JuHang-86017-Golf-Resort-Course-3-600x600.png 600w, https:\/\/mouldking.store\/wp-content\/uploads\/2022\/05\/JuHang-86017-Golf-Resort-Course-3-150x150.png 150w\" sizes=\"(max-width: 800px) 100vw, 800px\" \/><figcaption id=\"caption-attachment-31592\" class=\"wp-caption-text\">JUHANG 86017 Golf Resort p\u00e1lya 3022 darabbal<\/figcaption><\/figure>\n<figure id=\"attachment_31593\" aria-describedby=\"caption-attachment-31593\" style=\"width: 800px\" class=\"wp-caption aligncenter\"><img loading=\"lazy\" decoding=\"async\" class=\"wp-image-31593 size-full\" src=\"https:\/\/mouldking.store\/wp-content\/uploads\/2022\/05\/JuHang-86017-Golf-Resort-Course-4.png\" alt=\"JUHANG 86017 Golf Resort Course with 3022 pieces\" width=\"800\" height=\"800\" title=\"-\" srcset=\"https:\/\/mouldking.store\/wp-content\/uploads\/2022\/05\/JuHang-86017-Golf-Resort-Course-4.png 800w, https:\/\/mouldking.store\/wp-content\/uploads\/2022\/05\/JuHang-86017-Golf-Resort-Course-4-300x300.png 300w, https:\/\/mouldking.store\/wp-content\/uploads\/2022\/05\/JuHang-86017-Golf-Resort-Course-4-768x768.png 768w, https:\/\/mouldking.store\/wp-content\/uploads\/2022\/05\/JuHang-86017-Golf-Resort-Course-4-600x600.png 600w, https:\/\/mouldking.store\/wp-content\/uploads\/2022\/05\/JuHang-86017-Golf-Resort-Course-4-150x150.png 150w\" sizes=\"(max-width: 800px) 100vw, 800px\" \/><figcaption id=\"caption-attachment-31593\" class=\"wp-caption-text\">JUHANG 86017 Golf Resort p\u00e1lya 3022 darabbal<\/figcaption><\/figure>","protected":false},"excerpt":{"rendered":"<p>Product information: Brand: JUHANG Gender: Unisex Name: Golf Resort Course Age Range: &gt; 6 years old Model Number: 86017 Classification: Assemblage Plastic Block Shape: Self-Locking Bricks Material: Plastic Plastic Type: ABS Bricks Blocks: 3022 PCS Contains detailed assembly instructions. Notice: 1. Without an original box, but we guarantee our products have quality assurance and nice [&hellip;]<\/p>","protected":false},"featured_media":31591,"comment_status":"closed","ping_status":"closed","template":"","meta":{"_acf_changed":false},"product_cat":[390],"product_tag":[5599,5601,5602,5600,5598,2649,5597,5596,5595,5603],"class_list":["product","first","instock","shipping-taxable","purchasable","product-type-simple"],"acf":[],"_links":{"self":[{"href":"https:\/\/mouldking.store\/hu\/wp-json\/wp\/v2\/product\/31590","targetHints":{"allow":["GET"]}}],"collection":[{"href":"https:\/\/mouldking.store\/hu\/wp-json\/wp\/v2\/product"}],"about":[{"href":"https:\/\/mouldking.store\/hu\/wp-json\/wp\/v2\/types\/product"}],"replies":[{"embeddable":true,"href":"https:\/\/mouldking.store\/hu\/wp-json\/wp\/v2\/comments?post=31590"}],"wp:featuredmedia":[{"embeddable":true,"href":"https:\/\/mouldking.store\/hu\/wp-json\/wp\/v2\/media\/31591"}],"wp:attachment":[{"href":"https:\/\/mouldking.store\/hu\/wp-json\/wp\/v2\/media?parent=31590"}],"wp:term":[{"taxonomy":"product_cat","embeddable":true,"href":"https:\/\/mouldking.store\/hu\/wp-json\/wp\/v2\/product_cat?post=31590"},{"taxonomy":"product_tag","embeddable":true,"href":"https:\/\/mouldking.store\/hu\/wp-json\/wp\/v2\/product_tag?post=31590"}],"curies":[{"name":"wp","href":"https:\/\/api.w.org\/{rel}","templated":true}]}}