{"id":31609,"date":"2022-05-27T16:36:32","date_gmt":"2022-05-27T09:36:32","guid":{"rendered":"https:\/\/mouldking.store\/?post_type=product&#038;p=31609"},"modified":"2025-12-25T09:12:29","modified_gmt":"2025-12-25T02:12:29","slug":"moc-89668-d-va-gun-overwatch-with-794-pieces","status":"publish","type":"product","link":"https:\/\/mouldking.store\/hu\/shop\/moc-89668-d-va-gun-overwatch-with-794-pieces\/","title":{"rendered":"MOC-89668 D.VA Gun-Overwatch 794 darabbal"},"content":{"rendered":"<p>Term\u00e9k inform\u00e1ci\u00f3:<\/p>\n<ol>\n<li>M\u00e1rka: MOC<\/li>\n<li>Nem: Uniszex<\/li>\n<li>Name: D.VA Gun-Overwatch<\/li>\n<li>Koroszt\u00e1ly: &gt; 6 \u00e9v<\/li>\n<li>Model Number: MOC-89668<\/li>\n<li>Besorol\u00e1s: \u00d6sszeszerel\u00e9s<\/li>\n<li>M\u0171anyag blokk forma: \u00f6nz\u00e1r\u00f3 t\u00e9gla<\/li>\n<li>Anyaga: M\u0171anyag<\/li>\n<li>M\u0171anyag t\u00edpus: ABS<\/li>\n<li>Bricks Blocks: 794 PCS<\/li>\n<li>R\u00e9szletes \u00f6sszeszerel\u00e9si \u00fatmutat\u00f3t tartalmaz.<\/li>\n<\/ol>\n<p>\u00c9rtes\u00edt\u00e9s:<br \/>\n1. Eredeti doboz n\u00e9lk\u00fcl, de garant\u00e1ljuk, hogy term\u00e9keink min\u0151s\u00e9gbiztos\u00edt\u00e1ssal \u00e9s sz\u00e9p csomagol\u00e1ssal rendelkeznek.<br \/>\n2. Mint minden alkatr\u00e9szt, amelyet a sz\u00e1ll\u00edt\u00e1s el\u0151tt ellen\u0151rizt\u00fcnk, ez\u00e9rt ha \u00fagy tal\u00e1lja, hogy n\u00e9h\u00e1ny alkatr\u00e9sz hi\u00e1nyzik vagy s\u00e9r\u00fclt, ne agg\u00f3djon, \u00e9s k\u00e9rj\u00fck, vegye fel vel\u00fcnk a kapcsolatot, \u00e9s azonnal ingyenesen elk\u00fcldj\u00fck \u00d6nnek.<\/p>\n<figure id=\"attachment_31616\" aria-describedby=\"caption-attachment-31616\" style=\"width: 1000px\" class=\"wp-caption aligncenter\"><img fetchpriority=\"high\" decoding=\"async\" class=\"wp-image-31616 size-full\" src=\"https:\/\/mouldking.store\/wp-content\/uploads\/2022\/05\/MOCBRICKLAND-MOC-89668-D.VA-Gun-Overwatch-8.jpg\" alt=\"MOC-89668 D.VA Gun-Overwatch with 794 pieces\" width=\"1000\" height=\"1000\" title=\"-\" srcset=\"https:\/\/mouldking.store\/wp-content\/uploads\/2022\/05\/MOCBRICKLAND-MOC-89668-D.VA-Gun-Overwatch-8.jpg 1000w, https:\/\/mouldking.store\/wp-content\/uploads\/2022\/05\/MOCBRICKLAND-MOC-89668-D.VA-Gun-Overwatch-8-300x300.jpg 300w, https:\/\/mouldking.store\/wp-content\/uploads\/2022\/05\/MOCBRICKLAND-MOC-89668-D.VA-Gun-Overwatch-8-768x768.jpg 768w, https:\/\/mouldking.store\/wp-content\/uploads\/2022\/05\/MOCBRICKLAND-MOC-89668-D.VA-Gun-Overwatch-8-600x600.jpg 600w, https:\/\/mouldking.store\/wp-content\/uploads\/2022\/05\/MOCBRICKLAND-MOC-89668-D.VA-Gun-Overwatch-8-150x150.jpg 150w\" sizes=\"(max-width: 1000px) 100vw, 1000px\" \/><figcaption id=\"caption-attachment-31616\" class=\"wp-caption-text\">MOC-89668 D.VA Gun-Overwatch 794 darabbal<\/figcaption><\/figure>\n<figure id=\"attachment_31617\" aria-describedby=\"caption-attachment-31617\" style=\"width: 1000px\" class=\"wp-caption aligncenter\"><img decoding=\"async\" class=\"wp-image-31617 size-full\" src=\"https:\/\/mouldking.store\/wp-content\/uploads\/2022\/05\/MOCBRICKLAND-MOC-89668-D.VA-Gun-Overwatch-7.jpg\" alt=\"MOC-89668 D.VA Gun-Overwatch with 794 pieces\" width=\"1000\" height=\"1000\" title=\"-\" srcset=\"https:\/\/mouldking.store\/wp-content\/uploads\/2022\/05\/MOCBRICKLAND-MOC-89668-D.VA-Gun-Overwatch-7.jpg 1000w, https:\/\/mouldking.store\/wp-content\/uploads\/2022\/05\/MOCBRICKLAND-MOC-89668-D.VA-Gun-Overwatch-7-300x300.jpg 300w, https:\/\/mouldking.store\/wp-content\/uploads\/2022\/05\/MOCBRICKLAND-MOC-89668-D.VA-Gun-Overwatch-7-768x768.jpg 768w, https:\/\/mouldking.store\/wp-content\/uploads\/2022\/05\/MOCBRICKLAND-MOC-89668-D.VA-Gun-Overwatch-7-600x600.jpg 600w, https:\/\/mouldking.store\/wp-content\/uploads\/2022\/05\/MOCBRICKLAND-MOC-89668-D.VA-Gun-Overwatch-7-150x150.jpg 150w\" sizes=\"(max-width: 1000px) 100vw, 1000px\" \/><figcaption id=\"caption-attachment-31617\" class=\"wp-caption-text\">MOC-89668 D.VA Gun-Overwatch 794 darabbal<\/figcaption><\/figure>\n<figure id=\"attachment_31613\" aria-describedby=\"caption-attachment-31613\" style=\"width: 1000px\" class=\"wp-caption aligncenter\"><img decoding=\"async\" class=\"wp-image-31613 size-full\" src=\"https:\/\/mouldking.store\/wp-content\/uploads\/2022\/05\/MOCBRICKLAND-MOC-89668-D.VA-Gun-Overwatch-9.jpg\" alt=\"MOC-89668 D.VA Gun-Overwatch with 794 pieces\" width=\"1000\" height=\"1000\" title=\"-\" srcset=\"https:\/\/mouldking.store\/wp-content\/uploads\/2022\/05\/MOCBRICKLAND-MOC-89668-D.VA-Gun-Overwatch-9.jpg 1000w, https:\/\/mouldking.store\/wp-content\/uploads\/2022\/05\/MOCBRICKLAND-MOC-89668-D.VA-Gun-Overwatch-9-300x300.jpg 300w, https:\/\/mouldking.store\/wp-content\/uploads\/2022\/05\/MOCBRICKLAND-MOC-89668-D.VA-Gun-Overwatch-9-768x768.jpg 768w, https:\/\/mouldking.store\/wp-content\/uploads\/2022\/05\/MOCBRICKLAND-MOC-89668-D.VA-Gun-Overwatch-9-600x600.jpg 600w, https:\/\/mouldking.store\/wp-content\/uploads\/2022\/05\/MOCBRICKLAND-MOC-89668-D.VA-Gun-Overwatch-9-150x150.jpg 150w\" sizes=\"(max-width: 1000px) 100vw, 1000px\" \/><figcaption id=\"caption-attachment-31613\" class=\"wp-caption-text\">MOC-89668 D.VA Gun-Overwatch 794 darabbal<\/figcaption><\/figure>\n<figure id=\"attachment_31610\" aria-describedby=\"caption-attachment-31610\" style=\"width: 1000px\" class=\"wp-caption aligncenter\"><img loading=\"lazy\" decoding=\"async\" class=\"wp-image-31610 size-full\" src=\"https:\/\/mouldking.store\/wp-content\/uploads\/2022\/05\/MOCBRICKLAND-MOC-89668-D.VA-Gun-Overwatch-2.jpg\" alt=\"MOC-89668 D.VA Gun-Overwatch with 794 pieces\" width=\"1000\" height=\"1000\" title=\"-\" srcset=\"https:\/\/mouldking.store\/wp-content\/uploads\/2022\/05\/MOCBRICKLAND-MOC-89668-D.VA-Gun-Overwatch-2.jpg 1000w, https:\/\/mouldking.store\/wp-content\/uploads\/2022\/05\/MOCBRICKLAND-MOC-89668-D.VA-Gun-Overwatch-2-300x300.jpg 300w, https:\/\/mouldking.store\/wp-content\/uploads\/2022\/05\/MOCBRICKLAND-MOC-89668-D.VA-Gun-Overwatch-2-768x768.jpg 768w, https:\/\/mouldking.store\/wp-content\/uploads\/2022\/05\/MOCBRICKLAND-MOC-89668-D.VA-Gun-Overwatch-2-600x600.jpg 600w, https:\/\/mouldking.store\/wp-content\/uploads\/2022\/05\/MOCBRICKLAND-MOC-89668-D.VA-Gun-Overwatch-2-150x150.jpg 150w\" sizes=\"(max-width: 1000px) 100vw, 1000px\" \/><figcaption id=\"caption-attachment-31610\" class=\"wp-caption-text\">MOC-89668 D.VA Gun-Overwatch 794 darabbal<\/figcaption><\/figure>\n<figure id=\"attachment_31611\" aria-describedby=\"caption-attachment-31611\" style=\"width: 1000px\" class=\"wp-caption aligncenter\"><img loading=\"lazy\" decoding=\"async\" class=\"wp-image-31611 size-full\" src=\"https:\/\/mouldking.store\/wp-content\/uploads\/2022\/05\/MOCBRICKLAND-MOC-89668-D.VA-Gun-Overwatch-1.jpg\" alt=\"MOC-89668 D.VA Gun-Overwatch with 794 pieces\" width=\"1000\" height=\"1000\" title=\"-\" srcset=\"https:\/\/mouldking.store\/wp-content\/uploads\/2022\/05\/MOCBRICKLAND-MOC-89668-D.VA-Gun-Overwatch-1.jpg 1000w, https:\/\/mouldking.store\/wp-content\/uploads\/2022\/05\/MOCBRICKLAND-MOC-89668-D.VA-Gun-Overwatch-1-300x300.jpg 300w, https:\/\/mouldking.store\/wp-content\/uploads\/2022\/05\/MOCBRICKLAND-MOC-89668-D.VA-Gun-Overwatch-1-768x768.jpg 768w, https:\/\/mouldking.store\/wp-content\/uploads\/2022\/05\/MOCBRICKLAND-MOC-89668-D.VA-Gun-Overwatch-1-600x600.jpg 600w, https:\/\/mouldking.store\/wp-content\/uploads\/2022\/05\/MOCBRICKLAND-MOC-89668-D.VA-Gun-Overwatch-1-150x150.jpg 150w\" sizes=\"(max-width: 1000px) 100vw, 1000px\" \/><figcaption id=\"caption-attachment-31611\" class=\"wp-caption-text\">MOC-89668 D.VA Gun-Overwatch 794 darabbal<\/figcaption><\/figure>\n<figure id=\"attachment_31612\" aria-describedby=\"caption-attachment-31612\" style=\"width: 1000px\" class=\"wp-caption aligncenter\"><img loading=\"lazy\" decoding=\"async\" class=\"wp-image-31612 size-full\" src=\"https:\/\/mouldking.store\/wp-content\/uploads\/2022\/05\/MOCBRICKLAND-MOC-89668-D.VA-Gun-Overwatch-12.jpg\" alt=\"MOC-89668 D.VA Gun-Overwatch with 794 pieces\" width=\"1000\" height=\"1000\" title=\"-\" srcset=\"https:\/\/mouldking.store\/wp-content\/uploads\/2022\/05\/MOCBRICKLAND-MOC-89668-D.VA-Gun-Overwatch-12.jpg 1000w, https:\/\/mouldking.store\/wp-content\/uploads\/2022\/05\/MOCBRICKLAND-MOC-89668-D.VA-Gun-Overwatch-12-300x300.jpg 300w, https:\/\/mouldking.store\/wp-content\/uploads\/2022\/05\/MOCBRICKLAND-MOC-89668-D.VA-Gun-Overwatch-12-768x768.jpg 768w, https:\/\/mouldking.store\/wp-content\/uploads\/2022\/05\/MOCBRICKLAND-MOC-89668-D.VA-Gun-Overwatch-12-600x600.jpg 600w, https:\/\/mouldking.store\/wp-content\/uploads\/2022\/05\/MOCBRICKLAND-MOC-89668-D.VA-Gun-Overwatch-12-150x150.jpg 150w\" sizes=\"(max-width: 1000px) 100vw, 1000px\" \/><figcaption id=\"caption-attachment-31612\" class=\"wp-caption-text\">MOC-89668 D.VA Gun-Overwatch 794 darabbal<\/figcaption><\/figure>\n<figure id=\"attachment_31621\" aria-describedby=\"caption-attachment-31621\" style=\"width: 1000px\" class=\"wp-caption aligncenter\"><img loading=\"lazy\" decoding=\"async\" class=\"wp-image-31621 size-full\" src=\"https:\/\/mouldking.store\/wp-content\/uploads\/2022\/05\/MOCBRICKLAND-MOC-89668-D.VA-Gun-Overwatch-3.jpg\" alt=\"MOC-89668 D.VA Gun-Overwatch with 794 pieces\" width=\"1000\" height=\"1000\" title=\"-\" srcset=\"https:\/\/mouldking.store\/wp-content\/uploads\/2022\/05\/MOCBRICKLAND-MOC-89668-D.VA-Gun-Overwatch-3.jpg 1000w, https:\/\/mouldking.store\/wp-content\/uploads\/2022\/05\/MOCBRICKLAND-MOC-89668-D.VA-Gun-Overwatch-3-300x300.jpg 300w, https:\/\/mouldking.store\/wp-content\/uploads\/2022\/05\/MOCBRICKLAND-MOC-89668-D.VA-Gun-Overwatch-3-768x768.jpg 768w, https:\/\/mouldking.store\/wp-content\/uploads\/2022\/05\/MOCBRICKLAND-MOC-89668-D.VA-Gun-Overwatch-3-600x600.jpg 600w, https:\/\/mouldking.store\/wp-content\/uploads\/2022\/05\/MOCBRICKLAND-MOC-89668-D.VA-Gun-Overwatch-3-150x150.jpg 150w\" sizes=\"(max-width: 1000px) 100vw, 1000px\" \/><figcaption id=\"caption-attachment-31621\" class=\"wp-caption-text\">MOC-89668 D.VA Gun-Overwatch 794 darabbal<\/figcaption><\/figure>\n<figure id=\"attachment_31615\" aria-describedby=\"caption-attachment-31615\" style=\"width: 1000px\" class=\"wp-caption aligncenter\"><img loading=\"lazy\" decoding=\"async\" class=\"wp-image-31615 size-full\" src=\"https:\/\/mouldking.store\/wp-content\/uploads\/2022\/05\/MOCBRICKLAND-MOC-89668-D.VA-Gun-Overwatch-10.jpg\" alt=\"MOC-89668 D.VA Gun-Overwatch with 794 pieces\" width=\"1000\" height=\"1000\" title=\"-\" srcset=\"https:\/\/mouldking.store\/wp-content\/uploads\/2022\/05\/MOCBRICKLAND-MOC-89668-D.VA-Gun-Overwatch-10.jpg 1000w, https:\/\/mouldking.store\/wp-content\/uploads\/2022\/05\/MOCBRICKLAND-MOC-89668-D.VA-Gun-Overwatch-10-300x300.jpg 300w, https:\/\/mouldking.store\/wp-content\/uploads\/2022\/05\/MOCBRICKLAND-MOC-89668-D.VA-Gun-Overwatch-10-768x768.jpg 768w, https:\/\/mouldking.store\/wp-content\/uploads\/2022\/05\/MOCBRICKLAND-MOC-89668-D.VA-Gun-Overwatch-10-600x600.jpg 600w, https:\/\/mouldking.store\/wp-content\/uploads\/2022\/05\/MOCBRICKLAND-MOC-89668-D.VA-Gun-Overwatch-10-150x150.jpg 150w\" sizes=\"(max-width: 1000px) 100vw, 1000px\" \/><figcaption id=\"caption-attachment-31615\" class=\"wp-caption-text\">MOC-89668 D.VA Gun-Overwatch 794 darabbal<\/figcaption><\/figure>\n<figure id=\"attachment_31614\" aria-describedby=\"caption-attachment-31614\" style=\"width: 1000px\" class=\"wp-caption aligncenter\"><img loading=\"lazy\" decoding=\"async\" class=\"wp-image-31614 size-full\" src=\"https:\/\/mouldking.store\/wp-content\/uploads\/2022\/05\/MOCBRICKLAND-MOC-89668-D.VA-Gun-Overwatch-11.jpg\" alt=\"MOC-89668 D.VA Gun-Overwatch with 794 pieces\" width=\"1000\" height=\"1000\" title=\"-\" srcset=\"https:\/\/mouldking.store\/wp-content\/uploads\/2022\/05\/MOCBRICKLAND-MOC-89668-D.VA-Gun-Overwatch-11.jpg 1000w, https:\/\/mouldking.store\/wp-content\/uploads\/2022\/05\/MOCBRICKLAND-MOC-89668-D.VA-Gun-Overwatch-11-300x300.jpg 300w, https:\/\/mouldking.store\/wp-content\/uploads\/2022\/05\/MOCBRICKLAND-MOC-89668-D.VA-Gun-Overwatch-11-768x768.jpg 768w, https:\/\/mouldking.store\/wp-content\/uploads\/2022\/05\/MOCBRICKLAND-MOC-89668-D.VA-Gun-Overwatch-11-600x600.jpg 600w, https:\/\/mouldking.store\/wp-content\/uploads\/2022\/05\/MOCBRICKLAND-MOC-89668-D.VA-Gun-Overwatch-11-150x150.jpg 150w\" sizes=\"(max-width: 1000px) 100vw, 1000px\" \/><figcaption id=\"caption-attachment-31614\" class=\"wp-caption-text\">MOC-89668 D.VA Gun-Overwatch 794 darabbal<\/figcaption><\/figure>\n<figure id=\"attachment_31620\" aria-describedby=\"caption-attachment-31620\" style=\"width: 1000px\" class=\"wp-caption aligncenter\"><img loading=\"lazy\" decoding=\"async\" class=\"wp-image-31620 size-full\" src=\"https:\/\/mouldking.store\/wp-content\/uploads\/2022\/05\/MOCBRICKLAND-MOC-89668-D.VA-Gun-Overwatch-4.jpg\" alt=\"MOC-89668 D.VA Gun-Overwatch with 794 pieces\" width=\"1000\" height=\"1000\" title=\"-\" srcset=\"https:\/\/mouldking.store\/wp-content\/uploads\/2022\/05\/MOCBRICKLAND-MOC-89668-D.VA-Gun-Overwatch-4.jpg 1000w, https:\/\/mouldking.store\/wp-content\/uploads\/2022\/05\/MOCBRICKLAND-MOC-89668-D.VA-Gun-Overwatch-4-300x300.jpg 300w, https:\/\/mouldking.store\/wp-content\/uploads\/2022\/05\/MOCBRICKLAND-MOC-89668-D.VA-Gun-Overwatch-4-768x768.jpg 768w, https:\/\/mouldking.store\/wp-content\/uploads\/2022\/05\/MOCBRICKLAND-MOC-89668-D.VA-Gun-Overwatch-4-600x600.jpg 600w, https:\/\/mouldking.store\/wp-content\/uploads\/2022\/05\/MOCBRICKLAND-MOC-89668-D.VA-Gun-Overwatch-4-150x150.jpg 150w\" sizes=\"(max-width: 1000px) 100vw, 1000px\" \/><figcaption id=\"caption-attachment-31620\" class=\"wp-caption-text\">MOC-89668 D.VA Gun-Overwatch 794 darabbal<\/figcaption><\/figure>\n<figure id=\"attachment_31619\" aria-describedby=\"caption-attachment-31619\" style=\"width: 1000px\" class=\"wp-caption aligncenter\"><img loading=\"lazy\" decoding=\"async\" class=\"wp-image-31619 size-full\" src=\"https:\/\/mouldking.store\/wp-content\/uploads\/2022\/05\/MOCBRICKLAND-MOC-89668-D.VA-Gun-Overwatch-5.jpg\" alt=\"MOC-89668 D.VA Gun-Overwatch with 794 pieces\" width=\"1000\" height=\"1000\" title=\"-\" srcset=\"https:\/\/mouldking.store\/wp-content\/uploads\/2022\/05\/MOCBRICKLAND-MOC-89668-D.VA-Gun-Overwatch-5.jpg 1000w, https:\/\/mouldking.store\/wp-content\/uploads\/2022\/05\/MOCBRICKLAND-MOC-89668-D.VA-Gun-Overwatch-5-300x300.jpg 300w, https:\/\/mouldking.store\/wp-content\/uploads\/2022\/05\/MOCBRICKLAND-MOC-89668-D.VA-Gun-Overwatch-5-768x768.jpg 768w, https:\/\/mouldking.store\/wp-content\/uploads\/2022\/05\/MOCBRICKLAND-MOC-89668-D.VA-Gun-Overwatch-5-600x600.jpg 600w, https:\/\/mouldking.store\/wp-content\/uploads\/2022\/05\/MOCBRICKLAND-MOC-89668-D.VA-Gun-Overwatch-5-150x150.jpg 150w\" sizes=\"(max-width: 1000px) 100vw, 1000px\" \/><figcaption id=\"caption-attachment-31619\" class=\"wp-caption-text\">MOC-89668 D.VA Gun-Overwatch 794 darabbal<\/figcaption><\/figure>\n<figure id=\"attachment_31618\" aria-describedby=\"caption-attachment-31618\" style=\"width: 1000px\" class=\"wp-caption aligncenter\"><img loading=\"lazy\" decoding=\"async\" class=\"wp-image-31618 size-full\" src=\"https:\/\/mouldking.store\/wp-content\/uploads\/2022\/05\/MOCBRICKLAND-MOC-89668-D.VA-Gun-Overwatch-6.jpg\" alt=\"MOC-89668 D.VA Gun-Overwatch with 794 pieces\" width=\"1000\" height=\"1000\" title=\"-\" srcset=\"https:\/\/mouldking.store\/wp-content\/uploads\/2022\/05\/MOCBRICKLAND-MOC-89668-D.VA-Gun-Overwatch-6.jpg 1000w, https:\/\/mouldking.store\/wp-content\/uploads\/2022\/05\/MOCBRICKLAND-MOC-89668-D.VA-Gun-Overwatch-6-300x300.jpg 300w, https:\/\/mouldking.store\/wp-content\/uploads\/2022\/05\/MOCBRICKLAND-MOC-89668-D.VA-Gun-Overwatch-6-768x768.jpg 768w, https:\/\/mouldking.store\/wp-content\/uploads\/2022\/05\/MOCBRICKLAND-MOC-89668-D.VA-Gun-Overwatch-6-600x600.jpg 600w, https:\/\/mouldking.store\/wp-content\/uploads\/2022\/05\/MOCBRICKLAND-MOC-89668-D.VA-Gun-Overwatch-6-150x150.jpg 150w\" sizes=\"(max-width: 1000px) 100vw, 1000px\" \/><figcaption id=\"caption-attachment-31618\" class=\"wp-caption-text\">MOC-89668 D.VA Gun-Overwatch 794 darabbal<\/figcaption><\/figure>","protected":false},"excerpt":{"rendered":"<p>Product information: Brand: MOC Gender: Unisex Name: D.VA Gun-Overwatch Age Range: &gt; 6 years old Model Number: MOC-89668 Classification: Assemblage Plastic Block Shape: Self-Locking Bricks Material: Plastic Plastic Type: ABS Bricks Blocks: 794 PCS Contains detailed assembly instructions. Notice: 1. Without an original box, but we guarantee our products have quality assurance and nice packaging. [&hellip;]<\/p>","protected":false},"featured_media":31613,"comment_status":"closed","ping_status":"closed","template":"","meta":{"_acf_changed":false},"product_cat":[371],"product_tag":[5617,5618,5619,5616,5620],"class_list":["product","first","instock","shipping-taxable","purchasable","product-type-simple"],"acf":[],"_links":{"self":[{"href":"https:\/\/mouldking.store\/hu\/wp-json\/wp\/v2\/product\/31609","targetHints":{"allow":["GET"]}}],"collection":[{"href":"https:\/\/mouldking.store\/hu\/wp-json\/wp\/v2\/product"}],"about":[{"href":"https:\/\/mouldking.store\/hu\/wp-json\/wp\/v2\/types\/product"}],"replies":[{"embeddable":true,"href":"https:\/\/mouldking.store\/hu\/wp-json\/wp\/v2\/comments?post=31609"}],"wp:featuredmedia":[{"embeddable":true,"href":"https:\/\/mouldking.store\/hu\/wp-json\/wp\/v2\/media\/31613"}],"wp:attachment":[{"href":"https:\/\/mouldking.store\/hu\/wp-json\/wp\/v2\/media?parent=31609"}],"wp:term":[{"taxonomy":"product_cat","embeddable":true,"href":"https:\/\/mouldking.store\/hu\/wp-json\/wp\/v2\/product_cat?post=31609"},{"taxonomy":"product_tag","embeddable":true,"href":"https:\/\/mouldking.store\/hu\/wp-json\/wp\/v2\/product_tag?post=31609"}],"curies":[{"name":"wp","href":"https:\/\/api.w.org\/{rel}","templated":true}]}}