{"id":31903,"date":"2022-03-20T11:24:53","date_gmt":"2022-03-20T04:24:53","guid":{"rendered":"https:\/\/mouldking.store\/?post_type=product&#038;p=31903"},"modified":"2022-07-20T12:22:08","modified_gmt":"2022-07-20T05:22:08","slug":"mouldking-27000-acrylic-display-box","status":"publish","type":"product","link":"https:\/\/mouldking.store\/hu\/shop\/mouldking-27000-acrylic-display-box\/","title":{"rendered":"MOULDKING 27000 akril kijelz\u0151 doboz"},"content":{"rendered":"<p>Term\u00e9k inform\u00e1ci\u00f3:<br \/>\n1. M\u00e1rka: Mold King<br \/>\n2. Nem: Uniszex<br \/>\n3. Name: Acrylic Display Box<br \/>\n4. Korhat\u00e1r: &gt; 14 \u00e9v<br \/>\n5. Model Number: 27000<br \/>\n6. Oszt\u00e1lyoz\u00e1s: \u00d6sszeszerel\u00e9s<br \/>\n7. M\u0171anyag blokk alakja: \u00f6nz\u00e1r\u00f3 t\u00e9gl\u00e1k<br \/>\n8. Anyaga: M\u0171anyag<br \/>\n9. M\u0171anyag t\u00edpus: ABS<br \/>\n10. Contains detailed assembly instructions.<br \/>\n\u00c9rtes\u00edt\u00e9s:<br \/>\n1. Eredeti doboz n\u00e9lk\u00fcl, de garant\u00e1ljuk, hogy term\u00e9keink min\u0151s\u00e9gbiztos\u00edt\u00e1ssal \u00e9s sz\u00e9p csomagol\u00e1ssal rendelkeznek.<br \/>\n2. Mint minden alkatr\u00e9szt, amelyet a sz\u00e1ll\u00edt\u00e1s el\u0151tt ellen\u0151rizt\u00fcnk, ez\u00e9rt ha \u00fagy tal\u00e1lja, hogy n\u00e9h\u00e1ny alkatr\u00e9sz hi\u00e1nyzik vagy s\u00e9r\u00fclt, ne agg\u00f3djon, \u00e9s k\u00e9rj\u00fck, vegye fel vel\u00fcnk a kapcsolatot, \u00e9s azonnal ingyenesen elk\u00fcldj\u00fck \u00d6nnek.<\/p>\n<figure id=\"attachment_31912\" aria-describedby=\"caption-attachment-31912\" style=\"width: 1000px\" class=\"wp-caption aligncenter\"><img fetchpriority=\"high\" decoding=\"async\" class=\"wp-image-31912 size-full\" src=\"https:\/\/mouldking.store\/wp-content\/uploads\/2022\/07\/MOULDKING-27000-Acrylic-Display-Box-10.jpg\" alt=\"MOULDKING 27000 Acrylic Display Box\" width=\"1000\" height=\"811\" title=\"-\" srcset=\"https:\/\/mouldking.store\/wp-content\/uploads\/2022\/07\/MOULDKING-27000-Acrylic-Display-Box-10.jpg 1000w, https:\/\/mouldking.store\/wp-content\/uploads\/2022\/07\/MOULDKING-27000-Acrylic-Display-Box-10-300x243.jpg 300w, https:\/\/mouldking.store\/wp-content\/uploads\/2022\/07\/MOULDKING-27000-Acrylic-Display-Box-10-768x623.jpg 768w, https:\/\/mouldking.store\/wp-content\/uploads\/2022\/07\/MOULDKING-27000-Acrylic-Display-Box-10-600x487.jpg 600w, https:\/\/mouldking.store\/wp-content\/uploads\/2022\/07\/MOULDKING-27000-Acrylic-Display-Box-10-150x122.jpg 150w\" sizes=\"(max-width: 1000px) 100vw, 1000px\" \/><figcaption id=\"caption-attachment-31912\" class=\"wp-caption-text\">MOULDKING 27000 akril kijelz\u0151 doboz<\/figcaption><\/figure>\n<figure id=\"attachment_31909\" aria-describedby=\"caption-attachment-31909\" style=\"width: 800px\" class=\"wp-caption aligncenter\"><img decoding=\"async\" class=\"wp-image-31909 size-full\" src=\"https:\/\/mouldking.store\/wp-content\/uploads\/2022\/07\/MOULDKING-27000-Acrylic-Display-Box-7.jpg\" alt=\"MOULDKING 27000 Acrylic Display Box\" width=\"800\" height=\"800\" title=\"-\" srcset=\"https:\/\/mouldking.store\/wp-content\/uploads\/2022\/07\/MOULDKING-27000-Acrylic-Display-Box-7.jpg 800w, https:\/\/mouldking.store\/wp-content\/uploads\/2022\/07\/MOULDKING-27000-Acrylic-Display-Box-7-300x300.jpg 300w, https:\/\/mouldking.store\/wp-content\/uploads\/2022\/07\/MOULDKING-27000-Acrylic-Display-Box-7-768x768.jpg 768w, https:\/\/mouldking.store\/wp-content\/uploads\/2022\/07\/MOULDKING-27000-Acrylic-Display-Box-7-600x600.jpg 600w, https:\/\/mouldking.store\/wp-content\/uploads\/2022\/07\/MOULDKING-27000-Acrylic-Display-Box-7-150x150.jpg 150w\" sizes=\"(max-width: 800px) 100vw, 800px\" \/><figcaption id=\"caption-attachment-31909\" class=\"wp-caption-text\">MOULDKING 27000 akril kijelz\u0151 doboz<\/figcaption><\/figure>\n<figure id=\"attachment_31908\" aria-describedby=\"caption-attachment-31908\" style=\"width: 800px\" class=\"wp-caption aligncenter\"><img decoding=\"async\" class=\"wp-image-31908 size-full\" src=\"https:\/\/mouldking.store\/wp-content\/uploads\/2022\/07\/MOULDKING-27000-Acrylic-Display-Box-6.jpg\" alt=\"MOULDKING 27000 Acrylic Display Box\" width=\"800\" height=\"800\" title=\"-\" srcset=\"https:\/\/mouldking.store\/wp-content\/uploads\/2022\/07\/MOULDKING-27000-Acrylic-Display-Box-6.jpg 800w, https:\/\/mouldking.store\/wp-content\/uploads\/2022\/07\/MOULDKING-27000-Acrylic-Display-Box-6-300x300.jpg 300w, https:\/\/mouldking.store\/wp-content\/uploads\/2022\/07\/MOULDKING-27000-Acrylic-Display-Box-6-768x768.jpg 768w, https:\/\/mouldking.store\/wp-content\/uploads\/2022\/07\/MOULDKING-27000-Acrylic-Display-Box-6-600x600.jpg 600w, https:\/\/mouldking.store\/wp-content\/uploads\/2022\/07\/MOULDKING-27000-Acrylic-Display-Box-6-150x150.jpg 150w\" sizes=\"(max-width: 800px) 100vw, 800px\" \/><figcaption id=\"caption-attachment-31908\" class=\"wp-caption-text\">MOULDKING 27000 akril kijelz\u0151 doboz<\/figcaption><\/figure>\n<figure id=\"attachment_31907\" aria-describedby=\"caption-attachment-31907\" style=\"width: 800px\" class=\"wp-caption aligncenter\"><img loading=\"lazy\" decoding=\"async\" class=\"wp-image-31907 size-full\" src=\"https:\/\/mouldking.store\/wp-content\/uploads\/2022\/07\/MOULDKING-27000-Acrylic-Display-Box-5.jpg\" alt=\"MOULDKING 27000 Acrylic Display Box\" width=\"800\" height=\"800\" title=\"-\" srcset=\"https:\/\/mouldking.store\/wp-content\/uploads\/2022\/07\/MOULDKING-27000-Acrylic-Display-Box-5.jpg 800w, https:\/\/mouldking.store\/wp-content\/uploads\/2022\/07\/MOULDKING-27000-Acrylic-Display-Box-5-300x300.jpg 300w, https:\/\/mouldking.store\/wp-content\/uploads\/2022\/07\/MOULDKING-27000-Acrylic-Display-Box-5-768x768.jpg 768w, https:\/\/mouldking.store\/wp-content\/uploads\/2022\/07\/MOULDKING-27000-Acrylic-Display-Box-5-600x600.jpg 600w, https:\/\/mouldking.store\/wp-content\/uploads\/2022\/07\/MOULDKING-27000-Acrylic-Display-Box-5-150x150.jpg 150w\" sizes=\"(max-width: 800px) 100vw, 800px\" \/><figcaption id=\"caption-attachment-31907\" class=\"wp-caption-text\">MOULDKING 27000 akril kijelz\u0151 doboz<\/figcaption><\/figure>\n<figure id=\"attachment_31906\" aria-describedby=\"caption-attachment-31906\" style=\"width: 800px\" class=\"wp-caption aligncenter\"><img loading=\"lazy\" decoding=\"async\" class=\"wp-image-31906 size-full\" src=\"https:\/\/mouldking.store\/wp-content\/uploads\/2022\/07\/MOULDKING-27000-Acrylic-Display-Box-4.jpg\" alt=\"MOULDKING 27000 Acrylic Display Box\" width=\"800\" height=\"800\" title=\"-\" srcset=\"https:\/\/mouldking.store\/wp-content\/uploads\/2022\/07\/MOULDKING-27000-Acrylic-Display-Box-4.jpg 800w, https:\/\/mouldking.store\/wp-content\/uploads\/2022\/07\/MOULDKING-27000-Acrylic-Display-Box-4-300x300.jpg 300w, https:\/\/mouldking.store\/wp-content\/uploads\/2022\/07\/MOULDKING-27000-Acrylic-Display-Box-4-768x768.jpg 768w, https:\/\/mouldking.store\/wp-content\/uploads\/2022\/07\/MOULDKING-27000-Acrylic-Display-Box-4-600x600.jpg 600w, https:\/\/mouldking.store\/wp-content\/uploads\/2022\/07\/MOULDKING-27000-Acrylic-Display-Box-4-150x150.jpg 150w\" sizes=\"(max-width: 800px) 100vw, 800px\" \/><figcaption id=\"caption-attachment-31906\" class=\"wp-caption-text\">MOULDKING 27000 akril kijelz\u0151 doboz<\/figcaption><\/figure>\n<figure id=\"attachment_31905\" aria-describedby=\"caption-attachment-31905\" style=\"width: 800px\" class=\"wp-caption aligncenter\"><img loading=\"lazy\" decoding=\"async\" class=\"wp-image-31905 size-full\" src=\"https:\/\/mouldking.store\/wp-content\/uploads\/2022\/07\/MOULDKING-27000-Acrylic-Display-Box-3.jpg\" alt=\"MOULDKING 27000 Acrylic Display Box\" width=\"800\" height=\"800\" title=\"-\" srcset=\"https:\/\/mouldking.store\/wp-content\/uploads\/2022\/07\/MOULDKING-27000-Acrylic-Display-Box-3.jpg 800w, https:\/\/mouldking.store\/wp-content\/uploads\/2022\/07\/MOULDKING-27000-Acrylic-Display-Box-3-300x300.jpg 300w, https:\/\/mouldking.store\/wp-content\/uploads\/2022\/07\/MOULDKING-27000-Acrylic-Display-Box-3-768x768.jpg 768w, https:\/\/mouldking.store\/wp-content\/uploads\/2022\/07\/MOULDKING-27000-Acrylic-Display-Box-3-600x600.jpg 600w, https:\/\/mouldking.store\/wp-content\/uploads\/2022\/07\/MOULDKING-27000-Acrylic-Display-Box-3-150x150.jpg 150w\" sizes=\"(max-width: 800px) 100vw, 800px\" \/><figcaption id=\"caption-attachment-31905\" class=\"wp-caption-text\">MOULDKING 27000 akril kijelz\u0151 doboz<\/figcaption><\/figure>\n<figure id=\"attachment_31904\" aria-describedby=\"caption-attachment-31904\" style=\"width: 800px\" class=\"wp-caption aligncenter\"><img loading=\"lazy\" decoding=\"async\" class=\"wp-image-31904 size-full\" src=\"https:\/\/mouldking.store\/wp-content\/uploads\/2022\/07\/MOULDKING-27000-Acrylic-Display-Box-2.jpg\" alt=\"MOULDKING 27000 Acrylic Display Box\" width=\"800\" height=\"800\" title=\"-\" srcset=\"https:\/\/mouldking.store\/wp-content\/uploads\/2022\/07\/MOULDKING-27000-Acrylic-Display-Box-2.jpg 800w, https:\/\/mouldking.store\/wp-content\/uploads\/2022\/07\/MOULDKING-27000-Acrylic-Display-Box-2-300x300.jpg 300w, https:\/\/mouldking.store\/wp-content\/uploads\/2022\/07\/MOULDKING-27000-Acrylic-Display-Box-2-768x768.jpg 768w, https:\/\/mouldking.store\/wp-content\/uploads\/2022\/07\/MOULDKING-27000-Acrylic-Display-Box-2-600x600.jpg 600w, https:\/\/mouldking.store\/wp-content\/uploads\/2022\/07\/MOULDKING-27000-Acrylic-Display-Box-2-150x150.jpg 150w\" sizes=\"(max-width: 800px) 100vw, 800px\" \/><figcaption id=\"caption-attachment-31904\" class=\"wp-caption-text\">MOULDKING 27000 akril kijelz\u0151 doboz<\/figcaption><\/figure>\n<p>&nbsp;<\/p>","protected":false},"excerpt":{"rendered":"<p>Product information: 1. Brand: Mould King 2. Gender: Unisex 3. Name: Acrylic Display Box 4. Age Range: &gt; 14 years old 5. Model Number: 27000 6. Classification: Assemblage 7. Plastic Block Shape: Self-Locking Bricks 8. Material: Plastic 9. Plastic Type: ABS 10. Contains detailed assembly instructions. Notice: 1. Without an original box, but we guarantee [&hellip;]<\/p>","protected":false},"featured_media":31909,"comment_status":"closed","ping_status":"closed","template":"","meta":{"_acf_changed":false},"product_cat":[371],"product_tag":[5669,5667,5668,5666,5665],"class_list":["product","first","instock","shipping-taxable","purchasable","product-type-simple"],"acf":[],"_links":{"self":[{"href":"https:\/\/mouldking.store\/hu\/wp-json\/wp\/v2\/product\/31903","targetHints":{"allow":["GET"]}}],"collection":[{"href":"https:\/\/mouldking.store\/hu\/wp-json\/wp\/v2\/product"}],"about":[{"href":"https:\/\/mouldking.store\/hu\/wp-json\/wp\/v2\/types\/product"}],"replies":[{"embeddable":true,"href":"https:\/\/mouldking.store\/hu\/wp-json\/wp\/v2\/comments?post=31903"}],"wp:featuredmedia":[{"embeddable":true,"href":"https:\/\/mouldking.store\/hu\/wp-json\/wp\/v2\/media\/31909"}],"wp:attachment":[{"href":"https:\/\/mouldking.store\/hu\/wp-json\/wp\/v2\/media?parent=31903"}],"wp:term":[{"taxonomy":"product_cat","embeddable":true,"href":"https:\/\/mouldking.store\/hu\/wp-json\/wp\/v2\/product_cat?post=31903"},{"taxonomy":"product_tag","embeddable":true,"href":"https:\/\/mouldking.store\/hu\/wp-json\/wp\/v2\/product_tag?post=31903"}],"curies":[{"name":"wp","href":"https:\/\/api.w.org\/{rel}","templated":true}]}}