{"id":32215,"date":"2022-08-31T16:58:21","date_gmt":"2022-08-31T09:58:21","guid":{"rendered":"https:\/\/mouldking.store\/?post_type=product&#038;p=32215"},"modified":"2025-12-25T09:12:28","modified_gmt":"2025-12-25T02:12:28","slug":"moc-81647-c-40-3-cupula-caboose-southern-pacific-edition-with-594-pieces","status":"publish","type":"product","link":"https:\/\/mouldking.store\/hu\/shop\/moc-81647-c-40-3-cupula-caboose-southern-pacific-edition-with-594-pieces\/","title":{"rendered":"MOC-81647 C-40-3 Cupula Caboose \u2013 D\u00e9l-csendes-\u00f3ce\u00e1ni kiad\u00e1s 594 darabbal"},"content":{"rendered":"<p>Term\u00e9k inform\u00e1ci\u00f3:<\/p>\n<ol>\n<li>M\u00e1rka: MOC<\/li>\n<li>Nem: Uniszex<\/li>\n<li>Name: C-40-3 Cupula Caboose \u2013 Southern Pacific edition<\/li>\n<li>Koroszt\u00e1ly: &gt; 6 \u00e9v<\/li>\n<li>Model Number: MOC-81647 &#8211; C9044<\/li>\n<li>Besorol\u00e1s: \u00d6sszeszerel\u00e9s<\/li>\n<li>M\u0171anyag blokk forma: \u00f6nz\u00e1r\u00f3 t\u00e9gla<\/li>\n<li>Anyaga: M\u0171anyag<\/li>\n<li>M\u0171anyag t\u00edpus: ABS<\/li>\n<li>Bricks Blocks: 594 PCS<\/li>\n<li>Dimensions: 40 x 17.78 x 10.16 cm<\/li>\n<li>Weight: 0.6 kg<\/li>\n<li>R\u00e9szletes \u00f6sszeszerel\u00e9si \u00fatmutat\u00f3t tartalmaz.<\/li>\n<\/ol>\n<p>\u00c9rtes\u00edt\u00e9s:<br \/>\n1. Eredeti doboz n\u00e9lk\u00fcl, de garant\u00e1ljuk, hogy term\u00e9keink min\u0151s\u00e9gbiztos\u00edt\u00e1ssal \u00e9s sz\u00e9p csomagol\u00e1ssal rendelkeznek.<br \/>\n2. Mint minden alkatr\u00e9szt, amelyet a sz\u00e1ll\u00edt\u00e1s el\u0151tt ellen\u0151rizt\u00fcnk, ez\u00e9rt ha \u00fagy tal\u00e1lja, hogy n\u00e9h\u00e1ny alkatr\u00e9sz hi\u00e1nyzik vagy s\u00e9r\u00fclt, ne agg\u00f3djon, \u00e9s k\u00e9rj\u00fck, vegye fel vel\u00fcnk a kapcsolatot, \u00e9s azonnal ingyenesen elk\u00fcldj\u00fck \u00d6nnek.<\/p>\n<figure id=\"attachment_32216\" aria-describedby=\"caption-attachment-32216\" style=\"width: 800px\" class=\"wp-caption aligncenter\"><img fetchpriority=\"high\" decoding=\"async\" class=\"wp-image-32216 size-full\" src=\"https:\/\/mouldking.store\/wp-content\/uploads\/2022\/08\/MOCBRICKLAND-MOC-81647-C-40-3-Cupula-Caboose-Southern-Pacific-edition-2.jpg\" alt=\"MOC-81647 C-40-3 Cupula Caboose \u2013 Southern Pacific edition with 594 Pieces\" width=\"800\" height=\"800\" title=\"-\" srcset=\"https:\/\/mouldking.store\/wp-content\/uploads\/2022\/08\/MOCBRICKLAND-MOC-81647-C-40-3-Cupula-Caboose-Southern-Pacific-edition-2.jpg 800w, https:\/\/mouldking.store\/wp-content\/uploads\/2022\/08\/MOCBRICKLAND-MOC-81647-C-40-3-Cupula-Caboose-Southern-Pacific-edition-2-300x300.jpg 300w, https:\/\/mouldking.store\/wp-content\/uploads\/2022\/08\/MOCBRICKLAND-MOC-81647-C-40-3-Cupula-Caboose-Southern-Pacific-edition-2-768x768.jpg 768w, https:\/\/mouldking.store\/wp-content\/uploads\/2022\/08\/MOCBRICKLAND-MOC-81647-C-40-3-Cupula-Caboose-Southern-Pacific-edition-2-600x600.jpg 600w, https:\/\/mouldking.store\/wp-content\/uploads\/2022\/08\/MOCBRICKLAND-MOC-81647-C-40-3-Cupula-Caboose-Southern-Pacific-edition-2-150x150.jpg 150w, https:\/\/mouldking.store\/wp-content\/uploads\/2022\/08\/MOCBRICKLAND-MOC-81647-C-40-3-Cupula-Caboose-Southern-Pacific-edition-2-60x60.jpg 60w, https:\/\/mouldking.store\/wp-content\/uploads\/2022\/08\/MOCBRICKLAND-MOC-81647-C-40-3-Cupula-Caboose-Southern-Pacific-edition-2-90x90.jpg 90w\" sizes=\"(max-width: 800px) 100vw, 800px\" \/><figcaption id=\"caption-attachment-32216\" class=\"wp-caption-text\">MOC-81647 C-40-3 Cupula Caboose \u2013 D\u00e9l-csendes-\u00f3ce\u00e1ni kiad\u00e1s 594 darabbal<\/figcaption><\/figure>\n<figure id=\"attachment_32218\" aria-describedby=\"caption-attachment-32218\" style=\"width: 800px\" class=\"wp-caption aligncenter\"><img decoding=\"async\" class=\"wp-image-32218 size-full\" src=\"https:\/\/mouldking.store\/wp-content\/uploads\/2022\/08\/MOCBRICKLAND-MOC-81647-C-40-3-Cupula-Caboose-Southern-Pacific-edition-3.jpg\" alt=\"MOC-81647 C-40-3 Cupula Caboose \u2013 Southern Pacific edition with 594 Pieces\" width=\"800\" height=\"800\" title=\"-\" srcset=\"https:\/\/mouldking.store\/wp-content\/uploads\/2022\/08\/MOCBRICKLAND-MOC-81647-C-40-3-Cupula-Caboose-Southern-Pacific-edition-3.jpg 800w, https:\/\/mouldking.store\/wp-content\/uploads\/2022\/08\/MOCBRICKLAND-MOC-81647-C-40-3-Cupula-Caboose-Southern-Pacific-edition-3-300x300.jpg 300w, https:\/\/mouldking.store\/wp-content\/uploads\/2022\/08\/MOCBRICKLAND-MOC-81647-C-40-3-Cupula-Caboose-Southern-Pacific-edition-3-768x768.jpg 768w, https:\/\/mouldking.store\/wp-content\/uploads\/2022\/08\/MOCBRICKLAND-MOC-81647-C-40-3-Cupula-Caboose-Southern-Pacific-edition-3-600x600.jpg 600w, https:\/\/mouldking.store\/wp-content\/uploads\/2022\/08\/MOCBRICKLAND-MOC-81647-C-40-3-Cupula-Caboose-Southern-Pacific-edition-3-150x150.jpg 150w, https:\/\/mouldking.store\/wp-content\/uploads\/2022\/08\/MOCBRICKLAND-MOC-81647-C-40-3-Cupula-Caboose-Southern-Pacific-edition-3-60x60.jpg 60w, https:\/\/mouldking.store\/wp-content\/uploads\/2022\/08\/MOCBRICKLAND-MOC-81647-C-40-3-Cupula-Caboose-Southern-Pacific-edition-3-90x90.jpg 90w\" sizes=\"(max-width: 800px) 100vw, 800px\" \/><figcaption id=\"caption-attachment-32218\" class=\"wp-caption-text\">MOC-81647 C-40-3 Cupula Caboose \u2013 D\u00e9l-csendes-\u00f3ce\u00e1ni kiad\u00e1s 594 darabbal<\/figcaption><\/figure>\n<figure id=\"attachment_32219\" aria-describedby=\"caption-attachment-32219\" style=\"width: 800px\" class=\"wp-caption aligncenter\"><img decoding=\"async\" class=\"wp-image-32219 size-full\" src=\"https:\/\/mouldking.store\/wp-content\/uploads\/2022\/08\/MOCBRICKLAND-MOC-81647-C-40-3-Cupula-Caboose-Southern-Pacific-edition-4.jpg\" alt=\"MOC-81647 C-40-3 Cupula Caboose \u2013 Southern Pacific edition with 594 Pieces\" width=\"800\" height=\"800\" title=\"-\" srcset=\"https:\/\/mouldking.store\/wp-content\/uploads\/2022\/08\/MOCBRICKLAND-MOC-81647-C-40-3-Cupula-Caboose-Southern-Pacific-edition-4.jpg 800w, https:\/\/mouldking.store\/wp-content\/uploads\/2022\/08\/MOCBRICKLAND-MOC-81647-C-40-3-Cupula-Caboose-Southern-Pacific-edition-4-300x300.jpg 300w, https:\/\/mouldking.store\/wp-content\/uploads\/2022\/08\/MOCBRICKLAND-MOC-81647-C-40-3-Cupula-Caboose-Southern-Pacific-edition-4-768x768.jpg 768w, https:\/\/mouldking.store\/wp-content\/uploads\/2022\/08\/MOCBRICKLAND-MOC-81647-C-40-3-Cupula-Caboose-Southern-Pacific-edition-4-600x600.jpg 600w, https:\/\/mouldking.store\/wp-content\/uploads\/2022\/08\/MOCBRICKLAND-MOC-81647-C-40-3-Cupula-Caboose-Southern-Pacific-edition-4-150x150.jpg 150w, https:\/\/mouldking.store\/wp-content\/uploads\/2022\/08\/MOCBRICKLAND-MOC-81647-C-40-3-Cupula-Caboose-Southern-Pacific-edition-4-60x60.jpg 60w, https:\/\/mouldking.store\/wp-content\/uploads\/2022\/08\/MOCBRICKLAND-MOC-81647-C-40-3-Cupula-Caboose-Southern-Pacific-edition-4-90x90.jpg 90w\" sizes=\"(max-width: 800px) 100vw, 800px\" \/><figcaption id=\"caption-attachment-32219\" class=\"wp-caption-text\">MOC-81647 C-40-3 Cupula Caboose \u2013 D\u00e9l-csendes-\u00f3ce\u00e1ni kiad\u00e1s 594 darabbal<\/figcaption><\/figure>\n<figure id=\"attachment_32217\" aria-describedby=\"caption-attachment-32217\" style=\"width: 800px\" class=\"wp-caption aligncenter\"><img loading=\"lazy\" decoding=\"async\" class=\"wp-image-32217 size-full\" src=\"https:\/\/mouldking.store\/wp-content\/uploads\/2022\/08\/MOCBRICKLAND-MOC-81647-C-40-3-Cupula-Caboose-Southern-Pacific-edition-1.jpg\" alt=\"MOC-81647 C-40-3 Cupula Caboose \u2013 Southern Pacific edition with 594 Pieces\" width=\"800\" height=\"1430\" title=\"-\" srcset=\"https:\/\/mouldking.store\/wp-content\/uploads\/2022\/08\/MOCBRICKLAND-MOC-81647-C-40-3-Cupula-Caboose-Southern-Pacific-edition-1.jpg 800w, https:\/\/mouldking.store\/wp-content\/uploads\/2022\/08\/MOCBRICKLAND-MOC-81647-C-40-3-Cupula-Caboose-Southern-Pacific-edition-1-168x300.jpg 168w, https:\/\/mouldking.store\/wp-content\/uploads\/2022\/08\/MOCBRICKLAND-MOC-81647-C-40-3-Cupula-Caboose-Southern-Pacific-edition-1-573x1024.jpg 573w, https:\/\/mouldking.store\/wp-content\/uploads\/2022\/08\/MOCBRICKLAND-MOC-81647-C-40-3-Cupula-Caboose-Southern-Pacific-edition-1-768x1373.jpg 768w, https:\/\/mouldking.store\/wp-content\/uploads\/2022\/08\/MOCBRICKLAND-MOC-81647-C-40-3-Cupula-Caboose-Southern-Pacific-edition-1-300x536.jpg 300w, https:\/\/mouldking.store\/wp-content\/uploads\/2022\/08\/MOCBRICKLAND-MOC-81647-C-40-3-Cupula-Caboose-Southern-Pacific-edition-1-600x1073.jpg 600w, https:\/\/mouldking.store\/wp-content\/uploads\/2022\/08\/MOCBRICKLAND-MOC-81647-C-40-3-Cupula-Caboose-Southern-Pacific-edition-1-84x150.jpg 84w, https:\/\/mouldking.store\/wp-content\/uploads\/2022\/08\/MOCBRICKLAND-MOC-81647-C-40-3-Cupula-Caboose-Southern-Pacific-edition-1-34x60.jpg 34w, https:\/\/mouldking.store\/wp-content\/uploads\/2022\/08\/MOCBRICKLAND-MOC-81647-C-40-3-Cupula-Caboose-Southern-Pacific-edition-1-50x90.jpg 50w\" sizes=\"(max-width: 800px) 100vw, 800px\" \/><figcaption id=\"caption-attachment-32217\" class=\"wp-caption-text\">MOC-81647 C-40-3 Cupula Caboose \u2013 D\u00e9l-csendes-\u00f3ce\u00e1ni kiad\u00e1s 594 darabbal<\/figcaption><\/figure>","protected":false},"excerpt":{"rendered":"<p>Product information: Brand: MOC Gender: Unisex Name: C-40-3 Cupula Caboose \u2013 Southern Pacific edition Age Range: &gt; 6 years old Model Number: MOC-81647 &#8211; C9044 Classification: Assemblage Plastic Block Shape: Self-Locking Bricks Material: Plastic Plastic Type: ABS Bricks Blocks: 594 PCS Dimensions: 40 x 17.78 x 10.16 cm Weight: 0.6 kg Contains detailed assembly instructions. [&hellip;]<\/p>","protected":false},"featured_media":32216,"comment_status":"closed","ping_status":"closed","template":"","meta":{"_acf_changed":false},"product_cat":[364],"product_tag":[5780,5779,5778,5777,5776,5781],"class_list":["product","first","instock","shipping-taxable","purchasable","product-type-simple"],"acf":[],"_links":{"self":[{"href":"https:\/\/mouldking.store\/hu\/wp-json\/wp\/v2\/product\/32215","targetHints":{"allow":["GET"]}}],"collection":[{"href":"https:\/\/mouldking.store\/hu\/wp-json\/wp\/v2\/product"}],"about":[{"href":"https:\/\/mouldking.store\/hu\/wp-json\/wp\/v2\/types\/product"}],"replies":[{"embeddable":true,"href":"https:\/\/mouldking.store\/hu\/wp-json\/wp\/v2\/comments?post=32215"}],"wp:featuredmedia":[{"embeddable":true,"href":"https:\/\/mouldking.store\/hu\/wp-json\/wp\/v2\/media\/32216"}],"wp:attachment":[{"href":"https:\/\/mouldking.store\/hu\/wp-json\/wp\/v2\/media?parent=32215"}],"wp:term":[{"taxonomy":"product_cat","embeddable":true,"href":"https:\/\/mouldking.store\/hu\/wp-json\/wp\/v2\/product_cat?post=32215"},{"taxonomy":"product_tag","embeddable":true,"href":"https:\/\/mouldking.store\/hu\/wp-json\/wp\/v2\/product_tag?post=32215"}],"curies":[{"name":"wp","href":"https:\/\/api.w.org\/{rel}","templated":true}]}}