{"id":32379,"date":"2022-09-14T10:56:20","date_gmt":"2022-09-14T03:56:20","guid":{"rendered":"https:\/\/mouldking.store\/?post_type=product&#038;p=32379"},"modified":"2022-09-14T10:56:20","modified_gmt":"2022-09-14T03:56:20","slug":"mould-king-26002-great-ball-contraption-marble-run-with-2438-pieces","status":"publish","type":"product","link":"https:\/\/mouldking.store\/hu\/shop\/mould-king-26002-great-ball-contraption-marble-run-with-2438-pieces\/","title":{"rendered":"Mould King 26002 Great Ball Contraption: Marble Run with 2438 Pieces"},"content":{"rendered":"<p>Term\u00e9k inform\u00e1ci\u00f3:<\/p>\n<ol>\n<li>M\u00e1rka: Mold King<\/li>\n<li>Nem: Uniszex<\/li>\n<li>Name: Great Ball Contraption: Marble Run<\/li>\n<li>Koroszt\u00e1ly: &gt; 6 \u00e9v<\/li>\n<li>Model Number: 26002<\/li>\n<li>Besorol\u00e1s: \u00d6sszeszerel\u00e9s<\/li>\n<li>M\u0171anyag blokk forma: \u00f6nz\u00e1r\u00f3 t\u00e9gla<\/li>\n<li>Anyaga: M\u0171anyag<\/li>\n<li>M\u0171anyag t\u00edpus: ABS<\/li>\n<li>Bricks Blocks: 2438 PCS<\/li>\n<li>Size: 75.4 \u00d7 20 \u00d7 59.5 cm<\/li>\n<li>R\u00e9szletes \u00f6sszeszerel\u00e9si \u00fatmutat\u00f3t tartalmaz.<\/li>\n<\/ol>\n<p>\u00c9rtes\u00edt\u00e9s:<br \/>\n1. Eredeti doboz n\u00e9lk\u00fcl, de garant\u00e1ljuk, hogy term\u00e9keink min\u0151s\u00e9gbiztos\u00edt\u00e1ssal \u00e9s sz\u00e9p csomagol\u00e1ssal rendelkeznek.<br \/>\n2. Mint minden alkatr\u00e9szt, amelyet a sz\u00e1ll\u00edt\u00e1s el\u0151tt ellen\u0151rizt\u00fcnk, ez\u00e9rt ha \u00fagy tal\u00e1lja, hogy n\u00e9h\u00e1ny alkatr\u00e9sz hi\u00e1nyzik vagy s\u00e9r\u00fclt, ne agg\u00f3djon, \u00e9s k\u00e9rj\u00fck, vegye fel vel\u00fcnk a kapcsolatot, \u00e9s azonnal ingyenesen elk\u00fcldj\u00fck \u00d6nnek.<\/p>\n<figure id=\"attachment_32380\" aria-describedby=\"caption-attachment-32380\" style=\"width: 800px\" class=\"wp-caption aligncenter\"><img fetchpriority=\"high\" decoding=\"async\" class=\"wp-image-32380 size-full\" src=\"https:\/\/mouldking.store\/wp-content\/uploads\/2022\/09\/Mould-King-26002-Great-Ball-Contraption-Marble-Run-1.jpg\" alt=\"Mould King 26002 Great Ball Contraption: Marble Run with 2438 Pieces\" width=\"800\" height=\"800\" title=\"-\" srcset=\"https:\/\/mouldking.store\/wp-content\/uploads\/2022\/09\/Mould-King-26002-Great-Ball-Contraption-Marble-Run-1.jpg 800w, https:\/\/mouldking.store\/wp-content\/uploads\/2022\/09\/Mould-King-26002-Great-Ball-Contraption-Marble-Run-1-300x300.jpg 300w, https:\/\/mouldking.store\/wp-content\/uploads\/2022\/09\/Mould-King-26002-Great-Ball-Contraption-Marble-Run-1-768x768.jpg 768w, https:\/\/mouldking.store\/wp-content\/uploads\/2022\/09\/Mould-King-26002-Great-Ball-Contraption-Marble-Run-1-600x600.jpg 600w, https:\/\/mouldking.store\/wp-content\/uploads\/2022\/09\/Mould-King-26002-Great-Ball-Contraption-Marble-Run-1-150x150.jpg 150w, https:\/\/mouldking.store\/wp-content\/uploads\/2022\/09\/Mould-King-26002-Great-Ball-Contraption-Marble-Run-1-60x60.jpg 60w, https:\/\/mouldking.store\/wp-content\/uploads\/2022\/09\/Mould-King-26002-Great-Ball-Contraption-Marble-Run-1-90x90.jpg 90w\" sizes=\"(max-width: 800px) 100vw, 800px\" \/><figcaption id=\"caption-attachment-32380\" class=\"wp-caption-text\">Mould King 26002 Great Ball Contraption: Marble Run with 2438 Pieces<\/figcaption><\/figure>\n<figure id=\"attachment_32384\" aria-describedby=\"caption-attachment-32384\" style=\"width: 800px\" class=\"wp-caption aligncenter\"><img decoding=\"async\" class=\"wp-image-32384 size-full\" src=\"https:\/\/mouldking.store\/wp-content\/uploads\/2022\/09\/Mould-King-26002-Great-Ball-Contraption-Marble-Run-5.jpg\" alt=\"Mould King 26002 Great Ball Contraption: Marble Run with 2438 Pieces\" width=\"800\" height=\"800\" title=\"-\" srcset=\"https:\/\/mouldking.store\/wp-content\/uploads\/2022\/09\/Mould-King-26002-Great-Ball-Contraption-Marble-Run-5.jpg 800w, https:\/\/mouldking.store\/wp-content\/uploads\/2022\/09\/Mould-King-26002-Great-Ball-Contraption-Marble-Run-5-300x300.jpg 300w, https:\/\/mouldking.store\/wp-content\/uploads\/2022\/09\/Mould-King-26002-Great-Ball-Contraption-Marble-Run-5-768x768.jpg 768w, https:\/\/mouldking.store\/wp-content\/uploads\/2022\/09\/Mould-King-26002-Great-Ball-Contraption-Marble-Run-5-600x600.jpg 600w, https:\/\/mouldking.store\/wp-content\/uploads\/2022\/09\/Mould-King-26002-Great-Ball-Contraption-Marble-Run-5-150x150.jpg 150w, https:\/\/mouldking.store\/wp-content\/uploads\/2022\/09\/Mould-King-26002-Great-Ball-Contraption-Marble-Run-5-60x60.jpg 60w, https:\/\/mouldking.store\/wp-content\/uploads\/2022\/09\/Mould-King-26002-Great-Ball-Contraption-Marble-Run-5-90x90.jpg 90w\" sizes=\"(max-width: 800px) 100vw, 800px\" \/><figcaption id=\"caption-attachment-32384\" class=\"wp-caption-text\">Mould King 26002 Great Ball Contraption: Marble Run with 2438 Pieces<\/figcaption><\/figure>\n<figure id=\"attachment_32383\" aria-describedby=\"caption-attachment-32383\" style=\"width: 800px\" class=\"wp-caption aligncenter\"><img decoding=\"async\" class=\"wp-image-32383 size-full\" src=\"https:\/\/mouldking.store\/wp-content\/uploads\/2022\/09\/Mould-King-26002-Great-Ball-Contraption-Marble-Run-4.jpg\" alt=\"Mould King 26002 Great Ball Contraption: Marble Run with 2438 Pieces\" width=\"800\" height=\"800\" title=\"-\" srcset=\"https:\/\/mouldking.store\/wp-content\/uploads\/2022\/09\/Mould-King-26002-Great-Ball-Contraption-Marble-Run-4.jpg 800w, https:\/\/mouldking.store\/wp-content\/uploads\/2022\/09\/Mould-King-26002-Great-Ball-Contraption-Marble-Run-4-300x300.jpg 300w, https:\/\/mouldking.store\/wp-content\/uploads\/2022\/09\/Mould-King-26002-Great-Ball-Contraption-Marble-Run-4-768x768.jpg 768w, https:\/\/mouldking.store\/wp-content\/uploads\/2022\/09\/Mould-King-26002-Great-Ball-Contraption-Marble-Run-4-600x600.jpg 600w, https:\/\/mouldking.store\/wp-content\/uploads\/2022\/09\/Mould-King-26002-Great-Ball-Contraption-Marble-Run-4-150x150.jpg 150w, https:\/\/mouldking.store\/wp-content\/uploads\/2022\/09\/Mould-King-26002-Great-Ball-Contraption-Marble-Run-4-60x60.jpg 60w, https:\/\/mouldking.store\/wp-content\/uploads\/2022\/09\/Mould-King-26002-Great-Ball-Contraption-Marble-Run-4-90x90.jpg 90w\" sizes=\"(max-width: 800px) 100vw, 800px\" \/><figcaption id=\"caption-attachment-32383\" class=\"wp-caption-text\">Mould King 26002 Great Ball Contraption: Marble Run with 2438 Pieces<\/figcaption><\/figure>\n<figure id=\"attachment_32382\" aria-describedby=\"caption-attachment-32382\" style=\"width: 800px\" class=\"wp-caption aligncenter\"><img loading=\"lazy\" decoding=\"async\" class=\"wp-image-32382 size-full\" src=\"https:\/\/mouldking.store\/wp-content\/uploads\/2022\/09\/Mould-King-26002-Great-Ball-Contraption-Marble-Run-3.jpg\" alt=\"Mould King 26002 Great Ball Contraption: Marble Run with 2438 Pieces\" width=\"800\" height=\"800\" title=\"-\" srcset=\"https:\/\/mouldking.store\/wp-content\/uploads\/2022\/09\/Mould-King-26002-Great-Ball-Contraption-Marble-Run-3.jpg 800w, https:\/\/mouldking.store\/wp-content\/uploads\/2022\/09\/Mould-King-26002-Great-Ball-Contraption-Marble-Run-3-300x300.jpg 300w, https:\/\/mouldking.store\/wp-content\/uploads\/2022\/09\/Mould-King-26002-Great-Ball-Contraption-Marble-Run-3-768x768.jpg 768w, https:\/\/mouldking.store\/wp-content\/uploads\/2022\/09\/Mould-King-26002-Great-Ball-Contraption-Marble-Run-3-600x600.jpg 600w, https:\/\/mouldking.store\/wp-content\/uploads\/2022\/09\/Mould-King-26002-Great-Ball-Contraption-Marble-Run-3-150x150.jpg 150w, https:\/\/mouldking.store\/wp-content\/uploads\/2022\/09\/Mould-King-26002-Great-Ball-Contraption-Marble-Run-3-60x60.jpg 60w, https:\/\/mouldking.store\/wp-content\/uploads\/2022\/09\/Mould-King-26002-Great-Ball-Contraption-Marble-Run-3-90x90.jpg 90w\" sizes=\"(max-width: 800px) 100vw, 800px\" \/><figcaption id=\"caption-attachment-32382\" class=\"wp-caption-text\">Mould King 26002 Great Ball Contraption: Marble Run with 2438 Pieces<\/figcaption><\/figure>\n<figure id=\"attachment_32381\" aria-describedby=\"caption-attachment-32381\" style=\"width: 800px\" class=\"wp-caption aligncenter\"><img loading=\"lazy\" decoding=\"async\" class=\"wp-image-32381 size-full\" src=\"https:\/\/mouldking.store\/wp-content\/uploads\/2022\/09\/Mould-King-26002-Great-Ball-Contraption-Marble-Run-2.jpg\" alt=\"Mould King 26002 Great Ball Contraption: Marble Run with 2438 Pieces\" width=\"800\" height=\"800\" title=\"-\" srcset=\"https:\/\/mouldking.store\/wp-content\/uploads\/2022\/09\/Mould-King-26002-Great-Ball-Contraption-Marble-Run-2.jpg 800w, https:\/\/mouldking.store\/wp-content\/uploads\/2022\/09\/Mould-King-26002-Great-Ball-Contraption-Marble-Run-2-300x300.jpg 300w, https:\/\/mouldking.store\/wp-content\/uploads\/2022\/09\/Mould-King-26002-Great-Ball-Contraption-Marble-Run-2-768x768.jpg 768w, https:\/\/mouldking.store\/wp-content\/uploads\/2022\/09\/Mould-King-26002-Great-Ball-Contraption-Marble-Run-2-600x600.jpg 600w, https:\/\/mouldking.store\/wp-content\/uploads\/2022\/09\/Mould-King-26002-Great-Ball-Contraption-Marble-Run-2-150x150.jpg 150w, https:\/\/mouldking.store\/wp-content\/uploads\/2022\/09\/Mould-King-26002-Great-Ball-Contraption-Marble-Run-2-60x60.jpg 60w, https:\/\/mouldking.store\/wp-content\/uploads\/2022\/09\/Mould-King-26002-Great-Ball-Contraption-Marble-Run-2-90x90.jpg 90w\" sizes=\"(max-width: 800px) 100vw, 800px\" \/><figcaption id=\"caption-attachment-32381\" class=\"wp-caption-text\">Mould King 26002 Great Ball Contraption: Marble Run with 2438 Pieces<\/figcaption><\/figure>\n<p>&nbsp;<\/p>","protected":false},"excerpt":{"rendered":"<p>Product information: Brand: Mould King Gender: Unisex Name: Great Ball Contraption: Marble Run Age Range: &gt; 6 years old Model Number: 26002 Classification: Assemblage Plastic Block Shape: Self-Locking Bricks Material: Plastic Plastic Type: ABS Bricks Blocks: 2438 PCS Size: 75.4 \u00d7 20 \u00d7 59.5 cm Contains detailed assembly instructions. Notice: 1. Without an original box, [&hellip;]<\/p>","protected":false},"featured_media":32380,"comment_status":"closed","ping_status":"closed","template":"","meta":{"_acf_changed":false},"product_cat":[364],"product_tag":[5856,5855,5854],"class_list":["product","first","instock","shipping-taxable","purchasable","product-type-simple"],"acf":[],"_links":{"self":[{"href":"https:\/\/mouldking.store\/hu\/wp-json\/wp\/v2\/product\/32379","targetHints":{"allow":["GET"]}}],"collection":[{"href":"https:\/\/mouldking.store\/hu\/wp-json\/wp\/v2\/product"}],"about":[{"href":"https:\/\/mouldking.store\/hu\/wp-json\/wp\/v2\/types\/product"}],"replies":[{"embeddable":true,"href":"https:\/\/mouldking.store\/hu\/wp-json\/wp\/v2\/comments?post=32379"}],"wp:featuredmedia":[{"embeddable":true,"href":"https:\/\/mouldking.store\/hu\/wp-json\/wp\/v2\/media\/32380"}],"wp:attachment":[{"href":"https:\/\/mouldking.store\/hu\/wp-json\/wp\/v2\/media?parent=32379"}],"wp:term":[{"taxonomy":"product_cat","embeddable":true,"href":"https:\/\/mouldking.store\/hu\/wp-json\/wp\/v2\/product_cat?post=32379"},{"taxonomy":"product_tag","embeddable":true,"href":"https:\/\/mouldking.store\/hu\/wp-json\/wp\/v2\/product_tag?post=32379"}],"curies":[{"name":"wp","href":"https:\/\/api.w.org\/{rel}","templated":true}]}}