{"id":32406,"date":"2022-09-14T11:11:20","date_gmt":"2022-09-14T04:11:20","guid":{"rendered":"https:\/\/mouldking.store\/?post_type=product&#038;p=32406"},"modified":"2022-09-14T11:11:20","modified_gmt":"2022-09-14T04:11:20","slug":"mould-king-14022-tompson-submachinegun-with-1208-pieces","status":"publish","type":"product","link":"https:\/\/mouldking.store\/hu\/shop\/mould-king-14022-tompson-submachinegun-with-1208-pieces\/","title":{"rendered":"Mold King 14022 Tompson g\u00e9ppisztoly 1208 darabbal"},"content":{"rendered":"<p>Term\u00e9k inform\u00e1ci\u00f3:<\/p>\n<ol>\n<li>M\u00e1rka: Mold King<\/li>\n<li>Nem: Uniszex<\/li>\n<li>Name: Tompson Submachinegun<\/li>\n<li>Korhat\u00e1r: 14 \u00e9v felett<\/li>\n<li>Model Number: 14022<\/li>\n<li>Besorol\u00e1s: \u00d6sszeszerel\u00e9s<\/li>\n<li>M\u0171anyag blokk forma: \u00f6nz\u00e1r\u00f3 t\u00e9gla<\/li>\n<li>Anyaga: M\u0171anyag<\/li>\n<li>M\u0171anyag t\u00edpus: ABS<\/li>\n<li>T\u00e9gla blokkok: 1208 DB<\/li>\n<li>R\u00e9szletes \u00f6sszeszerel\u00e9si \u00fatmutat\u00f3t tartalmaz.<\/li>\n<\/ol>\n<p>\u00c9rtes\u00edt\u00e9s:<br \/>\n1. Eredeti doboz n\u00e9lk\u00fcl, de garant\u00e1ljuk, hogy term\u00e9keink min\u0151s\u00e9gbiztos\u00edt\u00e1ssal \u00e9s sz\u00e9p csomagol\u00e1ssal rendelkeznek.<br \/>\n2. Mint minden alkatr\u00e9szt, amelyet a sz\u00e1ll\u00edt\u00e1s el\u0151tt ellen\u0151rizt\u00fcnk, ez\u00e9rt ha \u00fagy tal\u00e1lja, hogy n\u00e9h\u00e1ny alkatr\u00e9sz hi\u00e1nyzik vagy s\u00e9r\u00fclt, ne agg\u00f3djon, \u00e9s k\u00e9rj\u00fck, vegye fel vel\u00fcnk a kapcsolatot, \u00e9s azonnal ingyenesen elk\u00fcldj\u00fck \u00d6nnek.<\/p>\n<p>&nbsp;<\/p>\n<figure id=\"attachment_32407\" aria-describedby=\"caption-attachment-32407\" style=\"width: 800px\" class=\"wp-caption aligncenter\"><img fetchpriority=\"high\" decoding=\"async\" class=\"wp-image-32407 size-full\" src=\"https:\/\/mouldking.store\/wp-content\/uploads\/2022\/09\/Military-Mould-King-14022-Tompson-Submachinegun-1.jpg\" alt=\"Mould King 14022 Tompson Submachinegun with 1208 Pieces\" width=\"800\" height=\"800\" title=\"-\" srcset=\"https:\/\/mouldking.store\/wp-content\/uploads\/2022\/09\/Military-Mould-King-14022-Tompson-Submachinegun-1.jpg 800w, https:\/\/mouldking.store\/wp-content\/uploads\/2022\/09\/Military-Mould-King-14022-Tompson-Submachinegun-1-300x300.jpg 300w, https:\/\/mouldking.store\/wp-content\/uploads\/2022\/09\/Military-Mould-King-14022-Tompson-Submachinegun-1-768x768.jpg 768w, https:\/\/mouldking.store\/wp-content\/uploads\/2022\/09\/Military-Mould-King-14022-Tompson-Submachinegun-1-600x600.jpg 600w, https:\/\/mouldking.store\/wp-content\/uploads\/2022\/09\/Military-Mould-King-14022-Tompson-Submachinegun-1-150x150.jpg 150w, https:\/\/mouldking.store\/wp-content\/uploads\/2022\/09\/Military-Mould-King-14022-Tompson-Submachinegun-1-60x60.jpg 60w, https:\/\/mouldking.store\/wp-content\/uploads\/2022\/09\/Military-Mould-King-14022-Tompson-Submachinegun-1-90x90.jpg 90w\" sizes=\"(max-width: 800px) 100vw, 800px\" \/><figcaption id=\"caption-attachment-32407\" class=\"wp-caption-text\">Mold King 14022 Tompson g\u00e9ppisztoly 1208 darabbal<\/figcaption><\/figure>\n<figure id=\"attachment_32409\" aria-describedby=\"caption-attachment-32409\" style=\"width: 800px\" class=\"wp-caption aligncenter\"><img decoding=\"async\" class=\"wp-image-32409 size-full\" src=\"https:\/\/mouldking.store\/wp-content\/uploads\/2022\/09\/Military-Mould-King-14022-Tompson-Submachinegun-3.jpg\" alt=\"Mould King 14022 Tompson Submachinegun with 1208 Pieces\" width=\"800\" height=\"800\" title=\"-\" srcset=\"https:\/\/mouldking.store\/wp-content\/uploads\/2022\/09\/Military-Mould-King-14022-Tompson-Submachinegun-3.jpg 800w, https:\/\/mouldking.store\/wp-content\/uploads\/2022\/09\/Military-Mould-King-14022-Tompson-Submachinegun-3-300x300.jpg 300w, https:\/\/mouldking.store\/wp-content\/uploads\/2022\/09\/Military-Mould-King-14022-Tompson-Submachinegun-3-768x768.jpg 768w, https:\/\/mouldking.store\/wp-content\/uploads\/2022\/09\/Military-Mould-King-14022-Tompson-Submachinegun-3-600x600.jpg 600w, https:\/\/mouldking.store\/wp-content\/uploads\/2022\/09\/Military-Mould-King-14022-Tompson-Submachinegun-3-150x150.jpg 150w, https:\/\/mouldking.store\/wp-content\/uploads\/2022\/09\/Military-Mould-King-14022-Tompson-Submachinegun-3-60x60.jpg 60w, https:\/\/mouldking.store\/wp-content\/uploads\/2022\/09\/Military-Mould-King-14022-Tompson-Submachinegun-3-90x90.jpg 90w\" sizes=\"(max-width: 800px) 100vw, 800px\" \/><figcaption id=\"caption-attachment-32409\" class=\"wp-caption-text\">Mold King 14022 Tompson g\u00e9ppisztoly 1208 darabbal<\/figcaption><\/figure>\n<figure id=\"attachment_32410\" aria-describedby=\"caption-attachment-32410\" style=\"width: 800px\" class=\"wp-caption aligncenter\"><img decoding=\"async\" class=\"wp-image-32410 size-full\" src=\"https:\/\/mouldking.store\/wp-content\/uploads\/2022\/09\/Military-Mould-King-14022-Tompson-Submachinegun-4.jpg\" alt=\"Mould King 14022 Tompson Submachinegun with 1208 Pieces\" width=\"800\" height=\"800\" title=\"-\" srcset=\"https:\/\/mouldking.store\/wp-content\/uploads\/2022\/09\/Military-Mould-King-14022-Tompson-Submachinegun-4.jpg 800w, https:\/\/mouldking.store\/wp-content\/uploads\/2022\/09\/Military-Mould-King-14022-Tompson-Submachinegun-4-300x300.jpg 300w, https:\/\/mouldking.store\/wp-content\/uploads\/2022\/09\/Military-Mould-King-14022-Tompson-Submachinegun-4-768x768.jpg 768w, https:\/\/mouldking.store\/wp-content\/uploads\/2022\/09\/Military-Mould-King-14022-Tompson-Submachinegun-4-600x600.jpg 600w, https:\/\/mouldking.store\/wp-content\/uploads\/2022\/09\/Military-Mould-King-14022-Tompson-Submachinegun-4-150x150.jpg 150w, https:\/\/mouldking.store\/wp-content\/uploads\/2022\/09\/Military-Mould-King-14022-Tompson-Submachinegun-4-60x60.jpg 60w, https:\/\/mouldking.store\/wp-content\/uploads\/2022\/09\/Military-Mould-King-14022-Tompson-Submachinegun-4-90x90.jpg 90w\" sizes=\"(max-width: 800px) 100vw, 800px\" \/><figcaption id=\"caption-attachment-32410\" class=\"wp-caption-text\">Mold King 14022 Tompson g\u00e9ppisztoly 1208 darabbal<\/figcaption><\/figure>\n<figure id=\"attachment_32408\" aria-describedby=\"caption-attachment-32408\" style=\"width: 800px\" class=\"wp-caption aligncenter\"><img loading=\"lazy\" decoding=\"async\" class=\"wp-image-32408 size-full\" src=\"https:\/\/mouldking.store\/wp-content\/uploads\/2022\/09\/Military-Mould-King-14022-Tompson-Submachinegun-2.jpg\" alt=\"Mould King 14022 Tompson Submachinegun with 1208 Pieces\" width=\"800\" height=\"800\" title=\"-\" srcset=\"https:\/\/mouldking.store\/wp-content\/uploads\/2022\/09\/Military-Mould-King-14022-Tompson-Submachinegun-2.jpg 800w, https:\/\/mouldking.store\/wp-content\/uploads\/2022\/09\/Military-Mould-King-14022-Tompson-Submachinegun-2-300x300.jpg 300w, https:\/\/mouldking.store\/wp-content\/uploads\/2022\/09\/Military-Mould-King-14022-Tompson-Submachinegun-2-768x768.jpg 768w, https:\/\/mouldking.store\/wp-content\/uploads\/2022\/09\/Military-Mould-King-14022-Tompson-Submachinegun-2-600x600.jpg 600w, https:\/\/mouldking.store\/wp-content\/uploads\/2022\/09\/Military-Mould-King-14022-Tompson-Submachinegun-2-150x150.jpg 150w, https:\/\/mouldking.store\/wp-content\/uploads\/2022\/09\/Military-Mould-King-14022-Tompson-Submachinegun-2-60x60.jpg 60w, https:\/\/mouldking.store\/wp-content\/uploads\/2022\/09\/Military-Mould-King-14022-Tompson-Submachinegun-2-90x90.jpg 90w\" sizes=\"(max-width: 800px) 100vw, 800px\" \/><figcaption id=\"caption-attachment-32408\" class=\"wp-caption-text\">Mold King 14022 Tompson g\u00e9ppisztoly 1208 darabbal<\/figcaption><\/figure>","protected":false},"excerpt":{"rendered":"<p>Product information: Brand: Mould King Gender: Unisex Name: Tompson Submachinegun Age Range: &gt; 14 years old Model Number: 14022 Classification: Assemblage Plastic Block Shape: Self-Locking Bricks Material: Plastic Plastic Type: ABS Bricks Blocks: 1208 PCS Contains detailed assembly instructions. Notice: 1. Without an original box, but we guarantee our products have quality assurance and nice [&hellip;]<\/p>","protected":false},"featured_media":32407,"comment_status":"closed","ping_status":"closed","template":"","meta":{"_acf_changed":false},"product_cat":[372],"product_tag":[5867,5866,5868],"class_list":["product","first","instock","shipping-taxable","purchasable","product-type-simple"],"acf":[],"_links":{"self":[{"href":"https:\/\/mouldking.store\/hu\/wp-json\/wp\/v2\/product\/32406","targetHints":{"allow":["GET"]}}],"collection":[{"href":"https:\/\/mouldking.store\/hu\/wp-json\/wp\/v2\/product"}],"about":[{"href":"https:\/\/mouldking.store\/hu\/wp-json\/wp\/v2\/types\/product"}],"replies":[{"embeddable":true,"href":"https:\/\/mouldking.store\/hu\/wp-json\/wp\/v2\/comments?post=32406"}],"wp:featuredmedia":[{"embeddable":true,"href":"https:\/\/mouldking.store\/hu\/wp-json\/wp\/v2\/media\/32407"}],"wp:attachment":[{"href":"https:\/\/mouldking.store\/hu\/wp-json\/wp\/v2\/media?parent=32406"}],"wp:term":[{"taxonomy":"product_cat","embeddable":true,"href":"https:\/\/mouldking.store\/hu\/wp-json\/wp\/v2\/product_cat?post=32406"},{"taxonomy":"product_tag","embeddable":true,"href":"https:\/\/mouldking.store\/hu\/wp-json\/wp\/v2\/product_tag?post=32406"}],"curies":[{"name":"wp","href":"https:\/\/api.w.org\/{rel}","templated":true}]}}