{"id":32657,"date":"2022-09-28T11:47:01","date_gmt":"2022-09-28T04:47:01","guid":{"rendered":"https:\/\/mouldking.store\/?post_type=product&#038;p=32657"},"modified":"2025-12-25T09:12:27","modified_gmt":"2025-12-25T02:12:27","slug":"moc-71157-voyager-1-2-scale-112-with-1903-pieces","status":"publish","type":"product","link":"https:\/\/mouldking.store\/hu\/shop\/moc-71157-voyager-1-2-scale-112-with-1903-pieces\/","title":{"rendered":"MOC-71157 Voyager 1-2 m\u00e9retar\u00e1ny\u00fa 1:12 1903 darabbal"},"content":{"rendered":"<p>Term\u00e9k inform\u00e1ci\u00f3:<\/p>\n<ol>\n<li>M\u00e1rka: MOC<\/li>\n<li>Nem: Uniszex<\/li>\n<li>N\u00e9v: Voyager 1-2 m\u00e9retar\u00e1ny 1:12<\/li>\n<li>Koroszt\u00e1ly: &gt; 6 \u00e9v<\/li>\n<li>Modellsz\u00e1m: C7989<\/li>\n<li>Besorol\u00e1s: \u00d6sszeszerel\u00e9s<\/li>\n<li>M\u0171anyag blokk forma: \u00f6nz\u00e1r\u00f3 t\u00e9gla<\/li>\n<li>Anyaga: M\u0171anyag<\/li>\n<li>M\u0171anyag t\u00edpus: ABS<\/li>\n<li>T\u00e9gla blokkok: 1903 DB<\/li>\n<li>M\u00e9retek: 45 x 35 x 78 cm<\/li>\n<li>S\u00faly: 1,27 kg<\/li>\n<li>R\u00e9szletes \u00f6sszeszerel\u00e9si \u00fatmutat\u00f3t tartalmaz.<\/li>\n<\/ol>\n<p>\u00c9rtes\u00edt\u00e9s:<br \/>\n1. Eredeti doboz n\u00e9lk\u00fcl, de garant\u00e1ljuk, hogy term\u00e9keink min\u0151s\u00e9gbiztos\u00edt\u00e1ssal \u00e9s sz\u00e9p csomagol\u00e1ssal rendelkeznek.<br \/>\n2. Mint minden alkatr\u00e9szt, amelyet a sz\u00e1ll\u00edt\u00e1s el\u0151tt ellen\u0151rizt\u00fcnk, ez\u00e9rt ha \u00fagy tal\u00e1lja, hogy n\u00e9h\u00e1ny alkatr\u00e9sz hi\u00e1nyzik vagy s\u00e9r\u00fclt, ne agg\u00f3djon, \u00e9s k\u00e9rj\u00fck, vegye fel vel\u00fcnk a kapcsolatot, \u00e9s azonnal ingyenesen elk\u00fcldj\u00fck \u00d6nnek.<\/p>\n<p>&nbsp;<\/p>\n<figure id=\"attachment_32658\" aria-describedby=\"caption-attachment-32658\" style=\"width: 1000px\" class=\"wp-caption aligncenter\"><img fetchpriority=\"high\" decoding=\"async\" class=\"wp-image-32658 size-full\" src=\"https:\/\/mouldking.store\/wp-content\/uploads\/2022\/09\/Space-MOC-71157-Voyager-1-2-scale-112-MOCBRICKLAND-2.jpg\" alt=\"MOC-71157 Voyager 1-2 scale 1:12 with 1903 Pieces\" width=\"1000\" height=\"1000\" title=\"-\" srcset=\"https:\/\/mouldking.store\/wp-content\/uploads\/2022\/09\/Space-MOC-71157-Voyager-1-2-scale-112-MOCBRICKLAND-2.jpg 1000w, https:\/\/mouldking.store\/wp-content\/uploads\/2022\/09\/Space-MOC-71157-Voyager-1-2-scale-112-MOCBRICKLAND-2-300x300.jpg 300w, https:\/\/mouldking.store\/wp-content\/uploads\/2022\/09\/Space-MOC-71157-Voyager-1-2-scale-112-MOCBRICKLAND-2-768x768.jpg 768w, https:\/\/mouldking.store\/wp-content\/uploads\/2022\/09\/Space-MOC-71157-Voyager-1-2-scale-112-MOCBRICKLAND-2-600x600.jpg 600w, https:\/\/mouldking.store\/wp-content\/uploads\/2022\/09\/Space-MOC-71157-Voyager-1-2-scale-112-MOCBRICKLAND-2-150x150.jpg 150w, https:\/\/mouldking.store\/wp-content\/uploads\/2022\/09\/Space-MOC-71157-Voyager-1-2-scale-112-MOCBRICKLAND-2-60x60.jpg 60w, https:\/\/mouldking.store\/wp-content\/uploads\/2022\/09\/Space-MOC-71157-Voyager-1-2-scale-112-MOCBRICKLAND-2-90x90.jpg 90w\" sizes=\"(max-width: 1000px) 100vw, 1000px\" \/><figcaption id=\"caption-attachment-32658\" class=\"wp-caption-text\">MOC-71157 Voyager 1-2 m\u00e9retar\u00e1ny\u00fa 1:12 1903 darabbal<\/figcaption><\/figure>\n<figure id=\"attachment_32672\" aria-describedby=\"caption-attachment-32672\" style=\"width: 1000px\" class=\"wp-caption aligncenter\"><img decoding=\"async\" class=\"wp-image-32672 size-full\" src=\"https:\/\/mouldking.store\/wp-content\/uploads\/2022\/09\/Space-MOC-71157-Voyager-1-2-scale-112-MOCBRICKLAND-1.jpg\" alt=\"MOC-71157 Voyager 1-2 scale 1:12 with 1903 Pieces\" width=\"1000\" height=\"1000\" title=\"-\" srcset=\"https:\/\/mouldking.store\/wp-content\/uploads\/2022\/09\/Space-MOC-71157-Voyager-1-2-scale-112-MOCBRICKLAND-1.jpg 1000w, https:\/\/mouldking.store\/wp-content\/uploads\/2022\/09\/Space-MOC-71157-Voyager-1-2-scale-112-MOCBRICKLAND-1-300x300.jpg 300w, https:\/\/mouldking.store\/wp-content\/uploads\/2022\/09\/Space-MOC-71157-Voyager-1-2-scale-112-MOCBRICKLAND-1-768x768.jpg 768w, https:\/\/mouldking.store\/wp-content\/uploads\/2022\/09\/Space-MOC-71157-Voyager-1-2-scale-112-MOCBRICKLAND-1-600x600.jpg 600w, https:\/\/mouldking.store\/wp-content\/uploads\/2022\/09\/Space-MOC-71157-Voyager-1-2-scale-112-MOCBRICKLAND-1-150x150.jpg 150w, https:\/\/mouldking.store\/wp-content\/uploads\/2022\/09\/Space-MOC-71157-Voyager-1-2-scale-112-MOCBRICKLAND-1-60x60.jpg 60w, https:\/\/mouldking.store\/wp-content\/uploads\/2022\/09\/Space-MOC-71157-Voyager-1-2-scale-112-MOCBRICKLAND-1-90x90.jpg 90w\" sizes=\"(max-width: 1000px) 100vw, 1000px\" \/><figcaption id=\"caption-attachment-32672\" class=\"wp-caption-text\">MOC-71157 Voyager 1-2 m\u00e9retar\u00e1ny\u00fa 1:12 1903 darabbal<\/figcaption><\/figure>\n<figure id=\"attachment_32671\" aria-describedby=\"caption-attachment-32671\" style=\"width: 1000px\" class=\"wp-caption aligncenter\"><img decoding=\"async\" class=\"wp-image-32671 size-full\" src=\"https:\/\/mouldking.store\/wp-content\/uploads\/2022\/09\/Space-MOC-71157-Voyager-1-2-scale-112-MOCBRICKLAND-15.jpg\" alt=\"MOC-71157 Voyager 1-2 scale 1:12 with 1903 Pieces\" width=\"1000\" height=\"1000\" title=\"-\" srcset=\"https:\/\/mouldking.store\/wp-content\/uploads\/2022\/09\/Space-MOC-71157-Voyager-1-2-scale-112-MOCBRICKLAND-15.jpg 1000w, https:\/\/mouldking.store\/wp-content\/uploads\/2022\/09\/Space-MOC-71157-Voyager-1-2-scale-112-MOCBRICKLAND-15-300x300.jpg 300w, https:\/\/mouldking.store\/wp-content\/uploads\/2022\/09\/Space-MOC-71157-Voyager-1-2-scale-112-MOCBRICKLAND-15-768x768.jpg 768w, https:\/\/mouldking.store\/wp-content\/uploads\/2022\/09\/Space-MOC-71157-Voyager-1-2-scale-112-MOCBRICKLAND-15-600x600.jpg 600w, https:\/\/mouldking.store\/wp-content\/uploads\/2022\/09\/Space-MOC-71157-Voyager-1-2-scale-112-MOCBRICKLAND-15-150x150.jpg 150w, https:\/\/mouldking.store\/wp-content\/uploads\/2022\/09\/Space-MOC-71157-Voyager-1-2-scale-112-MOCBRICKLAND-15-60x60.jpg 60w, https:\/\/mouldking.store\/wp-content\/uploads\/2022\/09\/Space-MOC-71157-Voyager-1-2-scale-112-MOCBRICKLAND-15-90x90.jpg 90w\" sizes=\"(max-width: 1000px) 100vw, 1000px\" \/><figcaption id=\"caption-attachment-32671\" class=\"wp-caption-text\">MOC-71157 Voyager 1-2 m\u00e9retar\u00e1ny\u00fa 1:12 1903 darabbal<\/figcaption><\/figure>\n<figure id=\"attachment_32670\" aria-describedby=\"caption-attachment-32670\" style=\"width: 1000px\" class=\"wp-caption aligncenter\"><img loading=\"lazy\" decoding=\"async\" class=\"wp-image-32670 size-full\" src=\"https:\/\/mouldking.store\/wp-content\/uploads\/2022\/09\/Space-MOC-71157-Voyager-1-2-scale-112-MOCBRICKLAND-14.jpg\" alt=\"MOC-71157 Voyager 1-2 scale 1:12 with 1903 Pieces\" width=\"1000\" height=\"1000\" title=\"-\" srcset=\"https:\/\/mouldking.store\/wp-content\/uploads\/2022\/09\/Space-MOC-71157-Voyager-1-2-scale-112-MOCBRICKLAND-14.jpg 1000w, https:\/\/mouldking.store\/wp-content\/uploads\/2022\/09\/Space-MOC-71157-Voyager-1-2-scale-112-MOCBRICKLAND-14-300x300.jpg 300w, https:\/\/mouldking.store\/wp-content\/uploads\/2022\/09\/Space-MOC-71157-Voyager-1-2-scale-112-MOCBRICKLAND-14-768x768.jpg 768w, https:\/\/mouldking.store\/wp-content\/uploads\/2022\/09\/Space-MOC-71157-Voyager-1-2-scale-112-MOCBRICKLAND-14-600x600.jpg 600w, https:\/\/mouldking.store\/wp-content\/uploads\/2022\/09\/Space-MOC-71157-Voyager-1-2-scale-112-MOCBRICKLAND-14-150x150.jpg 150w, https:\/\/mouldking.store\/wp-content\/uploads\/2022\/09\/Space-MOC-71157-Voyager-1-2-scale-112-MOCBRICKLAND-14-60x60.jpg 60w, https:\/\/mouldking.store\/wp-content\/uploads\/2022\/09\/Space-MOC-71157-Voyager-1-2-scale-112-MOCBRICKLAND-14-90x90.jpg 90w\" sizes=\"(max-width: 1000px) 100vw, 1000px\" \/><figcaption id=\"caption-attachment-32670\" class=\"wp-caption-text\">MOC-71157 Voyager 1-2 m\u00e9retar\u00e1ny\u00fa 1:12 1903 darabbal<\/figcaption><\/figure>\n<figure id=\"attachment_32664\" aria-describedby=\"caption-attachment-32664\" style=\"width: 1000px\" class=\"wp-caption aligncenter\"><img loading=\"lazy\" decoding=\"async\" class=\"wp-image-32664 size-full\" src=\"https:\/\/mouldking.store\/wp-content\/uploads\/2022\/09\/Space-MOC-71157-Voyager-1-2-scale-112-MOCBRICKLAND-8.jpg\" alt=\"MOC-71157 Voyager 1-2 scale 1:12 with 1903 Pieces\" width=\"1000\" height=\"1000\" title=\"-\" srcset=\"https:\/\/mouldking.store\/wp-content\/uploads\/2022\/09\/Space-MOC-71157-Voyager-1-2-scale-112-MOCBRICKLAND-8.jpg 1000w, https:\/\/mouldking.store\/wp-content\/uploads\/2022\/09\/Space-MOC-71157-Voyager-1-2-scale-112-MOCBRICKLAND-8-300x300.jpg 300w, https:\/\/mouldking.store\/wp-content\/uploads\/2022\/09\/Space-MOC-71157-Voyager-1-2-scale-112-MOCBRICKLAND-8-768x768.jpg 768w, https:\/\/mouldking.store\/wp-content\/uploads\/2022\/09\/Space-MOC-71157-Voyager-1-2-scale-112-MOCBRICKLAND-8-600x600.jpg 600w, https:\/\/mouldking.store\/wp-content\/uploads\/2022\/09\/Space-MOC-71157-Voyager-1-2-scale-112-MOCBRICKLAND-8-150x150.jpg 150w, https:\/\/mouldking.store\/wp-content\/uploads\/2022\/09\/Space-MOC-71157-Voyager-1-2-scale-112-MOCBRICKLAND-8-60x60.jpg 60w, https:\/\/mouldking.store\/wp-content\/uploads\/2022\/09\/Space-MOC-71157-Voyager-1-2-scale-112-MOCBRICKLAND-8-90x90.jpg 90w\" sizes=\"(max-width: 1000px) 100vw, 1000px\" \/><figcaption id=\"caption-attachment-32664\" class=\"wp-caption-text\">MOC-71157 Voyager 1-2 m\u00e9retar\u00e1ny\u00fa 1:12 1903 darabbal<\/figcaption><\/figure>\n<figure id=\"attachment_32665\" aria-describedby=\"caption-attachment-32665\" style=\"width: 1000px\" class=\"wp-caption aligncenter\"><img loading=\"lazy\" decoding=\"async\" class=\"wp-image-32665 size-full\" src=\"https:\/\/mouldking.store\/wp-content\/uploads\/2022\/09\/Space-MOC-71157-Voyager-1-2-scale-112-MOCBRICKLAND-9.jpg\" alt=\"MOC-71157 Voyager 1-2 scale 1:12 with 1903 Pieces\" width=\"1000\" height=\"1000\" title=\"-\" srcset=\"https:\/\/mouldking.store\/wp-content\/uploads\/2022\/09\/Space-MOC-71157-Voyager-1-2-scale-112-MOCBRICKLAND-9.jpg 1000w, https:\/\/mouldking.store\/wp-content\/uploads\/2022\/09\/Space-MOC-71157-Voyager-1-2-scale-112-MOCBRICKLAND-9-300x300.jpg 300w, https:\/\/mouldking.store\/wp-content\/uploads\/2022\/09\/Space-MOC-71157-Voyager-1-2-scale-112-MOCBRICKLAND-9-768x768.jpg 768w, https:\/\/mouldking.store\/wp-content\/uploads\/2022\/09\/Space-MOC-71157-Voyager-1-2-scale-112-MOCBRICKLAND-9-600x600.jpg 600w, https:\/\/mouldking.store\/wp-content\/uploads\/2022\/09\/Space-MOC-71157-Voyager-1-2-scale-112-MOCBRICKLAND-9-150x150.jpg 150w, https:\/\/mouldking.store\/wp-content\/uploads\/2022\/09\/Space-MOC-71157-Voyager-1-2-scale-112-MOCBRICKLAND-9-60x60.jpg 60w, https:\/\/mouldking.store\/wp-content\/uploads\/2022\/09\/Space-MOC-71157-Voyager-1-2-scale-112-MOCBRICKLAND-9-90x90.jpg 90w\" sizes=\"(max-width: 1000px) 100vw, 1000px\" \/><figcaption id=\"caption-attachment-32665\" class=\"wp-caption-text\">MOC-71157 Voyager 1-2 m\u00e9retar\u00e1ny\u00fa 1:12 1903 darabbal<\/figcaption><\/figure>\n<figure id=\"attachment_32666\" aria-describedby=\"caption-attachment-32666\" style=\"width: 1000px\" class=\"wp-caption aligncenter\"><img loading=\"lazy\" decoding=\"async\" class=\"wp-image-32666 size-full\" src=\"https:\/\/mouldking.store\/wp-content\/uploads\/2022\/09\/Space-MOC-71157-Voyager-1-2-scale-112-MOCBRICKLAND-10.jpg\" alt=\"MOC-71157 Voyager 1-2 scale 1:12 with 1903 Pieces\" width=\"1000\" height=\"1000\" title=\"-\" srcset=\"https:\/\/mouldking.store\/wp-content\/uploads\/2022\/09\/Space-MOC-71157-Voyager-1-2-scale-112-MOCBRICKLAND-10.jpg 1000w, https:\/\/mouldking.store\/wp-content\/uploads\/2022\/09\/Space-MOC-71157-Voyager-1-2-scale-112-MOCBRICKLAND-10-300x300.jpg 300w, https:\/\/mouldking.store\/wp-content\/uploads\/2022\/09\/Space-MOC-71157-Voyager-1-2-scale-112-MOCBRICKLAND-10-768x768.jpg 768w, https:\/\/mouldking.store\/wp-content\/uploads\/2022\/09\/Space-MOC-71157-Voyager-1-2-scale-112-MOCBRICKLAND-10-600x600.jpg 600w, https:\/\/mouldking.store\/wp-content\/uploads\/2022\/09\/Space-MOC-71157-Voyager-1-2-scale-112-MOCBRICKLAND-10-150x150.jpg 150w, https:\/\/mouldking.store\/wp-content\/uploads\/2022\/09\/Space-MOC-71157-Voyager-1-2-scale-112-MOCBRICKLAND-10-60x60.jpg 60w, https:\/\/mouldking.store\/wp-content\/uploads\/2022\/09\/Space-MOC-71157-Voyager-1-2-scale-112-MOCBRICKLAND-10-90x90.jpg 90w\" sizes=\"(max-width: 1000px) 100vw, 1000px\" \/><figcaption id=\"caption-attachment-32666\" class=\"wp-caption-text\">MOC-71157 Voyager 1-2 m\u00e9retar\u00e1ny\u00fa 1:12 1903 darabbal<\/figcaption><\/figure>\n<figure id=\"attachment_32662\" aria-describedby=\"caption-attachment-32662\" style=\"width: 1000px\" class=\"wp-caption aligncenter\"><img loading=\"lazy\" decoding=\"async\" class=\"wp-image-32662 size-full\" src=\"https:\/\/mouldking.store\/wp-content\/uploads\/2022\/09\/Space-MOC-71157-Voyager-1-2-scale-112-MOCBRICKLAND-6.jpg\" alt=\"MOC-71157 Voyager 1-2 scale 1:12 with 1903 Pieces\" width=\"1000\" height=\"1000\" title=\"-\" srcset=\"https:\/\/mouldking.store\/wp-content\/uploads\/2022\/09\/Space-MOC-71157-Voyager-1-2-scale-112-MOCBRICKLAND-6.jpg 1000w, https:\/\/mouldking.store\/wp-content\/uploads\/2022\/09\/Space-MOC-71157-Voyager-1-2-scale-112-MOCBRICKLAND-6-300x300.jpg 300w, https:\/\/mouldking.store\/wp-content\/uploads\/2022\/09\/Space-MOC-71157-Voyager-1-2-scale-112-MOCBRICKLAND-6-768x768.jpg 768w, https:\/\/mouldking.store\/wp-content\/uploads\/2022\/09\/Space-MOC-71157-Voyager-1-2-scale-112-MOCBRICKLAND-6-600x600.jpg 600w, https:\/\/mouldking.store\/wp-content\/uploads\/2022\/09\/Space-MOC-71157-Voyager-1-2-scale-112-MOCBRICKLAND-6-150x150.jpg 150w, https:\/\/mouldking.store\/wp-content\/uploads\/2022\/09\/Space-MOC-71157-Voyager-1-2-scale-112-MOCBRICKLAND-6-60x60.jpg 60w, https:\/\/mouldking.store\/wp-content\/uploads\/2022\/09\/Space-MOC-71157-Voyager-1-2-scale-112-MOCBRICKLAND-6-90x90.jpg 90w\" sizes=\"(max-width: 1000px) 100vw, 1000px\" \/><figcaption id=\"caption-attachment-32662\" class=\"wp-caption-text\">MOC-71157 Voyager 1-2 m\u00e9retar\u00e1ny\u00fa 1:12 1903 darabbal<\/figcaption><\/figure>\n<figure id=\"attachment_32663\" aria-describedby=\"caption-attachment-32663\" style=\"width: 1000px\" class=\"wp-caption aligncenter\"><img loading=\"lazy\" decoding=\"async\" class=\"wp-image-32663 size-full\" src=\"https:\/\/mouldking.store\/wp-content\/uploads\/2022\/09\/Space-MOC-71157-Voyager-1-2-scale-112-MOCBRICKLAND-7.jpg\" alt=\"MOC-71157 Voyager 1-2 scale 1:12 with 1903 Pieces\" width=\"1000\" height=\"1000\" title=\"-\" srcset=\"https:\/\/mouldking.store\/wp-content\/uploads\/2022\/09\/Space-MOC-71157-Voyager-1-2-scale-112-MOCBRICKLAND-7.jpg 1000w, https:\/\/mouldking.store\/wp-content\/uploads\/2022\/09\/Space-MOC-71157-Voyager-1-2-scale-112-MOCBRICKLAND-7-300x300.jpg 300w, https:\/\/mouldking.store\/wp-content\/uploads\/2022\/09\/Space-MOC-71157-Voyager-1-2-scale-112-MOCBRICKLAND-7-768x768.jpg 768w, https:\/\/mouldking.store\/wp-content\/uploads\/2022\/09\/Space-MOC-71157-Voyager-1-2-scale-112-MOCBRICKLAND-7-600x600.jpg 600w, https:\/\/mouldking.store\/wp-content\/uploads\/2022\/09\/Space-MOC-71157-Voyager-1-2-scale-112-MOCBRICKLAND-7-150x150.jpg 150w, https:\/\/mouldking.store\/wp-content\/uploads\/2022\/09\/Space-MOC-71157-Voyager-1-2-scale-112-MOCBRICKLAND-7-60x60.jpg 60w, https:\/\/mouldking.store\/wp-content\/uploads\/2022\/09\/Space-MOC-71157-Voyager-1-2-scale-112-MOCBRICKLAND-7-90x90.jpg 90w\" sizes=\"(max-width: 1000px) 100vw, 1000px\" \/><figcaption id=\"caption-attachment-32663\" class=\"wp-caption-text\">MOC-71157 Voyager 1-2 m\u00e9retar\u00e1ny\u00fa 1:12 1903 darabbal<\/figcaption><\/figure>\n<figure id=\"attachment_32669\" aria-describedby=\"caption-attachment-32669\" style=\"width: 1000px\" class=\"wp-caption aligncenter\"><img loading=\"lazy\" decoding=\"async\" class=\"wp-image-32669 size-full\" src=\"https:\/\/mouldking.store\/wp-content\/uploads\/2022\/09\/Space-MOC-71157-Voyager-1-2-scale-112-MOCBRICKLAND-13.jpg\" alt=\"MOC-71157 Voyager 1-2 scale 1:12 with 1903 Pieces\" width=\"1000\" height=\"1000\" title=\"-\" srcset=\"https:\/\/mouldking.store\/wp-content\/uploads\/2022\/09\/Space-MOC-71157-Voyager-1-2-scale-112-MOCBRICKLAND-13.jpg 1000w, https:\/\/mouldking.store\/wp-content\/uploads\/2022\/09\/Space-MOC-71157-Voyager-1-2-scale-112-MOCBRICKLAND-13-300x300.jpg 300w, https:\/\/mouldking.store\/wp-content\/uploads\/2022\/09\/Space-MOC-71157-Voyager-1-2-scale-112-MOCBRICKLAND-13-768x768.jpg 768w, https:\/\/mouldking.store\/wp-content\/uploads\/2022\/09\/Space-MOC-71157-Voyager-1-2-scale-112-MOCBRICKLAND-13-600x600.jpg 600w, https:\/\/mouldking.store\/wp-content\/uploads\/2022\/09\/Space-MOC-71157-Voyager-1-2-scale-112-MOCBRICKLAND-13-150x150.jpg 150w, https:\/\/mouldking.store\/wp-content\/uploads\/2022\/09\/Space-MOC-71157-Voyager-1-2-scale-112-MOCBRICKLAND-13-60x60.jpg 60w, https:\/\/mouldking.store\/wp-content\/uploads\/2022\/09\/Space-MOC-71157-Voyager-1-2-scale-112-MOCBRICKLAND-13-90x90.jpg 90w\" sizes=\"(max-width: 1000px) 100vw, 1000px\" \/><figcaption id=\"caption-attachment-32669\" class=\"wp-caption-text\">MOC-71157 Voyager 1-2 m\u00e9retar\u00e1ny\u00fa 1:12 1903 darabbal<\/figcaption><\/figure>\n<figure id=\"attachment_32668\" aria-describedby=\"caption-attachment-32668\" style=\"width: 1000px\" class=\"wp-caption aligncenter\"><img loading=\"lazy\" decoding=\"async\" class=\"wp-image-32668 size-full\" src=\"https:\/\/mouldking.store\/wp-content\/uploads\/2022\/09\/Space-MOC-71157-Voyager-1-2-scale-112-MOCBRICKLAND-12.jpg\" alt=\"MOC-71157 Voyager 1-2 scale 1:12 with 1903 Pieces\" width=\"1000\" height=\"1000\" title=\"-\" srcset=\"https:\/\/mouldking.store\/wp-content\/uploads\/2022\/09\/Space-MOC-71157-Voyager-1-2-scale-112-MOCBRICKLAND-12.jpg 1000w, https:\/\/mouldking.store\/wp-content\/uploads\/2022\/09\/Space-MOC-71157-Voyager-1-2-scale-112-MOCBRICKLAND-12-300x300.jpg 300w, https:\/\/mouldking.store\/wp-content\/uploads\/2022\/09\/Space-MOC-71157-Voyager-1-2-scale-112-MOCBRICKLAND-12-768x768.jpg 768w, https:\/\/mouldking.store\/wp-content\/uploads\/2022\/09\/Space-MOC-71157-Voyager-1-2-scale-112-MOCBRICKLAND-12-600x600.jpg 600w, https:\/\/mouldking.store\/wp-content\/uploads\/2022\/09\/Space-MOC-71157-Voyager-1-2-scale-112-MOCBRICKLAND-12-150x150.jpg 150w, https:\/\/mouldking.store\/wp-content\/uploads\/2022\/09\/Space-MOC-71157-Voyager-1-2-scale-112-MOCBRICKLAND-12-60x60.jpg 60w, https:\/\/mouldking.store\/wp-content\/uploads\/2022\/09\/Space-MOC-71157-Voyager-1-2-scale-112-MOCBRICKLAND-12-90x90.jpg 90w\" sizes=\"(max-width: 1000px) 100vw, 1000px\" \/><figcaption id=\"caption-attachment-32668\" class=\"wp-caption-text\">MOC-71157 Voyager 1-2 m\u00e9retar\u00e1ny\u00fa 1:12 1903 darabbal<\/figcaption><\/figure>\n<figure id=\"attachment_32661\" aria-describedby=\"caption-attachment-32661\" style=\"width: 1000px\" class=\"wp-caption aligncenter\"><img loading=\"lazy\" decoding=\"async\" class=\"wp-image-32661 size-full\" src=\"https:\/\/mouldking.store\/wp-content\/uploads\/2022\/09\/Space-MOC-71157-Voyager-1-2-scale-112-MOCBRICKLAND-5.jpg\" alt=\"MOC-71157 Voyager 1-2 scale 1:12 with 1903 Pieces\" width=\"1000\" height=\"1000\" title=\"-\" srcset=\"https:\/\/mouldking.store\/wp-content\/uploads\/2022\/09\/Space-MOC-71157-Voyager-1-2-scale-112-MOCBRICKLAND-5.jpg 1000w, https:\/\/mouldking.store\/wp-content\/uploads\/2022\/09\/Space-MOC-71157-Voyager-1-2-scale-112-MOCBRICKLAND-5-300x300.jpg 300w, https:\/\/mouldking.store\/wp-content\/uploads\/2022\/09\/Space-MOC-71157-Voyager-1-2-scale-112-MOCBRICKLAND-5-768x768.jpg 768w, https:\/\/mouldking.store\/wp-content\/uploads\/2022\/09\/Space-MOC-71157-Voyager-1-2-scale-112-MOCBRICKLAND-5-600x600.jpg 600w, https:\/\/mouldking.store\/wp-content\/uploads\/2022\/09\/Space-MOC-71157-Voyager-1-2-scale-112-MOCBRICKLAND-5-150x150.jpg 150w, https:\/\/mouldking.store\/wp-content\/uploads\/2022\/09\/Space-MOC-71157-Voyager-1-2-scale-112-MOCBRICKLAND-5-60x60.jpg 60w, https:\/\/mouldking.store\/wp-content\/uploads\/2022\/09\/Space-MOC-71157-Voyager-1-2-scale-112-MOCBRICKLAND-5-90x90.jpg 90w\" sizes=\"(max-width: 1000px) 100vw, 1000px\" \/><figcaption id=\"caption-attachment-32661\" class=\"wp-caption-text\">MOC-71157 Voyager 1-2 m\u00e9retar\u00e1ny\u00fa 1:12 1903 darabbal<\/figcaption><\/figure>\n<figure id=\"attachment_32667\" aria-describedby=\"caption-attachment-32667\" style=\"width: 1000px\" class=\"wp-caption aligncenter\"><img loading=\"lazy\" decoding=\"async\" class=\"wp-image-32667 size-full\" src=\"https:\/\/mouldking.store\/wp-content\/uploads\/2022\/09\/Space-MOC-71157-Voyager-1-2-scale-112-MOCBRICKLAND-11.jpg\" alt=\"MOC-71157 Voyager 1-2 scale 1:12 with 1903 Pieces\" width=\"1000\" height=\"1000\" title=\"-\" srcset=\"https:\/\/mouldking.store\/wp-content\/uploads\/2022\/09\/Space-MOC-71157-Voyager-1-2-scale-112-MOCBRICKLAND-11.jpg 1000w, https:\/\/mouldking.store\/wp-content\/uploads\/2022\/09\/Space-MOC-71157-Voyager-1-2-scale-112-MOCBRICKLAND-11-300x300.jpg 300w, https:\/\/mouldking.store\/wp-content\/uploads\/2022\/09\/Space-MOC-71157-Voyager-1-2-scale-112-MOCBRICKLAND-11-768x768.jpg 768w, https:\/\/mouldking.store\/wp-content\/uploads\/2022\/09\/Space-MOC-71157-Voyager-1-2-scale-112-MOCBRICKLAND-11-600x600.jpg 600w, https:\/\/mouldking.store\/wp-content\/uploads\/2022\/09\/Space-MOC-71157-Voyager-1-2-scale-112-MOCBRICKLAND-11-150x150.jpg 150w, https:\/\/mouldking.store\/wp-content\/uploads\/2022\/09\/Space-MOC-71157-Voyager-1-2-scale-112-MOCBRICKLAND-11-60x60.jpg 60w, https:\/\/mouldking.store\/wp-content\/uploads\/2022\/09\/Space-MOC-71157-Voyager-1-2-scale-112-MOCBRICKLAND-11-90x90.jpg 90w\" sizes=\"(max-width: 1000px) 100vw, 1000px\" \/><figcaption id=\"caption-attachment-32667\" class=\"wp-caption-text\">MOC-71157 Voyager 1-2 m\u00e9retar\u00e1ny\u00fa 1:12 1903 darabbal<\/figcaption><\/figure>\n<figure id=\"attachment_32660\" aria-describedby=\"caption-attachment-32660\" style=\"width: 662px\" class=\"wp-caption aligncenter\"><img loading=\"lazy\" decoding=\"async\" class=\"wp-image-32660 size-full\" src=\"https:\/\/mouldking.store\/wp-content\/uploads\/2022\/09\/Space-MOC-71157-Voyager-1-2-scale-112-MOCBRICKLAND-4.jpg\" alt=\"MOC-71157 Voyager 1-2 scale 1:12 with 1903 Pieces\" width=\"662\" height=\"1200\" title=\"-\" srcset=\"https:\/\/mouldking.store\/wp-content\/uploads\/2022\/09\/Space-MOC-71157-Voyager-1-2-scale-112-MOCBRICKLAND-4.jpg 662w, https:\/\/mouldking.store\/wp-content\/uploads\/2022\/09\/Space-MOC-71157-Voyager-1-2-scale-112-MOCBRICKLAND-4-166x300.jpg 166w, https:\/\/mouldking.store\/wp-content\/uploads\/2022\/09\/Space-MOC-71157-Voyager-1-2-scale-112-MOCBRICKLAND-4-565x1024.jpg 565w, https:\/\/mouldking.store\/wp-content\/uploads\/2022\/09\/Space-MOC-71157-Voyager-1-2-scale-112-MOCBRICKLAND-4-300x544.jpg 300w, https:\/\/mouldking.store\/wp-content\/uploads\/2022\/09\/Space-MOC-71157-Voyager-1-2-scale-112-MOCBRICKLAND-4-600x1088.jpg 600w, https:\/\/mouldking.store\/wp-content\/uploads\/2022\/09\/Space-MOC-71157-Voyager-1-2-scale-112-MOCBRICKLAND-4-83x150.jpg 83w, https:\/\/mouldking.store\/wp-content\/uploads\/2022\/09\/Space-MOC-71157-Voyager-1-2-scale-112-MOCBRICKLAND-4-33x60.jpg 33w, https:\/\/mouldking.store\/wp-content\/uploads\/2022\/09\/Space-MOC-71157-Voyager-1-2-scale-112-MOCBRICKLAND-4-50x90.jpg 50w\" sizes=\"(max-width: 662px) 100vw, 662px\" \/><figcaption id=\"caption-attachment-32660\" class=\"wp-caption-text\">MOC-71157 Voyager 1-2 m\u00e9retar\u00e1ny\u00fa 1:12 1903 darabbal<\/figcaption><\/figure>","protected":false},"excerpt":{"rendered":"<p>Product information: Brand: MOC Gender: Unisex Name: Voyager 1-2 scale 1:12 Age Range: &gt; 6 years old Model Number: C7989 Classification: Assemblage Plastic Block Shape: Self-Locking Bricks Material: Plastic Plastic Type: ABS Bricks Blocks: 1903 PCS Dimensions: 45 x 35 x 78 cm Weight: 1.27 kg Contains detailed assembly instructions. Notice: 1. Without an original [&hellip;]<\/p>","protected":false},"featured_media":32658,"comment_status":"closed","ping_status":"closed","template":"","meta":{"_acf_changed":false},"product_cat":[364],"product_tag":[5722,5956,5957],"class_list":["product","first","instock","shipping-taxable","purchasable","product-type-simple"],"acf":[],"_links":{"self":[{"href":"https:\/\/mouldking.store\/hu\/wp-json\/wp\/v2\/product\/32657","targetHints":{"allow":["GET"]}}],"collection":[{"href":"https:\/\/mouldking.store\/hu\/wp-json\/wp\/v2\/product"}],"about":[{"href":"https:\/\/mouldking.store\/hu\/wp-json\/wp\/v2\/types\/product"}],"replies":[{"embeddable":true,"href":"https:\/\/mouldking.store\/hu\/wp-json\/wp\/v2\/comments?post=32657"}],"wp:featuredmedia":[{"embeddable":true,"href":"https:\/\/mouldking.store\/hu\/wp-json\/wp\/v2\/media\/32658"}],"wp:attachment":[{"href":"https:\/\/mouldking.store\/hu\/wp-json\/wp\/v2\/media?parent=32657"}],"wp:term":[{"taxonomy":"product_cat","embeddable":true,"href":"https:\/\/mouldking.store\/hu\/wp-json\/wp\/v2\/product_cat?post=32657"},{"taxonomy":"product_tag","embeddable":true,"href":"https:\/\/mouldking.store\/hu\/wp-json\/wp\/v2\/product_tag?post=32657"}],"curies":[{"name":"wp","href":"https:\/\/api.w.org\/{rel}","templated":true}]}}