{"id":32962,"date":"2022-10-11T11:15:12","date_gmt":"2022-10-11T04:15:12","guid":{"rendered":"https:\/\/mouldking.store\/?post_type=product&#038;p=32962"},"modified":"2022-10-11T11:15:12","modified_gmt":"2022-10-11T04:15:12","slug":"xingbao-01037-city-village-fan-sausage-store","status":"publish","type":"product","link":"https:\/\/mouldking.store\/hu\/shop\/xingbao-01037-city-village-fan-sausage-store\/","title":{"rendered":"XINGBAO 01037 City Village Fan Sausage Store with 3180 Pieces"},"content":{"rendered":"<p>Term\u00e9k inform\u00e1ci\u00f3:<\/p>\n<ol>\n<li>Brand: XINGBAO<\/li>\n<li>Nem: Uniszex<\/li>\n<li>Name: City Village Fan Sausage Store<\/li>\n<li>Koroszt\u00e1ly: &gt; 6 \u00e9v<\/li>\n<li>Model Number: 01037<\/li>\n<li>Besorol\u00e1s: \u00d6sszeszerel\u00e9s<\/li>\n<li>M\u0171anyag blokk forma: \u00f6nz\u00e1r\u00f3 t\u00e9gla<\/li>\n<li>Anyaga: M\u0171anyag<\/li>\n<li>M\u0171anyag t\u00edpus: ABS<\/li>\n<li>Bricks Blocks: 3180 PCS<\/li>\n<li>R\u00e9szletes \u00f6sszeszerel\u00e9si \u00fatmutat\u00f3t tartalmaz.<\/li>\n<li>Without Mini-figurines<\/li>\n<\/ol>\n<p>\u00c9rtes\u00edt\u00e9s:<br \/>\n1. Eredeti doboz n\u00e9lk\u00fcl, de garant\u00e1ljuk, hogy term\u00e9keink min\u0151s\u00e9gbiztos\u00edt\u00e1ssal \u00e9s sz\u00e9p csomagol\u00e1ssal rendelkeznek.<br \/>\n2. Mint minden alkatr\u00e9szt, amelyet a sz\u00e1ll\u00edt\u00e1s el\u0151tt ellen\u0151rizt\u00fcnk, ez\u00e9rt ha \u00fagy tal\u00e1lja, hogy n\u00e9h\u00e1ny alkatr\u00e9sz hi\u00e1nyzik vagy s\u00e9r\u00fclt, ne agg\u00f3djon, \u00e9s k\u00e9rj\u00fck, vegye fel vel\u00fcnk a kapcsolatot, \u00e9s azonnal ingyenesen elk\u00fcldj\u00fck \u00d6nnek.<\/p>\n<figure id=\"attachment_32963\" aria-describedby=\"caption-attachment-32963\" style=\"width: 800px\" class=\"wp-caption aligncenter\"><img fetchpriority=\"high\" decoding=\"async\" class=\"wp-image-32963 size-full\" src=\"https:\/\/mouldking.store\/wp-content\/uploads\/2022\/10\/Modular-Buildings-XINGBAO-01037-City-Village-Fan-Sausage-Store-1.jpg\" alt=\"XINGBAO 01037 City Village Fan Sausage Store with 3180 Pieces\" width=\"800\" height=\"800\" title=\"-\" srcset=\"https:\/\/mouldking.store\/wp-content\/uploads\/2022\/10\/Modular-Buildings-XINGBAO-01037-City-Village-Fan-Sausage-Store-1.jpg 800w, https:\/\/mouldking.store\/wp-content\/uploads\/2022\/10\/Modular-Buildings-XINGBAO-01037-City-Village-Fan-Sausage-Store-1-300x300.jpg 300w, https:\/\/mouldking.store\/wp-content\/uploads\/2022\/10\/Modular-Buildings-XINGBAO-01037-City-Village-Fan-Sausage-Store-1-768x768.jpg 768w, https:\/\/mouldking.store\/wp-content\/uploads\/2022\/10\/Modular-Buildings-XINGBAO-01037-City-Village-Fan-Sausage-Store-1-600x600.jpg 600w, https:\/\/mouldking.store\/wp-content\/uploads\/2022\/10\/Modular-Buildings-XINGBAO-01037-City-Village-Fan-Sausage-Store-1-150x150.jpg 150w, https:\/\/mouldking.store\/wp-content\/uploads\/2022\/10\/Modular-Buildings-XINGBAO-01037-City-Village-Fan-Sausage-Store-1-60x60.jpg 60w, https:\/\/mouldking.store\/wp-content\/uploads\/2022\/10\/Modular-Buildings-XINGBAO-01037-City-Village-Fan-Sausage-Store-1-90x90.jpg 90w\" sizes=\"(max-width: 800px) 100vw, 800px\" \/><figcaption id=\"caption-attachment-32963\" class=\"wp-caption-text\">XINGBAO 01037 City Village Fan Sausage Store with 3180 Pieces<\/figcaption><\/figure>\n<figure id=\"attachment_32972\" aria-describedby=\"caption-attachment-32972\" style=\"width: 788px\" class=\"wp-caption aligncenter\"><img decoding=\"async\" class=\"wp-image-32972 size-full\" src=\"https:\/\/mouldking.store\/wp-content\/uploads\/2022\/10\/Modular-Buildings-XINGBAO-01037-City-Village-Fan-Sausage-Store-10.jpg\" alt=\"XINGBAO 01037 City Village Fan Sausage Store with 3180 Pieces\" width=\"788\" height=\"912\" title=\"-\" srcset=\"https:\/\/mouldking.store\/wp-content\/uploads\/2022\/10\/Modular-Buildings-XINGBAO-01037-City-Village-Fan-Sausage-Store-10.jpg 788w, https:\/\/mouldking.store\/wp-content\/uploads\/2022\/10\/Modular-Buildings-XINGBAO-01037-City-Village-Fan-Sausage-Store-10-259x300.jpg 259w, https:\/\/mouldking.store\/wp-content\/uploads\/2022\/10\/Modular-Buildings-XINGBAO-01037-City-Village-Fan-Sausage-Store-10-768x889.jpg 768w, https:\/\/mouldking.store\/wp-content\/uploads\/2022\/10\/Modular-Buildings-XINGBAO-01037-City-Village-Fan-Sausage-Store-10-300x347.jpg 300w, https:\/\/mouldking.store\/wp-content\/uploads\/2022\/10\/Modular-Buildings-XINGBAO-01037-City-Village-Fan-Sausage-Store-10-600x694.jpg 600w, https:\/\/mouldking.store\/wp-content\/uploads\/2022\/10\/Modular-Buildings-XINGBAO-01037-City-Village-Fan-Sausage-Store-10-130x150.jpg 130w, https:\/\/mouldking.store\/wp-content\/uploads\/2022\/10\/Modular-Buildings-XINGBAO-01037-City-Village-Fan-Sausage-Store-10-52x60.jpg 52w, https:\/\/mouldking.store\/wp-content\/uploads\/2022\/10\/Modular-Buildings-XINGBAO-01037-City-Village-Fan-Sausage-Store-10-78x90.jpg 78w\" sizes=\"(max-width: 788px) 100vw, 788px\" \/><figcaption id=\"caption-attachment-32972\" class=\"wp-caption-text\">XINGBAO 01037 City Village Fan Sausage Store with 3180 Pieces<\/figcaption><\/figure>\n<figure id=\"attachment_32973\" aria-describedby=\"caption-attachment-32973\" style=\"width: 1024px\" class=\"wp-caption aligncenter\"><img decoding=\"async\" class=\"wp-image-32973 size-full\" src=\"https:\/\/mouldking.store\/wp-content\/uploads\/2022\/10\/Modular-Buildings-XINGBAO-01037-City-Village-Fan-Sausage-Store-11.jpg\" alt=\"XINGBAO 01037 City Village Fan Sausage Store with 3180 Pieces\" width=\"1024\" height=\"1024\" title=\"-\" srcset=\"https:\/\/mouldking.store\/wp-content\/uploads\/2022\/10\/Modular-Buildings-XINGBAO-01037-City-Village-Fan-Sausage-Store-11.jpg 1024w, https:\/\/mouldking.store\/wp-content\/uploads\/2022\/10\/Modular-Buildings-XINGBAO-01037-City-Village-Fan-Sausage-Store-11-300x300.jpg 300w, https:\/\/mouldking.store\/wp-content\/uploads\/2022\/10\/Modular-Buildings-XINGBAO-01037-City-Village-Fan-Sausage-Store-11-768x768.jpg 768w, https:\/\/mouldking.store\/wp-content\/uploads\/2022\/10\/Modular-Buildings-XINGBAO-01037-City-Village-Fan-Sausage-Store-11-600x600.jpg 600w, https:\/\/mouldking.store\/wp-content\/uploads\/2022\/10\/Modular-Buildings-XINGBAO-01037-City-Village-Fan-Sausage-Store-11-150x150.jpg 150w, https:\/\/mouldking.store\/wp-content\/uploads\/2022\/10\/Modular-Buildings-XINGBAO-01037-City-Village-Fan-Sausage-Store-11-60x60.jpg 60w, https:\/\/mouldking.store\/wp-content\/uploads\/2022\/10\/Modular-Buildings-XINGBAO-01037-City-Village-Fan-Sausage-Store-11-90x90.jpg 90w\" sizes=\"(max-width: 1024px) 100vw, 1024px\" \/><figcaption id=\"caption-attachment-32973\" class=\"wp-caption-text\">XINGBAO 01037 City Village Fan Sausage Store with 3180 Pieces<\/figcaption><\/figure>\n<figure id=\"attachment_32964\" aria-describedby=\"caption-attachment-32964\" style=\"width: 465px\" class=\"wp-caption aligncenter\"><img loading=\"lazy\" decoding=\"async\" class=\"wp-image-32964 size-full\" src=\"https:\/\/mouldking.store\/wp-content\/uploads\/2022\/10\/Modular-Buildings-XINGBAO-01037-City-Village-Fan-Sausage-Store-2.jpg\" alt=\"XINGBAO 01037 City Village Fan Sausage Store with 3180 Pieces\" width=\"465\" height=\"1024\" title=\"-\" srcset=\"https:\/\/mouldking.store\/wp-content\/uploads\/2022\/10\/Modular-Buildings-XINGBAO-01037-City-Village-Fan-Sausage-Store-2.jpg 465w, https:\/\/mouldking.store\/wp-content\/uploads\/2022\/10\/Modular-Buildings-XINGBAO-01037-City-Village-Fan-Sausage-Store-2-136x300.jpg 136w, https:\/\/mouldking.store\/wp-content\/uploads\/2022\/10\/Modular-Buildings-XINGBAO-01037-City-Village-Fan-Sausage-Store-2-300x661.jpg 300w, https:\/\/mouldking.store\/wp-content\/uploads\/2022\/10\/Modular-Buildings-XINGBAO-01037-City-Village-Fan-Sausage-Store-2-68x150.jpg 68w, https:\/\/mouldking.store\/wp-content\/uploads\/2022\/10\/Modular-Buildings-XINGBAO-01037-City-Village-Fan-Sausage-Store-2-27x60.jpg 27w, https:\/\/mouldking.store\/wp-content\/uploads\/2022\/10\/Modular-Buildings-XINGBAO-01037-City-Village-Fan-Sausage-Store-2-41x90.jpg 41w\" sizes=\"(max-width: 465px) 100vw, 465px\" \/><figcaption id=\"caption-attachment-32964\" class=\"wp-caption-text\">XINGBAO 01037 City Village Fan Sausage Store with 3180 Pieces<\/figcaption><\/figure>\n<figure id=\"attachment_32970\" aria-describedby=\"caption-attachment-32970\" style=\"width: 788px\" class=\"wp-caption aligncenter\"><img loading=\"lazy\" decoding=\"async\" class=\"wp-image-32970 size-full\" src=\"https:\/\/mouldking.store\/wp-content\/uploads\/2022\/10\/Modular-Buildings-XINGBAO-01037-City-Village-Fan-Sausage-Store-8.jpg\" alt=\"XINGBAO 01037 City Village Fan Sausage Store with 3180 Pieces\" width=\"788\" height=\"924\" title=\"-\" srcset=\"https:\/\/mouldking.store\/wp-content\/uploads\/2022\/10\/Modular-Buildings-XINGBAO-01037-City-Village-Fan-Sausage-Store-8.jpg 788w, https:\/\/mouldking.store\/wp-content\/uploads\/2022\/10\/Modular-Buildings-XINGBAO-01037-City-Village-Fan-Sausage-Store-8-256x300.jpg 256w, https:\/\/mouldking.store\/wp-content\/uploads\/2022\/10\/Modular-Buildings-XINGBAO-01037-City-Village-Fan-Sausage-Store-8-768x901.jpg 768w, https:\/\/mouldking.store\/wp-content\/uploads\/2022\/10\/Modular-Buildings-XINGBAO-01037-City-Village-Fan-Sausage-Store-8-300x352.jpg 300w, https:\/\/mouldking.store\/wp-content\/uploads\/2022\/10\/Modular-Buildings-XINGBAO-01037-City-Village-Fan-Sausage-Store-8-600x704.jpg 600w, https:\/\/mouldking.store\/wp-content\/uploads\/2022\/10\/Modular-Buildings-XINGBAO-01037-City-Village-Fan-Sausage-Store-8-128x150.jpg 128w, https:\/\/mouldking.store\/wp-content\/uploads\/2022\/10\/Modular-Buildings-XINGBAO-01037-City-Village-Fan-Sausage-Store-8-51x60.jpg 51w, https:\/\/mouldking.store\/wp-content\/uploads\/2022\/10\/Modular-Buildings-XINGBAO-01037-City-Village-Fan-Sausage-Store-8-77x90.jpg 77w\" sizes=\"(max-width: 788px) 100vw, 788px\" \/><figcaption id=\"caption-attachment-32970\" class=\"wp-caption-text\">XINGBAO 01037 City Village Fan Sausage Store with 3180 Pieces<\/figcaption><\/figure>\n<figure id=\"attachment_32965\" aria-describedby=\"caption-attachment-32965\" style=\"width: 561px\" class=\"wp-caption aligncenter\"><img loading=\"lazy\" decoding=\"async\" class=\"wp-image-32965 size-full\" src=\"https:\/\/mouldking.store\/wp-content\/uploads\/2022\/10\/Modular-Buildings-XINGBAO-01037-City-Village-Fan-Sausage-Store-3.jpg\" alt=\"XINGBAO 01037 City Village Fan Sausage Store with 3180 Pieces\" width=\"561\" height=\"1024\" title=\"-\" srcset=\"https:\/\/mouldking.store\/wp-content\/uploads\/2022\/10\/Modular-Buildings-XINGBAO-01037-City-Village-Fan-Sausage-Store-3.jpg 561w, https:\/\/mouldking.store\/wp-content\/uploads\/2022\/10\/Modular-Buildings-XINGBAO-01037-City-Village-Fan-Sausage-Store-3-164x300.jpg 164w, https:\/\/mouldking.store\/wp-content\/uploads\/2022\/10\/Modular-Buildings-XINGBAO-01037-City-Village-Fan-Sausage-Store-3-300x548.jpg 300w, https:\/\/mouldking.store\/wp-content\/uploads\/2022\/10\/Modular-Buildings-XINGBAO-01037-City-Village-Fan-Sausage-Store-3-82x150.jpg 82w, https:\/\/mouldking.store\/wp-content\/uploads\/2022\/10\/Modular-Buildings-XINGBAO-01037-City-Village-Fan-Sausage-Store-3-33x60.jpg 33w, https:\/\/mouldking.store\/wp-content\/uploads\/2022\/10\/Modular-Buildings-XINGBAO-01037-City-Village-Fan-Sausage-Store-3-49x90.jpg 49w\" sizes=\"(max-width: 561px) 100vw, 561px\" \/><figcaption id=\"caption-attachment-32965\" class=\"wp-caption-text\">XINGBAO 01037 City Village Fan Sausage Store with 3180 Pieces<\/figcaption><\/figure>\n<figure id=\"attachment_32966\" aria-describedby=\"caption-attachment-32966\" style=\"width: 494px\" class=\"wp-caption aligncenter\"><img loading=\"lazy\" decoding=\"async\" class=\"wp-image-32966 size-full\" src=\"https:\/\/mouldking.store\/wp-content\/uploads\/2022\/10\/Modular-Buildings-XINGBAO-01037-City-Village-Fan-Sausage-Store-4.jpg\" alt=\"XINGBAO 01037 City Village Fan Sausage Store with 3180 Pieces\" width=\"494\" height=\"1024\" title=\"-\" srcset=\"https:\/\/mouldking.store\/wp-content\/uploads\/2022\/10\/Modular-Buildings-XINGBAO-01037-City-Village-Fan-Sausage-Store-4.jpg 494w, https:\/\/mouldking.store\/wp-content\/uploads\/2022\/10\/Modular-Buildings-XINGBAO-01037-City-Village-Fan-Sausage-Store-4-145x300.jpg 145w, https:\/\/mouldking.store\/wp-content\/uploads\/2022\/10\/Modular-Buildings-XINGBAO-01037-City-Village-Fan-Sausage-Store-4-300x622.jpg 300w, https:\/\/mouldking.store\/wp-content\/uploads\/2022\/10\/Modular-Buildings-XINGBAO-01037-City-Village-Fan-Sausage-Store-4-72x150.jpg 72w, https:\/\/mouldking.store\/wp-content\/uploads\/2022\/10\/Modular-Buildings-XINGBAO-01037-City-Village-Fan-Sausage-Store-4-29x60.jpg 29w, https:\/\/mouldking.store\/wp-content\/uploads\/2022\/10\/Modular-Buildings-XINGBAO-01037-City-Village-Fan-Sausage-Store-4-43x90.jpg 43w\" sizes=\"(max-width: 494px) 100vw, 494px\" \/><figcaption id=\"caption-attachment-32966\" class=\"wp-caption-text\">XINGBAO 01037 City Village Fan Sausage Store with 3180 Pieces<\/figcaption><\/figure>\n<figure id=\"attachment_32967\" aria-describedby=\"caption-attachment-32967\" style=\"width: 564px\" class=\"wp-caption aligncenter\"><img loading=\"lazy\" decoding=\"async\" class=\"wp-image-32967 size-full\" src=\"https:\/\/mouldking.store\/wp-content\/uploads\/2022\/10\/Modular-Buildings-XINGBAO-01037-City-Village-Fan-Sausage-Store-5.jpg\" alt=\"XINGBAO 01037 City Village Fan Sausage Store with 3180 Pieces\" width=\"564\" height=\"1024\" title=\"-\" srcset=\"https:\/\/mouldking.store\/wp-content\/uploads\/2022\/10\/Modular-Buildings-XINGBAO-01037-City-Village-Fan-Sausage-Store-5.jpg 564w, https:\/\/mouldking.store\/wp-content\/uploads\/2022\/10\/Modular-Buildings-XINGBAO-01037-City-Village-Fan-Sausage-Store-5-165x300.jpg 165w, https:\/\/mouldking.store\/wp-content\/uploads\/2022\/10\/Modular-Buildings-XINGBAO-01037-City-Village-Fan-Sausage-Store-5-300x545.jpg 300w, https:\/\/mouldking.store\/wp-content\/uploads\/2022\/10\/Modular-Buildings-XINGBAO-01037-City-Village-Fan-Sausage-Store-5-83x150.jpg 83w, https:\/\/mouldking.store\/wp-content\/uploads\/2022\/10\/Modular-Buildings-XINGBAO-01037-City-Village-Fan-Sausage-Store-5-33x60.jpg 33w, https:\/\/mouldking.store\/wp-content\/uploads\/2022\/10\/Modular-Buildings-XINGBAO-01037-City-Village-Fan-Sausage-Store-5-50x90.jpg 50w\" sizes=\"(max-width: 564px) 100vw, 564px\" \/><figcaption id=\"caption-attachment-32967\" class=\"wp-caption-text\">XINGBAO 01037 City Village Fan Sausage Store with 3180 Pieces<\/figcaption><\/figure>\n<figure id=\"attachment_32968\" aria-describedby=\"caption-attachment-32968\" style=\"width: 784px\" class=\"wp-caption aligncenter\"><img loading=\"lazy\" decoding=\"async\" class=\"wp-image-32968 size-full\" src=\"https:\/\/mouldking.store\/wp-content\/uploads\/2022\/10\/Modular-Buildings-XINGBAO-01037-City-Village-Fan-Sausage-Store-6.jpg\" alt=\"XINGBAO 01037 City Village Fan Sausage Store with 3180 Pieces\" width=\"784\" height=\"956\" title=\"-\" srcset=\"https:\/\/mouldking.store\/wp-content\/uploads\/2022\/10\/Modular-Buildings-XINGBAO-01037-City-Village-Fan-Sausage-Store-6.jpg 784w, https:\/\/mouldking.store\/wp-content\/uploads\/2022\/10\/Modular-Buildings-XINGBAO-01037-City-Village-Fan-Sausage-Store-6-246x300.jpg 246w, https:\/\/mouldking.store\/wp-content\/uploads\/2022\/10\/Modular-Buildings-XINGBAO-01037-City-Village-Fan-Sausage-Store-6-768x936.jpg 768w, https:\/\/mouldking.store\/wp-content\/uploads\/2022\/10\/Modular-Buildings-XINGBAO-01037-City-Village-Fan-Sausage-Store-6-300x366.jpg 300w, https:\/\/mouldking.store\/wp-content\/uploads\/2022\/10\/Modular-Buildings-XINGBAO-01037-City-Village-Fan-Sausage-Store-6-600x732.jpg 600w, https:\/\/mouldking.store\/wp-content\/uploads\/2022\/10\/Modular-Buildings-XINGBAO-01037-City-Village-Fan-Sausage-Store-6-123x150.jpg 123w, https:\/\/mouldking.store\/wp-content\/uploads\/2022\/10\/Modular-Buildings-XINGBAO-01037-City-Village-Fan-Sausage-Store-6-49x60.jpg 49w, https:\/\/mouldking.store\/wp-content\/uploads\/2022\/10\/Modular-Buildings-XINGBAO-01037-City-Village-Fan-Sausage-Store-6-74x90.jpg 74w\" sizes=\"(max-width: 784px) 100vw, 784px\" \/><figcaption id=\"caption-attachment-32968\" class=\"wp-caption-text\">XINGBAO 01037 City Village Fan Sausage Store with 3180 Pieces<\/figcaption><\/figure>\n<figure id=\"attachment_32969\" aria-describedby=\"caption-attachment-32969\" style=\"width: 567px\" class=\"wp-caption aligncenter\"><img loading=\"lazy\" decoding=\"async\" class=\"wp-image-32969 size-full\" src=\"https:\/\/mouldking.store\/wp-content\/uploads\/2022\/10\/Modular-Buildings-XINGBAO-01037-City-Village-Fan-Sausage-Store-7.jpg\" alt=\"XINGBAO 01037 City Village Fan Sausage Store with 3180 Pieces\" width=\"567\" height=\"1024\" title=\"-\" srcset=\"https:\/\/mouldking.store\/wp-content\/uploads\/2022\/10\/Modular-Buildings-XINGBAO-01037-City-Village-Fan-Sausage-Store-7.jpg 567w, https:\/\/mouldking.store\/wp-content\/uploads\/2022\/10\/Modular-Buildings-XINGBAO-01037-City-Village-Fan-Sausage-Store-7-166x300.jpg 166w, https:\/\/mouldking.store\/wp-content\/uploads\/2022\/10\/Modular-Buildings-XINGBAO-01037-City-Village-Fan-Sausage-Store-7-300x542.jpg 300w, https:\/\/mouldking.store\/wp-content\/uploads\/2022\/10\/Modular-Buildings-XINGBAO-01037-City-Village-Fan-Sausage-Store-7-83x150.jpg 83w, https:\/\/mouldking.store\/wp-content\/uploads\/2022\/10\/Modular-Buildings-XINGBAO-01037-City-Village-Fan-Sausage-Store-7-33x60.jpg 33w, https:\/\/mouldking.store\/wp-content\/uploads\/2022\/10\/Modular-Buildings-XINGBAO-01037-City-Village-Fan-Sausage-Store-7-50x90.jpg 50w\" sizes=\"(max-width: 567px) 100vw, 567px\" \/><figcaption id=\"caption-attachment-32969\" class=\"wp-caption-text\">XINGBAO 01037 City Village Fan Sausage Store with 3180 Pieces<\/figcaption><\/figure>\n<figure id=\"attachment_32974\" aria-describedby=\"caption-attachment-32974\" style=\"width: 800px\" class=\"wp-caption aligncenter\"><img loading=\"lazy\" decoding=\"async\" class=\"wp-image-32974 size-full\" src=\"https:\/\/mouldking.store\/wp-content\/uploads\/2022\/10\/Modular-Buildings-XINGBAO-01037-City-Village-Fan-Sausage-Store-12.jpg\" alt=\"XINGBAO 01037 City Village Fan Sausage Store with 3180 Pieces\" width=\"800\" height=\"800\" title=\"-\" srcset=\"https:\/\/mouldking.store\/wp-content\/uploads\/2022\/10\/Modular-Buildings-XINGBAO-01037-City-Village-Fan-Sausage-Store-12.jpg 800w, https:\/\/mouldking.store\/wp-content\/uploads\/2022\/10\/Modular-Buildings-XINGBAO-01037-City-Village-Fan-Sausage-Store-12-300x300.jpg 300w, https:\/\/mouldking.store\/wp-content\/uploads\/2022\/10\/Modular-Buildings-XINGBAO-01037-City-Village-Fan-Sausage-Store-12-768x768.jpg 768w, https:\/\/mouldking.store\/wp-content\/uploads\/2022\/10\/Modular-Buildings-XINGBAO-01037-City-Village-Fan-Sausage-Store-12-600x600.jpg 600w, https:\/\/mouldking.store\/wp-content\/uploads\/2022\/10\/Modular-Buildings-XINGBAO-01037-City-Village-Fan-Sausage-Store-12-150x150.jpg 150w, https:\/\/mouldking.store\/wp-content\/uploads\/2022\/10\/Modular-Buildings-XINGBAO-01037-City-Village-Fan-Sausage-Store-12-60x60.jpg 60w, https:\/\/mouldking.store\/wp-content\/uploads\/2022\/10\/Modular-Buildings-XINGBAO-01037-City-Village-Fan-Sausage-Store-12-90x90.jpg 90w\" sizes=\"(max-width: 800px) 100vw, 800px\" \/><figcaption id=\"caption-attachment-32974\" class=\"wp-caption-text\">XINGBAO 01037 City Village Fan Sausage Store with 3180 Pieces<\/figcaption><\/figure>\n<figure id=\"attachment_32975\" aria-describedby=\"caption-attachment-32975\" style=\"width: 800px\" class=\"wp-caption aligncenter\"><img loading=\"lazy\" decoding=\"async\" class=\"wp-image-32975 size-full\" src=\"https:\/\/mouldking.store\/wp-content\/uploads\/2022\/10\/Modular-Buildings-XINGBAO-01037-City-Village-Fan-Sausage-Store-13.jpg\" alt=\"XINGBAO 01037 City Village Fan Sausage Store with 3180 Pieces\" width=\"800\" height=\"800\" title=\"-\" srcset=\"https:\/\/mouldking.store\/wp-content\/uploads\/2022\/10\/Modular-Buildings-XINGBAO-01037-City-Village-Fan-Sausage-Store-13.jpg 800w, https:\/\/mouldking.store\/wp-content\/uploads\/2022\/10\/Modular-Buildings-XINGBAO-01037-City-Village-Fan-Sausage-Store-13-300x300.jpg 300w, https:\/\/mouldking.store\/wp-content\/uploads\/2022\/10\/Modular-Buildings-XINGBAO-01037-City-Village-Fan-Sausage-Store-13-768x768.jpg 768w, https:\/\/mouldking.store\/wp-content\/uploads\/2022\/10\/Modular-Buildings-XINGBAO-01037-City-Village-Fan-Sausage-Store-13-600x600.jpg 600w, https:\/\/mouldking.store\/wp-content\/uploads\/2022\/10\/Modular-Buildings-XINGBAO-01037-City-Village-Fan-Sausage-Store-13-150x150.jpg 150w, https:\/\/mouldking.store\/wp-content\/uploads\/2022\/10\/Modular-Buildings-XINGBAO-01037-City-Village-Fan-Sausage-Store-13-60x60.jpg 60w, https:\/\/mouldking.store\/wp-content\/uploads\/2022\/10\/Modular-Buildings-XINGBAO-01037-City-Village-Fan-Sausage-Store-13-90x90.jpg 90w\" sizes=\"(max-width: 800px) 100vw, 800px\" \/><figcaption id=\"caption-attachment-32975\" class=\"wp-caption-text\">XINGBAO 01037 City Village Fan Sausage Store with 3180 Pieces<\/figcaption><\/figure>\n<figure id=\"attachment_32976\" aria-describedby=\"caption-attachment-32976\" style=\"width: 800px\" class=\"wp-caption aligncenter\"><img loading=\"lazy\" decoding=\"async\" class=\"wp-image-32976 size-full\" src=\"https:\/\/mouldking.store\/wp-content\/uploads\/2022\/10\/Modular-Buildings-XINGBAO-01037-City-Village-Fan-Sausage-Store-14.jpg\" alt=\"XINGBAO 01037 City Village Fan Sausage Store with 3180 Pieces\" width=\"800\" height=\"800\" title=\"-\" srcset=\"https:\/\/mouldking.store\/wp-content\/uploads\/2022\/10\/Modular-Buildings-XINGBAO-01037-City-Village-Fan-Sausage-Store-14.jpg 800w, https:\/\/mouldking.store\/wp-content\/uploads\/2022\/10\/Modular-Buildings-XINGBAO-01037-City-Village-Fan-Sausage-Store-14-300x300.jpg 300w, https:\/\/mouldking.store\/wp-content\/uploads\/2022\/10\/Modular-Buildings-XINGBAO-01037-City-Village-Fan-Sausage-Store-14-768x768.jpg 768w, https:\/\/mouldking.store\/wp-content\/uploads\/2022\/10\/Modular-Buildings-XINGBAO-01037-City-Village-Fan-Sausage-Store-14-600x600.jpg 600w, https:\/\/mouldking.store\/wp-content\/uploads\/2022\/10\/Modular-Buildings-XINGBAO-01037-City-Village-Fan-Sausage-Store-14-150x150.jpg 150w, https:\/\/mouldking.store\/wp-content\/uploads\/2022\/10\/Modular-Buildings-XINGBAO-01037-City-Village-Fan-Sausage-Store-14-60x60.jpg 60w, https:\/\/mouldking.store\/wp-content\/uploads\/2022\/10\/Modular-Buildings-XINGBAO-01037-City-Village-Fan-Sausage-Store-14-90x90.jpg 90w\" sizes=\"(max-width: 800px) 100vw, 800px\" \/><figcaption id=\"caption-attachment-32976\" class=\"wp-caption-text\">XINGBAO 01037 City Village Fan Sausage Store with 3180 Pieces<\/figcaption><\/figure>\n<figure id=\"attachment_32971\" aria-describedby=\"caption-attachment-32971\" style=\"width: 630px\" class=\"wp-caption aligncenter\"><img loading=\"lazy\" decoding=\"async\" class=\"wp-image-32971 size-full\" src=\"https:\/\/mouldking.store\/wp-content\/uploads\/2022\/10\/Modular-Buildings-XINGBAO-01037-City-Village-Fan-Sausage-Store-9.jpg\" alt=\"XINGBAO 01037 City Village Fan Sausage Store with 3180 Pieces\" width=\"630\" height=\"1024\" title=\"-\" srcset=\"https:\/\/mouldking.store\/wp-content\/uploads\/2022\/10\/Modular-Buildings-XINGBAO-01037-City-Village-Fan-Sausage-Store-9.jpg 630w, https:\/\/mouldking.store\/wp-content\/uploads\/2022\/10\/Modular-Buildings-XINGBAO-01037-City-Village-Fan-Sausage-Store-9-185x300.jpg 185w, https:\/\/mouldking.store\/wp-content\/uploads\/2022\/10\/Modular-Buildings-XINGBAO-01037-City-Village-Fan-Sausage-Store-9-300x488.jpg 300w, https:\/\/mouldking.store\/wp-content\/uploads\/2022\/10\/Modular-Buildings-XINGBAO-01037-City-Village-Fan-Sausage-Store-9-600x975.jpg 600w, https:\/\/mouldking.store\/wp-content\/uploads\/2022\/10\/Modular-Buildings-XINGBAO-01037-City-Village-Fan-Sausage-Store-9-92x150.jpg 92w, https:\/\/mouldking.store\/wp-content\/uploads\/2022\/10\/Modular-Buildings-XINGBAO-01037-City-Village-Fan-Sausage-Store-9-37x60.jpg 37w, https:\/\/mouldking.store\/wp-content\/uploads\/2022\/10\/Modular-Buildings-XINGBAO-01037-City-Village-Fan-Sausage-Store-9-55x90.jpg 55w\" sizes=\"(max-width: 630px) 100vw, 630px\" \/><figcaption id=\"caption-attachment-32971\" class=\"wp-caption-text\">XINGBAO 01037 City Village Fan Sausage Store with 3180 Pieces<\/figcaption><\/figure>","protected":false},"excerpt":{"rendered":"<p>Product information: Brand: XINGBAO Gender: Unisex Name: City Village Fan Sausage Store Age Range: &gt; 6 years old Model Number: 01037 Classification: Assemblage Plastic Block Shape: Self-Locking Bricks Material: Plastic Plastic Type: ABS Bricks Blocks: 3180 PCS Contains detailed assembly instructions. Without Mini-figurines Notice: 1. Without an original box, but we guarantee our products have [&hellip;]<\/p>","protected":false},"featured_media":32963,"comment_status":"closed","ping_status":"closed","template":"","meta":{"_acf_changed":false},"product_cat":[390],"product_tag":[6047,6046,6045,6044],"class_list":["product","first","instock","shipping-taxable","purchasable","product-type-simple"],"acf":[],"_links":{"self":[{"href":"https:\/\/mouldking.store\/hu\/wp-json\/wp\/v2\/product\/32962","targetHints":{"allow":["GET"]}}],"collection":[{"href":"https:\/\/mouldking.store\/hu\/wp-json\/wp\/v2\/product"}],"about":[{"href":"https:\/\/mouldking.store\/hu\/wp-json\/wp\/v2\/types\/product"}],"replies":[{"embeddable":true,"href":"https:\/\/mouldking.store\/hu\/wp-json\/wp\/v2\/comments?post=32962"}],"wp:featuredmedia":[{"embeddable":true,"href":"https:\/\/mouldking.store\/hu\/wp-json\/wp\/v2\/media\/32963"}],"wp:attachment":[{"href":"https:\/\/mouldking.store\/hu\/wp-json\/wp\/v2\/media?parent=32962"}],"wp:term":[{"taxonomy":"product_cat","embeddable":true,"href":"https:\/\/mouldking.store\/hu\/wp-json\/wp\/v2\/product_cat?post=32962"},{"taxonomy":"product_tag","embeddable":true,"href":"https:\/\/mouldking.store\/hu\/wp-json\/wp\/v2\/product_tag?post=32962"}],"curies":[{"name":"wp","href":"https:\/\/api.w.org\/{rel}","templated":true}]}}