{"id":33091,"date":"2022-10-13T12:18:23","date_gmt":"2022-10-13T05:18:23","guid":{"rendered":"https:\/\/mouldking.store\/?post_type=product&#038;p=33091"},"modified":"2025-12-25T09:12:25","modified_gmt":"2025-12-25T02:12:25","slug":"moc-117928-vecna-grandfather-clock-from-stranger-things-with-671-pieces","status":"publish","type":"product","link":"https:\/\/mouldking.store\/hu\/shop\/moc-117928-vecna-grandfather-clock-from-stranger-things-with-671-pieces\/","title":{"rendered":"MOC-117928 Vecna Grandfather Clock from Stranger Things with 671 Pieces"},"content":{"rendered":"<p>Term\u00e9k inform\u00e1ci\u00f3:<\/p>\n<ol>\n<li>M\u00e1rka: MOC<\/li>\n<li>Nem: Uniszex<\/li>\n<li>Name: Vecna Grandfather Clock from Stranger Things<\/li>\n<li>Koroszt\u00e1ly: &gt; 6 \u00e9v<\/li>\n<li>Model Number: C9129<\/li>\n<li>Besorol\u00e1s: \u00d6sszeszerel\u00e9s<\/li>\n<li>M\u0171anyag blokk forma: \u00f6nz\u00e1r\u00f3 t\u00e9gla<\/li>\n<li>Anyaga: M\u0171anyag<\/li>\n<li>M\u0171anyag t\u00edpus: ABS<\/li>\n<li>Bricks Blocks: 671 PCS<\/li>\n<li>Dimensions: 19.2 x 9.6 x 35 cm<\/li>\n<li>Weight: 0.8 kg<\/li>\n<li>R\u00e9szletes \u00f6sszeszerel\u00e9si \u00fatmutat\u00f3t tartalmaz.<\/li>\n<\/ol>\n<p>\u00c9rtes\u00edt\u00e9s:<br \/>\n1. Eredeti doboz n\u00e9lk\u00fcl, de garant\u00e1ljuk, hogy term\u00e9keink min\u0151s\u00e9gbiztos\u00edt\u00e1ssal \u00e9s sz\u00e9p csomagol\u00e1ssal rendelkeznek.<br \/>\n2. Mint minden alkatr\u00e9szt, amelyet a sz\u00e1ll\u00edt\u00e1s el\u0151tt ellen\u0151rizt\u00fcnk, ez\u00e9rt ha \u00fagy tal\u00e1lja, hogy n\u00e9h\u00e1ny alkatr\u00e9sz hi\u00e1nyzik vagy s\u00e9r\u00fclt, ne agg\u00f3djon, \u00e9s k\u00e9rj\u00fck, vegye fel vel\u00fcnk a kapcsolatot, \u00e9s azonnal ingyenesen elk\u00fcldj\u00fck \u00d6nnek.<\/p>\n<p>&nbsp;<\/p>\n<figure id=\"attachment_33092\" aria-describedby=\"caption-attachment-33092\" style=\"width: 1024px\" class=\"wp-caption aligncenter\"><img fetchpriority=\"high\" decoding=\"async\" class=\"wp-image-33092 size-large\" src=\"https:\/\/mouldking.store\/wp-content\/uploads\/2022\/10\/Movie-MOC-117928-Vecna-Grandfather-Clock-from-Stranger-Things-MOCBRICKLAND-1024x1024.png\" alt=\"MOC-117928 Vecna Grandfather Clock from Stranger Things with 671 Pieces\" width=\"1024\" height=\"1024\" title=\"-\" srcset=\"https:\/\/mouldking.store\/wp-content\/uploads\/2022\/10\/Movie-MOC-117928-Vecna-Grandfather-Clock-from-Stranger-Things-MOCBRICKLAND-1024x1024.png 1024w, https:\/\/mouldking.store\/wp-content\/uploads\/2022\/10\/Movie-MOC-117928-Vecna-Grandfather-Clock-from-Stranger-Things-MOCBRICKLAND-300x300.png 300w, https:\/\/mouldking.store\/wp-content\/uploads\/2022\/10\/Movie-MOC-117928-Vecna-Grandfather-Clock-from-Stranger-Things-MOCBRICKLAND-768x768.png 768w, https:\/\/mouldking.store\/wp-content\/uploads\/2022\/10\/Movie-MOC-117928-Vecna-Grandfather-Clock-from-Stranger-Things-MOCBRICKLAND-1536x1536.png 1536w, https:\/\/mouldking.store\/wp-content\/uploads\/2022\/10\/Movie-MOC-117928-Vecna-Grandfather-Clock-from-Stranger-Things-MOCBRICKLAND-2048x2048.png 2048w, https:\/\/mouldking.store\/wp-content\/uploads\/2022\/10\/Movie-MOC-117928-Vecna-Grandfather-Clock-from-Stranger-Things-MOCBRICKLAND-600x600.png 600w, https:\/\/mouldking.store\/wp-content\/uploads\/2022\/10\/Movie-MOC-117928-Vecna-Grandfather-Clock-from-Stranger-Things-MOCBRICKLAND-150x150.png 150w, https:\/\/mouldking.store\/wp-content\/uploads\/2022\/10\/Movie-MOC-117928-Vecna-Grandfather-Clock-from-Stranger-Things-MOCBRICKLAND-60x60.png 60w, https:\/\/mouldking.store\/wp-content\/uploads\/2022\/10\/Movie-MOC-117928-Vecna-Grandfather-Clock-from-Stranger-Things-MOCBRICKLAND-90x90.png 90w\" sizes=\"(max-width: 1024px) 100vw, 1024px\" \/><figcaption id=\"caption-attachment-33092\" class=\"wp-caption-text\">MOC-117928 Vecna Grandfather Clock from Stranger Things with 671 Pieces<\/figcaption><\/figure>\n<figure id=\"attachment_33095\" aria-describedby=\"caption-attachment-33095\" style=\"width: 800px\" class=\"wp-caption aligncenter\"><img decoding=\"async\" class=\"wp-image-33095 size-full\" src=\"https:\/\/mouldking.store\/wp-content\/uploads\/2022\/10\/Movie-MOC-117928-Vecna-Grandfather-Clock-from-Stranger-Things-MOCBRICKLAND-2.jpg\" alt=\"MOC-117928 Vecna Grandfather Clock from Stranger Things with 671 Pieces\" width=\"800\" height=\"800\" title=\"-\" srcset=\"https:\/\/mouldking.store\/wp-content\/uploads\/2022\/10\/Movie-MOC-117928-Vecna-Grandfather-Clock-from-Stranger-Things-MOCBRICKLAND-2.jpg 800w, https:\/\/mouldking.store\/wp-content\/uploads\/2022\/10\/Movie-MOC-117928-Vecna-Grandfather-Clock-from-Stranger-Things-MOCBRICKLAND-2-300x300.jpg 300w, https:\/\/mouldking.store\/wp-content\/uploads\/2022\/10\/Movie-MOC-117928-Vecna-Grandfather-Clock-from-Stranger-Things-MOCBRICKLAND-2-768x768.jpg 768w, https:\/\/mouldking.store\/wp-content\/uploads\/2022\/10\/Movie-MOC-117928-Vecna-Grandfather-Clock-from-Stranger-Things-MOCBRICKLAND-2-600x600.jpg 600w, https:\/\/mouldking.store\/wp-content\/uploads\/2022\/10\/Movie-MOC-117928-Vecna-Grandfather-Clock-from-Stranger-Things-MOCBRICKLAND-2-150x150.jpg 150w, https:\/\/mouldking.store\/wp-content\/uploads\/2022\/10\/Movie-MOC-117928-Vecna-Grandfather-Clock-from-Stranger-Things-MOCBRICKLAND-2-60x60.jpg 60w, https:\/\/mouldking.store\/wp-content\/uploads\/2022\/10\/Movie-MOC-117928-Vecna-Grandfather-Clock-from-Stranger-Things-MOCBRICKLAND-2-90x90.jpg 90w\" sizes=\"(max-width: 800px) 100vw, 800px\" \/><figcaption id=\"caption-attachment-33095\" class=\"wp-caption-text\">MOC-117928 Vecna Grandfather Clock from Stranger Things with 671 Pieces<\/figcaption><\/figure>\n<figure id=\"attachment_33094\" aria-describedby=\"caption-attachment-33094\" style=\"width: 800px\" class=\"wp-caption aligncenter\"><img decoding=\"async\" class=\"wp-image-33094 size-full\" src=\"https:\/\/mouldking.store\/wp-content\/uploads\/2022\/10\/Movie-MOC-117928-Vecna-Grandfather-Clock-from-Stranger-Things-MOCBRICKLAND-3.jpg\" alt=\"MOC-117928 Vecna Grandfather Clock from Stranger Things with 671 Pieces\" width=\"800\" height=\"800\" title=\"-\" srcset=\"https:\/\/mouldking.store\/wp-content\/uploads\/2022\/10\/Movie-MOC-117928-Vecna-Grandfather-Clock-from-Stranger-Things-MOCBRICKLAND-3.jpg 800w, https:\/\/mouldking.store\/wp-content\/uploads\/2022\/10\/Movie-MOC-117928-Vecna-Grandfather-Clock-from-Stranger-Things-MOCBRICKLAND-3-300x300.jpg 300w, https:\/\/mouldking.store\/wp-content\/uploads\/2022\/10\/Movie-MOC-117928-Vecna-Grandfather-Clock-from-Stranger-Things-MOCBRICKLAND-3-768x768.jpg 768w, https:\/\/mouldking.store\/wp-content\/uploads\/2022\/10\/Movie-MOC-117928-Vecna-Grandfather-Clock-from-Stranger-Things-MOCBRICKLAND-3-600x600.jpg 600w, https:\/\/mouldking.store\/wp-content\/uploads\/2022\/10\/Movie-MOC-117928-Vecna-Grandfather-Clock-from-Stranger-Things-MOCBRICKLAND-3-150x150.jpg 150w, https:\/\/mouldking.store\/wp-content\/uploads\/2022\/10\/Movie-MOC-117928-Vecna-Grandfather-Clock-from-Stranger-Things-MOCBRICKLAND-3-60x60.jpg 60w, https:\/\/mouldking.store\/wp-content\/uploads\/2022\/10\/Movie-MOC-117928-Vecna-Grandfather-Clock-from-Stranger-Things-MOCBRICKLAND-3-90x90.jpg 90w\" sizes=\"(max-width: 800px) 100vw, 800px\" \/><figcaption id=\"caption-attachment-33094\" class=\"wp-caption-text\">MOC-117928 Vecna Grandfather Clock from Stranger Things with 671 Pieces<\/figcaption><\/figure>\n<figure id=\"attachment_33093\" aria-describedby=\"caption-attachment-33093\" style=\"width: 800px\" class=\"wp-caption aligncenter\"><img loading=\"lazy\" decoding=\"async\" class=\"wp-image-33093 size-full\" src=\"https:\/\/mouldking.store\/wp-content\/uploads\/2022\/10\/Movie-MOC-117928-Vecna-Grandfather-Clock-from-Stranger-Things-MOCBRICKLAND-4.jpg\" alt=\"MOC-117928 Vecna Grandfather Clock from Stranger Things with 671 Pieces\" width=\"800\" height=\"800\" title=\"-\" srcset=\"https:\/\/mouldking.store\/wp-content\/uploads\/2022\/10\/Movie-MOC-117928-Vecna-Grandfather-Clock-from-Stranger-Things-MOCBRICKLAND-4.jpg 800w, https:\/\/mouldking.store\/wp-content\/uploads\/2022\/10\/Movie-MOC-117928-Vecna-Grandfather-Clock-from-Stranger-Things-MOCBRICKLAND-4-300x300.jpg 300w, https:\/\/mouldking.store\/wp-content\/uploads\/2022\/10\/Movie-MOC-117928-Vecna-Grandfather-Clock-from-Stranger-Things-MOCBRICKLAND-4-768x768.jpg 768w, https:\/\/mouldking.store\/wp-content\/uploads\/2022\/10\/Movie-MOC-117928-Vecna-Grandfather-Clock-from-Stranger-Things-MOCBRICKLAND-4-600x600.jpg 600w, https:\/\/mouldking.store\/wp-content\/uploads\/2022\/10\/Movie-MOC-117928-Vecna-Grandfather-Clock-from-Stranger-Things-MOCBRICKLAND-4-150x150.jpg 150w, https:\/\/mouldking.store\/wp-content\/uploads\/2022\/10\/Movie-MOC-117928-Vecna-Grandfather-Clock-from-Stranger-Things-MOCBRICKLAND-4-60x60.jpg 60w, https:\/\/mouldking.store\/wp-content\/uploads\/2022\/10\/Movie-MOC-117928-Vecna-Grandfather-Clock-from-Stranger-Things-MOCBRICKLAND-4-90x90.jpg 90w\" sizes=\"(max-width: 800px) 100vw, 800px\" \/><figcaption id=\"caption-attachment-33093\" class=\"wp-caption-text\">MOC-117928 Vecna Grandfather Clock from Stranger Things with 671 Pieces<\/figcaption><\/figure>\n<figure id=\"attachment_33097\" aria-describedby=\"caption-attachment-33097\" style=\"width: 800px\" class=\"wp-caption aligncenter\"><img loading=\"lazy\" decoding=\"async\" class=\"wp-image-33097 size-full\" src=\"https:\/\/mouldking.store\/wp-content\/uploads\/2022\/10\/Movie-MOC-117928-Vecna-Grandfather-Clock-from-Stranger-Things-MOCBRICKLAND-5.jpg\" alt=\"MOC-117928 Vecna Grandfather Clock from Stranger Things with 671 Pieces\" width=\"800\" height=\"800\" title=\"-\" srcset=\"https:\/\/mouldking.store\/wp-content\/uploads\/2022\/10\/Movie-MOC-117928-Vecna-Grandfather-Clock-from-Stranger-Things-MOCBRICKLAND-5.jpg 800w, https:\/\/mouldking.store\/wp-content\/uploads\/2022\/10\/Movie-MOC-117928-Vecna-Grandfather-Clock-from-Stranger-Things-MOCBRICKLAND-5-300x300.jpg 300w, https:\/\/mouldking.store\/wp-content\/uploads\/2022\/10\/Movie-MOC-117928-Vecna-Grandfather-Clock-from-Stranger-Things-MOCBRICKLAND-5-768x768.jpg 768w, https:\/\/mouldking.store\/wp-content\/uploads\/2022\/10\/Movie-MOC-117928-Vecna-Grandfather-Clock-from-Stranger-Things-MOCBRICKLAND-5-600x600.jpg 600w, https:\/\/mouldking.store\/wp-content\/uploads\/2022\/10\/Movie-MOC-117928-Vecna-Grandfather-Clock-from-Stranger-Things-MOCBRICKLAND-5-150x150.jpg 150w, https:\/\/mouldking.store\/wp-content\/uploads\/2022\/10\/Movie-MOC-117928-Vecna-Grandfather-Clock-from-Stranger-Things-MOCBRICKLAND-5-60x60.jpg 60w, https:\/\/mouldking.store\/wp-content\/uploads\/2022\/10\/Movie-MOC-117928-Vecna-Grandfather-Clock-from-Stranger-Things-MOCBRICKLAND-5-90x90.jpg 90w\" sizes=\"(max-width: 800px) 100vw, 800px\" \/><figcaption id=\"caption-attachment-33097\" class=\"wp-caption-text\">MOC-117928 Vecna Grandfather Clock from Stranger Things with 671 Pieces<\/figcaption><\/figure>\n<figure id=\"attachment_33096\" aria-describedby=\"caption-attachment-33096\" style=\"width: 800px\" class=\"wp-caption aligncenter\"><img loading=\"lazy\" decoding=\"async\" class=\"wp-image-33096 size-full\" src=\"https:\/\/mouldking.store\/wp-content\/uploads\/2022\/10\/Movie-MOC-117928-Vecna-Grandfather-Clock-from-Stranger-Things-MOCBRICKLAND-1.jpg\" alt=\"MOC-117928 Vecna Grandfather Clock from Stranger Things with 671 Pieces\" width=\"800\" height=\"1196\" title=\"-\" srcset=\"https:\/\/mouldking.store\/wp-content\/uploads\/2022\/10\/Movie-MOC-117928-Vecna-Grandfather-Clock-from-Stranger-Things-MOCBRICKLAND-1.jpg 800w, https:\/\/mouldking.store\/wp-content\/uploads\/2022\/10\/Movie-MOC-117928-Vecna-Grandfather-Clock-from-Stranger-Things-MOCBRICKLAND-1-201x300.jpg 201w, https:\/\/mouldking.store\/wp-content\/uploads\/2022\/10\/Movie-MOC-117928-Vecna-Grandfather-Clock-from-Stranger-Things-MOCBRICKLAND-1-685x1024.jpg 685w, https:\/\/mouldking.store\/wp-content\/uploads\/2022\/10\/Movie-MOC-117928-Vecna-Grandfather-Clock-from-Stranger-Things-MOCBRICKLAND-1-768x1148.jpg 768w, https:\/\/mouldking.store\/wp-content\/uploads\/2022\/10\/Movie-MOC-117928-Vecna-Grandfather-Clock-from-Stranger-Things-MOCBRICKLAND-1-300x449.jpg 300w, https:\/\/mouldking.store\/wp-content\/uploads\/2022\/10\/Movie-MOC-117928-Vecna-Grandfather-Clock-from-Stranger-Things-MOCBRICKLAND-1-600x897.jpg 600w, https:\/\/mouldking.store\/wp-content\/uploads\/2022\/10\/Movie-MOC-117928-Vecna-Grandfather-Clock-from-Stranger-Things-MOCBRICKLAND-1-100x150.jpg 100w, https:\/\/mouldking.store\/wp-content\/uploads\/2022\/10\/Movie-MOC-117928-Vecna-Grandfather-Clock-from-Stranger-Things-MOCBRICKLAND-1-40x60.jpg 40w, https:\/\/mouldking.store\/wp-content\/uploads\/2022\/10\/Movie-MOC-117928-Vecna-Grandfather-Clock-from-Stranger-Things-MOCBRICKLAND-1-60x90.jpg 60w\" sizes=\"(max-width: 800px) 100vw, 800px\" \/><figcaption id=\"caption-attachment-33096\" class=\"wp-caption-text\">MOC-117928 Vecna Grandfather Clock from Stranger Things with 671 Pieces<\/figcaption><\/figure>","protected":false},"excerpt":{"rendered":"<p>Product information: Brand: MOC Gender: Unisex Name: Vecna Grandfather Clock from Stranger Things Age Range: &gt; 6 years old Model Number: C9129 Classification: Assemblage Plastic Block Shape: Self-Locking Bricks Material: Plastic Plastic Type: ABS Bricks Blocks: 671 PCS Dimensions: 19.2 x 9.6 x 35 cm Weight: 0.8 kg Contains detailed assembly instructions. Notice: 1. Without [&hellip;]<\/p>","protected":false},"featured_media":33092,"comment_status":"closed","ping_status":"closed","template":"","meta":{"_acf_changed":false},"product_cat":[581],"product_tag":[6086,6085,6084,5944,6087],"class_list":["product","first","instock","shipping-taxable","purchasable","product-type-simple"],"acf":[],"_links":{"self":[{"href":"https:\/\/mouldking.store\/hu\/wp-json\/wp\/v2\/product\/33091","targetHints":{"allow":["GET"]}}],"collection":[{"href":"https:\/\/mouldking.store\/hu\/wp-json\/wp\/v2\/product"}],"about":[{"href":"https:\/\/mouldking.store\/hu\/wp-json\/wp\/v2\/types\/product"}],"replies":[{"embeddable":true,"href":"https:\/\/mouldking.store\/hu\/wp-json\/wp\/v2\/comments?post=33091"}],"wp:featuredmedia":[{"embeddable":true,"href":"https:\/\/mouldking.store\/hu\/wp-json\/wp\/v2\/media\/33092"}],"wp:attachment":[{"href":"https:\/\/mouldking.store\/hu\/wp-json\/wp\/v2\/media?parent=33091"}],"wp:term":[{"taxonomy":"product_cat","embeddable":true,"href":"https:\/\/mouldking.store\/hu\/wp-json\/wp\/v2\/product_cat?post=33091"},{"taxonomy":"product_tag","embeddable":true,"href":"https:\/\/mouldking.store\/hu\/wp-json\/wp\/v2\/product_tag?post=33091"}],"curies":[{"name":"wp","href":"https:\/\/api.w.org\/{rel}","templated":true}]}}