{"id":33193,"date":"2022-10-13T16:32:48","date_gmt":"2022-10-13T09:32:48","guid":{"rendered":"https:\/\/mouldking.store\/?post_type=product&#038;p=33193"},"modified":"2025-12-25T09:12:24","modified_gmt":"2025-12-25T02:12:24","slug":"moc-63884-revali-the-legend-of-zelda-breath-of-the-wild-brickheadz-with-204-pieces","status":"publish","type":"product","link":"https:\/\/mouldking.store\/hu\/shop\/moc-63884-revali-the-legend-of-zelda-breath-of-the-wild-brickheadz-with-204-pieces\/","title":{"rendered":"MOC-63884 Revali The Legend of Zelda: Breath of the Wild Brickheadz 204 darabbal"},"content":{"rendered":"<p>Term\u00e9k inform\u00e1ci\u00f3:<\/p>\n<ol>\n<li>M\u00e1rka: MOC<\/li>\n<li>Nem: Uniszex<\/li>\n<li>Name: Revali The Legend of Zelda: Breath of the Wild Brickheadz<\/li>\n<li>Koroszt\u00e1ly: &gt; 6 \u00e9v<\/li>\n<li>Model Number: C9097<\/li>\n<li>Besorol\u00e1s: \u00d6sszeszerel\u00e9s<\/li>\n<li>M\u0171anyag blokk forma: \u00f6nz\u00e1r\u00f3 t\u00e9gla<\/li>\n<li>Anyaga: M\u0171anyag<\/li>\n<li>M\u0171anyag t\u00edpus: ABS<\/li>\n<li>Bricks Blocks: 204\u00a0PCS<\/li>\n<li>Dimensions: 4.8 x 4.8 x 22.2 cm<\/li>\n<li>Weight: 0.11 kg<\/li>\n<li>R\u00e9szletes \u00f6sszeszerel\u00e9si \u00fatmutat\u00f3t tartalmaz.<\/li>\n<\/ol>\n<p>\u00c9rtes\u00edt\u00e9s:<br \/>\n1. Eredeti doboz n\u00e9lk\u00fcl, de garant\u00e1ljuk, hogy term\u00e9keink min\u0151s\u00e9gbiztos\u00edt\u00e1ssal \u00e9s sz\u00e9p csomagol\u00e1ssal rendelkeznek.<br \/>\n2. Mint minden alkatr\u00e9szt, amelyet a sz\u00e1ll\u00edt\u00e1s el\u0151tt ellen\u0151rizt\u00fcnk, ez\u00e9rt ha \u00fagy tal\u00e1lja, hogy n\u00e9h\u00e1ny alkatr\u00e9sz hi\u00e1nyzik vagy s\u00e9r\u00fclt, ne agg\u00f3djon, \u00e9s k\u00e9rj\u00fck, vegye fel vel\u00fcnk a kapcsolatot, \u00e9s azonnal ingyenesen elk\u00fcldj\u00fck \u00d6nnek.<\/p>\n<p>&nbsp;<\/p>\n<figure id=\"attachment_33198\" aria-describedby=\"caption-attachment-33198\" style=\"width: 1024px\" class=\"wp-caption aligncenter\"><img fetchpriority=\"high\" decoding=\"async\" class=\"wp-image-33198 size-large\" src=\"https:\/\/mouldking.store\/wp-content\/uploads\/2022\/10\/Creator-MOC-63884-Revali-The-Legend-of-Zelda-Breath-of-the-Wild-Brickheadz-MOCBRICKLAND-1024x1024.png\" alt=\"MOC-63884 Revali The Legend of Zelda: Breath of the Wild Brickheadz with 204 Pieces\" width=\"1024\" height=\"1024\" title=\"-\" srcset=\"https:\/\/mouldking.store\/wp-content\/uploads\/2022\/10\/Creator-MOC-63884-Revali-The-Legend-of-Zelda-Breath-of-the-Wild-Brickheadz-MOCBRICKLAND-1024x1024.png 1024w, https:\/\/mouldking.store\/wp-content\/uploads\/2022\/10\/Creator-MOC-63884-Revali-The-Legend-of-Zelda-Breath-of-the-Wild-Brickheadz-MOCBRICKLAND-300x300.png 300w, https:\/\/mouldking.store\/wp-content\/uploads\/2022\/10\/Creator-MOC-63884-Revali-The-Legend-of-Zelda-Breath-of-the-Wild-Brickheadz-MOCBRICKLAND-768x768.png 768w, https:\/\/mouldking.store\/wp-content\/uploads\/2022\/10\/Creator-MOC-63884-Revali-The-Legend-of-Zelda-Breath-of-the-Wild-Brickheadz-MOCBRICKLAND-1536x1536.png 1536w, https:\/\/mouldking.store\/wp-content\/uploads\/2022\/10\/Creator-MOC-63884-Revali-The-Legend-of-Zelda-Breath-of-the-Wild-Brickheadz-MOCBRICKLAND-2048x2048.png 2048w, https:\/\/mouldking.store\/wp-content\/uploads\/2022\/10\/Creator-MOC-63884-Revali-The-Legend-of-Zelda-Breath-of-the-Wild-Brickheadz-MOCBRICKLAND-600x600.png 600w, https:\/\/mouldking.store\/wp-content\/uploads\/2022\/10\/Creator-MOC-63884-Revali-The-Legend-of-Zelda-Breath-of-the-Wild-Brickheadz-MOCBRICKLAND-150x150.png 150w, https:\/\/mouldking.store\/wp-content\/uploads\/2022\/10\/Creator-MOC-63884-Revali-The-Legend-of-Zelda-Breath-of-the-Wild-Brickheadz-MOCBRICKLAND-60x60.png 60w, https:\/\/mouldking.store\/wp-content\/uploads\/2022\/10\/Creator-MOC-63884-Revali-The-Legend-of-Zelda-Breath-of-the-Wild-Brickheadz-MOCBRICKLAND-90x90.png 90w\" sizes=\"(max-width: 1024px) 100vw, 1024px\" \/><figcaption id=\"caption-attachment-33198\" class=\"wp-caption-text\">MOC-63884 Revali The Legend of Zelda: Breath of the Wild Brickheadz 204 darabbal<\/figcaption><\/figure>\n<figure id=\"attachment_33194\" aria-describedby=\"caption-attachment-33194\" style=\"width: 800px\" class=\"wp-caption aligncenter\"><img decoding=\"async\" class=\"wp-image-33194 size-full\" src=\"https:\/\/mouldking.store\/wp-content\/uploads\/2022\/10\/Creator-MOC-63884-Revali-The-Legend-of-Zelda-Breath-of-the-Wild-Brickheadz-MOCBRICKLAND-3.jpg\" alt=\"MOC-63884 Revali The Legend of Zelda: Breath of the Wild Brickheadz with 204 Pieces\" width=\"800\" height=\"800\" title=\"-\" srcset=\"https:\/\/mouldking.store\/wp-content\/uploads\/2022\/10\/Creator-MOC-63884-Revali-The-Legend-of-Zelda-Breath-of-the-Wild-Brickheadz-MOCBRICKLAND-3.jpg 800w, https:\/\/mouldking.store\/wp-content\/uploads\/2022\/10\/Creator-MOC-63884-Revali-The-Legend-of-Zelda-Breath-of-the-Wild-Brickheadz-MOCBRICKLAND-3-300x300.jpg 300w, https:\/\/mouldking.store\/wp-content\/uploads\/2022\/10\/Creator-MOC-63884-Revali-The-Legend-of-Zelda-Breath-of-the-Wild-Brickheadz-MOCBRICKLAND-3-768x768.jpg 768w, https:\/\/mouldking.store\/wp-content\/uploads\/2022\/10\/Creator-MOC-63884-Revali-The-Legend-of-Zelda-Breath-of-the-Wild-Brickheadz-MOCBRICKLAND-3-600x600.jpg 600w, https:\/\/mouldking.store\/wp-content\/uploads\/2022\/10\/Creator-MOC-63884-Revali-The-Legend-of-Zelda-Breath-of-the-Wild-Brickheadz-MOCBRICKLAND-3-150x150.jpg 150w, https:\/\/mouldking.store\/wp-content\/uploads\/2022\/10\/Creator-MOC-63884-Revali-The-Legend-of-Zelda-Breath-of-the-Wild-Brickheadz-MOCBRICKLAND-3-60x60.jpg 60w, https:\/\/mouldking.store\/wp-content\/uploads\/2022\/10\/Creator-MOC-63884-Revali-The-Legend-of-Zelda-Breath-of-the-Wild-Brickheadz-MOCBRICKLAND-3-90x90.jpg 90w\" sizes=\"(max-width: 800px) 100vw, 800px\" \/><figcaption id=\"caption-attachment-33194\" class=\"wp-caption-text\">MOC-63884 Revali The Legend of Zelda: Breath of the Wild Brickheadz 204 darabbal<\/figcaption><\/figure>\n<figure id=\"attachment_33195\" aria-describedby=\"caption-attachment-33195\" style=\"width: 800px\" class=\"wp-caption aligncenter\"><img decoding=\"async\" class=\"wp-image-33195 size-full\" src=\"https:\/\/mouldking.store\/wp-content\/uploads\/2022\/10\/Creator-MOC-63884-Revali-The-Legend-of-Zelda-Breath-of-the-Wild-Brickheadz-MOCBRICKLAND-2.jpg\" alt=\"MOC-63884 Revali The Legend of Zelda: Breath of the Wild Brickheadz with 204 Pieces\" width=\"800\" height=\"800\" title=\"-\" srcset=\"https:\/\/mouldking.store\/wp-content\/uploads\/2022\/10\/Creator-MOC-63884-Revali-The-Legend-of-Zelda-Breath-of-the-Wild-Brickheadz-MOCBRICKLAND-2.jpg 800w, https:\/\/mouldking.store\/wp-content\/uploads\/2022\/10\/Creator-MOC-63884-Revali-The-Legend-of-Zelda-Breath-of-the-Wild-Brickheadz-MOCBRICKLAND-2-300x300.jpg 300w, https:\/\/mouldking.store\/wp-content\/uploads\/2022\/10\/Creator-MOC-63884-Revali-The-Legend-of-Zelda-Breath-of-the-Wild-Brickheadz-MOCBRICKLAND-2-768x768.jpg 768w, https:\/\/mouldking.store\/wp-content\/uploads\/2022\/10\/Creator-MOC-63884-Revali-The-Legend-of-Zelda-Breath-of-the-Wild-Brickheadz-MOCBRICKLAND-2-600x600.jpg 600w, https:\/\/mouldking.store\/wp-content\/uploads\/2022\/10\/Creator-MOC-63884-Revali-The-Legend-of-Zelda-Breath-of-the-Wild-Brickheadz-MOCBRICKLAND-2-150x150.jpg 150w, https:\/\/mouldking.store\/wp-content\/uploads\/2022\/10\/Creator-MOC-63884-Revali-The-Legend-of-Zelda-Breath-of-the-Wild-Brickheadz-MOCBRICKLAND-2-60x60.jpg 60w, https:\/\/mouldking.store\/wp-content\/uploads\/2022\/10\/Creator-MOC-63884-Revali-The-Legend-of-Zelda-Breath-of-the-Wild-Brickheadz-MOCBRICKLAND-2-90x90.jpg 90w\" sizes=\"(max-width: 800px) 100vw, 800px\" \/><figcaption id=\"caption-attachment-33195\" class=\"wp-caption-text\">MOC-63884 Revali The Legend of Zelda: Breath of the Wild Brickheadz 204 darabbal<\/figcaption><\/figure>\n<figure id=\"attachment_33197\" aria-describedby=\"caption-attachment-33197\" style=\"width: 800px\" class=\"wp-caption aligncenter\"><img loading=\"lazy\" decoding=\"async\" class=\"wp-image-33197 size-full\" src=\"https:\/\/mouldking.store\/wp-content\/uploads\/2022\/10\/Creator-MOC-63884-Revali-The-Legend-of-Zelda-Breath-of-the-Wild-Brickheadz-MOCBRICKLAND-4.jpg\" alt=\"MOC-63884 Revali The Legend of Zelda: Breath of the Wild Brickheadz with 204 Pieces\" width=\"800\" height=\"800\" title=\"-\" srcset=\"https:\/\/mouldking.store\/wp-content\/uploads\/2022\/10\/Creator-MOC-63884-Revali-The-Legend-of-Zelda-Breath-of-the-Wild-Brickheadz-MOCBRICKLAND-4.jpg 800w, https:\/\/mouldking.store\/wp-content\/uploads\/2022\/10\/Creator-MOC-63884-Revali-The-Legend-of-Zelda-Breath-of-the-Wild-Brickheadz-MOCBRICKLAND-4-300x300.jpg 300w, https:\/\/mouldking.store\/wp-content\/uploads\/2022\/10\/Creator-MOC-63884-Revali-The-Legend-of-Zelda-Breath-of-the-Wild-Brickheadz-MOCBRICKLAND-4-768x768.jpg 768w, https:\/\/mouldking.store\/wp-content\/uploads\/2022\/10\/Creator-MOC-63884-Revali-The-Legend-of-Zelda-Breath-of-the-Wild-Brickheadz-MOCBRICKLAND-4-600x600.jpg 600w, https:\/\/mouldking.store\/wp-content\/uploads\/2022\/10\/Creator-MOC-63884-Revali-The-Legend-of-Zelda-Breath-of-the-Wild-Brickheadz-MOCBRICKLAND-4-150x150.jpg 150w, https:\/\/mouldking.store\/wp-content\/uploads\/2022\/10\/Creator-MOC-63884-Revali-The-Legend-of-Zelda-Breath-of-the-Wild-Brickheadz-MOCBRICKLAND-4-60x60.jpg 60w, https:\/\/mouldking.store\/wp-content\/uploads\/2022\/10\/Creator-MOC-63884-Revali-The-Legend-of-Zelda-Breath-of-the-Wild-Brickheadz-MOCBRICKLAND-4-90x90.jpg 90w\" sizes=\"(max-width: 800px) 100vw, 800px\" \/><figcaption id=\"caption-attachment-33197\" class=\"wp-caption-text\">MOC-63884 Revali The Legend of Zelda: Breath of the Wild Brickheadz 204 darabbal<\/figcaption><\/figure>\n<figure id=\"attachment_33196\" aria-describedby=\"caption-attachment-33196\" style=\"width: 800px\" class=\"wp-caption aligncenter\"><img loading=\"lazy\" decoding=\"async\" class=\"wp-image-33196 size-full\" src=\"https:\/\/mouldking.store\/wp-content\/uploads\/2022\/10\/Creator-MOC-63884-Revali-The-Legend-of-Zelda-Breath-of-the-Wild-Brickheadz-MOCBRICKLAND-1.jpg\" alt=\"MOC-63884 Revali The Legend of Zelda: Breath of the Wild Brickheadz with 204 Pieces\" width=\"800\" height=\"1038\" title=\"-\" srcset=\"https:\/\/mouldking.store\/wp-content\/uploads\/2022\/10\/Creator-MOC-63884-Revali-The-Legend-of-Zelda-Breath-of-the-Wild-Brickheadz-MOCBRICKLAND-1.jpg 800w, https:\/\/mouldking.store\/wp-content\/uploads\/2022\/10\/Creator-MOC-63884-Revali-The-Legend-of-Zelda-Breath-of-the-Wild-Brickheadz-MOCBRICKLAND-1-231x300.jpg 231w, https:\/\/mouldking.store\/wp-content\/uploads\/2022\/10\/Creator-MOC-63884-Revali-The-Legend-of-Zelda-Breath-of-the-Wild-Brickheadz-MOCBRICKLAND-1-789x1024.jpg 789w, https:\/\/mouldking.store\/wp-content\/uploads\/2022\/10\/Creator-MOC-63884-Revali-The-Legend-of-Zelda-Breath-of-the-Wild-Brickheadz-MOCBRICKLAND-1-768x996.jpg 768w, https:\/\/mouldking.store\/wp-content\/uploads\/2022\/10\/Creator-MOC-63884-Revali-The-Legend-of-Zelda-Breath-of-the-Wild-Brickheadz-MOCBRICKLAND-1-300x389.jpg 300w, https:\/\/mouldking.store\/wp-content\/uploads\/2022\/10\/Creator-MOC-63884-Revali-The-Legend-of-Zelda-Breath-of-the-Wild-Brickheadz-MOCBRICKLAND-1-600x779.jpg 600w, https:\/\/mouldking.store\/wp-content\/uploads\/2022\/10\/Creator-MOC-63884-Revali-The-Legend-of-Zelda-Breath-of-the-Wild-Brickheadz-MOCBRICKLAND-1-116x150.jpg 116w, https:\/\/mouldking.store\/wp-content\/uploads\/2022\/10\/Creator-MOC-63884-Revali-The-Legend-of-Zelda-Breath-of-the-Wild-Brickheadz-MOCBRICKLAND-1-46x60.jpg 46w, https:\/\/mouldking.store\/wp-content\/uploads\/2022\/10\/Creator-MOC-63884-Revali-The-Legend-of-Zelda-Breath-of-the-Wild-Brickheadz-MOCBRICKLAND-1-69x90.jpg 69w\" sizes=\"(max-width: 800px) 100vw, 800px\" \/><figcaption id=\"caption-attachment-33196\" class=\"wp-caption-text\">MOC-63884 Revali The Legend of Zelda: Breath of the Wild Brickheadz 204 darabbal<\/figcaption><\/figure>","protected":false},"excerpt":{"rendered":"<p>Product information: Brand: MOC Gender: Unisex Name: Revali The Legend of Zelda: Breath of the Wild Brickheadz Age Range: &gt; 6 years old Model Number: C9097 Classification: Assemblage Plastic Block Shape: Self-Locking Bricks Material: Plastic Plastic Type: ABS Bricks Blocks: 204\u00a0PCS Dimensions: 4.8 x 4.8 x 22.2 cm Weight: 0.11 kg Contains detailed assembly instructions. [&hellip;]<\/p>","protected":false},"featured_media":33198,"comment_status":"closed","ping_status":"closed","template":"","meta":{"_acf_changed":false},"product_cat":[371],"product_tag":[6122,6121,5623,6119,6118,6120],"class_list":["product","first","instock","shipping-taxable","purchasable","product-type-simple"],"acf":[],"_links":{"self":[{"href":"https:\/\/mouldking.store\/hu\/wp-json\/wp\/v2\/product\/33193","targetHints":{"allow":["GET"]}}],"collection":[{"href":"https:\/\/mouldking.store\/hu\/wp-json\/wp\/v2\/product"}],"about":[{"href":"https:\/\/mouldking.store\/hu\/wp-json\/wp\/v2\/types\/product"}],"replies":[{"embeddable":true,"href":"https:\/\/mouldking.store\/hu\/wp-json\/wp\/v2\/comments?post=33193"}],"wp:featuredmedia":[{"embeddable":true,"href":"https:\/\/mouldking.store\/hu\/wp-json\/wp\/v2\/media\/33198"}],"wp:attachment":[{"href":"https:\/\/mouldking.store\/hu\/wp-json\/wp\/v2\/media?parent=33193"}],"wp:term":[{"taxonomy":"product_cat","embeddable":true,"href":"https:\/\/mouldking.store\/hu\/wp-json\/wp\/v2\/product_cat?post=33193"},{"taxonomy":"product_tag","embeddable":true,"href":"https:\/\/mouldking.store\/hu\/wp-json\/wp\/v2\/product_tag?post=33193"}],"curies":[{"name":"wp","href":"https:\/\/api.w.org\/{rel}","templated":true}]}}