{"id":33436,"date":"2022-11-02T10:49:22","date_gmt":"2022-11-02T03:49:22","guid":{"rendered":"https:\/\/mouldking.store\/?post_type=product&#038;p=33436"},"modified":"2022-11-02T10:49:22","modified_gmt":"2022-11-02T03:49:22","slug":"qd-66003-mechanical-dinosaur-strong-model-with-2649-pieces","status":"publish","type":"product","link":"https:\/\/mouldking.store\/hu\/shop\/qd-66003-mechanical-dinosaur-strong-model-with-2649-pieces\/","title":{"rendered":"QD 66003 mechanikus dinoszaurusz er\u0151s modell 2649 darabbal"},"content":{"rendered":"<p>Term\u00e9k inform\u00e1ci\u00f3:<\/p>\n<ol>\n<li>M\u00e1rka: QD<\/li>\n<li>Nem: Uniszex<\/li>\n<li>Name: Mechanical Dinosaur Strong Model<\/li>\n<li>Koroszt\u00e1ly: &gt; 6 \u00e9v<\/li>\n<li>Model Number: 66003<\/li>\n<li>Besorol\u00e1s: \u00d6sszeszerel\u00e9s<\/li>\n<li>M\u0171anyag blokk forma: \u00f6nz\u00e1r\u00f3 t\u00e9gla<\/li>\n<li>Anyaga: M\u0171anyag<\/li>\n<li>M\u0171anyag t\u00edpus: ABS<\/li>\n<li>T\u00e9gla blokkok: 2649 DB<\/li>\n<li>Dimensions: 64 x 23.7 x 25.5cm<\/li>\n<li>R\u00e9szletes \u00f6sszeszerel\u00e9si \u00fatmutat\u00f3t tartalmaz.<\/li>\n<\/ol>\n<p>\u00c9rtes\u00edt\u00e9s:<br \/>\n1. Eredeti doboz n\u00e9lk\u00fcl, de garant\u00e1ljuk, hogy term\u00e9keink min\u0151s\u00e9gbiztos\u00edt\u00e1ssal \u00e9s sz\u00e9p csomagol\u00e1ssal rendelkeznek.<br \/>\n2. Mint minden alkatr\u00e9szt, amelyet a sz\u00e1ll\u00edt\u00e1s el\u0151tt ellen\u0151rizt\u00fcnk, ez\u00e9rt ha \u00fagy tal\u00e1lja, hogy n\u00e9h\u00e1ny alkatr\u00e9sz hi\u00e1nyzik vagy s\u00e9r\u00fclt, ne agg\u00f3djon, \u00e9s k\u00e9rj\u00fck, vegye fel vel\u00fcnk a kapcsolatot, \u00e9s azonnal ingyenesen elk\u00fcldj\u00fck \u00d6nnek.<\/p>\n<figure id=\"attachment_33437\" aria-describedby=\"caption-attachment-33437\" style=\"width: 800px\" class=\"wp-caption aligncenter\"><img fetchpriority=\"high\" decoding=\"async\" class=\"wp-image-33437 size-full\" src=\"https:\/\/mouldking.store\/wp-content\/uploads\/2022\/11\/Creator-QD-66003-Mechanical-Dinosaur-Strong-Model-1.jpg\" alt=\"QD 66003 Mechanical Dinosaur Strong Model With 2649 Pieces\" width=\"800\" height=\"800\" title=\"-\" srcset=\"https:\/\/mouldking.store\/wp-content\/uploads\/2022\/11\/Creator-QD-66003-Mechanical-Dinosaur-Strong-Model-1.jpg 800w, https:\/\/mouldking.store\/wp-content\/uploads\/2022\/11\/Creator-QD-66003-Mechanical-Dinosaur-Strong-Model-1-300x300.jpg 300w, https:\/\/mouldking.store\/wp-content\/uploads\/2022\/11\/Creator-QD-66003-Mechanical-Dinosaur-Strong-Model-1-768x768.jpg 768w, https:\/\/mouldking.store\/wp-content\/uploads\/2022\/11\/Creator-QD-66003-Mechanical-Dinosaur-Strong-Model-1-600x600.jpg 600w, https:\/\/mouldking.store\/wp-content\/uploads\/2022\/11\/Creator-QD-66003-Mechanical-Dinosaur-Strong-Model-1-150x150.jpg 150w, https:\/\/mouldking.store\/wp-content\/uploads\/2022\/11\/Creator-QD-66003-Mechanical-Dinosaur-Strong-Model-1-60x60.jpg 60w, https:\/\/mouldking.store\/wp-content\/uploads\/2022\/11\/Creator-QD-66003-Mechanical-Dinosaur-Strong-Model-1-90x90.jpg 90w\" sizes=\"(max-width: 800px) 100vw, 800px\" \/><figcaption id=\"caption-attachment-33437\" class=\"wp-caption-text\">QD 66003 mechanikus dinoszaurusz er\u0151s modell 2649 darabbal<\/figcaption><\/figure>\n<figure id=\"attachment_33438\" aria-describedby=\"caption-attachment-33438\" style=\"width: 800px\" class=\"wp-caption aligncenter\"><img decoding=\"async\" class=\"wp-image-33438 size-full\" src=\"https:\/\/mouldking.store\/wp-content\/uploads\/2022\/11\/Creator-QD-66003-Mechanical-Dinosaur-Strong-Model-10.jpg\" alt=\"QD 66003 Mechanical Dinosaur Strong Model With 2649 Pieces\" width=\"800\" height=\"800\" title=\"-\" srcset=\"https:\/\/mouldking.store\/wp-content\/uploads\/2022\/11\/Creator-QD-66003-Mechanical-Dinosaur-Strong-Model-10.jpg 800w, https:\/\/mouldking.store\/wp-content\/uploads\/2022\/11\/Creator-QD-66003-Mechanical-Dinosaur-Strong-Model-10-300x300.jpg 300w, https:\/\/mouldking.store\/wp-content\/uploads\/2022\/11\/Creator-QD-66003-Mechanical-Dinosaur-Strong-Model-10-768x768.jpg 768w, https:\/\/mouldking.store\/wp-content\/uploads\/2022\/11\/Creator-QD-66003-Mechanical-Dinosaur-Strong-Model-10-600x600.jpg 600w, https:\/\/mouldking.store\/wp-content\/uploads\/2022\/11\/Creator-QD-66003-Mechanical-Dinosaur-Strong-Model-10-150x150.jpg 150w, https:\/\/mouldking.store\/wp-content\/uploads\/2022\/11\/Creator-QD-66003-Mechanical-Dinosaur-Strong-Model-10-60x60.jpg 60w, https:\/\/mouldking.store\/wp-content\/uploads\/2022\/11\/Creator-QD-66003-Mechanical-Dinosaur-Strong-Model-10-90x90.jpg 90w\" sizes=\"(max-width: 800px) 100vw, 800px\" \/><figcaption id=\"caption-attachment-33438\" class=\"wp-caption-text\">QD 66003 mechanikus dinoszaurusz er\u0151s modell 2649 darabbal<\/figcaption><\/figure>\n<figure id=\"attachment_33439\" aria-describedby=\"caption-attachment-33439\" style=\"width: 800px\" class=\"wp-caption aligncenter\"><img decoding=\"async\" class=\"wp-image-33439 size-full\" src=\"https:\/\/mouldking.store\/wp-content\/uploads\/2022\/11\/Creator-QD-66003-Mechanical-Dinosaur-Strong-Model-13.jpg\" alt=\"QD 66003 Mechanical Dinosaur Strong Model With 2649 Pieces\" width=\"800\" height=\"800\" title=\"-\" srcset=\"https:\/\/mouldking.store\/wp-content\/uploads\/2022\/11\/Creator-QD-66003-Mechanical-Dinosaur-Strong-Model-13.jpg 800w, https:\/\/mouldking.store\/wp-content\/uploads\/2022\/11\/Creator-QD-66003-Mechanical-Dinosaur-Strong-Model-13-300x300.jpg 300w, https:\/\/mouldking.store\/wp-content\/uploads\/2022\/11\/Creator-QD-66003-Mechanical-Dinosaur-Strong-Model-13-768x768.jpg 768w, https:\/\/mouldking.store\/wp-content\/uploads\/2022\/11\/Creator-QD-66003-Mechanical-Dinosaur-Strong-Model-13-600x600.jpg 600w, https:\/\/mouldking.store\/wp-content\/uploads\/2022\/11\/Creator-QD-66003-Mechanical-Dinosaur-Strong-Model-13-150x150.jpg 150w, https:\/\/mouldking.store\/wp-content\/uploads\/2022\/11\/Creator-QD-66003-Mechanical-Dinosaur-Strong-Model-13-60x60.jpg 60w, https:\/\/mouldking.store\/wp-content\/uploads\/2022\/11\/Creator-QD-66003-Mechanical-Dinosaur-Strong-Model-13-90x90.jpg 90w\" sizes=\"(max-width: 800px) 100vw, 800px\" \/><figcaption id=\"caption-attachment-33439\" class=\"wp-caption-text\">QD 66003 mechanikus dinoszaurusz er\u0151s modell 2649 darabbal<\/figcaption><\/figure>\n<figure id=\"attachment_33440\" aria-describedby=\"caption-attachment-33440\" style=\"width: 800px\" class=\"wp-caption aligncenter\"><img loading=\"lazy\" decoding=\"async\" class=\"wp-image-33440 size-full\" src=\"https:\/\/mouldking.store\/wp-content\/uploads\/2022\/11\/Creator-QD-66003-Mechanical-Dinosaur-Strong-Model-11.jpg\" alt=\"QD 66003 Mechanical Dinosaur Strong Model With 2649 Pieces\" width=\"800\" height=\"800\" title=\"-\" srcset=\"https:\/\/mouldking.store\/wp-content\/uploads\/2022\/11\/Creator-QD-66003-Mechanical-Dinosaur-Strong-Model-11.jpg 800w, https:\/\/mouldking.store\/wp-content\/uploads\/2022\/11\/Creator-QD-66003-Mechanical-Dinosaur-Strong-Model-11-300x300.jpg 300w, https:\/\/mouldking.store\/wp-content\/uploads\/2022\/11\/Creator-QD-66003-Mechanical-Dinosaur-Strong-Model-11-768x768.jpg 768w, https:\/\/mouldking.store\/wp-content\/uploads\/2022\/11\/Creator-QD-66003-Mechanical-Dinosaur-Strong-Model-11-600x600.jpg 600w, https:\/\/mouldking.store\/wp-content\/uploads\/2022\/11\/Creator-QD-66003-Mechanical-Dinosaur-Strong-Model-11-150x150.jpg 150w, https:\/\/mouldking.store\/wp-content\/uploads\/2022\/11\/Creator-QD-66003-Mechanical-Dinosaur-Strong-Model-11-60x60.jpg 60w, https:\/\/mouldking.store\/wp-content\/uploads\/2022\/11\/Creator-QD-66003-Mechanical-Dinosaur-Strong-Model-11-90x90.jpg 90w\" sizes=\"(max-width: 800px) 100vw, 800px\" \/><figcaption id=\"caption-attachment-33440\" class=\"wp-caption-text\">QD 66003 mechanikus dinoszaurusz er\u0151s modell 2649 darabbal<\/figcaption><\/figure>\n<figure id=\"attachment_33441\" aria-describedby=\"caption-attachment-33441\" style=\"width: 800px\" class=\"wp-caption aligncenter\"><img loading=\"lazy\" decoding=\"async\" class=\"wp-image-33441 size-full\" src=\"https:\/\/mouldking.store\/wp-content\/uploads\/2022\/11\/Creator-QD-66003-Mechanical-Dinosaur-Strong-Model-12.jpg\" alt=\"QD 66003 Mechanical Dinosaur Strong Model With 2649 Pieces\" width=\"800\" height=\"800\" title=\"-\" srcset=\"https:\/\/mouldking.store\/wp-content\/uploads\/2022\/11\/Creator-QD-66003-Mechanical-Dinosaur-Strong-Model-12.jpg 800w, https:\/\/mouldking.store\/wp-content\/uploads\/2022\/11\/Creator-QD-66003-Mechanical-Dinosaur-Strong-Model-12-300x300.jpg 300w, https:\/\/mouldking.store\/wp-content\/uploads\/2022\/11\/Creator-QD-66003-Mechanical-Dinosaur-Strong-Model-12-768x768.jpg 768w, https:\/\/mouldking.store\/wp-content\/uploads\/2022\/11\/Creator-QD-66003-Mechanical-Dinosaur-Strong-Model-12-600x600.jpg 600w, https:\/\/mouldking.store\/wp-content\/uploads\/2022\/11\/Creator-QD-66003-Mechanical-Dinosaur-Strong-Model-12-150x150.jpg 150w, https:\/\/mouldking.store\/wp-content\/uploads\/2022\/11\/Creator-QD-66003-Mechanical-Dinosaur-Strong-Model-12-60x60.jpg 60w, https:\/\/mouldking.store\/wp-content\/uploads\/2022\/11\/Creator-QD-66003-Mechanical-Dinosaur-Strong-Model-12-90x90.jpg 90w\" sizes=\"(max-width: 800px) 100vw, 800px\" \/><figcaption id=\"caption-attachment-33441\" class=\"wp-caption-text\">QD 66003 mechanikus dinoszaurusz er\u0151s modell 2649 darabbal<\/figcaption><\/figure>","protected":false},"excerpt":{"rendered":"<p>Product information: Brand: QD Gender: Unisex Name: Mechanical Dinosaur Strong Model Age Range: &gt; 6 years old Model Number: 66003 Classification: Assemblage Plastic Block Shape: Self-Locking Bricks Material: Plastic Plastic Type: ABS Bricks Blocks: 2649 PCS Dimensions: 64 x 23.7 x 25.5cm Contains detailed assembly instructions. Notice: 1. Without an original box, but we guarantee [&hellip;]<\/p>","protected":false},"featured_media":33437,"comment_status":"closed","ping_status":"closed","template":"","meta":{"_acf_changed":false},"product_cat":[1365],"product_tag":[2681,2541,6227,6228,6229,6226],"class_list":["product","first","instock","shipping-taxable","purchasable","product-type-simple"],"acf":[],"_links":{"self":[{"href":"https:\/\/mouldking.store\/hu\/wp-json\/wp\/v2\/product\/33436","targetHints":{"allow":["GET"]}}],"collection":[{"href":"https:\/\/mouldking.store\/hu\/wp-json\/wp\/v2\/product"}],"about":[{"href":"https:\/\/mouldking.store\/hu\/wp-json\/wp\/v2\/types\/product"}],"replies":[{"embeddable":true,"href":"https:\/\/mouldking.store\/hu\/wp-json\/wp\/v2\/comments?post=33436"}],"wp:featuredmedia":[{"embeddable":true,"href":"https:\/\/mouldking.store\/hu\/wp-json\/wp\/v2\/media\/33437"}],"wp:attachment":[{"href":"https:\/\/mouldking.store\/hu\/wp-json\/wp\/v2\/media?parent=33436"}],"wp:term":[{"taxonomy":"product_cat","embeddable":true,"href":"https:\/\/mouldking.store\/hu\/wp-json\/wp\/v2\/product_cat?post=33436"},{"taxonomy":"product_tag","embeddable":true,"href":"https:\/\/mouldking.store\/hu\/wp-json\/wp\/v2\/product_tag?post=33436"}],"curies":[{"name":"wp","href":"https:\/\/api.w.org\/{rel}","templated":true}]}}