{"id":33442,"date":"2022-11-02T10:56:07","date_gmt":"2022-11-02T03:56:07","guid":{"rendered":"https:\/\/mouldking.store\/?post_type=product&#038;p=33442"},"modified":"2022-11-02T10:56:07","modified_gmt":"2022-11-02T03:56:07","slug":"qd-66002-mechanical-dinosaur-agility-model-with-1987-pieces","status":"publish","type":"product","link":"https:\/\/mouldking.store\/hu\/shop\/qd-66002-mechanical-dinosaur-agility-model-with-1987-pieces\/","title":{"rendered":"QD 66002 Mechanikus dinoszaurusz agility modell 1987 darabbal"},"content":{"rendered":"<p>Term\u00e9k inform\u00e1ci\u00f3:<\/p>\n<ol>\n<li>M\u00e1rka: QD<\/li>\n<li>Nem: Uniszex<\/li>\n<li>Name: Mechanical Dinosaur Agility Model<\/li>\n<li>Koroszt\u00e1ly: &gt; 6 \u00e9v<\/li>\n<li>Model Number: 66002<\/li>\n<li>Besorol\u00e1s: \u00d6sszeszerel\u00e9s<\/li>\n<li>M\u0171anyag blokk forma: \u00f6nz\u00e1r\u00f3 t\u00e9gla<\/li>\n<li>Anyaga: M\u0171anyag<\/li>\n<li>M\u0171anyag t\u00edpus: ABS<\/li>\n<li>Bricks Blocks: 1987 PCS<\/li>\n<li>Dimensions: 64 x 23.7 x 25.5cm<\/li>\n<li>R\u00e9szletes \u00f6sszeszerel\u00e9si \u00fatmutat\u00f3t tartalmaz.<\/li>\n<\/ol>\n<p>\u00c9rtes\u00edt\u00e9s:<br \/>\n1. Eredeti doboz n\u00e9lk\u00fcl, de garant\u00e1ljuk, hogy term\u00e9keink min\u0151s\u00e9gbiztos\u00edt\u00e1ssal \u00e9s sz\u00e9p csomagol\u00e1ssal rendelkeznek.<br \/>\n2. Mint minden alkatr\u00e9szt, amelyet a sz\u00e1ll\u00edt\u00e1s el\u0151tt ellen\u0151rizt\u00fcnk, ez\u00e9rt ha \u00fagy tal\u00e1lja, hogy n\u00e9h\u00e1ny alkatr\u00e9sz hi\u00e1nyzik vagy s\u00e9r\u00fclt, ne agg\u00f3djon, \u00e9s k\u00e9rj\u00fck, vegye fel vel\u00fcnk a kapcsolatot, \u00e9s azonnal ingyenesen elk\u00fcldj\u00fck \u00d6nnek.<\/p>\n<figure id=\"attachment_33443\" aria-describedby=\"caption-attachment-33443\" style=\"width: 800px\" class=\"wp-caption aligncenter\"><img fetchpriority=\"high\" decoding=\"async\" class=\"wp-image-33443 size-full\" src=\"https:\/\/mouldking.store\/wp-content\/uploads\/2022\/11\/Creator-QD-66002-Mechanical-Dinosaur-Agility-Model-12-1.jpg\" alt=\"QD 66002 Mechanical Dinosaur Agility Model With 1987 Pieces\" width=\"800\" height=\"800\" title=\"-\" srcset=\"https:\/\/mouldking.store\/wp-content\/uploads\/2022\/11\/Creator-QD-66002-Mechanical-Dinosaur-Agility-Model-12-1.jpg 800w, https:\/\/mouldking.store\/wp-content\/uploads\/2022\/11\/Creator-QD-66002-Mechanical-Dinosaur-Agility-Model-12-1-300x300.jpg 300w, https:\/\/mouldking.store\/wp-content\/uploads\/2022\/11\/Creator-QD-66002-Mechanical-Dinosaur-Agility-Model-12-1-768x768.jpg 768w, https:\/\/mouldking.store\/wp-content\/uploads\/2022\/11\/Creator-QD-66002-Mechanical-Dinosaur-Agility-Model-12-1-600x600.jpg 600w, https:\/\/mouldking.store\/wp-content\/uploads\/2022\/11\/Creator-QD-66002-Mechanical-Dinosaur-Agility-Model-12-1-150x150.jpg 150w, https:\/\/mouldking.store\/wp-content\/uploads\/2022\/11\/Creator-QD-66002-Mechanical-Dinosaur-Agility-Model-12-1-60x60.jpg 60w, https:\/\/mouldking.store\/wp-content\/uploads\/2022\/11\/Creator-QD-66002-Mechanical-Dinosaur-Agility-Model-12-1-90x90.jpg 90w\" sizes=\"(max-width: 800px) 100vw, 800px\" \/><figcaption id=\"caption-attachment-33443\" class=\"wp-caption-text\">QD 66002 Mechanikus dinoszaurusz agility modell 1987 darabbal<\/figcaption><\/figure>\n<figure id=\"attachment_33444\" aria-describedby=\"caption-attachment-33444\" style=\"width: 800px\" class=\"wp-caption aligncenter\"><img decoding=\"async\" class=\"wp-image-33444 size-full\" src=\"https:\/\/mouldking.store\/wp-content\/uploads\/2022\/11\/Creator-QD-66002-Mechanical-Dinosaur-Agility-Model-14.jpg\" alt=\"QD 66002 Mechanical Dinosaur Agility Model With 1987 Pieces\" width=\"800\" height=\"800\" title=\"-\" srcset=\"https:\/\/mouldking.store\/wp-content\/uploads\/2022\/11\/Creator-QD-66002-Mechanical-Dinosaur-Agility-Model-14.jpg 800w, https:\/\/mouldking.store\/wp-content\/uploads\/2022\/11\/Creator-QD-66002-Mechanical-Dinosaur-Agility-Model-14-300x300.jpg 300w, https:\/\/mouldking.store\/wp-content\/uploads\/2022\/11\/Creator-QD-66002-Mechanical-Dinosaur-Agility-Model-14-768x768.jpg 768w, https:\/\/mouldking.store\/wp-content\/uploads\/2022\/11\/Creator-QD-66002-Mechanical-Dinosaur-Agility-Model-14-600x600.jpg 600w, https:\/\/mouldking.store\/wp-content\/uploads\/2022\/11\/Creator-QD-66002-Mechanical-Dinosaur-Agility-Model-14-150x150.jpg 150w, https:\/\/mouldking.store\/wp-content\/uploads\/2022\/11\/Creator-QD-66002-Mechanical-Dinosaur-Agility-Model-14-60x60.jpg 60w, https:\/\/mouldking.store\/wp-content\/uploads\/2022\/11\/Creator-QD-66002-Mechanical-Dinosaur-Agility-Model-14-90x90.jpg 90w\" sizes=\"(max-width: 800px) 100vw, 800px\" \/><figcaption id=\"caption-attachment-33444\" class=\"wp-caption-text\">QD 66002 Mechanikus dinoszaurusz agility modell 1987 darabbal<\/figcaption><\/figure>\n<figure id=\"attachment_33445\" aria-describedby=\"caption-attachment-33445\" style=\"width: 800px\" class=\"wp-caption aligncenter\"><img decoding=\"async\" class=\"wp-image-33445 size-full\" src=\"https:\/\/mouldking.store\/wp-content\/uploads\/2022\/11\/Creator-QD-66002-Mechanical-Dinosaur-Agility-Model-13.jpg\" alt=\"QD 66002 Mechanical Dinosaur Agility Model With 1987 Pieces\" width=\"800\" height=\"800\" title=\"-\" srcset=\"https:\/\/mouldking.store\/wp-content\/uploads\/2022\/11\/Creator-QD-66002-Mechanical-Dinosaur-Agility-Model-13.jpg 800w, https:\/\/mouldking.store\/wp-content\/uploads\/2022\/11\/Creator-QD-66002-Mechanical-Dinosaur-Agility-Model-13-300x300.jpg 300w, https:\/\/mouldking.store\/wp-content\/uploads\/2022\/11\/Creator-QD-66002-Mechanical-Dinosaur-Agility-Model-13-768x768.jpg 768w, https:\/\/mouldking.store\/wp-content\/uploads\/2022\/11\/Creator-QD-66002-Mechanical-Dinosaur-Agility-Model-13-600x600.jpg 600w, https:\/\/mouldking.store\/wp-content\/uploads\/2022\/11\/Creator-QD-66002-Mechanical-Dinosaur-Agility-Model-13-150x150.jpg 150w, https:\/\/mouldking.store\/wp-content\/uploads\/2022\/11\/Creator-QD-66002-Mechanical-Dinosaur-Agility-Model-13-60x60.jpg 60w, https:\/\/mouldking.store\/wp-content\/uploads\/2022\/11\/Creator-QD-66002-Mechanical-Dinosaur-Agility-Model-13-90x90.jpg 90w\" sizes=\"(max-width: 800px) 100vw, 800px\" \/><figcaption id=\"caption-attachment-33445\" class=\"wp-caption-text\">QD 66002 Mechanikus dinoszaurusz agility modell 1987 darabbal<\/figcaption><\/figure>\n<figure id=\"attachment_33446\" aria-describedby=\"caption-attachment-33446\" style=\"width: 800px\" class=\"wp-caption aligncenter\"><img loading=\"lazy\" decoding=\"async\" class=\"wp-image-33446 size-full\" src=\"https:\/\/mouldking.store\/wp-content\/uploads\/2022\/11\/Creator-QD-66002-Mechanical-Dinosaur-Agility-Model-12.jpg\" alt=\"QD 66002 Mechanical Dinosaur Agility Model With 1987 Pieces\" width=\"800\" height=\"800\" title=\"-\" srcset=\"https:\/\/mouldking.store\/wp-content\/uploads\/2022\/11\/Creator-QD-66002-Mechanical-Dinosaur-Agility-Model-12.jpg 800w, https:\/\/mouldking.store\/wp-content\/uploads\/2022\/11\/Creator-QD-66002-Mechanical-Dinosaur-Agility-Model-12-300x300.jpg 300w, https:\/\/mouldking.store\/wp-content\/uploads\/2022\/11\/Creator-QD-66002-Mechanical-Dinosaur-Agility-Model-12-768x768.jpg 768w, https:\/\/mouldking.store\/wp-content\/uploads\/2022\/11\/Creator-QD-66002-Mechanical-Dinosaur-Agility-Model-12-600x600.jpg 600w, https:\/\/mouldking.store\/wp-content\/uploads\/2022\/11\/Creator-QD-66002-Mechanical-Dinosaur-Agility-Model-12-150x150.jpg 150w, https:\/\/mouldking.store\/wp-content\/uploads\/2022\/11\/Creator-QD-66002-Mechanical-Dinosaur-Agility-Model-12-60x60.jpg 60w, https:\/\/mouldking.store\/wp-content\/uploads\/2022\/11\/Creator-QD-66002-Mechanical-Dinosaur-Agility-Model-12-90x90.jpg 90w\" sizes=\"(max-width: 800px) 100vw, 800px\" \/><figcaption id=\"caption-attachment-33446\" class=\"wp-caption-text\">QD 66002 Mechanikus dinoszaurusz agility modell 1987 darabbal<\/figcaption><\/figure>\n<figure id=\"attachment_33447\" aria-describedby=\"caption-attachment-33447\" style=\"width: 800px\" class=\"wp-caption aligncenter\"><img loading=\"lazy\" decoding=\"async\" class=\"wp-image-33447 size-full\" src=\"https:\/\/mouldking.store\/wp-content\/uploads\/2022\/11\/Creator-QD-66002-Mechanical-Dinosaur-Agility-Model-15.jpg\" alt=\"QD 66002 Mechanical Dinosaur Agility Model With 1987 Pieces\" width=\"800\" height=\"800\" title=\"-\" srcset=\"https:\/\/mouldking.store\/wp-content\/uploads\/2022\/11\/Creator-QD-66002-Mechanical-Dinosaur-Agility-Model-15.jpg 800w, https:\/\/mouldking.store\/wp-content\/uploads\/2022\/11\/Creator-QD-66002-Mechanical-Dinosaur-Agility-Model-15-300x300.jpg 300w, https:\/\/mouldking.store\/wp-content\/uploads\/2022\/11\/Creator-QD-66002-Mechanical-Dinosaur-Agility-Model-15-768x768.jpg 768w, https:\/\/mouldking.store\/wp-content\/uploads\/2022\/11\/Creator-QD-66002-Mechanical-Dinosaur-Agility-Model-15-600x600.jpg 600w, https:\/\/mouldking.store\/wp-content\/uploads\/2022\/11\/Creator-QD-66002-Mechanical-Dinosaur-Agility-Model-15-150x150.jpg 150w, https:\/\/mouldking.store\/wp-content\/uploads\/2022\/11\/Creator-QD-66002-Mechanical-Dinosaur-Agility-Model-15-60x60.jpg 60w, https:\/\/mouldking.store\/wp-content\/uploads\/2022\/11\/Creator-QD-66002-Mechanical-Dinosaur-Agility-Model-15-90x90.jpg 90w\" sizes=\"(max-width: 800px) 100vw, 800px\" \/><figcaption id=\"caption-attachment-33447\" class=\"wp-caption-text\">QD 66002 Mechanikus dinoszaurusz agility modell 1987 darabbal<\/figcaption><\/figure>","protected":false},"excerpt":{"rendered":"<p>Term\u00e9kinform\u00e1ci\u00f3: M\u00e1rka: QD Nem: Uniszex N\u00e9v: Mechanikus dinoszaurusz Agility Modell Koroszt\u00e1ly: &gt; 6 \u00e9ves Modell sz\u00e1ma: 66002 Besorol\u00e1s: \u00d6sszeszerelhet\u0151 M\u0171anyag kock\u00e1k Forma: \u00d6nz\u00e1r\u00f3 kock\u00e1k Anyag: M\u0171anyag M\u0171anyag t\u00edpusa: ABS kock\u00e1k Kock\u00e1k: 1987 db M\u00e9retek: 64 x 23,7 x 25,5 cm R\u00e9szletes \u00f6sszeszerel\u00e9si utas\u00edt\u00e1sokat tartalmaz. Megjegyz\u00e9s: 1. Eredeti doboz n\u00e9lk\u00fcl, de garant\u00e1ljuk [\u2026]<\/p>","protected":false},"featured_media":33443,"comment_status":"closed","ping_status":"closed","template":"","meta":{"_acf_changed":false},"product_cat":[1365],"product_tag":[2687,6231,2541,6227,6233,6232,6230],"class_list":["product","first","instock","shipping-taxable","purchasable","product-type-simple"],"acf":[],"_links":{"self":[{"href":"https:\/\/mouldking.store\/hu\/wp-json\/wp\/v2\/product\/33442","targetHints":{"allow":["GET"]}}],"collection":[{"href":"https:\/\/mouldking.store\/hu\/wp-json\/wp\/v2\/product"}],"about":[{"href":"https:\/\/mouldking.store\/hu\/wp-json\/wp\/v2\/types\/product"}],"replies":[{"embeddable":true,"href":"https:\/\/mouldking.store\/hu\/wp-json\/wp\/v2\/comments?post=33442"}],"wp:featuredmedia":[{"embeddable":true,"href":"https:\/\/mouldking.store\/hu\/wp-json\/wp\/v2\/media\/33443"}],"wp:attachment":[{"href":"https:\/\/mouldking.store\/hu\/wp-json\/wp\/v2\/media?parent=33442"}],"wp:term":[{"taxonomy":"product_cat","embeddable":true,"href":"https:\/\/mouldking.store\/hu\/wp-json\/wp\/v2\/product_cat?post=33442"},{"taxonomy":"product_tag","embeddable":true,"href":"https:\/\/mouldking.store\/hu\/wp-json\/wp\/v2\/product_tag?post=33442"}],"curies":[{"name":"wp","href":"https:\/\/api.w.org\/{rel}","templated":true}]}}