{"id":33566,"date":"2022-11-02T14:07:32","date_gmt":"2022-11-02T07:07:32","guid":{"rendered":"https:\/\/mouldking.store\/?post_type=product&#038;p=33566"},"modified":"2025-12-25T09:12:24","modified_gmt":"2025-12-25T02:12:24","slug":"moc-k1-1a-lamborghini-centenario-18-hypercar-with-3874-pieces","status":"publish","type":"product","link":"https:\/\/mouldking.store\/hu\/shop\/moc-k1-1a-lamborghini-centenario-18-hypercar-with-3874-pieces\/","title":{"rendered":"MOC K1-1A Lamborghini Centenario 1:8 Hypercar 3874 darabbal"},"content":{"rendered":"<p>Term\u00e9k inform\u00e1ci\u00f3:<\/p>\n<ol>\n<li>M\u00e1rka: MOC<\/li>\n<li>Nem: Uniszex<\/li>\n<li>Name: Lamborghini Centenario 1:8 Hypercar<\/li>\n<li>Koroszt\u00e1ly: &gt; 6 \u00e9v<\/li>\n<li>Model Number: K1-1A<\/li>\n<li>Besorol\u00e1s: \u00d6sszeszerel\u00e9s<\/li>\n<li>M\u0171anyag blokk forma: \u00f6nz\u00e1r\u00f3 t\u00e9gla<\/li>\n<li>Anyaga: M\u0171anyag<\/li>\n<li>M\u0171anyag t\u00edpus: ABS<\/li>\n<li>Bricks Blocks: 3874 PCS<\/li>\n<li>Dimensions: 52.3 x 40.2 x 14.5cm<\/li>\n<li>R\u00e9szletes \u00f6sszeszerel\u00e9si \u00fatmutat\u00f3t tartalmaz.<\/li>\n<\/ol>\n<p>\u00c9rtes\u00edt\u00e9s:<br \/>\n1. Eredeti doboz n\u00e9lk\u00fcl, de garant\u00e1ljuk, hogy term\u00e9keink min\u0151s\u00e9gbiztos\u00edt\u00e1ssal \u00e9s sz\u00e9p csomagol\u00e1ssal rendelkeznek.<br \/>\n2. Mint minden alkatr\u00e9szt, amelyet a sz\u00e1ll\u00edt\u00e1s el\u0151tt ellen\u0151rizt\u00fcnk, ez\u00e9rt ha \u00fagy tal\u00e1lja, hogy n\u00e9h\u00e1ny alkatr\u00e9sz hi\u00e1nyzik vagy s\u00e9r\u00fclt, ne agg\u00f3djon, \u00e9s k\u00e9rj\u00fck, vegye fel vel\u00fcnk a kapcsolatot, \u00e9s azonnal ingyenesen elk\u00fcldj\u00fck \u00d6nnek.<\/p>\n<figure id=\"attachment_33567\" aria-describedby=\"caption-attachment-33567\" style=\"width: 800px\" class=\"wp-caption aligncenter\"><img fetchpriority=\"high\" decoding=\"async\" class=\"wp-image-33567 size-full\" src=\"https:\/\/mouldking.store\/wp-content\/uploads\/2022\/11\/Technic-MOC-K1-1A-Lamborghini-Centenario-18-Hypercar-1.jpg\" alt=\"MOC K1-1A Lamborghini Centenario 1:8 Hypercar With 3874 Pieces\" width=\"800\" height=\"800\" title=\"-\" srcset=\"https:\/\/mouldking.store\/wp-content\/uploads\/2022\/11\/Technic-MOC-K1-1A-Lamborghini-Centenario-18-Hypercar-1.jpg 800w, https:\/\/mouldking.store\/wp-content\/uploads\/2022\/11\/Technic-MOC-K1-1A-Lamborghini-Centenario-18-Hypercar-1-300x300.jpg 300w, https:\/\/mouldking.store\/wp-content\/uploads\/2022\/11\/Technic-MOC-K1-1A-Lamborghini-Centenario-18-Hypercar-1-768x768.jpg 768w, https:\/\/mouldking.store\/wp-content\/uploads\/2022\/11\/Technic-MOC-K1-1A-Lamborghini-Centenario-18-Hypercar-1-600x600.jpg 600w, https:\/\/mouldking.store\/wp-content\/uploads\/2022\/11\/Technic-MOC-K1-1A-Lamborghini-Centenario-18-Hypercar-1-150x150.jpg 150w, https:\/\/mouldking.store\/wp-content\/uploads\/2022\/11\/Technic-MOC-K1-1A-Lamborghini-Centenario-18-Hypercar-1-60x60.jpg 60w, https:\/\/mouldking.store\/wp-content\/uploads\/2022\/11\/Technic-MOC-K1-1A-Lamborghini-Centenario-18-Hypercar-1-90x90.jpg 90w\" sizes=\"(max-width: 800px) 100vw, 800px\" \/><figcaption id=\"caption-attachment-33567\" class=\"wp-caption-text\">MOC K1-1A Lamborghini Centenario 1:8 Hypercar 3874 darabbal<\/figcaption><\/figure>\n<figure id=\"attachment_33568\" aria-describedby=\"caption-attachment-33568\" style=\"width: 800px\" class=\"wp-caption aligncenter\"><img decoding=\"async\" class=\"wp-image-33568 size-full\" src=\"https:\/\/mouldking.store\/wp-content\/uploads\/2022\/11\/Technic-MOC-K1-1A-Lamborghini-Centenario-18-Hypercar-2.jpg\" alt=\"MOC K1-1A Lamborghini Centenario 1:8 Hypercar With 3874 Pieces\" width=\"800\" height=\"800\" title=\"-\" srcset=\"https:\/\/mouldking.store\/wp-content\/uploads\/2022\/11\/Technic-MOC-K1-1A-Lamborghini-Centenario-18-Hypercar-2.jpg 800w, https:\/\/mouldking.store\/wp-content\/uploads\/2022\/11\/Technic-MOC-K1-1A-Lamborghini-Centenario-18-Hypercar-2-300x300.jpg 300w, https:\/\/mouldking.store\/wp-content\/uploads\/2022\/11\/Technic-MOC-K1-1A-Lamborghini-Centenario-18-Hypercar-2-768x768.jpg 768w, https:\/\/mouldking.store\/wp-content\/uploads\/2022\/11\/Technic-MOC-K1-1A-Lamborghini-Centenario-18-Hypercar-2-600x600.jpg 600w, https:\/\/mouldking.store\/wp-content\/uploads\/2022\/11\/Technic-MOC-K1-1A-Lamborghini-Centenario-18-Hypercar-2-150x150.jpg 150w, https:\/\/mouldking.store\/wp-content\/uploads\/2022\/11\/Technic-MOC-K1-1A-Lamborghini-Centenario-18-Hypercar-2-60x60.jpg 60w, https:\/\/mouldking.store\/wp-content\/uploads\/2022\/11\/Technic-MOC-K1-1A-Lamborghini-Centenario-18-Hypercar-2-90x90.jpg 90w\" sizes=\"(max-width: 800px) 100vw, 800px\" \/><figcaption id=\"caption-attachment-33568\" class=\"wp-caption-text\">MOC K1-1A Lamborghini Centenario 1:8 Hypercar 3874 darabbal<\/figcaption><\/figure>\n<figure id=\"attachment_33569\" aria-describedby=\"caption-attachment-33569\" style=\"width: 800px\" class=\"wp-caption aligncenter\"><img decoding=\"async\" class=\"wp-image-33569 size-full\" src=\"https:\/\/mouldking.store\/wp-content\/uploads\/2022\/11\/Technic-MOC-K1-1A-Lamborghini-Centenario-18-Hypercar-3.jpg\" alt=\"MOC K1-1A Lamborghini Centenario 1:8 Hypercar With 3874 Pieces\" width=\"800\" height=\"800\" title=\"-\" srcset=\"https:\/\/mouldking.store\/wp-content\/uploads\/2022\/11\/Technic-MOC-K1-1A-Lamborghini-Centenario-18-Hypercar-3.jpg 800w, https:\/\/mouldking.store\/wp-content\/uploads\/2022\/11\/Technic-MOC-K1-1A-Lamborghini-Centenario-18-Hypercar-3-300x300.jpg 300w, https:\/\/mouldking.store\/wp-content\/uploads\/2022\/11\/Technic-MOC-K1-1A-Lamborghini-Centenario-18-Hypercar-3-768x768.jpg 768w, https:\/\/mouldking.store\/wp-content\/uploads\/2022\/11\/Technic-MOC-K1-1A-Lamborghini-Centenario-18-Hypercar-3-600x600.jpg 600w, https:\/\/mouldking.store\/wp-content\/uploads\/2022\/11\/Technic-MOC-K1-1A-Lamborghini-Centenario-18-Hypercar-3-150x150.jpg 150w, https:\/\/mouldking.store\/wp-content\/uploads\/2022\/11\/Technic-MOC-K1-1A-Lamborghini-Centenario-18-Hypercar-3-60x60.jpg 60w, https:\/\/mouldking.store\/wp-content\/uploads\/2022\/11\/Technic-MOC-K1-1A-Lamborghini-Centenario-18-Hypercar-3-90x90.jpg 90w\" sizes=\"(max-width: 800px) 100vw, 800px\" \/><figcaption id=\"caption-attachment-33569\" class=\"wp-caption-text\">MOC K1-1A Lamborghini Centenario 1:8 Hypercar 3874 darabbal<\/figcaption><\/figure>\n<figure id=\"attachment_33570\" aria-describedby=\"caption-attachment-33570\" style=\"width: 800px\" class=\"wp-caption aligncenter\"><img loading=\"lazy\" decoding=\"async\" class=\"wp-image-33570 size-full\" src=\"https:\/\/mouldking.store\/wp-content\/uploads\/2022\/11\/Technic-MOC-K1-1A-Lamborghini-Centenario-18-Hypercar-4.jpg\" alt=\"MOC K1-1A Lamborghini Centenario 1:8 Hypercar With 3874 Pieces\" width=\"800\" height=\"800\" title=\"-\" srcset=\"https:\/\/mouldking.store\/wp-content\/uploads\/2022\/11\/Technic-MOC-K1-1A-Lamborghini-Centenario-18-Hypercar-4.jpg 800w, https:\/\/mouldking.store\/wp-content\/uploads\/2022\/11\/Technic-MOC-K1-1A-Lamborghini-Centenario-18-Hypercar-4-300x300.jpg 300w, https:\/\/mouldking.store\/wp-content\/uploads\/2022\/11\/Technic-MOC-K1-1A-Lamborghini-Centenario-18-Hypercar-4-768x768.jpg 768w, https:\/\/mouldking.store\/wp-content\/uploads\/2022\/11\/Technic-MOC-K1-1A-Lamborghini-Centenario-18-Hypercar-4-600x600.jpg 600w, https:\/\/mouldking.store\/wp-content\/uploads\/2022\/11\/Technic-MOC-K1-1A-Lamborghini-Centenario-18-Hypercar-4-150x150.jpg 150w, https:\/\/mouldking.store\/wp-content\/uploads\/2022\/11\/Technic-MOC-K1-1A-Lamborghini-Centenario-18-Hypercar-4-60x60.jpg 60w, https:\/\/mouldking.store\/wp-content\/uploads\/2022\/11\/Technic-MOC-K1-1A-Lamborghini-Centenario-18-Hypercar-4-90x90.jpg 90w\" sizes=\"(max-width: 800px) 100vw, 800px\" \/><figcaption id=\"caption-attachment-33570\" class=\"wp-caption-text\">MOC K1-1A Lamborghini Centenario 1:8 Hypercar 3874 darabbal<\/figcaption><\/figure>\n<figure id=\"attachment_33571\" aria-describedby=\"caption-attachment-33571\" style=\"width: 800px\" class=\"wp-caption aligncenter\"><img loading=\"lazy\" decoding=\"async\" class=\"wp-image-33571 size-full\" src=\"https:\/\/mouldking.store\/wp-content\/uploads\/2022\/11\/Technic-MOC-K1-1A-Lamborghini-Centenario-18-Hypercar-5.jpg\" alt=\"MOC K1-1A Lamborghini Centenario 1:8 Hypercar With 3874 Pieces\" width=\"800\" height=\"800\" title=\"-\" srcset=\"https:\/\/mouldking.store\/wp-content\/uploads\/2022\/11\/Technic-MOC-K1-1A-Lamborghini-Centenario-18-Hypercar-5.jpg 800w, https:\/\/mouldking.store\/wp-content\/uploads\/2022\/11\/Technic-MOC-K1-1A-Lamborghini-Centenario-18-Hypercar-5-300x300.jpg 300w, https:\/\/mouldking.store\/wp-content\/uploads\/2022\/11\/Technic-MOC-K1-1A-Lamborghini-Centenario-18-Hypercar-5-768x768.jpg 768w, https:\/\/mouldking.store\/wp-content\/uploads\/2022\/11\/Technic-MOC-K1-1A-Lamborghini-Centenario-18-Hypercar-5-600x600.jpg 600w, https:\/\/mouldking.store\/wp-content\/uploads\/2022\/11\/Technic-MOC-K1-1A-Lamborghini-Centenario-18-Hypercar-5-150x150.jpg 150w, https:\/\/mouldking.store\/wp-content\/uploads\/2022\/11\/Technic-MOC-K1-1A-Lamborghini-Centenario-18-Hypercar-5-60x60.jpg 60w, https:\/\/mouldking.store\/wp-content\/uploads\/2022\/11\/Technic-MOC-K1-1A-Lamborghini-Centenario-18-Hypercar-5-90x90.jpg 90w\" sizes=\"(max-width: 800px) 100vw, 800px\" \/><figcaption id=\"caption-attachment-33571\" class=\"wp-caption-text\">MOC K1-1A Lamborghini Centenario 1:8 Hypercar 3874 darabbal<\/figcaption><\/figure>","protected":false},"excerpt":{"rendered":"<p>Product information: Brand: MOC Gender: Unisex Name: Lamborghini Centenario 1:8 Hypercar Age Range: &gt; 6 years old Model Number: K1-1A Classification: Assemblage Plastic Block Shape: Self-Locking Bricks Material: Plastic Plastic Type: ABS Bricks Blocks: 3874 PCS Dimensions: 52.3 x 40.2 x 14.5cm Contains detailed assembly instructions. Notice: 1. Without an original box, but we guarantee [&hellip;]<\/p>","protected":false},"featured_media":33567,"comment_status":"closed","ping_status":"closed","template":"","meta":{"_acf_changed":false},"product_cat":[1357],"product_tag":[6319,1917,6316,6315,596,6318,6317,6314],"class_list":["product","first","instock","shipping-taxable","purchasable","product-type-simple"],"acf":[],"_links":{"self":[{"href":"https:\/\/mouldking.store\/hu\/wp-json\/wp\/v2\/product\/33566","targetHints":{"allow":["GET"]}}],"collection":[{"href":"https:\/\/mouldking.store\/hu\/wp-json\/wp\/v2\/product"}],"about":[{"href":"https:\/\/mouldking.store\/hu\/wp-json\/wp\/v2\/types\/product"}],"replies":[{"embeddable":true,"href":"https:\/\/mouldking.store\/hu\/wp-json\/wp\/v2\/comments?post=33566"}],"wp:featuredmedia":[{"embeddable":true,"href":"https:\/\/mouldking.store\/hu\/wp-json\/wp\/v2\/media\/33567"}],"wp:attachment":[{"href":"https:\/\/mouldking.store\/hu\/wp-json\/wp\/v2\/media?parent=33566"}],"wp:term":[{"taxonomy":"product_cat","embeddable":true,"href":"https:\/\/mouldking.store\/hu\/wp-json\/wp\/v2\/product_cat?post=33566"},{"taxonomy":"product_tag","embeddable":true,"href":"https:\/\/mouldking.store\/hu\/wp-json\/wp\/v2\/product_tag?post=33566"}],"curies":[{"name":"wp","href":"https:\/\/api.w.org\/{rel}","templated":true}]}}