{"id":33592,"date":"2022-11-02T14:38:50","date_gmt":"2022-11-02T07:38:50","guid":{"rendered":"https:\/\/mouldking.store\/?post_type=product&#038;p=33592"},"modified":"2022-11-02T14:38:51","modified_gmt":"2022-11-02T07:38:51","slug":"woma-c0892-static-version-soldier-truck-with-435-pieces","status":"publish","type":"product","link":"https:\/\/mouldking.store\/hu\/shop\/woma-c0892-static-version-soldier-truck-with-435-pieces\/","title":{"rendered":"WOMA C0892 statikus v\u00e1ltozat katona teheraut\u00f3 435 darabbal"},"content":{"rendered":"<p>Term\u00e9k inform\u00e1ci\u00f3:<\/p>\n<ol>\n<li>M\u00e1rka: WOMA<\/li>\n<li>Nem: Uniszex<\/li>\n<li>N\u00e9v: Statikus v\u00e1ltozat Soldier Truck<\/li>\n<li>Koroszt\u00e1ly: &gt; 6 \u00e9v<\/li>\n<li>Modellsz\u00e1m: C0892<\/li>\n<li>Besorol\u00e1s: \u00d6sszeszerel\u00e9s<\/li>\n<li>M\u0171anyag blokk forma: \u00f6nz\u00e1r\u00f3 t\u00e9gla<\/li>\n<li>Anyaga: M\u0171anyag<\/li>\n<li>M\u0171anyag t\u00edpus: ABS<\/li>\n<li>T\u00e9gla blokkok: 435 DB<\/li>\n<li>M\u00e9retek: 19,7 \u00d7 7,7 \u00d7 8,7 cm<\/li>\n<li>R\u00e9szletes \u00f6sszeszerel\u00e9si \u00fatmutat\u00f3t tartalmaz.<\/li>\n<\/ol>\n<p>\u00c9rtes\u00edt\u00e9s:<br \/>\n1. Eredeti doboz n\u00e9lk\u00fcl, de garant\u00e1ljuk, hogy term\u00e9keink min\u0151s\u00e9gbiztos\u00edt\u00e1ssal \u00e9s sz\u00e9p csomagol\u00e1ssal rendelkeznek.<br \/>\n2. Mint minden alkatr\u00e9szt, amelyet a sz\u00e1ll\u00edt\u00e1s el\u0151tt ellen\u0151rizt\u00fcnk, ez\u00e9rt ha \u00fagy tal\u00e1lja, hogy n\u00e9h\u00e1ny alkatr\u00e9sz hi\u00e1nyzik vagy s\u00e9r\u00fclt, ne agg\u00f3djon, \u00e9s k\u00e9rj\u00fck, vegye fel vel\u00fcnk a kapcsolatot, \u00e9s azonnal ingyenesen elk\u00fcldj\u00fck \u00d6nnek.<\/p>\n<figure id=\"attachment_33598\" aria-describedby=\"caption-attachment-33598\" style=\"width: 800px\" class=\"wp-caption aligncenter\"><img fetchpriority=\"high\" decoding=\"async\" class=\"wp-image-33598 size-full\" src=\"https:\/\/mouldking.store\/wp-content\/uploads\/2022\/11\/Military-WOMA-C0892-Static-Version-Soldier-Truck-1.jpg\" alt=\"WOMA C0892 Static Version Soldier Truck With 435 Pieces\" width=\"800\" height=\"800\" title=\"-\" srcset=\"https:\/\/mouldking.store\/wp-content\/uploads\/2022\/11\/Military-WOMA-C0892-Static-Version-Soldier-Truck-1.jpg 800w, https:\/\/mouldking.store\/wp-content\/uploads\/2022\/11\/Military-WOMA-C0892-Static-Version-Soldier-Truck-1-300x300.jpg 300w, https:\/\/mouldking.store\/wp-content\/uploads\/2022\/11\/Military-WOMA-C0892-Static-Version-Soldier-Truck-1-768x768.jpg 768w, https:\/\/mouldking.store\/wp-content\/uploads\/2022\/11\/Military-WOMA-C0892-Static-Version-Soldier-Truck-1-600x600.jpg 600w, https:\/\/mouldking.store\/wp-content\/uploads\/2022\/11\/Military-WOMA-C0892-Static-Version-Soldier-Truck-1-150x150.jpg 150w, https:\/\/mouldking.store\/wp-content\/uploads\/2022\/11\/Military-WOMA-C0892-Static-Version-Soldier-Truck-1-60x60.jpg 60w, https:\/\/mouldking.store\/wp-content\/uploads\/2022\/11\/Military-WOMA-C0892-Static-Version-Soldier-Truck-1-90x90.jpg 90w\" sizes=\"(max-width: 800px) 100vw, 800px\" \/><figcaption id=\"caption-attachment-33598\" class=\"wp-caption-text\">WOMA C0892 statikus v\u00e1ltozat katona teheraut\u00f3 435 darabbal<\/figcaption><\/figure>\n<figure id=\"attachment_33600\" aria-describedby=\"caption-attachment-33600\" style=\"width: 800px\" class=\"wp-caption aligncenter\"><img decoding=\"async\" class=\"wp-image-33600 size-full\" src=\"https:\/\/mouldking.store\/wp-content\/uploads\/2022\/11\/Military-WOMA-C0892-Static-Version-Soldier-Truck-6.jpg\" alt=\"WOMA C0892 Static Version Soldier Truck With 435 Pieces\" width=\"800\" height=\"800\" title=\"-\" srcset=\"https:\/\/mouldking.store\/wp-content\/uploads\/2022\/11\/Military-WOMA-C0892-Static-Version-Soldier-Truck-6.jpg 800w, https:\/\/mouldking.store\/wp-content\/uploads\/2022\/11\/Military-WOMA-C0892-Static-Version-Soldier-Truck-6-300x300.jpg 300w, https:\/\/mouldking.store\/wp-content\/uploads\/2022\/11\/Military-WOMA-C0892-Static-Version-Soldier-Truck-6-768x768.jpg 768w, https:\/\/mouldking.store\/wp-content\/uploads\/2022\/11\/Military-WOMA-C0892-Static-Version-Soldier-Truck-6-600x600.jpg 600w, https:\/\/mouldking.store\/wp-content\/uploads\/2022\/11\/Military-WOMA-C0892-Static-Version-Soldier-Truck-6-150x150.jpg 150w, https:\/\/mouldking.store\/wp-content\/uploads\/2022\/11\/Military-WOMA-C0892-Static-Version-Soldier-Truck-6-60x60.jpg 60w, https:\/\/mouldking.store\/wp-content\/uploads\/2022\/11\/Military-WOMA-C0892-Static-Version-Soldier-Truck-6-90x90.jpg 90w\" sizes=\"(max-width: 800px) 100vw, 800px\" \/><figcaption id=\"caption-attachment-33600\" class=\"wp-caption-text\">WOMA C0892 statikus v\u00e1ltozat katona teheraut\u00f3 435 darabbal<\/figcaption><\/figure>\n<figure id=\"attachment_33601\" aria-describedby=\"caption-attachment-33601\" style=\"width: 800px\" class=\"wp-caption aligncenter\"><img decoding=\"async\" class=\"wp-image-33601 size-full\" src=\"https:\/\/mouldking.store\/wp-content\/uploads\/2022\/11\/Military-WOMA-C0892-Static-Version-Soldier-Truck-2.jpg\" alt=\"WOMA C0892 Static Version Soldier Truck With 435 Pieces\" width=\"800\" height=\"800\" title=\"-\" srcset=\"https:\/\/mouldking.store\/wp-content\/uploads\/2022\/11\/Military-WOMA-C0892-Static-Version-Soldier-Truck-2.jpg 800w, https:\/\/mouldking.store\/wp-content\/uploads\/2022\/11\/Military-WOMA-C0892-Static-Version-Soldier-Truck-2-300x300.jpg 300w, https:\/\/mouldking.store\/wp-content\/uploads\/2022\/11\/Military-WOMA-C0892-Static-Version-Soldier-Truck-2-768x768.jpg 768w, https:\/\/mouldking.store\/wp-content\/uploads\/2022\/11\/Military-WOMA-C0892-Static-Version-Soldier-Truck-2-600x600.jpg 600w, https:\/\/mouldking.store\/wp-content\/uploads\/2022\/11\/Military-WOMA-C0892-Static-Version-Soldier-Truck-2-150x150.jpg 150w, https:\/\/mouldking.store\/wp-content\/uploads\/2022\/11\/Military-WOMA-C0892-Static-Version-Soldier-Truck-2-60x60.jpg 60w, https:\/\/mouldking.store\/wp-content\/uploads\/2022\/11\/Military-WOMA-C0892-Static-Version-Soldier-Truck-2-90x90.jpg 90w\" sizes=\"(max-width: 800px) 100vw, 800px\" \/><figcaption id=\"caption-attachment-33601\" class=\"wp-caption-text\">WOMA C0892 statikus v\u00e1ltozat katona teheraut\u00f3 435 darabbal<\/figcaption><\/figure>\n<figure id=\"attachment_33602\" aria-describedby=\"caption-attachment-33602\" style=\"width: 800px\" class=\"wp-caption aligncenter\"><img loading=\"lazy\" decoding=\"async\" class=\"wp-image-33602 size-full\" src=\"https:\/\/mouldking.store\/wp-content\/uploads\/2022\/11\/Military-WOMA-C0892-Static-Version-Soldier-Truck-3.jpg\" alt=\"WOMA C0892 Static Version Soldier Truck With 435 Pieces\" width=\"800\" height=\"800\" title=\"-\" srcset=\"https:\/\/mouldking.store\/wp-content\/uploads\/2022\/11\/Military-WOMA-C0892-Static-Version-Soldier-Truck-3.jpg 800w, https:\/\/mouldking.store\/wp-content\/uploads\/2022\/11\/Military-WOMA-C0892-Static-Version-Soldier-Truck-3-300x300.jpg 300w, https:\/\/mouldking.store\/wp-content\/uploads\/2022\/11\/Military-WOMA-C0892-Static-Version-Soldier-Truck-3-768x768.jpg 768w, https:\/\/mouldking.store\/wp-content\/uploads\/2022\/11\/Military-WOMA-C0892-Static-Version-Soldier-Truck-3-600x600.jpg 600w, https:\/\/mouldking.store\/wp-content\/uploads\/2022\/11\/Military-WOMA-C0892-Static-Version-Soldier-Truck-3-150x150.jpg 150w, https:\/\/mouldking.store\/wp-content\/uploads\/2022\/11\/Military-WOMA-C0892-Static-Version-Soldier-Truck-3-60x60.jpg 60w, https:\/\/mouldking.store\/wp-content\/uploads\/2022\/11\/Military-WOMA-C0892-Static-Version-Soldier-Truck-3-90x90.jpg 90w\" sizes=\"(max-width: 800px) 100vw, 800px\" \/><figcaption id=\"caption-attachment-33602\" class=\"wp-caption-text\">WOMA C0892 statikus v\u00e1ltozat katona teheraut\u00f3 435 darabbal<\/figcaption><\/figure>\n<figure id=\"attachment_33603\" aria-describedby=\"caption-attachment-33603\" style=\"width: 800px\" class=\"wp-caption aligncenter\"><img loading=\"lazy\" decoding=\"async\" class=\"wp-image-33603 size-full\" src=\"https:\/\/mouldking.store\/wp-content\/uploads\/2022\/11\/Military-WOMA-C0892-Static-Version-Soldier-Truck-4.jpg\" alt=\"WOMA C0892 Static Version Soldier Truck With 435 Pieces\" width=\"800\" height=\"800\" title=\"-\" srcset=\"https:\/\/mouldking.store\/wp-content\/uploads\/2022\/11\/Military-WOMA-C0892-Static-Version-Soldier-Truck-4.jpg 800w, https:\/\/mouldking.store\/wp-content\/uploads\/2022\/11\/Military-WOMA-C0892-Static-Version-Soldier-Truck-4-300x300.jpg 300w, https:\/\/mouldking.store\/wp-content\/uploads\/2022\/11\/Military-WOMA-C0892-Static-Version-Soldier-Truck-4-768x768.jpg 768w, https:\/\/mouldking.store\/wp-content\/uploads\/2022\/11\/Military-WOMA-C0892-Static-Version-Soldier-Truck-4-600x600.jpg 600w, https:\/\/mouldking.store\/wp-content\/uploads\/2022\/11\/Military-WOMA-C0892-Static-Version-Soldier-Truck-4-150x150.jpg 150w, https:\/\/mouldking.store\/wp-content\/uploads\/2022\/11\/Military-WOMA-C0892-Static-Version-Soldier-Truck-4-60x60.jpg 60w, https:\/\/mouldking.store\/wp-content\/uploads\/2022\/11\/Military-WOMA-C0892-Static-Version-Soldier-Truck-4-90x90.jpg 90w\" sizes=\"(max-width: 800px) 100vw, 800px\" \/><figcaption id=\"caption-attachment-33603\" class=\"wp-caption-text\">WOMA C0892 statikus v\u00e1ltozat katona teheraut\u00f3 435 darabbal<\/figcaption><\/figure>\n<figure id=\"attachment_33604\" aria-describedby=\"caption-attachment-33604\" style=\"width: 800px\" class=\"wp-caption aligncenter\"><img loading=\"lazy\" decoding=\"async\" class=\"wp-image-33604 size-full\" src=\"https:\/\/mouldking.store\/wp-content\/uploads\/2022\/11\/Military-WOMA-C0892-Static-Version-Soldier-Truck-5.jpg\" alt=\"WOMA C0892 Static Version Soldier Truck With 435 Pieces\" width=\"800\" height=\"800\" title=\"-\" srcset=\"https:\/\/mouldking.store\/wp-content\/uploads\/2022\/11\/Military-WOMA-C0892-Static-Version-Soldier-Truck-5.jpg 800w, https:\/\/mouldking.store\/wp-content\/uploads\/2022\/11\/Military-WOMA-C0892-Static-Version-Soldier-Truck-5-300x300.jpg 300w, https:\/\/mouldking.store\/wp-content\/uploads\/2022\/11\/Military-WOMA-C0892-Static-Version-Soldier-Truck-5-768x768.jpg 768w, https:\/\/mouldking.store\/wp-content\/uploads\/2022\/11\/Military-WOMA-C0892-Static-Version-Soldier-Truck-5-600x600.jpg 600w, https:\/\/mouldking.store\/wp-content\/uploads\/2022\/11\/Military-WOMA-C0892-Static-Version-Soldier-Truck-5-150x150.jpg 150w, https:\/\/mouldking.store\/wp-content\/uploads\/2022\/11\/Military-WOMA-C0892-Static-Version-Soldier-Truck-5-60x60.jpg 60w, https:\/\/mouldking.store\/wp-content\/uploads\/2022\/11\/Military-WOMA-C0892-Static-Version-Soldier-Truck-5-90x90.jpg 90w\" sizes=\"(max-width: 800px) 100vw, 800px\" \/><figcaption id=\"caption-attachment-33604\" class=\"wp-caption-text\">WOMA C0892 statikus v\u00e1ltozat katona teheraut\u00f3 435 darabbal<\/figcaption><\/figure>\n<figure id=\"attachment_33605\" aria-describedby=\"caption-attachment-33605\" style=\"width: 800px\" class=\"wp-caption aligncenter\"><img loading=\"lazy\" decoding=\"async\" class=\"wp-image-33605 size-full\" src=\"https:\/\/mouldking.store\/wp-content\/uploads\/2022\/11\/Military-WOMA-C0892-Static-Version-Soldier-Truck-7.jpg\" alt=\"WOMA C0892 Static Version Soldier Truck With 435 Pieces\" width=\"800\" height=\"800\" title=\"-\" srcset=\"https:\/\/mouldking.store\/wp-content\/uploads\/2022\/11\/Military-WOMA-C0892-Static-Version-Soldier-Truck-7.jpg 800w, https:\/\/mouldking.store\/wp-content\/uploads\/2022\/11\/Military-WOMA-C0892-Static-Version-Soldier-Truck-7-300x300.jpg 300w, https:\/\/mouldking.store\/wp-content\/uploads\/2022\/11\/Military-WOMA-C0892-Static-Version-Soldier-Truck-7-768x768.jpg 768w, https:\/\/mouldking.store\/wp-content\/uploads\/2022\/11\/Military-WOMA-C0892-Static-Version-Soldier-Truck-7-600x600.jpg 600w, https:\/\/mouldking.store\/wp-content\/uploads\/2022\/11\/Military-WOMA-C0892-Static-Version-Soldier-Truck-7-150x150.jpg 150w, https:\/\/mouldking.store\/wp-content\/uploads\/2022\/11\/Military-WOMA-C0892-Static-Version-Soldier-Truck-7-60x60.jpg 60w, https:\/\/mouldking.store\/wp-content\/uploads\/2022\/11\/Military-WOMA-C0892-Static-Version-Soldier-Truck-7-90x90.jpg 90w\" sizes=\"(max-width: 800px) 100vw, 800px\" \/><figcaption id=\"caption-attachment-33605\" class=\"wp-caption-text\">WOMA C0892 statikus v\u00e1ltozat katona teheraut\u00f3 435 darabbal<\/figcaption><\/figure>","protected":false},"excerpt":{"rendered":"<p>Product information: Brand: WOMA Gender: Unisex Name: Static Version Soldier Truck Age Range: &gt; 6 years old Model Number: C0892 Classification: Assemblage Plastic Block Shape: Self-Locking Bricks Material: Plastic Plastic Type: ABS Bricks Blocks: 435 PCS Dimensions: 19.7 \u00d7 7.7 \u00d7 8.7 cm Contains detailed assembly instructions. Notice: 1. Without an original box, but we [&hellip;]<\/p>","protected":false},"featured_media":33598,"comment_status":"closed","ping_status":"closed","template":"","meta":{"_acf_changed":false},"product_cat":[1350],"product_tag":[6351,6352,6296,6353,6350,6354,6349],"class_list":["product","first","instock","shipping-taxable","purchasable","product-type-simple"],"acf":[],"_links":{"self":[{"href":"https:\/\/mouldking.store\/hu\/wp-json\/wp\/v2\/product\/33592","targetHints":{"allow":["GET"]}}],"collection":[{"href":"https:\/\/mouldking.store\/hu\/wp-json\/wp\/v2\/product"}],"about":[{"href":"https:\/\/mouldking.store\/hu\/wp-json\/wp\/v2\/types\/product"}],"replies":[{"embeddable":true,"href":"https:\/\/mouldking.store\/hu\/wp-json\/wp\/v2\/comments?post=33592"}],"wp:featuredmedia":[{"embeddable":true,"href":"https:\/\/mouldking.store\/hu\/wp-json\/wp\/v2\/media\/33598"}],"wp:attachment":[{"href":"https:\/\/mouldking.store\/hu\/wp-json\/wp\/v2\/media?parent=33592"}],"wp:term":[{"taxonomy":"product_cat","embeddable":true,"href":"https:\/\/mouldking.store\/hu\/wp-json\/wp\/v2\/product_cat?post=33592"},{"taxonomy":"product_tag","embeddable":true,"href":"https:\/\/mouldking.store\/hu\/wp-json\/wp\/v2\/product_tag?post=33592"}],"curies":[{"name":"wp","href":"https:\/\/api.w.org\/{rel}","templated":true}]}}