{"id":33699,"date":"2022-11-02T16:33:12","date_gmt":"2022-11-02T09:33:12","guid":{"rendered":"https:\/\/mouldking.store\/?post_type=product&#038;p=33699"},"modified":"2022-11-02T16:33:12","modified_gmt":"2022-11-02T09:33:12","slug":"sembo-605024-crystal-christmas-tree-with-675-pieces","status":"publish","type":"product","link":"https:\/\/mouldking.store\/hu\/shop\/sembo-605024-crystal-christmas-tree-with-675-pieces\/","title":{"rendered":"Sembo 605024 krist\u00e1ly kar\u00e1csonyfa 675 darabbal"},"content":{"rendered":"<p>Term\u00e9k inform\u00e1ci\u00f3:<\/p>\n<ol>\n<li>Brand: Sembo<\/li>\n<li>Nem: Uniszex<\/li>\n<li>Name: Crystal Christmas Tree<\/li>\n<li>Koroszt\u00e1ly: &gt; 6 \u00e9v<\/li>\n<li>Model Number: 605024<\/li>\n<li>Besorol\u00e1s: \u00d6sszeszerel\u00e9s<\/li>\n<li>M\u0171anyag blokk forma: \u00f6nz\u00e1r\u00f3 t\u00e9gla<\/li>\n<li>Anyaga: M\u0171anyag<\/li>\n<li>M\u0171anyag t\u00edpus: ABS<\/li>\n<li>T\u00e9gla blokkok: 675 DB<\/li>\n<li>Dimensions: 15.5 \u00d7 15.5 \u00d7 27 cm<\/li>\n<li>R\u00e9szletes \u00f6sszeszerel\u00e9si \u00fatmutat\u00f3t tartalmaz.<\/li>\n<\/ol>\n<p>\u00c9rtes\u00edt\u00e9s:<br \/>\n1. Eredeti doboz n\u00e9lk\u00fcl, de garant\u00e1ljuk, hogy term\u00e9keink min\u0151s\u00e9gbiztos\u00edt\u00e1ssal \u00e9s sz\u00e9p csomagol\u00e1ssal rendelkeznek.<br \/>\n2. Mint minden alkatr\u00e9szt, amelyet a sz\u00e1ll\u00edt\u00e1s el\u0151tt ellen\u0151rizt\u00fcnk, ez\u00e9rt ha \u00fagy tal\u00e1lja, hogy n\u00e9h\u00e1ny alkatr\u00e9sz hi\u00e1nyzik vagy s\u00e9r\u00fclt, ne agg\u00f3djon, \u00e9s k\u00e9rj\u00fck, vegye fel vel\u00fcnk a kapcsolatot, \u00e9s azonnal ingyenesen elk\u00fcldj\u00fck \u00d6nnek.<\/p>\n<figure id=\"attachment_33702\" aria-describedby=\"caption-attachment-33702\" style=\"width: 800px\" class=\"wp-caption aligncenter\"><img fetchpriority=\"high\" decoding=\"async\" class=\"wp-image-33702 size-full\" src=\"https:\/\/mouldking.store\/wp-content\/uploads\/2022\/11\/Creator-Sembo-605024-Crystal-Christmas-Tree-7.jpg\" alt=\"Sembo 605024 Crystal Christmas Tree With 675 Pieces\" width=\"800\" height=\"800\" title=\"-\" srcset=\"https:\/\/mouldking.store\/wp-content\/uploads\/2022\/11\/Creator-Sembo-605024-Crystal-Christmas-Tree-7.jpg 800w, https:\/\/mouldking.store\/wp-content\/uploads\/2022\/11\/Creator-Sembo-605024-Crystal-Christmas-Tree-7-300x300.jpg 300w, https:\/\/mouldking.store\/wp-content\/uploads\/2022\/11\/Creator-Sembo-605024-Crystal-Christmas-Tree-7-768x768.jpg 768w, https:\/\/mouldking.store\/wp-content\/uploads\/2022\/11\/Creator-Sembo-605024-Crystal-Christmas-Tree-7-600x600.jpg 600w, https:\/\/mouldking.store\/wp-content\/uploads\/2022\/11\/Creator-Sembo-605024-Crystal-Christmas-Tree-7-150x150.jpg 150w, https:\/\/mouldking.store\/wp-content\/uploads\/2022\/11\/Creator-Sembo-605024-Crystal-Christmas-Tree-7-60x60.jpg 60w, https:\/\/mouldking.store\/wp-content\/uploads\/2022\/11\/Creator-Sembo-605024-Crystal-Christmas-Tree-7-90x90.jpg 90w\" sizes=\"(max-width: 800px) 100vw, 800px\" \/><figcaption id=\"caption-attachment-33702\" class=\"wp-caption-text\">Sembo 605024 krist\u00e1ly kar\u00e1csonyfa 675 darabbal<\/figcaption><\/figure>\n<figure id=\"attachment_33703\" aria-describedby=\"caption-attachment-33703\" style=\"width: 800px\" class=\"wp-caption aligncenter\"><img decoding=\"async\" class=\"wp-image-33703 size-full\" src=\"https:\/\/mouldking.store\/wp-content\/uploads\/2022\/11\/Creator-Sembo-605024-Crystal-Christmas-Tree-5.jpg\" alt=\"Sembo 605024 Crystal Christmas Tree With 675 Pieces\" width=\"800\" height=\"800\" title=\"-\" srcset=\"https:\/\/mouldking.store\/wp-content\/uploads\/2022\/11\/Creator-Sembo-605024-Crystal-Christmas-Tree-5.jpg 800w, https:\/\/mouldking.store\/wp-content\/uploads\/2022\/11\/Creator-Sembo-605024-Crystal-Christmas-Tree-5-300x300.jpg 300w, https:\/\/mouldking.store\/wp-content\/uploads\/2022\/11\/Creator-Sembo-605024-Crystal-Christmas-Tree-5-768x768.jpg 768w, https:\/\/mouldking.store\/wp-content\/uploads\/2022\/11\/Creator-Sembo-605024-Crystal-Christmas-Tree-5-600x600.jpg 600w, https:\/\/mouldking.store\/wp-content\/uploads\/2022\/11\/Creator-Sembo-605024-Crystal-Christmas-Tree-5-150x150.jpg 150w, https:\/\/mouldking.store\/wp-content\/uploads\/2022\/11\/Creator-Sembo-605024-Crystal-Christmas-Tree-5-60x60.jpg 60w, https:\/\/mouldking.store\/wp-content\/uploads\/2022\/11\/Creator-Sembo-605024-Crystal-Christmas-Tree-5-90x90.jpg 90w\" sizes=\"(max-width: 800px) 100vw, 800px\" \/><figcaption id=\"caption-attachment-33703\" class=\"wp-caption-text\">Sembo 605024 krist\u00e1ly kar\u00e1csonyfa 675 darabbal<\/figcaption><\/figure>\n<figure id=\"attachment_33704\" aria-describedby=\"caption-attachment-33704\" style=\"width: 800px\" class=\"wp-caption aligncenter\"><img decoding=\"async\" class=\"wp-image-33704 size-full\" src=\"https:\/\/mouldking.store\/wp-content\/uploads\/2022\/11\/Creator-Sembo-605024-Crystal-Christmas-Tree-4.jpg\" alt=\"Sembo 605024 Crystal Christmas Tree With 675 Pieces\" width=\"800\" height=\"800\" title=\"-\" srcset=\"https:\/\/mouldking.store\/wp-content\/uploads\/2022\/11\/Creator-Sembo-605024-Crystal-Christmas-Tree-4.jpg 800w, https:\/\/mouldking.store\/wp-content\/uploads\/2022\/11\/Creator-Sembo-605024-Crystal-Christmas-Tree-4-300x300.jpg 300w, https:\/\/mouldking.store\/wp-content\/uploads\/2022\/11\/Creator-Sembo-605024-Crystal-Christmas-Tree-4-768x768.jpg 768w, https:\/\/mouldking.store\/wp-content\/uploads\/2022\/11\/Creator-Sembo-605024-Crystal-Christmas-Tree-4-600x600.jpg 600w, https:\/\/mouldking.store\/wp-content\/uploads\/2022\/11\/Creator-Sembo-605024-Crystal-Christmas-Tree-4-150x150.jpg 150w, https:\/\/mouldking.store\/wp-content\/uploads\/2022\/11\/Creator-Sembo-605024-Crystal-Christmas-Tree-4-60x60.jpg 60w, https:\/\/mouldking.store\/wp-content\/uploads\/2022\/11\/Creator-Sembo-605024-Crystal-Christmas-Tree-4-90x90.jpg 90w\" sizes=\"(max-width: 800px) 100vw, 800px\" \/><figcaption id=\"caption-attachment-33704\" class=\"wp-caption-text\">Sembo 605024 krist\u00e1ly kar\u00e1csonyfa 675 darabbal<\/figcaption><\/figure>\n<figure id=\"attachment_33705\" aria-describedby=\"caption-attachment-33705\" style=\"width: 800px\" class=\"wp-caption aligncenter\"><img loading=\"lazy\" decoding=\"async\" class=\"wp-image-33705 size-full\" src=\"https:\/\/mouldking.store\/wp-content\/uploads\/2022\/11\/Creator-Sembo-605024-Crystal-Christmas-Tree-3.jpg\" alt=\"Sembo 605024 Crystal Christmas Tree With 675 Pieces\" width=\"800\" height=\"800\" title=\"-\" srcset=\"https:\/\/mouldking.store\/wp-content\/uploads\/2022\/11\/Creator-Sembo-605024-Crystal-Christmas-Tree-3.jpg 800w, https:\/\/mouldking.store\/wp-content\/uploads\/2022\/11\/Creator-Sembo-605024-Crystal-Christmas-Tree-3-300x300.jpg 300w, https:\/\/mouldking.store\/wp-content\/uploads\/2022\/11\/Creator-Sembo-605024-Crystal-Christmas-Tree-3-768x768.jpg 768w, https:\/\/mouldking.store\/wp-content\/uploads\/2022\/11\/Creator-Sembo-605024-Crystal-Christmas-Tree-3-600x600.jpg 600w, https:\/\/mouldking.store\/wp-content\/uploads\/2022\/11\/Creator-Sembo-605024-Crystal-Christmas-Tree-3-150x150.jpg 150w, https:\/\/mouldking.store\/wp-content\/uploads\/2022\/11\/Creator-Sembo-605024-Crystal-Christmas-Tree-3-60x60.jpg 60w, https:\/\/mouldking.store\/wp-content\/uploads\/2022\/11\/Creator-Sembo-605024-Crystal-Christmas-Tree-3-90x90.jpg 90w\" sizes=\"(max-width: 800px) 100vw, 800px\" \/><figcaption id=\"caption-attachment-33705\" class=\"wp-caption-text\">Sembo 605024 krist\u00e1ly kar\u00e1csonyfa 675 darabbal<\/figcaption><\/figure>\n<figure id=\"attachment_33706\" aria-describedby=\"caption-attachment-33706\" style=\"width: 800px\" class=\"wp-caption aligncenter\"><img loading=\"lazy\" decoding=\"async\" class=\"wp-image-33706 size-full\" src=\"https:\/\/mouldking.store\/wp-content\/uploads\/2022\/11\/Creator-Sembo-605024-Crystal-Christmas-Tree-2.jpg\" alt=\"Sembo 605024 Crystal Christmas Tree With 675 Pieces\" width=\"800\" height=\"800\" title=\"-\" srcset=\"https:\/\/mouldking.store\/wp-content\/uploads\/2022\/11\/Creator-Sembo-605024-Crystal-Christmas-Tree-2.jpg 800w, https:\/\/mouldking.store\/wp-content\/uploads\/2022\/11\/Creator-Sembo-605024-Crystal-Christmas-Tree-2-300x300.jpg 300w, https:\/\/mouldking.store\/wp-content\/uploads\/2022\/11\/Creator-Sembo-605024-Crystal-Christmas-Tree-2-768x768.jpg 768w, https:\/\/mouldking.store\/wp-content\/uploads\/2022\/11\/Creator-Sembo-605024-Crystal-Christmas-Tree-2-600x600.jpg 600w, https:\/\/mouldking.store\/wp-content\/uploads\/2022\/11\/Creator-Sembo-605024-Crystal-Christmas-Tree-2-150x150.jpg 150w, https:\/\/mouldking.store\/wp-content\/uploads\/2022\/11\/Creator-Sembo-605024-Crystal-Christmas-Tree-2-60x60.jpg 60w, https:\/\/mouldking.store\/wp-content\/uploads\/2022\/11\/Creator-Sembo-605024-Crystal-Christmas-Tree-2-90x90.jpg 90w\" sizes=\"(max-width: 800px) 100vw, 800px\" \/><figcaption id=\"caption-attachment-33706\" class=\"wp-caption-text\">Sembo 605024 krist\u00e1ly kar\u00e1csonyfa 675 darabbal<\/figcaption><\/figure>","protected":false},"excerpt":{"rendered":"<p>Product information: Brand: Sembo Gender: Unisex Name: Crystal Christmas Tree Age Range: &gt; 6 years old Model Number: 605024 Classification: Assemblage Plastic Block Shape: Self-Locking Bricks Material: Plastic Plastic Type: ABS Bricks Blocks: 675 PCS Dimensions: 15.5 \u00d7 15.5 \u00d7 27 cm Contains detailed assembly instructions. Notice: 1. Without an original box, but we guarantee [&hellip;]<\/p>","protected":false},"featured_media":33702,"comment_status":"closed","ping_status":"closed","template":"","meta":{"_acf_changed":false},"product_cat":[1365],"product_tag":[6436,1066,729,6437,1491,6438,6435],"class_list":["product","first","instock","shipping-taxable","purchasable","product-type-simple"],"acf":[],"_links":{"self":[{"href":"https:\/\/mouldking.store\/hu\/wp-json\/wp\/v2\/product\/33699","targetHints":{"allow":["GET"]}}],"collection":[{"href":"https:\/\/mouldking.store\/hu\/wp-json\/wp\/v2\/product"}],"about":[{"href":"https:\/\/mouldking.store\/hu\/wp-json\/wp\/v2\/types\/product"}],"replies":[{"embeddable":true,"href":"https:\/\/mouldking.store\/hu\/wp-json\/wp\/v2\/comments?post=33699"}],"wp:featuredmedia":[{"embeddable":true,"href":"https:\/\/mouldking.store\/hu\/wp-json\/wp\/v2\/media\/33702"}],"wp:attachment":[{"href":"https:\/\/mouldking.store\/hu\/wp-json\/wp\/v2\/media?parent=33699"}],"wp:term":[{"taxonomy":"product_cat","embeddable":true,"href":"https:\/\/mouldking.store\/hu\/wp-json\/wp\/v2\/product_cat?post=33699"},{"taxonomy":"product_tag","embeddable":true,"href":"https:\/\/mouldking.store\/hu\/wp-json\/wp\/v2\/product_tag?post=33699"}],"curies":[{"name":"wp","href":"https:\/\/api.w.org\/{rel}","templated":true}]}}