{"id":33713,"date":"2022-11-02T16:44:30","date_gmt":"2022-11-02T09:44:30","guid":{"rendered":"https:\/\/mouldking.store\/?post_type=product&#038;p=33713"},"modified":"2022-11-02T16:44:30","modified_gmt":"2022-11-02T09:44:30","slug":"decool-33023-114-bugatti-pull-back-vehicle-with-1034-pieces","status":"publish","type":"product","link":"https:\/\/mouldking.store\/hu\/shop\/decool-33023-114-bugatti-pull-back-vehicle-with-1034-pieces\/","title":{"rendered":"DECOOL 33023 1:14 Bugatti visszah\u00fazhat\u00f3 j\u00e1rm\u0171 1034 darabbal"},"content":{"rendered":"<p>Term\u00e9k inform\u00e1ci\u00f3:<\/p>\n<ol>\n<li>M\u00e1rka: DECOOL<\/li>\n<li>Nem: Uniszex<\/li>\n<li>Name: 1:14 Bugatti Pull-Back Vehicle<\/li>\n<li>Koroszt\u00e1ly: &gt; 6 \u00e9v<\/li>\n<li>Model Number: 33023<\/li>\n<li>Besorol\u00e1s: \u00d6sszeszerel\u00e9s<\/li>\n<li>M\u0171anyag blokk forma: \u00f6nz\u00e1r\u00f3 t\u00e9gla<\/li>\n<li>Anyaga: M\u0171anyag<\/li>\n<li>M\u0171anyag t\u00edpus: ABS<\/li>\n<li>Bricks Blocks: 1034 PCS<\/li>\n<li>Dimensions: 28.9 x 8.5 cm<\/li>\n<li>R\u00e9szletes \u00f6sszeszerel\u00e9si \u00fatmutat\u00f3t tartalmaz.<\/li>\n<\/ol>\n<p>\u00c9rtes\u00edt\u00e9s:<br \/>\n1. Eredeti doboz n\u00e9lk\u00fcl, de garant\u00e1ljuk, hogy term\u00e9keink min\u0151s\u00e9gbiztos\u00edt\u00e1ssal \u00e9s sz\u00e9p csomagol\u00e1ssal rendelkeznek.<br \/>\n2. Mint minden alkatr\u00e9szt, amelyet a sz\u00e1ll\u00edt\u00e1s el\u0151tt ellen\u0151rizt\u00fcnk, ez\u00e9rt ha \u00fagy tal\u00e1lja, hogy n\u00e9h\u00e1ny alkatr\u00e9sz hi\u00e1nyzik vagy s\u00e9r\u00fclt, ne agg\u00f3djon, \u00e9s k\u00e9rj\u00fck, vegye fel vel\u00fcnk a kapcsolatot, \u00e9s azonnal ingyenesen elk\u00fcldj\u00fck \u00d6nnek.<\/p>\n<figure id=\"attachment_33717\" aria-describedby=\"caption-attachment-33717\" style=\"width: 800px\" class=\"wp-caption aligncenter\"><img fetchpriority=\"high\" decoding=\"async\" class=\"wp-image-33717 size-full\" src=\"https:\/\/mouldking.store\/wp-content\/uploads\/2022\/11\/Technic-DECOOL-33023-114-Bugatti-Pull-Back-Vehicle-1.jpg\" alt=\"DECOOL 33023 1:14 Bugatti Pull-Back Vehicle With 1034 Pieces\" width=\"800\" height=\"800\" title=\"-\" srcset=\"https:\/\/mouldking.store\/wp-content\/uploads\/2022\/11\/Technic-DECOOL-33023-114-Bugatti-Pull-Back-Vehicle-1.jpg 800w, https:\/\/mouldking.store\/wp-content\/uploads\/2022\/11\/Technic-DECOOL-33023-114-Bugatti-Pull-Back-Vehicle-1-300x300.jpg 300w, https:\/\/mouldking.store\/wp-content\/uploads\/2022\/11\/Technic-DECOOL-33023-114-Bugatti-Pull-Back-Vehicle-1-768x768.jpg 768w, https:\/\/mouldking.store\/wp-content\/uploads\/2022\/11\/Technic-DECOOL-33023-114-Bugatti-Pull-Back-Vehicle-1-600x600.jpg 600w, https:\/\/mouldking.store\/wp-content\/uploads\/2022\/11\/Technic-DECOOL-33023-114-Bugatti-Pull-Back-Vehicle-1-150x150.jpg 150w, https:\/\/mouldking.store\/wp-content\/uploads\/2022\/11\/Technic-DECOOL-33023-114-Bugatti-Pull-Back-Vehicle-1-60x60.jpg 60w, https:\/\/mouldking.store\/wp-content\/uploads\/2022\/11\/Technic-DECOOL-33023-114-Bugatti-Pull-Back-Vehicle-1-90x90.jpg 90w\" sizes=\"(max-width: 800px) 100vw, 800px\" \/><figcaption id=\"caption-attachment-33717\" class=\"wp-caption-text\">DECOOL 33023 1:14 Bugatti visszah\u00fazhat\u00f3 j\u00e1rm\u0171 1034 darabbal<\/figcaption><\/figure>\n<figure id=\"attachment_33718\" aria-describedby=\"caption-attachment-33718\" style=\"width: 800px\" class=\"wp-caption aligncenter\"><img decoding=\"async\" class=\"wp-image-33718 size-full\" src=\"https:\/\/mouldking.store\/wp-content\/uploads\/2022\/11\/Technic-DECOOL-33023-114-Bugatti-Pull-Back-Vehicle-2.jpg\" alt=\"DECOOL 33023 1:14 Bugatti Pull-Back Vehicle With 1034 Pieces\" width=\"800\" height=\"800\" title=\"-\" srcset=\"https:\/\/mouldking.store\/wp-content\/uploads\/2022\/11\/Technic-DECOOL-33023-114-Bugatti-Pull-Back-Vehicle-2.jpg 800w, https:\/\/mouldking.store\/wp-content\/uploads\/2022\/11\/Technic-DECOOL-33023-114-Bugatti-Pull-Back-Vehicle-2-300x300.jpg 300w, https:\/\/mouldking.store\/wp-content\/uploads\/2022\/11\/Technic-DECOOL-33023-114-Bugatti-Pull-Back-Vehicle-2-768x768.jpg 768w, https:\/\/mouldking.store\/wp-content\/uploads\/2022\/11\/Technic-DECOOL-33023-114-Bugatti-Pull-Back-Vehicle-2-600x600.jpg 600w, https:\/\/mouldking.store\/wp-content\/uploads\/2022\/11\/Technic-DECOOL-33023-114-Bugatti-Pull-Back-Vehicle-2-150x150.jpg 150w, https:\/\/mouldking.store\/wp-content\/uploads\/2022\/11\/Technic-DECOOL-33023-114-Bugatti-Pull-Back-Vehicle-2-60x60.jpg 60w, https:\/\/mouldking.store\/wp-content\/uploads\/2022\/11\/Technic-DECOOL-33023-114-Bugatti-Pull-Back-Vehicle-2-90x90.jpg 90w\" sizes=\"(max-width: 800px) 100vw, 800px\" \/><figcaption id=\"caption-attachment-33718\" class=\"wp-caption-text\">DECOOL 33023 1:14 Bugatti visszah\u00fazhat\u00f3 j\u00e1rm\u0171 1034 darabbal<\/figcaption><\/figure>\n<figure id=\"attachment_33719\" aria-describedby=\"caption-attachment-33719\" style=\"width: 800px\" class=\"wp-caption aligncenter\"><img decoding=\"async\" class=\"wp-image-33719 size-full\" src=\"https:\/\/mouldking.store\/wp-content\/uploads\/2022\/11\/Technic-DECOOL-33023-114-Bugatti-Pull-Back-Vehicle-3.jpg\" alt=\"DECOOL 33023 1:14 Bugatti Pull-Back Vehicle With 1034 Pieces\" width=\"800\" height=\"800\" title=\"-\" srcset=\"https:\/\/mouldking.store\/wp-content\/uploads\/2022\/11\/Technic-DECOOL-33023-114-Bugatti-Pull-Back-Vehicle-3.jpg 800w, https:\/\/mouldking.store\/wp-content\/uploads\/2022\/11\/Technic-DECOOL-33023-114-Bugatti-Pull-Back-Vehicle-3-300x300.jpg 300w, https:\/\/mouldking.store\/wp-content\/uploads\/2022\/11\/Technic-DECOOL-33023-114-Bugatti-Pull-Back-Vehicle-3-768x768.jpg 768w, https:\/\/mouldking.store\/wp-content\/uploads\/2022\/11\/Technic-DECOOL-33023-114-Bugatti-Pull-Back-Vehicle-3-600x600.jpg 600w, https:\/\/mouldking.store\/wp-content\/uploads\/2022\/11\/Technic-DECOOL-33023-114-Bugatti-Pull-Back-Vehicle-3-150x150.jpg 150w, https:\/\/mouldking.store\/wp-content\/uploads\/2022\/11\/Technic-DECOOL-33023-114-Bugatti-Pull-Back-Vehicle-3-60x60.jpg 60w, https:\/\/mouldking.store\/wp-content\/uploads\/2022\/11\/Technic-DECOOL-33023-114-Bugatti-Pull-Back-Vehicle-3-90x90.jpg 90w\" sizes=\"(max-width: 800px) 100vw, 800px\" \/><figcaption id=\"caption-attachment-33719\" class=\"wp-caption-text\">DECOOL 33023 1:14 Bugatti visszah\u00fazhat\u00f3 j\u00e1rm\u0171 1034 darabbal<\/figcaption><\/figure>","protected":false},"excerpt":{"rendered":"<p>Product information: Brand: DECOOL Gender: Unisex Name: 1:14 Bugatti Pull-Back Vehicle Age Range: &gt; 6 years old Model Number: 33023 Classification: Assemblage Plastic Block Shape: Self-Locking Bricks Material: Plastic Plastic Type: ABS Bricks Blocks: 1034 PCS Dimensions: 28.9 x 8.5 cm Contains detailed assembly instructions. Notice: 1. Without an original box, but we guarantee our [&hellip;]<\/p>","protected":false},"featured_media":33717,"comment_status":"closed","ping_status":"closed","template":"","meta":{"_acf_changed":false},"product_cat":[1357],"product_tag":[6455,6454,1730,2463,6456,6453,6449],"class_list":["product","first","instock","shipping-taxable","purchasable","product-type-simple"],"acf":[],"_links":{"self":[{"href":"https:\/\/mouldking.store\/hu\/wp-json\/wp\/v2\/product\/33713","targetHints":{"allow":["GET"]}}],"collection":[{"href":"https:\/\/mouldking.store\/hu\/wp-json\/wp\/v2\/product"}],"about":[{"href":"https:\/\/mouldking.store\/hu\/wp-json\/wp\/v2\/types\/product"}],"replies":[{"embeddable":true,"href":"https:\/\/mouldking.store\/hu\/wp-json\/wp\/v2\/comments?post=33713"}],"wp:featuredmedia":[{"embeddable":true,"href":"https:\/\/mouldking.store\/hu\/wp-json\/wp\/v2\/media\/33717"}],"wp:attachment":[{"href":"https:\/\/mouldking.store\/hu\/wp-json\/wp\/v2\/media?parent=33713"}],"wp:term":[{"taxonomy":"product_cat","embeddable":true,"href":"https:\/\/mouldking.store\/hu\/wp-json\/wp\/v2\/product_cat?post=33713"},{"taxonomy":"product_tag","embeddable":true,"href":"https:\/\/mouldking.store\/hu\/wp-json\/wp\/v2\/product_tag?post=33713"}],"curies":[{"name":"wp","href":"https:\/\/api.w.org\/{rel}","templated":true}]}}