{"id":33935,"date":"2022-11-04T10:37:56","date_gmt":"2022-11-04T03:37:56","guid":{"rendered":"https:\/\/mouldking.store\/?post_type=product&#038;p=33935"},"modified":"2022-11-04T10:37:56","modified_gmt":"2022-11-04T03:37:56","slug":"k-box-v5004-hulkbuster-with-4123-pieces","status":"publish","type":"product","link":"https:\/\/mouldking.store\/hu\/shop\/k-box-v5004-hulkbuster-with-4123-pieces\/","title":{"rendered":"K-BOX V5004 Hulkbuster 4123 darabbal"},"content":{"rendered":"<p>Term\u00e9k inform\u00e1ci\u00f3:<\/p>\n<ol>\n<li>M\u00e1rka: K-BOX<\/li>\n<li>Nem: Uniszex<\/li>\n<li>Name: Hulkbuster<\/li>\n<li>Koroszt\u00e1ly: &gt; 6 \u00e9v<\/li>\n<li>Model Number: V5004<\/li>\n<li>Besorol\u00e1s: \u00d6sszeszerel\u00e9s<\/li>\n<li>M\u0171anyag blokk forma: \u00f6nz\u00e1r\u00f3 t\u00e9gla<\/li>\n<li>Anyaga: M\u0171anyag<\/li>\n<li>M\u0171anyag t\u00edpus: ABS<\/li>\n<li>Bricks Blocks:4123\u00a0PCS<\/li>\n<li>Dimensions: 38x18x44cm<\/li>\n<li>R\u00e9szletes \u00f6sszeszerel\u00e9si \u00fatmutat\u00f3t tartalmaz.<\/li>\n<\/ol>\n<p>\u00c9rtes\u00edt\u00e9s:<br \/>\n1. Eredeti doboz n\u00e9lk\u00fcl, de garant\u00e1ljuk, hogy term\u00e9keink min\u0151s\u00e9gbiztos\u00edt\u00e1ssal \u00e9s sz\u00e9p csomagol\u00e1ssal rendelkeznek.<br \/>\n2. Mint minden alkatr\u00e9szt, amelyet a sz\u00e1ll\u00edt\u00e1s el\u0151tt ellen\u0151rizt\u00fcnk, ez\u00e9rt ha \u00fagy tal\u00e1lja, hogy n\u00e9h\u00e1ny alkatr\u00e9sz hi\u00e1nyzik vagy s\u00e9r\u00fclt, ne agg\u00f3djon, \u00e9s k\u00e9rj\u00fck, vegye fel vel\u00fcnk a kapcsolatot, \u00e9s azonnal ingyenesen elk\u00fcldj\u00fck \u00d6nnek.<\/p>\n<figure id=\"attachment_33936\" aria-describedby=\"caption-attachment-33936\" style=\"width: 800px\" class=\"wp-caption aligncenter\"><img fetchpriority=\"high\" decoding=\"async\" class=\"wp-image-33936 size-full\" src=\"https:\/\/mouldking.store\/wp-content\/uploads\/2022\/11\/V5004-1-1ad8.jpg\" alt=\" K-BOX V5004 Hulkbuster With 4123 Pieces\" width=\"800\" height=\"800\" title=\"-\" srcset=\"https:\/\/mouldking.store\/wp-content\/uploads\/2022\/11\/V5004-1-1ad8.jpg 800w, https:\/\/mouldking.store\/wp-content\/uploads\/2022\/11\/V5004-1-1ad8-300x300.jpg 300w, https:\/\/mouldking.store\/wp-content\/uploads\/2022\/11\/V5004-1-1ad8-768x768.jpg 768w, https:\/\/mouldking.store\/wp-content\/uploads\/2022\/11\/V5004-1-1ad8-600x600.jpg 600w, https:\/\/mouldking.store\/wp-content\/uploads\/2022\/11\/V5004-1-1ad8-150x150.jpg 150w, https:\/\/mouldking.store\/wp-content\/uploads\/2022\/11\/V5004-1-1ad8-60x60.jpg 60w, https:\/\/mouldking.store\/wp-content\/uploads\/2022\/11\/V5004-1-1ad8-90x90.jpg 90w\" sizes=\"(max-width: 800px) 100vw, 800px\" \/><figcaption id=\"caption-attachment-33936\" class=\"wp-caption-text\">K-BOX V5004 Hulkbuster 4123 darabbal<\/figcaption><\/figure>\n<figure id=\"attachment_33937\" aria-describedby=\"caption-attachment-33937\" style=\"width: 800px\" class=\"wp-caption aligncenter\"><img decoding=\"async\" class=\"wp-image-33937 size-full\" src=\"https:\/\/mouldking.store\/wp-content\/uploads\/2022\/11\/V5004-4-271b.jpg\" alt=\" K-BOX V5004 Hulkbuster With 4123 Pieces\" width=\"800\" height=\"800\" title=\"-\" srcset=\"https:\/\/mouldking.store\/wp-content\/uploads\/2022\/11\/V5004-4-271b.jpg 800w, https:\/\/mouldking.store\/wp-content\/uploads\/2022\/11\/V5004-4-271b-300x300.jpg 300w, https:\/\/mouldking.store\/wp-content\/uploads\/2022\/11\/V5004-4-271b-768x768.jpg 768w, https:\/\/mouldking.store\/wp-content\/uploads\/2022\/11\/V5004-4-271b-600x600.jpg 600w, https:\/\/mouldking.store\/wp-content\/uploads\/2022\/11\/V5004-4-271b-150x150.jpg 150w, https:\/\/mouldking.store\/wp-content\/uploads\/2022\/11\/V5004-4-271b-60x60.jpg 60w, https:\/\/mouldking.store\/wp-content\/uploads\/2022\/11\/V5004-4-271b-90x90.jpg 90w\" sizes=\"(max-width: 800px) 100vw, 800px\" \/><figcaption id=\"caption-attachment-33937\" class=\"wp-caption-text\">K-BOX V5004 Hulkbuster 4123 darabbal<\/figcaption><\/figure>\n<figure id=\"attachment_33938\" aria-describedby=\"caption-attachment-33938\" style=\"width: 800px\" class=\"wp-caption aligncenter\"><img decoding=\"async\" class=\"wp-image-33938 size-full\" src=\"https:\/\/mouldking.store\/wp-content\/uploads\/2022\/11\/V5004-2-2b31.jpg\" alt=\" K-BOX V5004 Hulkbuster With 4123 Pieces\" width=\"800\" height=\"800\" title=\"-\" srcset=\"https:\/\/mouldking.store\/wp-content\/uploads\/2022\/11\/V5004-2-2b31.jpg 800w, https:\/\/mouldking.store\/wp-content\/uploads\/2022\/11\/V5004-2-2b31-300x300.jpg 300w, https:\/\/mouldking.store\/wp-content\/uploads\/2022\/11\/V5004-2-2b31-768x768.jpg 768w, https:\/\/mouldking.store\/wp-content\/uploads\/2022\/11\/V5004-2-2b31-600x600.jpg 600w, https:\/\/mouldking.store\/wp-content\/uploads\/2022\/11\/V5004-2-2b31-150x150.jpg 150w, https:\/\/mouldking.store\/wp-content\/uploads\/2022\/11\/V5004-2-2b31-60x60.jpg 60w, https:\/\/mouldking.store\/wp-content\/uploads\/2022\/11\/V5004-2-2b31-90x90.jpg 90w\" sizes=\"(max-width: 800px) 100vw, 800px\" \/><figcaption id=\"caption-attachment-33938\" class=\"wp-caption-text\">K-BOX V5004 Hulkbuster 4123 darabbal<\/figcaption><\/figure>\n<figure id=\"attachment_33939\" aria-describedby=\"caption-attachment-33939\" style=\"width: 800px\" class=\"wp-caption aligncenter\"><img loading=\"lazy\" decoding=\"async\" class=\"wp-image-33939 size-full\" src=\"https:\/\/mouldking.store\/wp-content\/uploads\/2022\/11\/V5004-5-6c90.jpg\" alt=\" K-BOX V5004 Hulkbuster With 4123 Pieces\" width=\"800\" height=\"800\" title=\"-\" srcset=\"https:\/\/mouldking.store\/wp-content\/uploads\/2022\/11\/V5004-5-6c90.jpg 800w, https:\/\/mouldking.store\/wp-content\/uploads\/2022\/11\/V5004-5-6c90-300x300.jpg 300w, https:\/\/mouldking.store\/wp-content\/uploads\/2022\/11\/V5004-5-6c90-768x768.jpg 768w, https:\/\/mouldking.store\/wp-content\/uploads\/2022\/11\/V5004-5-6c90-600x600.jpg 600w, https:\/\/mouldking.store\/wp-content\/uploads\/2022\/11\/V5004-5-6c90-150x150.jpg 150w, https:\/\/mouldking.store\/wp-content\/uploads\/2022\/11\/V5004-5-6c90-60x60.jpg 60w, https:\/\/mouldking.store\/wp-content\/uploads\/2022\/11\/V5004-5-6c90-90x90.jpg 90w\" sizes=\"(max-width: 800px) 100vw, 800px\" \/><figcaption id=\"caption-attachment-33939\" class=\"wp-caption-text\">K-BOX V5004 Hulkbuster 4123 darabbal<\/figcaption><\/figure>\n<figure id=\"attachment_33940\" aria-describedby=\"caption-attachment-33940\" style=\"width: 800px\" class=\"wp-caption aligncenter\"><img loading=\"lazy\" decoding=\"async\" class=\"wp-image-33940 size-full\" src=\"https:\/\/mouldking.store\/wp-content\/uploads\/2022\/11\/V5004-3-e4f9.jpg\" alt=\" K-BOX V5004 Hulkbuster With 4123 Pieces\" width=\"800\" height=\"800\" title=\"-\" srcset=\"https:\/\/mouldking.store\/wp-content\/uploads\/2022\/11\/V5004-3-e4f9.jpg 800w, https:\/\/mouldking.store\/wp-content\/uploads\/2022\/11\/V5004-3-e4f9-300x300.jpg 300w, https:\/\/mouldking.store\/wp-content\/uploads\/2022\/11\/V5004-3-e4f9-768x768.jpg 768w, https:\/\/mouldking.store\/wp-content\/uploads\/2022\/11\/V5004-3-e4f9-600x600.jpg 600w, https:\/\/mouldking.store\/wp-content\/uploads\/2022\/11\/V5004-3-e4f9-150x150.jpg 150w, https:\/\/mouldking.store\/wp-content\/uploads\/2022\/11\/V5004-3-e4f9-60x60.jpg 60w, https:\/\/mouldking.store\/wp-content\/uploads\/2022\/11\/V5004-3-e4f9-90x90.jpg 90w\" sizes=\"(max-width: 800px) 100vw, 800px\" \/><figcaption id=\"caption-attachment-33940\" class=\"wp-caption-text\">K-BOX V5004 Hulkbuster 4123 darabbal<\/figcaption><\/figure>","protected":false},"excerpt":{"rendered":"<p>Product information: Brand: K-BOX Gender: Unisex Name: Hulkbuster Age Range: &gt; 6 years old Model Number: V5004 Classification: Assemblage Plastic Block Shape: Self-Locking Bricks Material: Plastic Plastic Type: ABS Bricks Blocks:4123\u00a0PCS Dimensions: 38x18x44cm Contains detailed assembly instructions. Notice: 1. Without an original box, but we guarantee our products have quality assurance and nice packaging. 2. [&hellip;]<\/p>","protected":false},"featured_media":33936,"comment_status":"closed","ping_status":"closed","template":"","meta":{"_acf_changed":false},"product_cat":[1408],"product_tag":[6609,6610,2969,6611,6607,6608],"class_list":["product","first","instock","shipping-taxable","purchasable","product-type-simple"],"acf":[],"_links":{"self":[{"href":"https:\/\/mouldking.store\/hu\/wp-json\/wp\/v2\/product\/33935","targetHints":{"allow":["GET"]}}],"collection":[{"href":"https:\/\/mouldking.store\/hu\/wp-json\/wp\/v2\/product"}],"about":[{"href":"https:\/\/mouldking.store\/hu\/wp-json\/wp\/v2\/types\/product"}],"replies":[{"embeddable":true,"href":"https:\/\/mouldking.store\/hu\/wp-json\/wp\/v2\/comments?post=33935"}],"wp:featuredmedia":[{"embeddable":true,"href":"https:\/\/mouldking.store\/hu\/wp-json\/wp\/v2\/media\/33936"}],"wp:attachment":[{"href":"https:\/\/mouldking.store\/hu\/wp-json\/wp\/v2\/media?parent=33935"}],"wp:term":[{"taxonomy":"product_cat","embeddable":true,"href":"https:\/\/mouldking.store\/hu\/wp-json\/wp\/v2\/product_cat?post=33935"},{"taxonomy":"product_tag","embeddable":true,"href":"https:\/\/mouldking.store\/hu\/wp-json\/wp\/v2\/product_tag?post=33935"}],"curies":[{"name":"wp","href":"https:\/\/api.w.org\/{rel}","templated":true}]}}