{"id":33962,"date":"2022-11-04T11:14:06","date_gmt":"2022-11-04T04:14:06","guid":{"rendered":"https:\/\/mouldking.store\/?post_type=product&#038;p=33962"},"modified":"2022-11-04T11:14:06","modified_gmt":"2022-11-04T04:14:06","slug":"mould-king-27027-speed-champions-red-no-willon-racers-car-with-370-pieces","status":"publish","type":"product","link":"https:\/\/mouldking.store\/hu\/shop\/mould-king-27027-speed-champions-red-no-willon-racers-car-with-370-pieces\/","title":{"rendered":"MOLD KING 27027 Speed Champions Red No.Willon Racers aut\u00f3 370 darabbal"},"content":{"rendered":"<p>Term\u00e9k inform\u00e1ci\u00f3:<\/p>\n<ol>\n<li>M\u00e1rka: MOLD KING<\/li>\n<li>Nem: Uniszex<\/li>\n<li>Name: Speed Champions Red No.Willon Racers Car<\/li>\n<li>Koroszt\u00e1ly: &gt; 6 \u00e9v<\/li>\n<li>Model Number: 27027<\/li>\n<li>Besorol\u00e1s: \u00d6sszeszerel\u00e9s<\/li>\n<li>M\u0171anyag blokk forma: \u00f6nz\u00e1r\u00f3 t\u00e9gla<\/li>\n<li>Anyaga: M\u0171anyag<\/li>\n<li>M\u0171anyag t\u00edpus: ABS<\/li>\n<li>T\u00e9gla blokkok: 370 DB<\/li>\n<li>Dimensions: \u00a015.8\u00d77.8\u00d74.5cm<\/li>\n<li>R\u00e9szletes \u00f6sszeszerel\u00e9si \u00fatmutat\u00f3t tartalmaz.<\/li>\n<\/ol>\n<p>\u00c9rtes\u00edt\u00e9s:<br \/>\n1. Eredeti doboz n\u00e9lk\u00fcl, de garant\u00e1ljuk, hogy term\u00e9keink min\u0151s\u00e9gbiztos\u00edt\u00e1ssal \u00e9s sz\u00e9p csomagol\u00e1ssal rendelkeznek.<br \/>\n2. Mint minden alkatr\u00e9szt, amelyet a sz\u00e1ll\u00edt\u00e1s el\u0151tt ellen\u0151rizt\u00fcnk, ez\u00e9rt ha \u00fagy tal\u00e1lja, hogy n\u00e9h\u00e1ny alkatr\u00e9sz hi\u00e1nyzik vagy s\u00e9r\u00fclt, ne agg\u00f3djon, \u00e9s k\u00e9rj\u00fck, vegye fel vel\u00fcnk a kapcsolatot, \u00e9s azonnal ingyenesen elk\u00fcldj\u00fck \u00d6nnek.<\/p>\n<figure id=\"attachment_33963\" aria-describedby=\"caption-attachment-33963\" style=\"width: 800px\" class=\"wp-caption aligncenter\"><img fetchpriority=\"high\" decoding=\"async\" class=\"wp-image-33963 size-full\" src=\"https:\/\/mouldking.store\/wp-content\/uploads\/2022\/11\/MK27027-1-687f.jpg\" alt=\"MOULD KING 27027 Speed Champions Red No.Willon Racers Car With 370 Pieces\" width=\"800\" height=\"800\" title=\"-\" srcset=\"https:\/\/mouldking.store\/wp-content\/uploads\/2022\/11\/MK27027-1-687f.jpg 800w, https:\/\/mouldking.store\/wp-content\/uploads\/2022\/11\/MK27027-1-687f-300x300.jpg 300w, https:\/\/mouldking.store\/wp-content\/uploads\/2022\/11\/MK27027-1-687f-768x768.jpg 768w, https:\/\/mouldking.store\/wp-content\/uploads\/2022\/11\/MK27027-1-687f-600x600.jpg 600w, https:\/\/mouldking.store\/wp-content\/uploads\/2022\/11\/MK27027-1-687f-150x150.jpg 150w, https:\/\/mouldking.store\/wp-content\/uploads\/2022\/11\/MK27027-1-687f-60x60.jpg 60w, https:\/\/mouldking.store\/wp-content\/uploads\/2022\/11\/MK27027-1-687f-90x90.jpg 90w\" sizes=\"(max-width: 800px) 100vw, 800px\" \/><figcaption id=\"caption-attachment-33963\" class=\"wp-caption-text\">MOLD KING 27027 Speed Champions Red No.Willon Racers aut\u00f3 370 darabbal<\/figcaption><\/figure>\n<figure id=\"attachment_33964\" aria-describedby=\"caption-attachment-33964\" style=\"width: 800px\" class=\"wp-caption aligncenter\"><img decoding=\"async\" class=\"wp-image-33964 size-full\" src=\"https:\/\/mouldking.store\/wp-content\/uploads\/2022\/11\/MK27027-2-65e0.jpg\" alt=\"MOULD KING 27027 Speed Champions Red No.Willon Racers Car With 370 Pieces\" width=\"800\" height=\"800\" title=\"-\" srcset=\"https:\/\/mouldking.store\/wp-content\/uploads\/2022\/11\/MK27027-2-65e0.jpg 800w, https:\/\/mouldking.store\/wp-content\/uploads\/2022\/11\/MK27027-2-65e0-300x300.jpg 300w, https:\/\/mouldking.store\/wp-content\/uploads\/2022\/11\/MK27027-2-65e0-768x768.jpg 768w, https:\/\/mouldking.store\/wp-content\/uploads\/2022\/11\/MK27027-2-65e0-600x600.jpg 600w, https:\/\/mouldking.store\/wp-content\/uploads\/2022\/11\/MK27027-2-65e0-150x150.jpg 150w, https:\/\/mouldking.store\/wp-content\/uploads\/2022\/11\/MK27027-2-65e0-60x60.jpg 60w, https:\/\/mouldking.store\/wp-content\/uploads\/2022\/11\/MK27027-2-65e0-90x90.jpg 90w\" sizes=\"(max-width: 800px) 100vw, 800px\" \/><figcaption id=\"caption-attachment-33964\" class=\"wp-caption-text\">MOLD KING 27027 Speed Champions Red No.Willon Racers aut\u00f3 370 darabbal<\/figcaption><\/figure>\n<figure id=\"attachment_33965\" aria-describedby=\"caption-attachment-33965\" style=\"width: 800px\" class=\"wp-caption aligncenter\"><img decoding=\"async\" class=\"wp-image-33965 size-full\" src=\"https:\/\/mouldking.store\/wp-content\/uploads\/2022\/11\/MK27027-3-5730.jpg\" alt=\"MOULD KING 27027 Speed Champions Red No.Willon Racers Car With 370 Pieces\" width=\"800\" height=\"800\" title=\"-\" srcset=\"https:\/\/mouldking.store\/wp-content\/uploads\/2022\/11\/MK27027-3-5730.jpg 800w, https:\/\/mouldking.store\/wp-content\/uploads\/2022\/11\/MK27027-3-5730-300x300.jpg 300w, https:\/\/mouldking.store\/wp-content\/uploads\/2022\/11\/MK27027-3-5730-768x768.jpg 768w, https:\/\/mouldking.store\/wp-content\/uploads\/2022\/11\/MK27027-3-5730-600x600.jpg 600w, https:\/\/mouldking.store\/wp-content\/uploads\/2022\/11\/MK27027-3-5730-150x150.jpg 150w, https:\/\/mouldking.store\/wp-content\/uploads\/2022\/11\/MK27027-3-5730-60x60.jpg 60w, https:\/\/mouldking.store\/wp-content\/uploads\/2022\/11\/MK27027-3-5730-90x90.jpg 90w\" sizes=\"(max-width: 800px) 100vw, 800px\" \/><figcaption id=\"caption-attachment-33965\" class=\"wp-caption-text\">MOLD KING 27027 Speed Champions Red No.Willon Racers aut\u00f3 370 darabbal<\/figcaption><\/figure>\n<figure id=\"attachment_33966\" aria-describedby=\"caption-attachment-33966\" style=\"width: 800px\" class=\"wp-caption aligncenter\"><img loading=\"lazy\" decoding=\"async\" class=\"wp-image-33966 size-full\" src=\"https:\/\/mouldking.store\/wp-content\/uploads\/2022\/11\/MK27027-4-2103.jpg\" alt=\"MOULD KING 27027 Speed Champions Red No.Willon Racers Car With 370 Pieces\" width=\"800\" height=\"800\" title=\"-\" srcset=\"https:\/\/mouldking.store\/wp-content\/uploads\/2022\/11\/MK27027-4-2103.jpg 800w, https:\/\/mouldking.store\/wp-content\/uploads\/2022\/11\/MK27027-4-2103-300x300.jpg 300w, https:\/\/mouldking.store\/wp-content\/uploads\/2022\/11\/MK27027-4-2103-768x768.jpg 768w, https:\/\/mouldking.store\/wp-content\/uploads\/2022\/11\/MK27027-4-2103-600x600.jpg 600w, https:\/\/mouldking.store\/wp-content\/uploads\/2022\/11\/MK27027-4-2103-150x150.jpg 150w, https:\/\/mouldking.store\/wp-content\/uploads\/2022\/11\/MK27027-4-2103-60x60.jpg 60w, https:\/\/mouldking.store\/wp-content\/uploads\/2022\/11\/MK27027-4-2103-90x90.jpg 90w\" sizes=\"(max-width: 800px) 100vw, 800px\" \/><figcaption id=\"caption-attachment-33966\" class=\"wp-caption-text\">MOLD KING 27027 Speed Champions Red No.Willon Racers aut\u00f3 370 darabbal<\/figcaption><\/figure>\n<figure id=\"attachment_33967\" aria-describedby=\"caption-attachment-33967\" style=\"width: 800px\" class=\"wp-caption aligncenter\"><img loading=\"lazy\" decoding=\"async\" class=\"wp-image-33967 size-full\" src=\"https:\/\/mouldking.store\/wp-content\/uploads\/2022\/11\/MK27027-5-85e2.jpg\" alt=\"MOULD KING 27027 Speed Champions Red No.Willon Racers Car With 370 Pieces\" width=\"800\" height=\"800\" title=\"-\" srcset=\"https:\/\/mouldking.store\/wp-content\/uploads\/2022\/11\/MK27027-5-85e2.jpg 800w, https:\/\/mouldking.store\/wp-content\/uploads\/2022\/11\/MK27027-5-85e2-300x300.jpg 300w, https:\/\/mouldking.store\/wp-content\/uploads\/2022\/11\/MK27027-5-85e2-768x768.jpg 768w, https:\/\/mouldking.store\/wp-content\/uploads\/2022\/11\/MK27027-5-85e2-600x600.jpg 600w, https:\/\/mouldking.store\/wp-content\/uploads\/2022\/11\/MK27027-5-85e2-150x150.jpg 150w, https:\/\/mouldking.store\/wp-content\/uploads\/2022\/11\/MK27027-5-85e2-60x60.jpg 60w, https:\/\/mouldking.store\/wp-content\/uploads\/2022\/11\/MK27027-5-85e2-90x90.jpg 90w\" sizes=\"(max-width: 800px) 100vw, 800px\" \/><figcaption id=\"caption-attachment-33967\" class=\"wp-caption-text\">MOLD KING 27027 Speed Champions Red No.Willon Racers aut\u00f3 370 darabbal<\/figcaption><\/figure>","protected":false},"excerpt":{"rendered":"<p>Product information: Brand: MOULD KING Gender: Unisex Name: Speed Champions Red No.Willon Racers Car Age Range: &gt; 6 years old Model Number: 27027 Classification: Assemblage Plastic Block Shape: Self-Locking Bricks Material: Plastic Plastic Type: ABS Bricks Blocks: 370 PCS Dimensions: \u00a015.8\u00d77.8\u00d74.5cm Contains detailed assembly instructions. Notice: 1. Without an original box, but we guarantee our [&hellip;]<\/p>","protected":false},"featured_media":33963,"comment_status":"closed","ping_status":"closed","template":"","meta":{"_acf_changed":false},"product_cat":[1360,364],"product_tag":[6634,6635,615,6639,6632,6636,6637,6633,6638],"class_list":["product","first","instock","shipping-taxable","purchasable","product-type-simple"],"acf":[],"_links":{"self":[{"href":"https:\/\/mouldking.store\/hu\/wp-json\/wp\/v2\/product\/33962","targetHints":{"allow":["GET"]}}],"collection":[{"href":"https:\/\/mouldking.store\/hu\/wp-json\/wp\/v2\/product"}],"about":[{"href":"https:\/\/mouldking.store\/hu\/wp-json\/wp\/v2\/types\/product"}],"replies":[{"embeddable":true,"href":"https:\/\/mouldking.store\/hu\/wp-json\/wp\/v2\/comments?post=33962"}],"wp:featuredmedia":[{"embeddable":true,"href":"https:\/\/mouldking.store\/hu\/wp-json\/wp\/v2\/media\/33963"}],"wp:attachment":[{"href":"https:\/\/mouldking.store\/hu\/wp-json\/wp\/v2\/media?parent=33962"}],"wp:term":[{"taxonomy":"product_cat","embeddable":true,"href":"https:\/\/mouldking.store\/hu\/wp-json\/wp\/v2\/product_cat?post=33962"},{"taxonomy":"product_tag","embeddable":true,"href":"https:\/\/mouldking.store\/hu\/wp-json\/wp\/v2\/product_tag?post=33962"}],"curies":[{"name":"wp","href":"https:\/\/api.w.org\/{rel}","templated":true}]}}