{"id":33987,"date":"2022-11-04T11:44:32","date_gmt":"2022-11-04T04:44:32","guid":{"rendered":"https:\/\/mouldking.store\/?post_type=product&#038;p=33987"},"modified":"2022-11-04T11:44:32","modified_gmt":"2022-11-04T04:44:32","slug":"mould-king-16049-christmas-cottage-with-766-pieces","status":"publish","type":"product","link":"https:\/\/mouldking.store\/hu\/shop\/mould-king-16049-christmas-cottage-with-766-pieces\/","title":{"rendered":"Pen\u00e9szkir\u00e1ly 16049 kar\u00e1csonyi h\u00e1zik\u00f3 766 darabbal"},"content":{"rendered":"<p>Term\u00e9k inform\u00e1ci\u00f3:<\/p>\n<ol>\n<li>M\u00e1rka: Mold King<\/li>\n<li>Nem: Uniszex<\/li>\n<li>N\u00e9v: Kar\u00e1csonyi h\u00e1zik\u00f3<\/li>\n<li>Koroszt\u00e1ly: &gt; 6 \u00e9v<\/li>\n<li>Modellsz\u00e1m: 16049<\/li>\n<li>Besorol\u00e1s: \u00d6sszeszerel\u00e9s<\/li>\n<li>M\u0171anyag blokk forma: \u00f6nz\u00e1r\u00f3 t\u00e9gla<\/li>\n<li>Anyaga: M\u0171anyag<\/li>\n<li>M\u0171anyag t\u00edpus: ABS<\/li>\n<li>T\u00e9glablokkok: 766 DB<\/li>\n<li>M\u00e9retek: 14,3 \u00d7 27,2 \u00d7 19,5 cm<\/li>\n<li>R\u00e9szletes \u00f6sszeszerel\u00e9si \u00fatmutat\u00f3t tartalmaz.<\/li>\n<\/ol>\n<p>\u00c9rtes\u00edt\u00e9s:<br \/>\n1. Eredeti doboz n\u00e9lk\u00fcl, de garant\u00e1ljuk, hogy term\u00e9keink min\u0151s\u00e9gbiztos\u00edt\u00e1ssal \u00e9s sz\u00e9p csomagol\u00e1ssal rendelkeznek.<br \/>\n2. Mint minden alkatr\u00e9szt, amelyet a sz\u00e1ll\u00edt\u00e1s el\u0151tt ellen\u0151rizt\u00fcnk, ez\u00e9rt ha \u00fagy tal\u00e1lja, hogy n\u00e9h\u00e1ny alkatr\u00e9sz hi\u00e1nyzik vagy s\u00e9r\u00fclt, ne agg\u00f3djon, \u00e9s k\u00e9rj\u00fck, vegye fel vel\u00fcnk a kapcsolatot, \u00e9s azonnal ingyenesen elk\u00fcldj\u00fck \u00d6nnek.<\/p>\n<figure id=\"attachment_33988\" aria-describedby=\"caption-attachment-33988\" style=\"width: 800px\" class=\"wp-caption aligncenter\"><img fetchpriority=\"high\" decoding=\"async\" class=\"wp-image-33988 size-full\" src=\"https:\/\/mouldking.store\/wp-content\/uploads\/2022\/11\/MK16049-1-ca8b.jpg\" alt=\"Mould King 16049 Christmas Cottage With 766 Pieces\" width=\"800\" height=\"800\" title=\"-\" srcset=\"https:\/\/mouldking.store\/wp-content\/uploads\/2022\/11\/MK16049-1-ca8b.jpg 800w, https:\/\/mouldking.store\/wp-content\/uploads\/2022\/11\/MK16049-1-ca8b-300x300.jpg 300w, https:\/\/mouldking.store\/wp-content\/uploads\/2022\/11\/MK16049-1-ca8b-768x768.jpg 768w, https:\/\/mouldking.store\/wp-content\/uploads\/2022\/11\/MK16049-1-ca8b-600x600.jpg 600w, https:\/\/mouldking.store\/wp-content\/uploads\/2022\/11\/MK16049-1-ca8b-150x150.jpg 150w, https:\/\/mouldking.store\/wp-content\/uploads\/2022\/11\/MK16049-1-ca8b-60x60.jpg 60w, https:\/\/mouldking.store\/wp-content\/uploads\/2022\/11\/MK16049-1-ca8b-90x90.jpg 90w\" sizes=\"(max-width: 800px) 100vw, 800px\" \/><figcaption id=\"caption-attachment-33988\" class=\"wp-caption-text\">Pen\u00e9szkir\u00e1ly 16049 kar\u00e1csonyi h\u00e1zik\u00f3 766 darabbal<\/figcaption><\/figure>\n<figure id=\"attachment_33989\" aria-describedby=\"caption-attachment-33989\" style=\"width: 800px\" class=\"wp-caption aligncenter\"><img decoding=\"async\" class=\"wp-image-33989 size-full\" src=\"https:\/\/mouldking.store\/wp-content\/uploads\/2022\/11\/MK16049-2-b1f9.jpg\" alt=\"Mould King 16049 Christmas Cottage With 766 Pieces\" width=\"800\" height=\"800\" title=\"-\" srcset=\"https:\/\/mouldking.store\/wp-content\/uploads\/2022\/11\/MK16049-2-b1f9.jpg 800w, https:\/\/mouldking.store\/wp-content\/uploads\/2022\/11\/MK16049-2-b1f9-300x300.jpg 300w, https:\/\/mouldking.store\/wp-content\/uploads\/2022\/11\/MK16049-2-b1f9-768x768.jpg 768w, https:\/\/mouldking.store\/wp-content\/uploads\/2022\/11\/MK16049-2-b1f9-600x600.jpg 600w, https:\/\/mouldking.store\/wp-content\/uploads\/2022\/11\/MK16049-2-b1f9-150x150.jpg 150w, https:\/\/mouldking.store\/wp-content\/uploads\/2022\/11\/MK16049-2-b1f9-60x60.jpg 60w, https:\/\/mouldking.store\/wp-content\/uploads\/2022\/11\/MK16049-2-b1f9-90x90.jpg 90w\" sizes=\"(max-width: 800px) 100vw, 800px\" \/><figcaption id=\"caption-attachment-33989\" class=\"wp-caption-text\">Pen\u00e9szkir\u00e1ly 16049 kar\u00e1csonyi h\u00e1zik\u00f3 766 darabbal<\/figcaption><\/figure>\n<figure id=\"attachment_33990\" aria-describedby=\"caption-attachment-33990\" style=\"width: 800px\" class=\"wp-caption aligncenter\"><img decoding=\"async\" class=\"wp-image-33990 size-full\" src=\"https:\/\/mouldking.store\/wp-content\/uploads\/2022\/11\/MK16049-4-0b2b.jpg\" alt=\"Mould King 16049 Christmas Cottage With 766 Pieces\" width=\"800\" height=\"800\" title=\"-\" srcset=\"https:\/\/mouldking.store\/wp-content\/uploads\/2022\/11\/MK16049-4-0b2b.jpg 800w, https:\/\/mouldking.store\/wp-content\/uploads\/2022\/11\/MK16049-4-0b2b-300x300.jpg 300w, https:\/\/mouldking.store\/wp-content\/uploads\/2022\/11\/MK16049-4-0b2b-768x768.jpg 768w, https:\/\/mouldking.store\/wp-content\/uploads\/2022\/11\/MK16049-4-0b2b-600x600.jpg 600w, https:\/\/mouldking.store\/wp-content\/uploads\/2022\/11\/MK16049-4-0b2b-150x150.jpg 150w, https:\/\/mouldking.store\/wp-content\/uploads\/2022\/11\/MK16049-4-0b2b-60x60.jpg 60w, https:\/\/mouldking.store\/wp-content\/uploads\/2022\/11\/MK16049-4-0b2b-90x90.jpg 90w\" sizes=\"(max-width: 800px) 100vw, 800px\" \/><figcaption id=\"caption-attachment-33990\" class=\"wp-caption-text\">Pen\u00e9szkir\u00e1ly 16049 kar\u00e1csonyi h\u00e1zik\u00f3 766 darabbal<\/figcaption><\/figure>\n<figure id=\"attachment_33991\" aria-describedby=\"caption-attachment-33991\" style=\"width: 800px\" class=\"wp-caption aligncenter\"><img loading=\"lazy\" decoding=\"async\" class=\"wp-image-33991 size-full\" src=\"https:\/\/mouldking.store\/wp-content\/uploads\/2022\/11\/MK16049-3-3c80.jpg\" alt=\"Mould King 16049 Christmas Cottage With 766 Pieces\" width=\"800\" height=\"800\" title=\"-\" srcset=\"https:\/\/mouldking.store\/wp-content\/uploads\/2022\/11\/MK16049-3-3c80.jpg 800w, https:\/\/mouldking.store\/wp-content\/uploads\/2022\/11\/MK16049-3-3c80-300x300.jpg 300w, https:\/\/mouldking.store\/wp-content\/uploads\/2022\/11\/MK16049-3-3c80-768x768.jpg 768w, https:\/\/mouldking.store\/wp-content\/uploads\/2022\/11\/MK16049-3-3c80-600x600.jpg 600w, https:\/\/mouldking.store\/wp-content\/uploads\/2022\/11\/MK16049-3-3c80-150x150.jpg 150w, https:\/\/mouldking.store\/wp-content\/uploads\/2022\/11\/MK16049-3-3c80-60x60.jpg 60w, https:\/\/mouldking.store\/wp-content\/uploads\/2022\/11\/MK16049-3-3c80-90x90.jpg 90w\" sizes=\"(max-width: 800px) 100vw, 800px\" \/><figcaption id=\"caption-attachment-33991\" class=\"wp-caption-text\">Pen\u00e9szkir\u00e1ly 16049 kar\u00e1csonyi h\u00e1zik\u00f3 766 darabbal<\/figcaption><\/figure>","protected":false},"excerpt":{"rendered":"<p>Product information: Brand: Mould King Gender: Unisex Name: Christmas Cottage Age Range: &gt; 6 years old Model Number: 16049 Classification: Assemblage Plastic Block Shape: Self-Locking Bricks Material: Plastic Plastic Type: ABS Bricks Blocks: 766 PCS Dimensions: 14.3 \u00d7 27.2 \u00d7 19.5 cm Contains detailed assembly instructions. Notice: 1. Without an original box, but we guarantee [&hellip;]<\/p>","protected":false},"featured_media":33988,"comment_status":"closed","ping_status":"closed","template":"","meta":{"_acf_changed":false},"product_cat":[371],"product_tag":[6658,1066,6661,6659,615,6660,6657],"class_list":["product","first","instock","shipping-taxable","purchasable","product-type-simple"],"acf":[],"_links":{"self":[{"href":"https:\/\/mouldking.store\/hu\/wp-json\/wp\/v2\/product\/33987","targetHints":{"allow":["GET"]}}],"collection":[{"href":"https:\/\/mouldking.store\/hu\/wp-json\/wp\/v2\/product"}],"about":[{"href":"https:\/\/mouldking.store\/hu\/wp-json\/wp\/v2\/types\/product"}],"replies":[{"embeddable":true,"href":"https:\/\/mouldking.store\/hu\/wp-json\/wp\/v2\/comments?post=33987"}],"wp:featuredmedia":[{"embeddable":true,"href":"https:\/\/mouldking.store\/hu\/wp-json\/wp\/v2\/media\/33988"}],"wp:attachment":[{"href":"https:\/\/mouldking.store\/hu\/wp-json\/wp\/v2\/media?parent=33987"}],"wp:term":[{"taxonomy":"product_cat","embeddable":true,"href":"https:\/\/mouldking.store\/hu\/wp-json\/wp\/v2\/product_cat?post=33987"},{"taxonomy":"product_tag","embeddable":true,"href":"https:\/\/mouldking.store\/hu\/wp-json\/wp\/v2\/product_tag?post=33987"}],"curies":[{"name":"wp","href":"https:\/\/api.w.org\/{rel}","templated":true}]}}