{"id":34023,"date":"2022-11-04T14:31:11","date_gmt":"2022-11-04T07:31:11","guid":{"rendered":"https:\/\/mouldking.store\/?post_type=product&#038;p=34023"},"modified":"2025-12-25T09:12:23","modified_gmt":"2025-12-25T02:12:23","slug":"moc-71446-juno-jupiter-polar-orbiter-with-1267-pieces","status":"publish","type":"product","link":"https:\/\/mouldking.store\/hu\/shop\/moc-71446-juno-jupiter-polar-orbiter-with-1267-pieces\/","title":{"rendered":"MOC-71446 Juno (Jupiter Polar Orbiter) 1267 darabbal"},"content":{"rendered":"<p>Term\u00e9k inform\u00e1ci\u00f3:<\/p>\n<ol>\n<li>M\u00e1rka: MOC<\/li>\n<li>Nem: Uniszex<\/li>\n<li>Name: Juno (Jupiter Polar Orbiter)<\/li>\n<li>Koroszt\u00e1ly: &gt; 6 \u00e9v<\/li>\n<li>Model Number: 71446<\/li>\n<li>Besorol\u00e1s: \u00d6sszeszerel\u00e9s<\/li>\n<li>M\u0171anyag blokk forma: \u00f6nz\u00e1r\u00f3 t\u00e9gla<\/li>\n<li>Anyaga: M\u0171anyag<\/li>\n<li>M\u0171anyag t\u00edpus: ABS<\/li>\n<li>Bricks Blocks: 1267 PCS<\/li>\n<li>Size: 48\u00d720.8x64cm<\/li>\n<li>R\u00e9szletes \u00f6sszeszerel\u00e9si \u00fatmutat\u00f3t tartalmaz.<\/li>\n<\/ol>\n<p>\u00c9rtes\u00edt\u00e9s:<br \/>\n1. Eredeti doboz n\u00e9lk\u00fcl, de garant\u00e1ljuk, hogy term\u00e9keink min\u0151s\u00e9gbiztos\u00edt\u00e1ssal \u00e9s sz\u00e9p csomagol\u00e1ssal rendelkeznek.<br \/>\n2. Mint minden alkatr\u00e9szt, amelyet a sz\u00e1ll\u00edt\u00e1s el\u0151tt ellen\u0151rizt\u00fcnk, ez\u00e9rt ha \u00fagy tal\u00e1lja, hogy n\u00e9h\u00e1ny alkatr\u00e9sz hi\u00e1nyzik vagy s\u00e9r\u00fclt, ne agg\u00f3djon, \u00e9s k\u00e9rj\u00fck, vegye fel vel\u00fcnk a kapcsolatot, \u00e9s azonnal ingyenesen elk\u00fcldj\u00fck \u00d6nnek.<\/p>\n<figure id=\"attachment_34028\" aria-describedby=\"caption-attachment-34028\" style=\"width: 1024px\" class=\"wp-caption aligncenter\"><img fetchpriority=\"high\" decoding=\"async\" class=\"wp-image-34028 size-large\" src=\"https:\/\/mouldking.store\/wp-content\/uploads\/2022\/11\/MOCFACTORY-Product-20-1024x1024.png\" alt=\"MOC-71446 Juno (Jupiter Polar Orbiter) With 1267 Pieces\" width=\"1024\" height=\"1024\" title=\"-\" srcset=\"https:\/\/mouldking.store\/wp-content\/uploads\/2022\/11\/MOCFACTORY-Product-20-1024x1024.png 1024w, https:\/\/mouldking.store\/wp-content\/uploads\/2022\/11\/MOCFACTORY-Product-20-300x300.png 300w, https:\/\/mouldking.store\/wp-content\/uploads\/2022\/11\/MOCFACTORY-Product-20-768x768.png 768w, https:\/\/mouldking.store\/wp-content\/uploads\/2022\/11\/MOCFACTORY-Product-20-600x600.png 600w, https:\/\/mouldking.store\/wp-content\/uploads\/2022\/11\/MOCFACTORY-Product-20-150x150.png 150w, https:\/\/mouldking.store\/wp-content\/uploads\/2022\/11\/MOCFACTORY-Product-20-60x60.png 60w, https:\/\/mouldking.store\/wp-content\/uploads\/2022\/11\/MOCFACTORY-Product-20-90x90.png 90w, https:\/\/mouldking.store\/wp-content\/uploads\/2022\/11\/MOCFACTORY-Product-20.png 1095w\" sizes=\"(max-width: 1024px) 100vw, 1024px\" \/><figcaption id=\"caption-attachment-34028\" class=\"wp-caption-text\">MOC-71446 Juno (Jupiter Polar Orbiter) 1267 darabbal<\/figcaption><\/figure>\n<figure id=\"attachment_34025\" aria-describedby=\"caption-attachment-34025\" style=\"width: 768px\" class=\"wp-caption aligncenter\"><img decoding=\"async\" class=\"wp-image-34025 size-full\" src=\"https:\/\/mouldking.store\/wp-content\/uploads\/2022\/11\/c9174-4.png\" alt=\"MOC-71446 Juno (Jupiter Polar Orbiter) With 1267 Pieces\" width=\"768\" height=\"1024\" title=\"-\" srcset=\"https:\/\/mouldking.store\/wp-content\/uploads\/2022\/11\/c9174-4.png 768w, https:\/\/mouldking.store\/wp-content\/uploads\/2022\/11\/c9174-4-225x300.png 225w, https:\/\/mouldking.store\/wp-content\/uploads\/2022\/11\/c9174-4-300x400.png 300w, https:\/\/mouldking.store\/wp-content\/uploads\/2022\/11\/c9174-4-600x800.png 600w, https:\/\/mouldking.store\/wp-content\/uploads\/2022\/11\/c9174-4-113x150.png 113w, https:\/\/mouldking.store\/wp-content\/uploads\/2022\/11\/c9174-4-45x60.png 45w, https:\/\/mouldking.store\/wp-content\/uploads\/2022\/11\/c9174-4-68x90.png 68w\" sizes=\"(max-width: 768px) 100vw, 768px\" \/><figcaption id=\"caption-attachment-34025\" class=\"wp-caption-text\">MOC-71446 Juno (Jupiter Polar Orbiter) 1267 darabbal<\/figcaption><\/figure>\n<figure id=\"attachment_34026\" aria-describedby=\"caption-attachment-34026\" style=\"width: 768px\" class=\"wp-caption aligncenter\"><img decoding=\"async\" class=\"wp-image-34026 size-full\" src=\"https:\/\/mouldking.store\/wp-content\/uploads\/2022\/11\/c9174-3.png\" alt=\"MOC-71446 Juno (Jupiter Polar Orbiter) With 1267 Pieces\" width=\"768\" height=\"1024\" title=\"-\" srcset=\"https:\/\/mouldking.store\/wp-content\/uploads\/2022\/11\/c9174-3.png 768w, https:\/\/mouldking.store\/wp-content\/uploads\/2022\/11\/c9174-3-225x300.png 225w, https:\/\/mouldking.store\/wp-content\/uploads\/2022\/11\/c9174-3-300x400.png 300w, https:\/\/mouldking.store\/wp-content\/uploads\/2022\/11\/c9174-3-600x800.png 600w, https:\/\/mouldking.store\/wp-content\/uploads\/2022\/11\/c9174-3-113x150.png 113w, https:\/\/mouldking.store\/wp-content\/uploads\/2022\/11\/c9174-3-45x60.png 45w, https:\/\/mouldking.store\/wp-content\/uploads\/2022\/11\/c9174-3-68x90.png 68w\" sizes=\"(max-width: 768px) 100vw, 768px\" \/><figcaption id=\"caption-attachment-34026\" class=\"wp-caption-text\">MOC-71446 Juno (Jupiter Polar Orbiter) 1267 darabbal<\/figcaption><\/figure>\n<figure id=\"attachment_34027\" aria-describedby=\"caption-attachment-34027\" style=\"width: 768px\" class=\"wp-caption aligncenter\"><img loading=\"lazy\" decoding=\"async\" class=\"wp-image-34027 size-full\" src=\"https:\/\/mouldking.store\/wp-content\/uploads\/2022\/11\/c9174-2.png\" alt=\"MOC-71446 Juno (Jupiter Polar Orbiter) With 1267 Pieces\" width=\"768\" height=\"1024\" title=\"-\" srcset=\"https:\/\/mouldking.store\/wp-content\/uploads\/2022\/11\/c9174-2.png 768w, https:\/\/mouldking.store\/wp-content\/uploads\/2022\/11\/c9174-2-225x300.png 225w, https:\/\/mouldking.store\/wp-content\/uploads\/2022\/11\/c9174-2-300x400.png 300w, https:\/\/mouldking.store\/wp-content\/uploads\/2022\/11\/c9174-2-600x800.png 600w, https:\/\/mouldking.store\/wp-content\/uploads\/2022\/11\/c9174-2-113x150.png 113w, https:\/\/mouldking.store\/wp-content\/uploads\/2022\/11\/c9174-2-45x60.png 45w, https:\/\/mouldking.store\/wp-content\/uploads\/2022\/11\/c9174-2-68x90.png 68w\" sizes=\"(max-width: 768px) 100vw, 768px\" \/><figcaption id=\"caption-attachment-34027\" class=\"wp-caption-text\">MOC-71446 Juno (Jupiter Polar Orbiter) 1267 darabbal<\/figcaption><\/figure>","protected":false},"excerpt":{"rendered":"<p>Product information: Brand: MOC Gender: Unisex Name: Juno (Jupiter Polar Orbiter) Age Range: &gt; 6 years old Model Number: 71446 Classification: Assemblage Plastic Block Shape: Self-Locking Bricks Material: Plastic Plastic Type: ABS Bricks Blocks: 1267 PCS Size: 48\u00d720.8x64cm Contains detailed assembly instructions. Notice: 1. Without an original box, but we guarantee our products have quality [&hellip;]<\/p>","protected":false},"featured_media":34028,"comment_status":"closed","ping_status":"closed","template":"","meta":{"_acf_changed":false},"product_cat":[6016],"product_tag":[6698,6700,6701,6699,6697,6696],"class_list":["product","first","instock","shipping-taxable","purchasable","product-type-simple"],"acf":[],"_links":{"self":[{"href":"https:\/\/mouldking.store\/hu\/wp-json\/wp\/v2\/product\/34023","targetHints":{"allow":["GET"]}}],"collection":[{"href":"https:\/\/mouldking.store\/hu\/wp-json\/wp\/v2\/product"}],"about":[{"href":"https:\/\/mouldking.store\/hu\/wp-json\/wp\/v2\/types\/product"}],"replies":[{"embeddable":true,"href":"https:\/\/mouldking.store\/hu\/wp-json\/wp\/v2\/comments?post=34023"}],"wp:featuredmedia":[{"embeddable":true,"href":"https:\/\/mouldking.store\/hu\/wp-json\/wp\/v2\/media\/34028"}],"wp:attachment":[{"href":"https:\/\/mouldking.store\/hu\/wp-json\/wp\/v2\/media?parent=34023"}],"wp:term":[{"taxonomy":"product_cat","embeddable":true,"href":"https:\/\/mouldking.store\/hu\/wp-json\/wp\/v2\/product_cat?post=34023"},{"taxonomy":"product_tag","embeddable":true,"href":"https:\/\/mouldking.store\/hu\/wp-json\/wp\/v2\/product_tag?post=34023"}],"curies":[{"name":"wp","href":"https:\/\/api.w.org\/{rel}","templated":true}]}}