{"id":34380,"date":"2022-11-07T12:27:43","date_gmt":"2022-11-07T05:27:43","guid":{"rendered":"https:\/\/mouldking.store\/?post_type=product&#038;p=34380"},"modified":"2022-11-07T12:27:43","modified_gmt":"2022-11-07T05:27:43","slug":"52toys-bb01-dio-1-5-version-original-t-rex","status":"publish","type":"product","link":"https:\/\/mouldking.store\/hu\/shop\/52toys-bb01-dio-1-5-version-original-t-rex\/","title":{"rendered":"52TOYS BB01 DIO 1.5 Eredeti T-Rex verzi\u00f3"},"content":{"rendered":"<p>Term\u00e9k inform\u00e1ci\u00f3:<\/p>\n<ol>\n<li>M\u00e1rka: 52TOYS<\/li>\n<li>Nem: Uniszex<\/li>\n<li>Name: DIO 1.5 Version Original T-Rex<\/li>\n<li>Koroszt\u00e1ly: &gt; 6 \u00e9v<\/li>\n<li>Model Number: BB01<\/li>\n<li>Besorol\u00e1s: \u00d6sszeszerel\u00e9s<\/li>\n<li>M\u0171anyag blokk forma: \u00f6nz\u00e1r\u00f3 t\u00e9gla<\/li>\n<li>Anyaga: M\u0171anyag<\/li>\n<li>M\u0171anyag t\u00edpus: ABS<\/li>\n<li>M\u00e9rete: 15 cm<\/li>\n<li>R\u00e9szletes \u00f6sszeszerel\u00e9si \u00fatmutat\u00f3t tartalmaz.<\/li>\n<\/ol>\n<p>\u00c9rtes\u00edt\u00e9s:<br \/>\n1. Eredeti doboz n\u00e9lk\u00fcl, de garant\u00e1ljuk, hogy term\u00e9keink min\u0151s\u00e9gbiztos\u00edt\u00e1ssal \u00e9s sz\u00e9p csomagol\u00e1ssal rendelkeznek.<br \/>\n2. Mint minden alkatr\u00e9szt, amelyet a sz\u00e1ll\u00edt\u00e1s el\u0151tt ellen\u0151rizt\u00fcnk, ez\u00e9rt ha \u00fagy tal\u00e1lja, hogy n\u00e9h\u00e1ny alkatr\u00e9sz hi\u00e1nyzik vagy s\u00e9r\u00fclt, ne agg\u00f3djon, \u00e9s k\u00e9rj\u00fck, vegye fel vel\u00fcnk a kapcsolatot, \u00e9s azonnal ingyenesen elk\u00fcldj\u00fck \u00d6nnek.<\/p>\n<figure id=\"attachment_34381\" aria-describedby=\"caption-attachment-34381\" style=\"width: 800px\" class=\"wp-caption aligncenter\"><img fetchpriority=\"high\" decoding=\"async\" class=\"wp-image-34381 size-full\" src=\"https:\/\/mouldking.store\/wp-content\/uploads\/2022\/11\/52TOYS-BB01-9.jpg\" alt=\" 52TOYS BB01 DIO 1.5 Version Original T-Rex\" width=\"800\" height=\"800\" title=\"-\" srcset=\"https:\/\/mouldking.store\/wp-content\/uploads\/2022\/11\/52TOYS-BB01-9.jpg 800w, https:\/\/mouldking.store\/wp-content\/uploads\/2022\/11\/52TOYS-BB01-9-300x300.jpg 300w, https:\/\/mouldking.store\/wp-content\/uploads\/2022\/11\/52TOYS-BB01-9-768x768.jpg 768w, https:\/\/mouldking.store\/wp-content\/uploads\/2022\/11\/52TOYS-BB01-9-600x600.jpg 600w, https:\/\/mouldking.store\/wp-content\/uploads\/2022\/11\/52TOYS-BB01-9-150x150.jpg 150w, https:\/\/mouldking.store\/wp-content\/uploads\/2022\/11\/52TOYS-BB01-9-60x60.jpg 60w, https:\/\/mouldking.store\/wp-content\/uploads\/2022\/11\/52TOYS-BB01-9-90x90.jpg 90w\" sizes=\"(max-width: 800px) 100vw, 800px\" \/><figcaption id=\"caption-attachment-34381\" class=\"wp-caption-text\">52TOYS BB01 DIO 1.5 Eredeti T-Rex verzi\u00f3<\/figcaption><\/figure>\n<figure id=\"attachment_34382\" aria-describedby=\"caption-attachment-34382\" style=\"width: 750px\" class=\"wp-caption aligncenter\"><img decoding=\"async\" class=\"wp-image-34382 size-full\" src=\"https:\/\/mouldking.store\/wp-content\/uploads\/2022\/11\/52TOYS-BB01-8.jpg\" alt=\" 52TOYS BB01 DIO 1.5 Version Original T-Rex\" width=\"750\" height=\"1000\" title=\"-\" srcset=\"https:\/\/mouldking.store\/wp-content\/uploads\/2022\/11\/52TOYS-BB01-8.jpg 750w, https:\/\/mouldking.store\/wp-content\/uploads\/2022\/11\/52TOYS-BB01-8-225x300.jpg 225w, https:\/\/mouldking.store\/wp-content\/uploads\/2022\/11\/52TOYS-BB01-8-300x400.jpg 300w, https:\/\/mouldking.store\/wp-content\/uploads\/2022\/11\/52TOYS-BB01-8-600x800.jpg 600w, https:\/\/mouldking.store\/wp-content\/uploads\/2022\/11\/52TOYS-BB01-8-113x150.jpg 113w, https:\/\/mouldking.store\/wp-content\/uploads\/2022\/11\/52TOYS-BB01-8-45x60.jpg 45w, https:\/\/mouldking.store\/wp-content\/uploads\/2022\/11\/52TOYS-BB01-8-68x90.jpg 68w\" sizes=\"(max-width: 750px) 100vw, 750px\" \/><figcaption id=\"caption-attachment-34382\" class=\"wp-caption-text\">52TOYS BB01 DIO 1.5 Eredeti T-Rex verzi\u00f3<\/figcaption><\/figure>\n<figure id=\"attachment_34383\" aria-describedby=\"caption-attachment-34383\" style=\"width: 750px\" class=\"wp-caption aligncenter\"><img decoding=\"async\" class=\"wp-image-34383 size-full\" src=\"https:\/\/mouldking.store\/wp-content\/uploads\/2022\/11\/52TOYS-BB01-7.jpg\" alt=\" 52TOYS BB01 DIO 1.5 Version Original T-Rex\" width=\"750\" height=\"1000\" title=\"-\" srcset=\"https:\/\/mouldking.store\/wp-content\/uploads\/2022\/11\/52TOYS-BB01-7.jpg 750w, https:\/\/mouldking.store\/wp-content\/uploads\/2022\/11\/52TOYS-BB01-7-225x300.jpg 225w, https:\/\/mouldking.store\/wp-content\/uploads\/2022\/11\/52TOYS-BB01-7-300x400.jpg 300w, https:\/\/mouldking.store\/wp-content\/uploads\/2022\/11\/52TOYS-BB01-7-600x800.jpg 600w, https:\/\/mouldking.store\/wp-content\/uploads\/2022\/11\/52TOYS-BB01-7-113x150.jpg 113w, https:\/\/mouldking.store\/wp-content\/uploads\/2022\/11\/52TOYS-BB01-7-45x60.jpg 45w, https:\/\/mouldking.store\/wp-content\/uploads\/2022\/11\/52TOYS-BB01-7-68x90.jpg 68w\" sizes=\"(max-width: 750px) 100vw, 750px\" \/><figcaption id=\"caption-attachment-34383\" class=\"wp-caption-text\">52TOYS BB01 DIO 1.5 Eredeti T-Rex verzi\u00f3<\/figcaption><\/figure>\n<figure id=\"attachment_34384\" aria-describedby=\"caption-attachment-34384\" style=\"width: 750px\" class=\"wp-caption aligncenter\"><img loading=\"lazy\" decoding=\"async\" class=\"wp-image-34384 size-full\" src=\"https:\/\/mouldking.store\/wp-content\/uploads\/2022\/11\/52TOYS-BB01-6.jpg\" alt=\" 52TOYS BB01 DIO 1.5 Version Original T-Rex\" width=\"750\" height=\"1000\" title=\"-\" srcset=\"https:\/\/mouldking.store\/wp-content\/uploads\/2022\/11\/52TOYS-BB01-6.jpg 750w, https:\/\/mouldking.store\/wp-content\/uploads\/2022\/11\/52TOYS-BB01-6-225x300.jpg 225w, https:\/\/mouldking.store\/wp-content\/uploads\/2022\/11\/52TOYS-BB01-6-300x400.jpg 300w, https:\/\/mouldking.store\/wp-content\/uploads\/2022\/11\/52TOYS-BB01-6-600x800.jpg 600w, https:\/\/mouldking.store\/wp-content\/uploads\/2022\/11\/52TOYS-BB01-6-113x150.jpg 113w, https:\/\/mouldking.store\/wp-content\/uploads\/2022\/11\/52TOYS-BB01-6-45x60.jpg 45w, https:\/\/mouldking.store\/wp-content\/uploads\/2022\/11\/52TOYS-BB01-6-68x90.jpg 68w\" sizes=\"(max-width: 750px) 100vw, 750px\" \/><figcaption id=\"caption-attachment-34384\" class=\"wp-caption-text\">52TOYS BB01 DIO 1.5 Eredeti T-Rex verzi\u00f3<\/figcaption><\/figure>\n<figure id=\"attachment_34385\" aria-describedby=\"caption-attachment-34385\" style=\"width: 784px\" class=\"wp-caption aligncenter\"><img loading=\"lazy\" decoding=\"async\" class=\"wp-image-34385 size-full\" src=\"https:\/\/mouldking.store\/wp-content\/uploads\/2022\/11\/52TOYS-BB01-5.jpg\" alt=\" 52TOYS BB01 DIO 1.5 Version Original T-Rex\" width=\"784\" height=\"808\" title=\"-\" srcset=\"https:\/\/mouldking.store\/wp-content\/uploads\/2022\/11\/52TOYS-BB01-5.jpg 784w, https:\/\/mouldking.store\/wp-content\/uploads\/2022\/11\/52TOYS-BB01-5-291x300.jpg 291w, https:\/\/mouldking.store\/wp-content\/uploads\/2022\/11\/52TOYS-BB01-5-768x792.jpg 768w, https:\/\/mouldking.store\/wp-content\/uploads\/2022\/11\/52TOYS-BB01-5-300x309.jpg 300w, https:\/\/mouldking.store\/wp-content\/uploads\/2022\/11\/52TOYS-BB01-5-600x618.jpg 600w, https:\/\/mouldking.store\/wp-content\/uploads\/2022\/11\/52TOYS-BB01-5-146x150.jpg 146w, https:\/\/mouldking.store\/wp-content\/uploads\/2022\/11\/52TOYS-BB01-5-58x60.jpg 58w, https:\/\/mouldking.store\/wp-content\/uploads\/2022\/11\/52TOYS-BB01-5-87x90.jpg 87w\" sizes=\"(max-width: 784px) 100vw, 784px\" \/><figcaption id=\"caption-attachment-34385\" class=\"wp-caption-text\">52TOYS BB01 DIO 1.5 Eredeti T-Rex verzi\u00f3<\/figcaption><\/figure>\n<figure id=\"attachment_34386\" aria-describedby=\"caption-attachment-34386\" style=\"width: 564px\" class=\"wp-caption aligncenter\"><img loading=\"lazy\" decoding=\"async\" class=\"wp-image-34386 size-full\" src=\"https:\/\/mouldking.store\/wp-content\/uploads\/2022\/11\/52TOYS-BB01-4.jpg\" alt=\" 52TOYS BB01 DIO 1.5 Version Original T-Rex\" width=\"564\" height=\"1024\" title=\"-\" srcset=\"https:\/\/mouldking.store\/wp-content\/uploads\/2022\/11\/52TOYS-BB01-4.jpg 564w, https:\/\/mouldking.store\/wp-content\/uploads\/2022\/11\/52TOYS-BB01-4-165x300.jpg 165w, https:\/\/mouldking.store\/wp-content\/uploads\/2022\/11\/52TOYS-BB01-4-300x545.jpg 300w, https:\/\/mouldking.store\/wp-content\/uploads\/2022\/11\/52TOYS-BB01-4-83x150.jpg 83w, https:\/\/mouldking.store\/wp-content\/uploads\/2022\/11\/52TOYS-BB01-4-33x60.jpg 33w, https:\/\/mouldking.store\/wp-content\/uploads\/2022\/11\/52TOYS-BB01-4-50x90.jpg 50w\" sizes=\"(max-width: 564px) 100vw, 564px\" \/><figcaption id=\"caption-attachment-34386\" class=\"wp-caption-text\">52TOYS BB01 DIO 1.5 Eredeti T-Rex verzi\u00f3<\/figcaption><\/figure>\n<figure id=\"attachment_34387\" aria-describedby=\"caption-attachment-34387\" style=\"width: 668px\" class=\"wp-caption aligncenter\"><img loading=\"lazy\" decoding=\"async\" class=\"wp-image-34387 size-full\" src=\"https:\/\/mouldking.store\/wp-content\/uploads\/2022\/11\/52TOYS-BB01-3.jpg\" alt=\" 52TOYS BB01 DIO 1.5 Version Original T-Rex\" width=\"668\" height=\"1024\" title=\"-\" srcset=\"https:\/\/mouldking.store\/wp-content\/uploads\/2022\/11\/52TOYS-BB01-3.jpg 668w, https:\/\/mouldking.store\/wp-content\/uploads\/2022\/11\/52TOYS-BB01-3-196x300.jpg 196w, https:\/\/mouldking.store\/wp-content\/uploads\/2022\/11\/52TOYS-BB01-3-300x460.jpg 300w, https:\/\/mouldking.store\/wp-content\/uploads\/2022\/11\/52TOYS-BB01-3-600x920.jpg 600w, https:\/\/mouldking.store\/wp-content\/uploads\/2022\/11\/52TOYS-BB01-3-98x150.jpg 98w, https:\/\/mouldking.store\/wp-content\/uploads\/2022\/11\/52TOYS-BB01-3-39x60.jpg 39w, https:\/\/mouldking.store\/wp-content\/uploads\/2022\/11\/52TOYS-BB01-3-59x90.jpg 59w\" sizes=\"(max-width: 668px) 100vw, 668px\" \/><figcaption id=\"caption-attachment-34387\" class=\"wp-caption-text\">52TOYS BB01 DIO 1.5 Eredeti T-Rex verzi\u00f3<\/figcaption><\/figure>\n<figure id=\"attachment_34388\" aria-describedby=\"caption-attachment-34388\" style=\"width: 414px\" class=\"wp-caption aligncenter\"><img loading=\"lazy\" decoding=\"async\" class=\"wp-image-34388 size-full\" src=\"https:\/\/mouldking.store\/wp-content\/uploads\/2022\/11\/52TOYS-BB01-2.jpg\" alt=\" 52TOYS BB01 DIO 1.5 Version Original T-Rex\" width=\"414\" height=\"1024\" title=\"-\" srcset=\"https:\/\/mouldking.store\/wp-content\/uploads\/2022\/11\/52TOYS-BB01-2.jpg 414w, https:\/\/mouldking.store\/wp-content\/uploads\/2022\/11\/52TOYS-BB01-2-121x300.jpg 121w, https:\/\/mouldking.store\/wp-content\/uploads\/2022\/11\/52TOYS-BB01-2-300x742.jpg 300w, https:\/\/mouldking.store\/wp-content\/uploads\/2022\/11\/52TOYS-BB01-2-61x150.jpg 61w, https:\/\/mouldking.store\/wp-content\/uploads\/2022\/11\/52TOYS-BB01-2-24x60.jpg 24w, https:\/\/mouldking.store\/wp-content\/uploads\/2022\/11\/52TOYS-BB01-2-36x90.jpg 36w\" sizes=\"(max-width: 414px) 100vw, 414px\" \/><figcaption id=\"caption-attachment-34388\" class=\"wp-caption-text\">52TOYS BB01 DIO 1.5 Eredeti T-Rex verzi\u00f3<\/figcaption><\/figure>\n<figure id=\"attachment_34389\" aria-describedby=\"caption-attachment-34389\" style=\"width: 459px\" class=\"wp-caption aligncenter\"><img loading=\"lazy\" decoding=\"async\" class=\"wp-image-34389 size-full\" src=\"https:\/\/mouldking.store\/wp-content\/uploads\/2022\/11\/52TOYS-BB01.jpg\" alt=\" 52TOYS BB01 DIO 1.5 Version Original T-Rex\" width=\"459\" height=\"1024\" title=\"-\" srcset=\"https:\/\/mouldking.store\/wp-content\/uploads\/2022\/11\/52TOYS-BB01.jpg 459w, https:\/\/mouldking.store\/wp-content\/uploads\/2022\/11\/52TOYS-BB01-134x300.jpg 134w, https:\/\/mouldking.store\/wp-content\/uploads\/2022\/11\/52TOYS-BB01-300x669.jpg 300w, https:\/\/mouldking.store\/wp-content\/uploads\/2022\/11\/52TOYS-BB01-67x150.jpg 67w, https:\/\/mouldking.store\/wp-content\/uploads\/2022\/11\/52TOYS-BB01-27x60.jpg 27w, https:\/\/mouldking.store\/wp-content\/uploads\/2022\/11\/52TOYS-BB01-40x90.jpg 40w\" sizes=\"(max-width: 459px) 100vw, 459px\" \/><figcaption id=\"caption-attachment-34389\" class=\"wp-caption-text\">52TOYS BB01 DIO 1.5 Eredeti T-Rex verzi\u00f3<\/figcaption><\/figure>","protected":false},"excerpt":{"rendered":"<p>Product information: Brand: 52TOYS Gender: Unisex Name: DIO 1.5 Version Original T-Rex Age Range: &gt; 6 years old Model Number: BB01 Classification: Assemblage Plastic Block Shape: Self-Locking Bricks Material: Plastic Plastic Type: ABS Size: 15 cm Contains detailed assembly instructions. Notice: 1. Without an original box, but we guarantee our products have quality assurance and [&hellip;]<\/p>","protected":false},"featured_media":34381,"comment_status":"closed","ping_status":"closed","template":"","meta":{"_acf_changed":false},"product_cat":[1408],"product_tag":[6179,6934,6929,6930,6931,6933,6869,6932,5186],"class_list":["product","first","instock","shipping-taxable","purchasable","product-type-simple"],"acf":[],"_links":{"self":[{"href":"https:\/\/mouldking.store\/hu\/wp-json\/wp\/v2\/product\/34380","targetHints":{"allow":["GET"]}}],"collection":[{"href":"https:\/\/mouldking.store\/hu\/wp-json\/wp\/v2\/product"}],"about":[{"href":"https:\/\/mouldking.store\/hu\/wp-json\/wp\/v2\/types\/product"}],"replies":[{"embeddable":true,"href":"https:\/\/mouldking.store\/hu\/wp-json\/wp\/v2\/comments?post=34380"}],"wp:featuredmedia":[{"embeddable":true,"href":"https:\/\/mouldking.store\/hu\/wp-json\/wp\/v2\/media\/34381"}],"wp:attachment":[{"href":"https:\/\/mouldking.store\/hu\/wp-json\/wp\/v2\/media?parent=34380"}],"wp:term":[{"taxonomy":"product_cat","embeddable":true,"href":"https:\/\/mouldking.store\/hu\/wp-json\/wp\/v2\/product_cat?post=34380"},{"taxonomy":"product_tag","embeddable":true,"href":"https:\/\/mouldking.store\/hu\/wp-json\/wp\/v2\/product_tag?post=34380"}],"curies":[{"name":"wp","href":"https:\/\/api.w.org\/{rel}","templated":true}]}}