{"id":34865,"date":"2022-11-08T12:15:26","date_gmt":"2022-11-08T05:15:26","guid":{"rendered":"https:\/\/mouldking.store\/?post_type=product&#038;p=34865"},"modified":"2022-11-18T09:54:51","modified_gmt":"2022-11-18T02:54:51","slug":"lele-ln1008-legendary-fire-dragon-head-yanlong-with-2713-pieces","status":"publish","type":"product","link":"https:\/\/mouldking.store\/hu\/shop\/lele-ln1008-legendary-fire-dragon-head-yanlong-with-2713-pieces\/","title":{"rendered":"LELE LN1008 Legendary Fire Dragon Head Yanlong With 2713 Pieces"},"content":{"rendered":"<p>Term\u00e9k inform\u00e1ci\u00f3:<\/p>\n<ol>\n<li>Brand: LELE<\/li>\n<li>Nem: Uniszex<\/li>\n<li>Name: Legendary Fire Dragon Head Yanlong<\/li>\n<li>Koroszt\u00e1ly: &gt; 6 \u00e9v<\/li>\n<li>Model Number: LN1008<\/li>\n<li>Besorol\u00e1s: \u00d6sszeszerel\u00e9s<\/li>\n<li>M\u0171anyag blokk forma: \u00f6nz\u00e1r\u00f3 t\u00e9gla<\/li>\n<li>Anyaga: M\u0171anyag<\/li>\n<li>M\u0171anyag t\u00edpus: ABS<\/li>\n<li>Bricks Blocks:2713 PCS<\/li>\n<li>Size: 40x28x28cm<\/li>\n<li>R\u00e9szletes \u00f6sszeszerel\u00e9si \u00fatmutat\u00f3t tartalmaz.<\/li>\n<\/ol>\n<p>\u00c9rtes\u00edt\u00e9s:<br \/>\n1. Eredeti doboz n\u00e9lk\u00fcl, de garant\u00e1ljuk, hogy term\u00e9keink min\u0151s\u00e9gbiztos\u00edt\u00e1ssal \u00e9s sz\u00e9p csomagol\u00e1ssal rendelkeznek.<br \/>\n2. Mint minden alkatr\u00e9szt, amelyet a sz\u00e1ll\u00edt\u00e1s el\u0151tt ellen\u0151rizt\u00fcnk, ez\u00e9rt ha \u00fagy tal\u00e1lja, hogy n\u00e9h\u00e1ny alkatr\u00e9sz hi\u00e1nyzik vagy s\u00e9r\u00fclt, ne agg\u00f3djon, \u00e9s k\u00e9rj\u00fck, vegye fel vel\u00fcnk a kapcsolatot, \u00e9s azonnal ingyenesen elk\u00fcldj\u00fck \u00d6nnek.<\/p>\n<figure id=\"attachment_34866\" aria-describedby=\"caption-attachment-34866\" style=\"width: 800px\" class=\"wp-caption aligncenter\"><img fetchpriority=\"high\" decoding=\"async\" class=\"wp-image-34866 size-full\" src=\"https:\/\/mouldking.store\/wp-content\/uploads\/2022\/11\/LELE-LN1008-7.jpg\" alt=\" LELE LN1008 Legendary Fire Dragon Head Yanlong With 2713 Pieces\" width=\"800\" height=\"800\" title=\"-\" srcset=\"https:\/\/mouldking.store\/wp-content\/uploads\/2022\/11\/LELE-LN1008-7.jpg 800w, https:\/\/mouldking.store\/wp-content\/uploads\/2022\/11\/LELE-LN1008-7-300x300.jpg 300w, https:\/\/mouldking.store\/wp-content\/uploads\/2022\/11\/LELE-LN1008-7-768x768.jpg 768w, https:\/\/mouldking.store\/wp-content\/uploads\/2022\/11\/LELE-LN1008-7-600x600.jpg 600w, https:\/\/mouldking.store\/wp-content\/uploads\/2022\/11\/LELE-LN1008-7-150x150.jpg 150w, https:\/\/mouldking.store\/wp-content\/uploads\/2022\/11\/LELE-LN1008-7-60x60.jpg 60w, https:\/\/mouldking.store\/wp-content\/uploads\/2022\/11\/LELE-LN1008-7-90x90.jpg 90w\" sizes=\"(max-width: 800px) 100vw, 800px\" \/><figcaption id=\"caption-attachment-34866\" class=\"wp-caption-text\">LELE LN1008 Legendary Fire Dragon Head Yanlong With 2713 Pieces<\/figcaption><\/figure>\n<figure id=\"attachment_34867\" aria-describedby=\"caption-attachment-34867\" style=\"width: 800px\" class=\"wp-caption aligncenter\"><img decoding=\"async\" class=\"wp-image-34867 size-full\" src=\"https:\/\/mouldking.store\/wp-content\/uploads\/2022\/11\/LELE-LN1008-6.jpg\" alt=\" LELE LN1008 Legendary Fire Dragon Head Yanlong With 2713 Pieces\" width=\"800\" height=\"800\" title=\"-\" srcset=\"https:\/\/mouldking.store\/wp-content\/uploads\/2022\/11\/LELE-LN1008-6.jpg 800w, https:\/\/mouldking.store\/wp-content\/uploads\/2022\/11\/LELE-LN1008-6-300x300.jpg 300w, https:\/\/mouldking.store\/wp-content\/uploads\/2022\/11\/LELE-LN1008-6-768x768.jpg 768w, https:\/\/mouldking.store\/wp-content\/uploads\/2022\/11\/LELE-LN1008-6-600x600.jpg 600w, https:\/\/mouldking.store\/wp-content\/uploads\/2022\/11\/LELE-LN1008-6-150x150.jpg 150w, https:\/\/mouldking.store\/wp-content\/uploads\/2022\/11\/LELE-LN1008-6-60x60.jpg 60w, https:\/\/mouldking.store\/wp-content\/uploads\/2022\/11\/LELE-LN1008-6-90x90.jpg 90w\" sizes=\"(max-width: 800px) 100vw, 800px\" \/><figcaption id=\"caption-attachment-34867\" class=\"wp-caption-text\">LELE LN1008 Legendary Fire Dragon Head Yanlong With 2713 Pieces<\/figcaption><\/figure>\n<figure id=\"attachment_34868\" aria-describedby=\"caption-attachment-34868\" style=\"width: 800px\" class=\"wp-caption aligncenter\"><img decoding=\"async\" class=\"wp-image-34868 size-full\" src=\"https:\/\/mouldking.store\/wp-content\/uploads\/2022\/11\/LELE-LN1008-5.jpg\" alt=\" LELE LN1008 Legendary Fire Dragon Head Yanlong With 2713 Pieces\" width=\"800\" height=\"800\" title=\"-\" srcset=\"https:\/\/mouldking.store\/wp-content\/uploads\/2022\/11\/LELE-LN1008-5.jpg 800w, https:\/\/mouldking.store\/wp-content\/uploads\/2022\/11\/LELE-LN1008-5-300x300.jpg 300w, https:\/\/mouldking.store\/wp-content\/uploads\/2022\/11\/LELE-LN1008-5-768x768.jpg 768w, https:\/\/mouldking.store\/wp-content\/uploads\/2022\/11\/LELE-LN1008-5-600x600.jpg 600w, https:\/\/mouldking.store\/wp-content\/uploads\/2022\/11\/LELE-LN1008-5-150x150.jpg 150w, https:\/\/mouldking.store\/wp-content\/uploads\/2022\/11\/LELE-LN1008-5-60x60.jpg 60w, https:\/\/mouldking.store\/wp-content\/uploads\/2022\/11\/LELE-LN1008-5-90x90.jpg 90w\" sizes=\"(max-width: 800px) 100vw, 800px\" \/><figcaption id=\"caption-attachment-34868\" class=\"wp-caption-text\">LELE LN1008 Legendary Fire Dragon Head Yanlong With 2713 Pieces<\/figcaption><\/figure>\n<figure id=\"attachment_34869\" aria-describedby=\"caption-attachment-34869\" style=\"width: 684px\" class=\"wp-caption aligncenter\"><img loading=\"lazy\" decoding=\"async\" class=\"wp-image-34869 size-full\" src=\"https:\/\/mouldking.store\/wp-content\/uploads\/2022\/11\/LELE-LN1008-4.jpg\" alt=\" LELE LN1008 Legendary Fire Dragon Head Yanlong With 2713 Pieces\" width=\"684\" height=\"1024\" title=\"-\" srcset=\"https:\/\/mouldking.store\/wp-content\/uploads\/2022\/11\/LELE-LN1008-4.jpg 684w, https:\/\/mouldking.store\/wp-content\/uploads\/2022\/11\/LELE-LN1008-4-200x300.jpg 200w, https:\/\/mouldking.store\/wp-content\/uploads\/2022\/11\/LELE-LN1008-4-300x449.jpg 300w, https:\/\/mouldking.store\/wp-content\/uploads\/2022\/11\/LELE-LN1008-4-600x898.jpg 600w, https:\/\/mouldking.store\/wp-content\/uploads\/2022\/11\/LELE-LN1008-4-100x150.jpg 100w, https:\/\/mouldking.store\/wp-content\/uploads\/2022\/11\/LELE-LN1008-4-40x60.jpg 40w, https:\/\/mouldking.store\/wp-content\/uploads\/2022\/11\/LELE-LN1008-4-60x90.jpg 60w\" sizes=\"(max-width: 684px) 100vw, 684px\" \/><figcaption id=\"caption-attachment-34869\" class=\"wp-caption-text\">LELE LN1008 Legendary Fire Dragon Head Yanlong With 2713 Pieces<\/figcaption><\/figure>\n<figure id=\"attachment_34870\" aria-describedby=\"caption-attachment-34870\" style=\"width: 669px\" class=\"wp-caption aligncenter\"><img loading=\"lazy\" decoding=\"async\" class=\"wp-image-34870 size-full\" src=\"https:\/\/mouldking.store\/wp-content\/uploads\/2022\/11\/LELE-LN1008-3.jpg\" alt=\" LELE LN1008 Legendary Fire Dragon Head Yanlong With 2713 Pieces\" width=\"669\" height=\"1024\" title=\"-\" srcset=\"https:\/\/mouldking.store\/wp-content\/uploads\/2022\/11\/LELE-LN1008-3.jpg 669w, https:\/\/mouldking.store\/wp-content\/uploads\/2022\/11\/LELE-LN1008-3-196x300.jpg 196w, https:\/\/mouldking.store\/wp-content\/uploads\/2022\/11\/LELE-LN1008-3-300x459.jpg 300w, https:\/\/mouldking.store\/wp-content\/uploads\/2022\/11\/LELE-LN1008-3-600x918.jpg 600w, https:\/\/mouldking.store\/wp-content\/uploads\/2022\/11\/LELE-LN1008-3-98x150.jpg 98w, https:\/\/mouldking.store\/wp-content\/uploads\/2022\/11\/LELE-LN1008-3-39x60.jpg 39w, https:\/\/mouldking.store\/wp-content\/uploads\/2022\/11\/LELE-LN1008-3-59x90.jpg 59w\" sizes=\"(max-width: 669px) 100vw, 669px\" \/><figcaption id=\"caption-attachment-34870\" class=\"wp-caption-text\">LELE LN1008 Legendary Fire Dragon Head Yanlong With 2713 Pieces<\/figcaption><\/figure>\n<figure id=\"attachment_34871\" aria-describedby=\"caption-attachment-34871\" style=\"width: 577px\" class=\"wp-caption aligncenter\"><img loading=\"lazy\" decoding=\"async\" class=\"wp-image-34871 size-full\" src=\"https:\/\/mouldking.store\/wp-content\/uploads\/2022\/11\/LELE-LN1008-2.jpg\" alt=\" LELE LN1008 Legendary Fire Dragon Head Yanlong With 2713 Pieces\" width=\"577\" height=\"1024\" title=\"-\" srcset=\"https:\/\/mouldking.store\/wp-content\/uploads\/2022\/11\/LELE-LN1008-2.jpg 577w, https:\/\/mouldking.store\/wp-content\/uploads\/2022\/11\/LELE-LN1008-2-169x300.jpg 169w, https:\/\/mouldking.store\/wp-content\/uploads\/2022\/11\/LELE-LN1008-2-300x532.jpg 300w, https:\/\/mouldking.store\/wp-content\/uploads\/2022\/11\/LELE-LN1008-2-85x150.jpg 85w, https:\/\/mouldking.store\/wp-content\/uploads\/2022\/11\/LELE-LN1008-2-34x60.jpg 34w, https:\/\/mouldking.store\/wp-content\/uploads\/2022\/11\/LELE-LN1008-2-51x90.jpg 51w\" sizes=\"(max-width: 577px) 100vw, 577px\" \/><figcaption id=\"caption-attachment-34871\" class=\"wp-caption-text\">LELE LN1008 Legendary Fire Dragon Head Yanlong With 2713 Pieces<\/figcaption><\/figure>\n<figure id=\"attachment_34872\" aria-describedby=\"caption-attachment-34872\" style=\"width: 788px\" class=\"wp-caption aligncenter\"><img loading=\"lazy\" decoding=\"async\" class=\"wp-image-34872 size-full\" src=\"https:\/\/mouldking.store\/wp-content\/uploads\/2022\/11\/LELE-LN1008.jpg\" alt=\" LELE LN1008 Legendary Fire Dragon Head Yanlong With 2713 Pieces\" width=\"788\" height=\"944\" title=\"-\" srcset=\"https:\/\/mouldking.store\/wp-content\/uploads\/2022\/11\/LELE-LN1008.jpg 788w, https:\/\/mouldking.store\/wp-content\/uploads\/2022\/11\/LELE-LN1008-250x300.jpg 250w, https:\/\/mouldking.store\/wp-content\/uploads\/2022\/11\/LELE-LN1008-768x920.jpg 768w, https:\/\/mouldking.store\/wp-content\/uploads\/2022\/11\/LELE-LN1008-300x359.jpg 300w, https:\/\/mouldking.store\/wp-content\/uploads\/2022\/11\/LELE-LN1008-600x719.jpg 600w, https:\/\/mouldking.store\/wp-content\/uploads\/2022\/11\/LELE-LN1008-125x150.jpg 125w, https:\/\/mouldking.store\/wp-content\/uploads\/2022\/11\/LELE-LN1008-50x60.jpg 50w, https:\/\/mouldking.store\/wp-content\/uploads\/2022\/11\/LELE-LN1008-75x90.jpg 75w\" sizes=\"(max-width: 788px) 100vw, 788px\" \/><figcaption id=\"caption-attachment-34872\" class=\"wp-caption-text\">LELE LN1008 Legendary Fire Dragon Head Yanlong With 2713 Pieces<\/figcaption><\/figure>","protected":false},"excerpt":{"rendered":"<p>Product information: Brand: LELE Gender: Unisex Name: Legendary Fire Dragon Head Yanlong Age Range: &gt; 6 years old Model Number: LN1008 Classification: Assemblage Plastic Block Shape: Self-Locking Bricks Material: Plastic Plastic Type: ABS Bricks Blocks:2713 PCS Size: 40x28x28cm Contains detailed assembly instructions. Notice: 1. Without an original box, but we guarantee our products have quality [&hellip;]<\/p>","protected":false},"featured_media":34866,"comment_status":"closed","ping_status":"closed","template":"","meta":{"_acf_changed":false},"product_cat":[1365],"product_tag":[1771,7172,7171,7174,7169,7168,7170,7173],"class_list":["product","first","outofstock","shipping-taxable","purchasable","product-type-simple"],"acf":[],"_links":{"self":[{"href":"https:\/\/mouldking.store\/hu\/wp-json\/wp\/v2\/product\/34865","targetHints":{"allow":["GET"]}}],"collection":[{"href":"https:\/\/mouldking.store\/hu\/wp-json\/wp\/v2\/product"}],"about":[{"href":"https:\/\/mouldking.store\/hu\/wp-json\/wp\/v2\/types\/product"}],"replies":[{"embeddable":true,"href":"https:\/\/mouldking.store\/hu\/wp-json\/wp\/v2\/comments?post=34865"}],"wp:featuredmedia":[{"embeddable":true,"href":"https:\/\/mouldking.store\/hu\/wp-json\/wp\/v2\/media\/34866"}],"wp:attachment":[{"href":"https:\/\/mouldking.store\/hu\/wp-json\/wp\/v2\/media?parent=34865"}],"wp:term":[{"taxonomy":"product_cat","embeddable":true,"href":"https:\/\/mouldking.store\/hu\/wp-json\/wp\/v2\/product_cat?post=34865"},{"taxonomy":"product_tag","embeddable":true,"href":"https:\/\/mouldking.store\/hu\/wp-json\/wp\/v2\/product_tag?post=34865"}],"curies":[{"name":"wp","href":"https:\/\/api.w.org\/{rel}","templated":true}]}}