{"id":34877,"date":"2022-11-08T12:29:19","date_gmt":"2022-11-08T05:29:19","guid":{"rendered":"https:\/\/mouldking.store\/?post_type=product&#038;p=34877"},"modified":"2022-11-08T12:29:19","modified_gmt":"2022-11-08T05:29:19","slug":"jie-star-6366-purple-lamborghini-sports-car-with-1212-pieces","status":"publish","type":"product","link":"https:\/\/mouldking.store\/hu\/shop\/jie-star-6366-purple-lamborghini-sports-car-with-1212-pieces\/","title":{"rendered":"JIE STAR 6366 lila Lamborghini sportaut\u00f3 1212 darabbal"},"content":{"rendered":"<p>Term\u00e9k inform\u00e1ci\u00f3:<\/p>\n<ol>\n<li>M\u00e1rka: JIE STAR<\/li>\n<li>Nem: Uniszex<\/li>\n<li>N\u00e9v: Lila Lamborghini Sportaut\u00f3<\/li>\n<li>Koroszt\u00e1ly: &gt; 6 \u00e9v<\/li>\n<li>Modellsz\u00e1m: 6366<\/li>\n<li>Besorol\u00e1s: \u00d6sszeszerel\u00e9s<\/li>\n<li>M\u0171anyag blokk forma: \u00f6nz\u00e1r\u00f3 t\u00e9gla<\/li>\n<li>Anyaga: M\u0171anyag<\/li>\n<li>M\u0171anyag t\u00edpus: ABS<\/li>\n<li>T\u00e9glablokkok: 1212 db<\/li>\n<li>M\u00e9rete: 35,7\u00d78,78 cm<\/li>\n<li>R\u00e9szletes \u00f6sszeszerel\u00e9si \u00fatmutat\u00f3t tartalmaz.<\/li>\n<\/ol>\n<p>\u00c9rtes\u00edt\u00e9s:<br \/>\n1. Eredeti doboz n\u00e9lk\u00fcl, de garant\u00e1ljuk, hogy term\u00e9keink min\u0151s\u00e9gbiztos\u00edt\u00e1ssal \u00e9s sz\u00e9p csomagol\u00e1ssal rendelkeznek.<br \/>\n2. Mint minden alkatr\u00e9szt, amelyet a sz\u00e1ll\u00edt\u00e1s el\u0151tt ellen\u0151rizt\u00fcnk, ez\u00e9rt ha \u00fagy tal\u00e1lja, hogy n\u00e9h\u00e1ny alkatr\u00e9sz hi\u00e1nyzik vagy s\u00e9r\u00fclt, ne agg\u00f3djon, \u00e9s k\u00e9rj\u00fck, vegye fel vel\u00fcnk a kapcsolatot, \u00e9s azonnal ingyenesen elk\u00fcldj\u00fck \u00d6nnek.<\/p>\n<figure id=\"attachment_34878\" aria-describedby=\"caption-attachment-34878\" style=\"width: 1024px\" class=\"wp-caption aligncenter\"><img fetchpriority=\"high\" decoding=\"async\" class=\"wp-image-34878 size-full\" src=\"https:\/\/mouldking.store\/wp-content\/uploads\/2022\/11\/JIE-STAR-6366-5.jpg\" alt=\"JIE STAR 6366 Purple Lamborghini Sports Car With 1212 Pieces\" width=\"1024\" height=\"1024\" title=\"-\" srcset=\"https:\/\/mouldking.store\/wp-content\/uploads\/2022\/11\/JIE-STAR-6366-5.jpg 1024w, https:\/\/mouldking.store\/wp-content\/uploads\/2022\/11\/JIE-STAR-6366-5-300x300.jpg 300w, https:\/\/mouldking.store\/wp-content\/uploads\/2022\/11\/JIE-STAR-6366-5-768x768.jpg 768w, https:\/\/mouldking.store\/wp-content\/uploads\/2022\/11\/JIE-STAR-6366-5-600x600.jpg 600w, https:\/\/mouldking.store\/wp-content\/uploads\/2022\/11\/JIE-STAR-6366-5-150x150.jpg 150w, https:\/\/mouldking.store\/wp-content\/uploads\/2022\/11\/JIE-STAR-6366-5-60x60.jpg 60w, https:\/\/mouldking.store\/wp-content\/uploads\/2022\/11\/JIE-STAR-6366-5-90x90.jpg 90w\" sizes=\"(max-width: 1024px) 100vw, 1024px\" \/><figcaption id=\"caption-attachment-34878\" class=\"wp-caption-text\">JIE STAR 6366 lila Lamborghini sportaut\u00f3 1212 darabbal<\/figcaption><\/figure>\n<figure id=\"attachment_34879\" aria-describedby=\"caption-attachment-34879\" style=\"width: 800px\" class=\"wp-caption aligncenter\"><img decoding=\"async\" class=\"wp-image-34879 size-full\" src=\"https:\/\/mouldking.store\/wp-content\/uploads\/2022\/11\/JIE-STAR-6366-4.jpg\" alt=\"JIE STAR 6366 Purple Lamborghini Sports Car With 1212 Pieces\" width=\"800\" height=\"800\" title=\"-\" srcset=\"https:\/\/mouldking.store\/wp-content\/uploads\/2022\/11\/JIE-STAR-6366-4.jpg 800w, https:\/\/mouldking.store\/wp-content\/uploads\/2022\/11\/JIE-STAR-6366-4-300x300.jpg 300w, https:\/\/mouldking.store\/wp-content\/uploads\/2022\/11\/JIE-STAR-6366-4-768x768.jpg 768w, https:\/\/mouldking.store\/wp-content\/uploads\/2022\/11\/JIE-STAR-6366-4-600x600.jpg 600w, https:\/\/mouldking.store\/wp-content\/uploads\/2022\/11\/JIE-STAR-6366-4-150x150.jpg 150w, https:\/\/mouldking.store\/wp-content\/uploads\/2022\/11\/JIE-STAR-6366-4-60x60.jpg 60w, https:\/\/mouldking.store\/wp-content\/uploads\/2022\/11\/JIE-STAR-6366-4-90x90.jpg 90w\" sizes=\"(max-width: 800px) 100vw, 800px\" \/><figcaption id=\"caption-attachment-34879\" class=\"wp-caption-text\">JIE STAR 6366 lila Lamborghini sportaut\u00f3 1212 darabbal<\/figcaption><\/figure>\n<figure id=\"attachment_34880\" aria-describedby=\"caption-attachment-34880\" style=\"width: 819px\" class=\"wp-caption aligncenter\"><img decoding=\"async\" class=\"wp-image-34880 size-full\" src=\"https:\/\/mouldking.store\/wp-content\/uploads\/2022\/11\/JIE-STAR-6366-3.jpg\" alt=\"JIE STAR 6366 Purple Lamborghini Sports Car With 1212 Pieces\" width=\"819\" height=\"1024\" title=\"-\" srcset=\"https:\/\/mouldking.store\/wp-content\/uploads\/2022\/11\/JIE-STAR-6366-3.jpg 819w, https:\/\/mouldking.store\/wp-content\/uploads\/2022\/11\/JIE-STAR-6366-3-240x300.jpg 240w, https:\/\/mouldking.store\/wp-content\/uploads\/2022\/11\/JIE-STAR-6366-3-768x960.jpg 768w, https:\/\/mouldking.store\/wp-content\/uploads\/2022\/11\/JIE-STAR-6366-3-300x375.jpg 300w, https:\/\/mouldking.store\/wp-content\/uploads\/2022\/11\/JIE-STAR-6366-3-600x750.jpg 600w, https:\/\/mouldking.store\/wp-content\/uploads\/2022\/11\/JIE-STAR-6366-3-120x150.jpg 120w, https:\/\/mouldking.store\/wp-content\/uploads\/2022\/11\/JIE-STAR-6366-3-48x60.jpg 48w, https:\/\/mouldking.store\/wp-content\/uploads\/2022\/11\/JIE-STAR-6366-3-72x90.jpg 72w\" sizes=\"(max-width: 819px) 100vw, 819px\" \/><figcaption id=\"caption-attachment-34880\" class=\"wp-caption-text\">JIE STAR 6366 lila Lamborghini sportaut\u00f3 1212 darabbal<\/figcaption><\/figure>\n<figure id=\"attachment_34881\" aria-describedby=\"caption-attachment-34881\" style=\"width: 620px\" class=\"wp-caption aligncenter\"><img loading=\"lazy\" decoding=\"async\" class=\"wp-image-34881 size-full\" src=\"https:\/\/mouldking.store\/wp-content\/uploads\/2022\/11\/JIE-STAR-6366-2.jpg\" alt=\"JIE STAR 6366 Purple Lamborghini Sports Car With 1212 Pieces\" width=\"620\" height=\"1024\" title=\"-\" srcset=\"https:\/\/mouldking.store\/wp-content\/uploads\/2022\/11\/JIE-STAR-6366-2.jpg 620w, https:\/\/mouldking.store\/wp-content\/uploads\/2022\/11\/JIE-STAR-6366-2-182x300.jpg 182w, https:\/\/mouldking.store\/wp-content\/uploads\/2022\/11\/JIE-STAR-6366-2-300x495.jpg 300w, https:\/\/mouldking.store\/wp-content\/uploads\/2022\/11\/JIE-STAR-6366-2-600x991.jpg 600w, https:\/\/mouldking.store\/wp-content\/uploads\/2022\/11\/JIE-STAR-6366-2-91x150.jpg 91w, https:\/\/mouldking.store\/wp-content\/uploads\/2022\/11\/JIE-STAR-6366-2-36x60.jpg 36w, https:\/\/mouldking.store\/wp-content\/uploads\/2022\/11\/JIE-STAR-6366-2-54x90.jpg 54w\" sizes=\"(max-width: 620px) 100vw, 620px\" \/><figcaption id=\"caption-attachment-34881\" class=\"wp-caption-text\">JIE STAR 6366 lila Lamborghini sportaut\u00f3 1212 darabbal<\/figcaption><\/figure>\n<figure id=\"attachment_34882\" aria-describedby=\"caption-attachment-34882\" style=\"width: 1024px\" class=\"wp-caption aligncenter\"><img loading=\"lazy\" decoding=\"async\" class=\"wp-image-34882 size-full\" src=\"https:\/\/mouldking.store\/wp-content\/uploads\/2022\/11\/JIE-STAR-6366.jpg\" alt=\"JIE STAR 6366 Purple Lamborghini Sports Car With 1212 Pieces\" width=\"1024\" height=\"1024\" title=\"-\" srcset=\"https:\/\/mouldking.store\/wp-content\/uploads\/2022\/11\/JIE-STAR-6366.jpg 1024w, https:\/\/mouldking.store\/wp-content\/uploads\/2022\/11\/JIE-STAR-6366-300x300.jpg 300w, https:\/\/mouldking.store\/wp-content\/uploads\/2022\/11\/JIE-STAR-6366-768x768.jpg 768w, https:\/\/mouldking.store\/wp-content\/uploads\/2022\/11\/JIE-STAR-6366-600x600.jpg 600w, https:\/\/mouldking.store\/wp-content\/uploads\/2022\/11\/JIE-STAR-6366-150x150.jpg 150w, https:\/\/mouldking.store\/wp-content\/uploads\/2022\/11\/JIE-STAR-6366-60x60.jpg 60w, https:\/\/mouldking.store\/wp-content\/uploads\/2022\/11\/JIE-STAR-6366-90x90.jpg 90w\" sizes=\"(max-width: 1024px) 100vw, 1024px\" \/><figcaption id=\"caption-attachment-34882\" class=\"wp-caption-text\">JIE STAR 6366 lila Lamborghini sportaut\u00f3 1212 darabbal<\/figcaption><\/figure>","protected":false},"excerpt":{"rendered":"<p>Product information: Brand: JIE STAR Gender: Unisex Name: Purple Lamborghini Sports Car Age Range: &gt; 6 years old Model Number: 6366 Classification: Assemblage Plastic Block Shape: Self-Locking Bricks Material: Plastic Plastic Type: ABS Bricks Blocks:1212 PCS Size: 35.7\u00d78.78cm Contains detailed assembly instructions. Notice: 1. Without an original box, but we guarantee our products have quality [&hellip;]<\/p>","protected":false},"featured_media":34878,"comment_status":"closed","ping_status":"closed","template":"","meta":{"_acf_changed":false},"product_cat":[1357],"product_tag":[7180,2256,7182,7179,596,7181,7183,7184,5166],"class_list":["product","first","instock","shipping-taxable","purchasable","product-type-simple"],"acf":[],"_links":{"self":[{"href":"https:\/\/mouldking.store\/hu\/wp-json\/wp\/v2\/product\/34877","targetHints":{"allow":["GET"]}}],"collection":[{"href":"https:\/\/mouldking.store\/hu\/wp-json\/wp\/v2\/product"}],"about":[{"href":"https:\/\/mouldking.store\/hu\/wp-json\/wp\/v2\/types\/product"}],"replies":[{"embeddable":true,"href":"https:\/\/mouldking.store\/hu\/wp-json\/wp\/v2\/comments?post=34877"}],"wp:featuredmedia":[{"embeddable":true,"href":"https:\/\/mouldking.store\/hu\/wp-json\/wp\/v2\/media\/34878"}],"wp:attachment":[{"href":"https:\/\/mouldking.store\/hu\/wp-json\/wp\/v2\/media?parent=34877"}],"wp:term":[{"taxonomy":"product_cat","embeddable":true,"href":"https:\/\/mouldking.store\/hu\/wp-json\/wp\/v2\/product_cat?post=34877"},{"taxonomy":"product_tag","embeddable":true,"href":"https:\/\/mouldking.store\/hu\/wp-json\/wp\/v2\/product_tag?post=34877"}],"curies":[{"name":"wp","href":"https:\/\/api.w.org\/{rel}","templated":true}]}}