{"id":35020,"date":"2022-11-17T17:15:41","date_gmt":"2022-11-17T10:15:41","guid":{"rendered":"https:\/\/mouldking.store\/?post_type=product&#038;p=35020"},"modified":"2022-11-17T17:15:41","modified_gmt":"2022-11-17T10:15:41","slug":"mould-king-13154-red-double-sided-vehicle-with-836-pieces","status":"publish","type":"product","link":"https:\/\/mouldking.store\/hu\/shop\/mould-king-13154-red-double-sided-vehicle-with-836-pieces\/","title":{"rendered":"MOLD KING 13154 piros k\u00e9toldalas j\u00e1rm\u0171 836 darabbal"},"content":{"rendered":"<p>Term\u00e9k inform\u00e1ci\u00f3:<\/p>\n<ol>\n<li>M\u00e1rka: MOLD KING<\/li>\n<li>Nem: Uniszex<\/li>\n<li>Name: Red Double-sided Vehicle<\/li>\n<li>Koroszt\u00e1ly: &gt; 6 \u00e9v<\/li>\n<li>Model Number: 13154<\/li>\n<li>Besorol\u00e1s: \u00d6sszeszerel\u00e9s<\/li>\n<li>M\u0171anyag blokk forma: \u00f6nz\u00e1r\u00f3 t\u00e9gla<\/li>\n<li>Anyaga: M\u0171anyag<\/li>\n<li>M\u0171anyag t\u00edpus: ABS<\/li>\n<li>Bricks Blocks:836 PCS<\/li>\n<li>Size: 26.4 \u00d7 16 \u00d7 11.4 cm<\/li>\n<li>R\u00e9szletes \u00f6sszeszerel\u00e9si \u00fatmutat\u00f3t tartalmaz.<\/li>\n<\/ol>\n<p>\u00c9rtes\u00edt\u00e9s:<br \/>\n1. Eredeti doboz n\u00e9lk\u00fcl, de garant\u00e1ljuk, hogy term\u00e9keink min\u0151s\u00e9gbiztos\u00edt\u00e1ssal \u00e9s sz\u00e9p csomagol\u00e1ssal rendelkeznek.<br \/>\n2. Mint minden alkatr\u00e9szt, amelyet a sz\u00e1ll\u00edt\u00e1s el\u0151tt ellen\u0151rizt\u00fcnk, ez\u00e9rt ha \u00fagy tal\u00e1lja, hogy n\u00e9h\u00e1ny alkatr\u00e9sz hi\u00e1nyzik vagy s\u00e9r\u00fclt, ne agg\u00f3djon, \u00e9s k\u00e9rj\u00fck, vegye fel vel\u00fcnk a kapcsolatot, \u00e9s azonnal ingyenesen elk\u00fcldj\u00fck \u00d6nnek.<\/p>\n<figure id=\"attachment_35021\" aria-describedby=\"caption-attachment-35021\" style=\"width: 768px\" class=\"wp-caption aligncenter\"><img fetchpriority=\"high\" decoding=\"async\" class=\"wp-image-35021 size-full\" src=\"https:\/\/mouldking.store\/wp-content\/uploads\/2022\/11\/MK13154-1-4503-768x768-1.jpg\" alt=\"MOULD KING 13154 Red Double-sided Vehicle With 836 Pieces\" width=\"768\" height=\"768\" title=\"-\" srcset=\"https:\/\/mouldking.store\/wp-content\/uploads\/2022\/11\/MK13154-1-4503-768x768-1.jpg 768w, https:\/\/mouldking.store\/wp-content\/uploads\/2022\/11\/MK13154-1-4503-768x768-1-300x300.jpg 300w, https:\/\/mouldking.store\/wp-content\/uploads\/2022\/11\/MK13154-1-4503-768x768-1-600x600.jpg 600w, https:\/\/mouldking.store\/wp-content\/uploads\/2022\/11\/MK13154-1-4503-768x768-1-150x150.jpg 150w, https:\/\/mouldking.store\/wp-content\/uploads\/2022\/11\/MK13154-1-4503-768x768-1-60x60.jpg 60w, https:\/\/mouldking.store\/wp-content\/uploads\/2022\/11\/MK13154-1-4503-768x768-1-90x90.jpg 90w\" sizes=\"(max-width: 768px) 100vw, 768px\" \/><figcaption id=\"caption-attachment-35021\" class=\"wp-caption-text\">MOLD KING 13154 piros k\u00e9toldalas j\u00e1rm\u0171 836 darabbal<\/figcaption><\/figure>\n<figure id=\"attachment_35022\" aria-describedby=\"caption-attachment-35022\" style=\"width: 768px\" class=\"wp-caption aligncenter\"><img decoding=\"async\" class=\"wp-image-35022 size-full\" src=\"https:\/\/mouldking.store\/wp-content\/uploads\/2022\/11\/MK13154-2-09ed-768x768-1.jpg\" alt=\"MOULD KING 13154 Red Double-sided Vehicle With 836 Pieces\" width=\"768\" height=\"768\" title=\"-\" srcset=\"https:\/\/mouldking.store\/wp-content\/uploads\/2022\/11\/MK13154-2-09ed-768x768-1.jpg 768w, https:\/\/mouldking.store\/wp-content\/uploads\/2022\/11\/MK13154-2-09ed-768x768-1-300x300.jpg 300w, https:\/\/mouldking.store\/wp-content\/uploads\/2022\/11\/MK13154-2-09ed-768x768-1-600x600.jpg 600w, https:\/\/mouldking.store\/wp-content\/uploads\/2022\/11\/MK13154-2-09ed-768x768-1-150x150.jpg 150w, https:\/\/mouldking.store\/wp-content\/uploads\/2022\/11\/MK13154-2-09ed-768x768-1-60x60.jpg 60w, https:\/\/mouldking.store\/wp-content\/uploads\/2022\/11\/MK13154-2-09ed-768x768-1-90x90.jpg 90w\" sizes=\"(max-width: 768px) 100vw, 768px\" \/><figcaption id=\"caption-attachment-35022\" class=\"wp-caption-text\">MOLD KING 13154 piros k\u00e9toldalas j\u00e1rm\u0171 836 darabbal<\/figcaption><\/figure>\n<figure id=\"attachment_35023\" aria-describedby=\"caption-attachment-35023\" style=\"width: 768px\" class=\"wp-caption aligncenter\"><img decoding=\"async\" class=\"wp-image-35023 size-full\" src=\"https:\/\/mouldking.store\/wp-content\/uploads\/2022\/11\/MK13154-3-6690-768x768-1.jpg\" alt=\"MOULD KING 13154 Red Double-sided Vehicle With 836 Pieces\" width=\"768\" height=\"768\" title=\"-\" srcset=\"https:\/\/mouldking.store\/wp-content\/uploads\/2022\/11\/MK13154-3-6690-768x768-1.jpg 768w, https:\/\/mouldking.store\/wp-content\/uploads\/2022\/11\/MK13154-3-6690-768x768-1-300x300.jpg 300w, https:\/\/mouldking.store\/wp-content\/uploads\/2022\/11\/MK13154-3-6690-768x768-1-600x600.jpg 600w, https:\/\/mouldking.store\/wp-content\/uploads\/2022\/11\/MK13154-3-6690-768x768-1-150x150.jpg 150w, https:\/\/mouldking.store\/wp-content\/uploads\/2022\/11\/MK13154-3-6690-768x768-1-60x60.jpg 60w, https:\/\/mouldking.store\/wp-content\/uploads\/2022\/11\/MK13154-3-6690-768x768-1-90x90.jpg 90w\" sizes=\"(max-width: 768px) 100vw, 768px\" \/><figcaption id=\"caption-attachment-35023\" class=\"wp-caption-text\">MOLD KING 13154 piros k\u00e9toldalas j\u00e1rm\u0171 836 darabbal<\/figcaption><\/figure>\n<figure id=\"attachment_35024\" aria-describedby=\"caption-attachment-35024\" style=\"width: 768px\" class=\"wp-caption aligncenter\"><img loading=\"lazy\" decoding=\"async\" class=\"wp-image-35024 size-full\" src=\"https:\/\/mouldking.store\/wp-content\/uploads\/2022\/11\/MK13154-4-5c20-768x768-1.jpg\" alt=\"MOULD KING 13154 Red Double-sided Vehicle With 836 Pieces\" width=\"768\" height=\"768\" title=\"-\" srcset=\"https:\/\/mouldking.store\/wp-content\/uploads\/2022\/11\/MK13154-4-5c20-768x768-1.jpg 768w, https:\/\/mouldking.store\/wp-content\/uploads\/2022\/11\/MK13154-4-5c20-768x768-1-300x300.jpg 300w, https:\/\/mouldking.store\/wp-content\/uploads\/2022\/11\/MK13154-4-5c20-768x768-1-600x600.jpg 600w, https:\/\/mouldking.store\/wp-content\/uploads\/2022\/11\/MK13154-4-5c20-768x768-1-150x150.jpg 150w, https:\/\/mouldking.store\/wp-content\/uploads\/2022\/11\/MK13154-4-5c20-768x768-1-60x60.jpg 60w, https:\/\/mouldking.store\/wp-content\/uploads\/2022\/11\/MK13154-4-5c20-768x768-1-90x90.jpg 90w\" sizes=\"(max-width: 768px) 100vw, 768px\" \/><figcaption id=\"caption-attachment-35024\" class=\"wp-caption-text\">MOLD KING 13154 piros k\u00e9toldalas j\u00e1rm\u0171 836 darabbal<\/figcaption><\/figure>\n<figure id=\"attachment_35025\" aria-describedby=\"caption-attachment-35025\" style=\"width: 768px\" class=\"wp-caption aligncenter\"><img loading=\"lazy\" decoding=\"async\" class=\"wp-image-35025 size-full\" src=\"https:\/\/mouldking.store\/wp-content\/uploads\/2022\/11\/MK13154-5-1a1e-768x768-1.jpg\" alt=\"MOULD KING 13154 Red Double-sided Vehicle With 836 Pieces\" width=\"768\" height=\"768\" title=\"-\" srcset=\"https:\/\/mouldking.store\/wp-content\/uploads\/2022\/11\/MK13154-5-1a1e-768x768-1.jpg 768w, https:\/\/mouldking.store\/wp-content\/uploads\/2022\/11\/MK13154-5-1a1e-768x768-1-300x300.jpg 300w, https:\/\/mouldking.store\/wp-content\/uploads\/2022\/11\/MK13154-5-1a1e-768x768-1-600x600.jpg 600w, https:\/\/mouldking.store\/wp-content\/uploads\/2022\/11\/MK13154-5-1a1e-768x768-1-150x150.jpg 150w, https:\/\/mouldking.store\/wp-content\/uploads\/2022\/11\/MK13154-5-1a1e-768x768-1-60x60.jpg 60w, https:\/\/mouldking.store\/wp-content\/uploads\/2022\/11\/MK13154-5-1a1e-768x768-1-90x90.jpg 90w\" sizes=\"(max-width: 768px) 100vw, 768px\" \/><figcaption id=\"caption-attachment-35025\" class=\"wp-caption-text\">MOLD KING 13154 piros k\u00e9toldalas j\u00e1rm\u0171 836 darabbal<\/figcaption><\/figure>","protected":false},"excerpt":{"rendered":"<p>Product information: Brand: MOULD KING Gender: Unisex Name: Red Double-sided Vehicle Age Range: &gt; 6 years old Model Number: 13154 Classification: Assemblage Plastic Block Shape: Self-Locking Bricks Material: Plastic Plastic Type: ABS Bricks Blocks:836 PCS Size: 26.4 \u00d7 16 \u00d7 11.4 cm Contains detailed assembly instructions. Notice: 1. Without an original box, but we guarantee [&hellip;]<\/p>","protected":false},"featured_media":35021,"comment_status":"closed","ping_status":"closed","template":"","meta":{"_acf_changed":false},"product_cat":[1357],"product_tag":[7271,7272,615,7274,7275,7270,7273],"class_list":["product","first","instock","shipping-taxable","purchasable","product-type-simple"],"acf":[],"_links":{"self":[{"href":"https:\/\/mouldking.store\/hu\/wp-json\/wp\/v2\/product\/35020","targetHints":{"allow":["GET"]}}],"collection":[{"href":"https:\/\/mouldking.store\/hu\/wp-json\/wp\/v2\/product"}],"about":[{"href":"https:\/\/mouldking.store\/hu\/wp-json\/wp\/v2\/types\/product"}],"replies":[{"embeddable":true,"href":"https:\/\/mouldking.store\/hu\/wp-json\/wp\/v2\/comments?post=35020"}],"wp:featuredmedia":[{"embeddable":true,"href":"https:\/\/mouldking.store\/hu\/wp-json\/wp\/v2\/media\/35021"}],"wp:attachment":[{"href":"https:\/\/mouldking.store\/hu\/wp-json\/wp\/v2\/media?parent=35020"}],"wp:term":[{"taxonomy":"product_cat","embeddable":true,"href":"https:\/\/mouldking.store\/hu\/wp-json\/wp\/v2\/product_cat?post=35020"},{"taxonomy":"product_tag","embeddable":true,"href":"https:\/\/mouldking.store\/hu\/wp-json\/wp\/v2\/product_tag?post=35020"}],"curies":[{"name":"wp","href":"https:\/\/api.w.org\/{rel}","templated":true}]}}