{"id":35089,"date":"2022-11-18T09:41:23","date_gmt":"2022-11-18T02:41:23","guid":{"rendered":"https:\/\/mouldking.store\/?post_type=product&#038;p=35089"},"modified":"2022-11-18T09:41:24","modified_gmt":"2022-11-18T02:41:24","slug":"tgl-t3034-nordic-blue-bugatti-with-619-pieces","status":"publish","type":"product","link":"https:\/\/mouldking.store\/hu\/shop\/tgl-t3034-nordic-blue-bugatti-with-619-pieces\/","title":{"rendered":"TGL T3034 Nordic Blue Bugatti 619 darabbal"},"content":{"rendered":"<p>Term\u00e9k inform\u00e1ci\u00f3:<\/p>\n<ol>\n<li>M\u00e1rka: TGL<\/li>\n<li>Nem: Uniszex<\/li>\n<li>N\u00e9v: Nordic Blue Bugatti<\/li>\n<li>Koroszt\u00e1ly: &gt; 6 \u00e9v<\/li>\n<li>Modellsz\u00e1m: T3034<\/li>\n<li>Besorol\u00e1s: \u00d6sszeszerel\u00e9s<\/li>\n<li>M\u0171anyag blokk forma: \u00f6nz\u00e1r\u00f3 t\u00e9gla<\/li>\n<li>Anyaga: M\u0171anyag<\/li>\n<li>M\u0171anyag t\u00edpus: ABS<\/li>\n<li>T\u00e9gla blokkok: 619 DB<\/li>\n<li>M\u00e9rete: 33,6 \u00d7 12,4 \u00d7 16 cm<\/li>\n<li>R\u00e9szletes \u00f6sszeszerel\u00e9si \u00fatmutat\u00f3t tartalmaz.<\/li>\n<\/ol>\n<p>\u00c9rtes\u00edt\u00e9s:<br \/>\n1. Eredeti doboz n\u00e9lk\u00fcl, de garant\u00e1ljuk, hogy term\u00e9keink min\u0151s\u00e9gbiztos\u00edt\u00e1ssal \u00e9s sz\u00e9p csomagol\u00e1ssal rendelkeznek.<br \/>\n2. Mint minden alkatr\u00e9szt, amelyet a sz\u00e1ll\u00edt\u00e1s el\u0151tt ellen\u0151rizt\u00fcnk, ez\u00e9rt ha \u00fagy tal\u00e1lja, hogy n\u00e9h\u00e1ny alkatr\u00e9sz hi\u00e1nyzik vagy s\u00e9r\u00fclt, ne agg\u00f3djon, \u00e9s k\u00e9rj\u00fck, vegye fel vel\u00fcnk a kapcsolatot, \u00e9s azonnal ingyenesen elk\u00fcldj\u00fck \u00d6nnek.<\/p>\n<figure id=\"attachment_35090\" aria-describedby=\"caption-attachment-35090\" style=\"width: 768px\" class=\"wp-caption aligncenter\"><img fetchpriority=\"high\" decoding=\"async\" class=\"wp-image-35090 size-full\" src=\"https:\/\/mouldking.store\/wp-content\/uploads\/2022\/11\/nordic-blue-bugatti-technician-tgl-t3034-with-619-pieces-768x773-1.jpg\" alt=\"TGL T3034 Nordic Blue Bugatti With 619 Pieces\" width=\"768\" height=\"773\" title=\"-\" srcset=\"https:\/\/mouldking.store\/wp-content\/uploads\/2022\/11\/nordic-blue-bugatti-technician-tgl-t3034-with-619-pieces-768x773-1.jpg 768w, https:\/\/mouldking.store\/wp-content\/uploads\/2022\/11\/nordic-blue-bugatti-technician-tgl-t3034-with-619-pieces-768x773-1-298x300.jpg 298w, https:\/\/mouldking.store\/wp-content\/uploads\/2022\/11\/nordic-blue-bugatti-technician-tgl-t3034-with-619-pieces-768x773-1-300x302.jpg 300w, https:\/\/mouldking.store\/wp-content\/uploads\/2022\/11\/nordic-blue-bugatti-technician-tgl-t3034-with-619-pieces-768x773-1-600x604.jpg 600w, https:\/\/mouldking.store\/wp-content\/uploads\/2022\/11\/nordic-blue-bugatti-technician-tgl-t3034-with-619-pieces-768x773-1-150x150.jpg 150w, https:\/\/mouldking.store\/wp-content\/uploads\/2022\/11\/nordic-blue-bugatti-technician-tgl-t3034-with-619-pieces-768x773-1-60x60.jpg 60w, https:\/\/mouldking.store\/wp-content\/uploads\/2022\/11\/nordic-blue-bugatti-technician-tgl-t3034-with-619-pieces-768x773-1-89x90.jpg 89w\" sizes=\"(max-width: 768px) 100vw, 768px\" \/><figcaption id=\"caption-attachment-35090\" class=\"wp-caption-text\">TGL T3034 Nordic Blue Bugatti 619 darabbal<\/figcaption><\/figure>\n<figure id=\"attachment_35091\" aria-describedby=\"caption-attachment-35091\" style=\"width: 768px\" class=\"wp-caption aligncenter\"><img decoding=\"async\" class=\"wp-image-35091 size-full\" src=\"https:\/\/mouldking.store\/wp-content\/uploads\/2022\/11\/nordic-blue-bugatti-technician-tgl-t3034-with-619-pieces-1-768x759-1.jpg\" alt=\"TGL T3034 Nordic Blue Bugatti With 619 Pieces\" width=\"768\" height=\"759\" title=\"-\" srcset=\"https:\/\/mouldking.store\/wp-content\/uploads\/2022\/11\/nordic-blue-bugatti-technician-tgl-t3034-with-619-pieces-1-768x759-1.jpg 768w, https:\/\/mouldking.store\/wp-content\/uploads\/2022\/11\/nordic-blue-bugatti-technician-tgl-t3034-with-619-pieces-1-768x759-1-300x296.jpg 300w, https:\/\/mouldking.store\/wp-content\/uploads\/2022\/11\/nordic-blue-bugatti-technician-tgl-t3034-with-619-pieces-1-768x759-1-600x593.jpg 600w, https:\/\/mouldking.store\/wp-content\/uploads\/2022\/11\/nordic-blue-bugatti-technician-tgl-t3034-with-619-pieces-1-768x759-1-150x148.jpg 150w, https:\/\/mouldking.store\/wp-content\/uploads\/2022\/11\/nordic-blue-bugatti-technician-tgl-t3034-with-619-pieces-1-768x759-1-61x60.jpg 61w, https:\/\/mouldking.store\/wp-content\/uploads\/2022\/11\/nordic-blue-bugatti-technician-tgl-t3034-with-619-pieces-1-768x759-1-91x90.jpg 91w\" sizes=\"(max-width: 768px) 100vw, 768px\" \/><figcaption id=\"caption-attachment-35091\" class=\"wp-caption-text\">TGL T3034 Nordic Blue Bugatti 619 darabbal<\/figcaption><\/figure>\n<figure id=\"attachment_35092\" aria-describedby=\"caption-attachment-35092\" style=\"width: 768px\" class=\"wp-caption aligncenter\"><img decoding=\"async\" class=\"wp-image-35092 size-full\" src=\"https:\/\/mouldking.store\/wp-content\/uploads\/2022\/11\/nordic-blue-bugatti-technician-tgl-t3034-with-619-pieces-2-768x757-1.jpg\" alt=\"TGL T3034 Nordic Blue Bugatti With 619 Pieces\" width=\"768\" height=\"757\" title=\"-\" srcset=\"https:\/\/mouldking.store\/wp-content\/uploads\/2022\/11\/nordic-blue-bugatti-technician-tgl-t3034-with-619-pieces-2-768x757-1.jpg 768w, https:\/\/mouldking.store\/wp-content\/uploads\/2022\/11\/nordic-blue-bugatti-technician-tgl-t3034-with-619-pieces-2-768x757-1-300x296.jpg 300w, https:\/\/mouldking.store\/wp-content\/uploads\/2022\/11\/nordic-blue-bugatti-technician-tgl-t3034-with-619-pieces-2-768x757-1-600x591.jpg 600w, https:\/\/mouldking.store\/wp-content\/uploads\/2022\/11\/nordic-blue-bugatti-technician-tgl-t3034-with-619-pieces-2-768x757-1-150x148.jpg 150w, https:\/\/mouldking.store\/wp-content\/uploads\/2022\/11\/nordic-blue-bugatti-technician-tgl-t3034-with-619-pieces-2-768x757-1-61x60.jpg 61w, https:\/\/mouldking.store\/wp-content\/uploads\/2022\/11\/nordic-blue-bugatti-technician-tgl-t3034-with-619-pieces-2-768x757-1-91x90.jpg 91w\" sizes=\"(max-width: 768px) 100vw, 768px\" \/><figcaption id=\"caption-attachment-35092\" class=\"wp-caption-text\">TGL T3034 Nordic Blue Bugatti 619 darabbal<\/figcaption><\/figure>","protected":false},"excerpt":{"rendered":"<p>Product information: Brand: TGL Gender: Unisex Name: Nordic Blue Bugatti Age Range: &gt; 6 years old Model Number: T3034 Classification: Assemblage Plastic Block Shape: Self-Locking Bricks Material: Plastic Plastic Type: ABS Bricks Blocks:619 PCS Size:33.6 \u00d7 12.4 \u00d7 16 cm Contains detailed assembly instructions. Notice: 1. Without an original box, but we guarantee our products [&hellip;]<\/p>","protected":false},"featured_media":35090,"comment_status":"closed","ping_status":"closed","template":"","meta":{"_acf_changed":false},"product_cat":[1357],"product_tag":[1730,7327,7329,7326,2739,7328,7330,7325],"class_list":["product","first","instock","shipping-taxable","purchasable","product-type-simple"],"acf":[],"_links":{"self":[{"href":"https:\/\/mouldking.store\/hu\/wp-json\/wp\/v2\/product\/35089","targetHints":{"allow":["GET"]}}],"collection":[{"href":"https:\/\/mouldking.store\/hu\/wp-json\/wp\/v2\/product"}],"about":[{"href":"https:\/\/mouldking.store\/hu\/wp-json\/wp\/v2\/types\/product"}],"replies":[{"embeddable":true,"href":"https:\/\/mouldking.store\/hu\/wp-json\/wp\/v2\/comments?post=35089"}],"wp:featuredmedia":[{"embeddable":true,"href":"https:\/\/mouldking.store\/hu\/wp-json\/wp\/v2\/media\/35090"}],"wp:attachment":[{"href":"https:\/\/mouldking.store\/hu\/wp-json\/wp\/v2\/media?parent=35089"}],"wp:term":[{"taxonomy":"product_cat","embeddable":true,"href":"https:\/\/mouldking.store\/hu\/wp-json\/wp\/v2\/product_cat?post=35089"},{"taxonomy":"product_tag","embeddable":true,"href":"https:\/\/mouldking.store\/hu\/wp-json\/wp\/v2\/product_tag?post=35089"}],"curies":[{"name":"wp","href":"https:\/\/api.w.org\/{rel}","templated":true}]}}