{"id":35093,"date":"2022-11-18T09:50:15","date_gmt":"2022-11-18T02:50:15","guid":{"rendered":"https:\/\/mouldking.store\/?post_type=product&#038;p=35093"},"modified":"2022-11-18T09:50:15","modified_gmt":"2022-11-18T02:50:15","slug":"tgl-t3035-ducati-diavel-1260-lamborghini-with-658-pieces","status":"publish","type":"product","link":"https:\/\/mouldking.store\/hu\/shop\/tgl-t3035-ducati-diavel-1260-lamborghini-with-658-pieces\/","title":{"rendered":"TGL T3035 Ducati Diavel 1260 Lamborghini 658 darabbal"},"content":{"rendered":"<p>Term\u00e9k inform\u00e1ci\u00f3:<\/p>\n<ol>\n<li>M\u00e1rka: TGL<\/li>\n<li>Nem: Uniszex<\/li>\n<li>Name: Ducati Diavel 1260 Lamborghini<\/li>\n<li>Koroszt\u00e1ly: &gt; 6 \u00e9v<\/li>\n<li>Model Number: T3035<\/li>\n<li>Besorol\u00e1s: \u00d6sszeszerel\u00e9s<\/li>\n<li>M\u0171anyag blokk forma: \u00f6nz\u00e1r\u00f3 t\u00e9gla<\/li>\n<li>Anyaga: M\u0171anyag<\/li>\n<li>M\u0171anyag t\u00edpus: ABS<\/li>\n<li>Bricks Blocks:658 PCS<\/li>\n<li>Size: 35 \u00d7 9.5 \u00d7 17.5 cm<\/li>\n<li>R\u00e9szletes \u00f6sszeszerel\u00e9si \u00fatmutat\u00f3t tartalmaz.<\/li>\n<\/ol>\n<p>\u00c9rtes\u00edt\u00e9s:<br \/>\n1. Eredeti doboz n\u00e9lk\u00fcl, de garant\u00e1ljuk, hogy term\u00e9keink min\u0151s\u00e9gbiztos\u00edt\u00e1ssal \u00e9s sz\u00e9p csomagol\u00e1ssal rendelkeznek.<br \/>\n2. Mint minden alkatr\u00e9szt, amelyet a sz\u00e1ll\u00edt\u00e1s el\u0151tt ellen\u0151rizt\u00fcnk, ez\u00e9rt ha \u00fagy tal\u00e1lja, hogy n\u00e9h\u00e1ny alkatr\u00e9sz hi\u00e1nyzik vagy s\u00e9r\u00fclt, ne agg\u00f3djon, \u00e9s k\u00e9rj\u00fck, vegye fel vel\u00fcnk a kapcsolatot, \u00e9s azonnal ingyenesen elk\u00fcldj\u00fck \u00d6nnek.<\/p>\n<figure id=\"attachment_35094\" aria-describedby=\"caption-attachment-35094\" style=\"width: 768px\" class=\"wp-caption aligncenter\"><img fetchpriority=\"high\" decoding=\"async\" class=\"wp-image-35094 size-full\" src=\"https:\/\/mouldking.store\/wp-content\/uploads\/2022\/11\/tgl-t3035-ducati-diavel-1260-lamborghini-with-658-pieces-768x768-1.jpg\" alt=\"TGL T3035 Ducati Diavel 1260 Lamborghini with 658 pieces\" width=\"768\" height=\"768\" title=\"-\" srcset=\"https:\/\/mouldking.store\/wp-content\/uploads\/2022\/11\/tgl-t3035-ducati-diavel-1260-lamborghini-with-658-pieces-768x768-1.jpg 768w, https:\/\/mouldking.store\/wp-content\/uploads\/2022\/11\/tgl-t3035-ducati-diavel-1260-lamborghini-with-658-pieces-768x768-1-300x300.jpg 300w, https:\/\/mouldking.store\/wp-content\/uploads\/2022\/11\/tgl-t3035-ducati-diavel-1260-lamborghini-with-658-pieces-768x768-1-600x600.jpg 600w, https:\/\/mouldking.store\/wp-content\/uploads\/2022\/11\/tgl-t3035-ducati-diavel-1260-lamborghini-with-658-pieces-768x768-1-150x150.jpg 150w, https:\/\/mouldking.store\/wp-content\/uploads\/2022\/11\/tgl-t3035-ducati-diavel-1260-lamborghini-with-658-pieces-768x768-1-60x60.jpg 60w, https:\/\/mouldking.store\/wp-content\/uploads\/2022\/11\/tgl-t3035-ducati-diavel-1260-lamborghini-with-658-pieces-768x768-1-90x90.jpg 90w\" sizes=\"(max-width: 768px) 100vw, 768px\" \/><figcaption id=\"caption-attachment-35094\" class=\"wp-caption-text\">TGL T3035 Ducati Diavel 1260 Lamborghini 658 darabbal<\/figcaption><\/figure>\n<figure id=\"attachment_35095\" aria-describedby=\"caption-attachment-35095\" style=\"width: 768px\" class=\"wp-caption aligncenter\"><img decoding=\"async\" class=\"wp-image-35095 size-full\" src=\"https:\/\/mouldking.store\/wp-content\/uploads\/2022\/11\/tgl-t3035-ducati-diavel-1260-lamborghini-with-658-pieces-1-768x768-1.jpg\" alt=\"TGL T3035 Ducati Diavel 1260 Lamborghini with 658 pieces\" width=\"768\" height=\"768\" title=\"-\" srcset=\"https:\/\/mouldking.store\/wp-content\/uploads\/2022\/11\/tgl-t3035-ducati-diavel-1260-lamborghini-with-658-pieces-1-768x768-1.jpg 768w, https:\/\/mouldking.store\/wp-content\/uploads\/2022\/11\/tgl-t3035-ducati-diavel-1260-lamborghini-with-658-pieces-1-768x768-1-300x300.jpg 300w, https:\/\/mouldking.store\/wp-content\/uploads\/2022\/11\/tgl-t3035-ducati-diavel-1260-lamborghini-with-658-pieces-1-768x768-1-600x600.jpg 600w, https:\/\/mouldking.store\/wp-content\/uploads\/2022\/11\/tgl-t3035-ducati-diavel-1260-lamborghini-with-658-pieces-1-768x768-1-150x150.jpg 150w, https:\/\/mouldking.store\/wp-content\/uploads\/2022\/11\/tgl-t3035-ducati-diavel-1260-lamborghini-with-658-pieces-1-768x768-1-60x60.jpg 60w, https:\/\/mouldking.store\/wp-content\/uploads\/2022\/11\/tgl-t3035-ducati-diavel-1260-lamborghini-with-658-pieces-1-768x768-1-90x90.jpg 90w\" sizes=\"(max-width: 768px) 100vw, 768px\" \/><figcaption id=\"caption-attachment-35095\" class=\"wp-caption-text\">TGL T3035 Ducati Diavel 1260 Lamborghini 658 darabbal<\/figcaption><\/figure>\n<figure id=\"attachment_35096\" aria-describedby=\"caption-attachment-35096\" style=\"width: 768px\" class=\"wp-caption aligncenter\"><img decoding=\"async\" class=\"wp-image-35096 size-full\" src=\"https:\/\/mouldking.store\/wp-content\/uploads\/2022\/11\/tgl-t3035-ducati-diavel-1260-lamborghini-with-658-pieces-2-768x768-1.jpg\" alt=\"TGL T3035 Ducati Diavel 1260 Lamborghini with 658 pieces\" width=\"768\" height=\"768\" title=\"-\" srcset=\"https:\/\/mouldking.store\/wp-content\/uploads\/2022\/11\/tgl-t3035-ducati-diavel-1260-lamborghini-with-658-pieces-2-768x768-1.jpg 768w, https:\/\/mouldking.store\/wp-content\/uploads\/2022\/11\/tgl-t3035-ducati-diavel-1260-lamborghini-with-658-pieces-2-768x768-1-300x300.jpg 300w, https:\/\/mouldking.store\/wp-content\/uploads\/2022\/11\/tgl-t3035-ducati-diavel-1260-lamborghini-with-658-pieces-2-768x768-1-600x600.jpg 600w, https:\/\/mouldking.store\/wp-content\/uploads\/2022\/11\/tgl-t3035-ducati-diavel-1260-lamborghini-with-658-pieces-2-768x768-1-150x150.jpg 150w, https:\/\/mouldking.store\/wp-content\/uploads\/2022\/11\/tgl-t3035-ducati-diavel-1260-lamborghini-with-658-pieces-2-768x768-1-60x60.jpg 60w, https:\/\/mouldking.store\/wp-content\/uploads\/2022\/11\/tgl-t3035-ducati-diavel-1260-lamborghini-with-658-pieces-2-768x768-1-90x90.jpg 90w\" sizes=\"(max-width: 768px) 100vw, 768px\" \/><figcaption id=\"caption-attachment-35096\" class=\"wp-caption-text\">TGL T3035 Ducati Diavel 1260 Lamborghini 658 darabbal<\/figcaption><\/figure>","protected":false},"excerpt":{"rendered":"<p>Product information: Brand: TGL Gender: Unisex Name: Ducati Diavel 1260 Lamborghini Age Range: &gt; 6 years old Model Number: T3035 Classification: Assemblage Plastic Block Shape: Self-Locking Bricks Material: Plastic Plastic Type: ABS Bricks Blocks:658 PCS Size: 35 \u00d7 9.5 \u00d7 17.5 cm Contains detailed assembly instructions. Notice: 1. Without an original box, but we guarantee [&hellip;]<\/p>","protected":false},"featured_media":35094,"comment_status":"closed","ping_status":"closed","template":"","meta":{"_acf_changed":false},"product_cat":[1357],"product_tag":[5593,5553,7335,7334,596,7332,2739,7333,7336,7331],"class_list":["product","first","instock","shipping-taxable","purchasable","product-type-simple"],"acf":[],"_links":{"self":[{"href":"https:\/\/mouldking.store\/hu\/wp-json\/wp\/v2\/product\/35093","targetHints":{"allow":["GET"]}}],"collection":[{"href":"https:\/\/mouldking.store\/hu\/wp-json\/wp\/v2\/product"}],"about":[{"href":"https:\/\/mouldking.store\/hu\/wp-json\/wp\/v2\/types\/product"}],"replies":[{"embeddable":true,"href":"https:\/\/mouldking.store\/hu\/wp-json\/wp\/v2\/comments?post=35093"}],"wp:featuredmedia":[{"embeddable":true,"href":"https:\/\/mouldking.store\/hu\/wp-json\/wp\/v2\/media\/35094"}],"wp:attachment":[{"href":"https:\/\/mouldking.store\/hu\/wp-json\/wp\/v2\/media?parent=35093"}],"wp:term":[{"taxonomy":"product_cat","embeddable":true,"href":"https:\/\/mouldking.store\/hu\/wp-json\/wp\/v2\/product_cat?post=35093"},{"taxonomy":"product_tag","embeddable":true,"href":"https:\/\/mouldking.store\/hu\/wp-json\/wp\/v2\/product_tag?post=35093"}],"curies":[{"name":"wp","href":"https:\/\/api.w.org\/{rel}","templated":true}]}}