{"id":35132,"date":"2022-11-18T10:45:06","date_gmt":"2022-11-18T03:45:06","guid":{"rendered":"https:\/\/mouldking.store\/?post_type=product&#038;p=35132"},"modified":"2022-11-18T10:45:06","modified_gmt":"2022-11-18T03:45:06","slug":"balody-20025-dream-pianist-with-2621-pieces","status":"publish","type":"product","link":"https:\/\/mouldking.store\/hu\/shop\/balody-20025-dream-pianist-with-2621-pieces\/","title":{"rendered":"BALODY 20025 \u00c1lomzongorista 2621 darabbal"},"content":{"rendered":"<p>Term\u00e9k inform\u00e1ci\u00f3:<\/p>\n<ol>\n<li>M\u00e1rka: BALODY<\/li>\n<li>Nem: Uniszex<\/li>\n<li>Name: Dream Pianist<\/li>\n<li>Koroszt\u00e1ly: &gt; 6 \u00e9v<\/li>\n<li>Model Number: 20025<\/li>\n<li>Besorol\u00e1s: \u00d6sszeszerel\u00e9s<\/li>\n<li>M\u0171anyag blokk forma: \u00f6nz\u00e1r\u00f3 t\u00e9gla<\/li>\n<li>Anyaga: M\u0171anyag<\/li>\n<li>M\u0171anyag t\u00edpus: ABS<\/li>\n<li>Bricks Blocks:2621 PCS<\/li>\n<li>Size: \u00a030\u00d727.2\u00d723.5cm<\/li>\n<li>R\u00e9szletes \u00f6sszeszerel\u00e9si \u00fatmutat\u00f3t tartalmaz.<\/li>\n<\/ol>\n<p>\u00c9rtes\u00edt\u00e9s:<br \/>\n1. Eredeti doboz n\u00e9lk\u00fcl, de garant\u00e1ljuk, hogy term\u00e9keink min\u0151s\u00e9gbiztos\u00edt\u00e1ssal \u00e9s sz\u00e9p csomagol\u00e1ssal rendelkeznek.<br \/>\n2. Mint minden alkatr\u00e9szt, amelyet a sz\u00e1ll\u00edt\u00e1s el\u0151tt ellen\u0151rizt\u00fcnk, ez\u00e9rt ha \u00fagy tal\u00e1lja, hogy n\u00e9h\u00e1ny alkatr\u00e9sz hi\u00e1nyzik vagy s\u00e9r\u00fclt, ne agg\u00f3djon, \u00e9s k\u00e9rj\u00fck, vegye fel vel\u00fcnk a kapcsolatot, \u00e9s azonnal ingyenesen elk\u00fcldj\u00fck \u00d6nnek.<\/p>\n<figure id=\"attachment_35133\" aria-describedby=\"caption-attachment-35133\" style=\"width: 768px\" class=\"wp-caption aligncenter\"><img fetchpriority=\"high\" decoding=\"async\" class=\"wp-image-35133 size-full\" src=\"https:\/\/mouldking.store\/wp-content\/uploads\/2022\/11\/BALODY-20025-15.jpg\" alt=\"BALODY 20025 Dream Pianist With 2621 Pieces\" width=\"768\" height=\"768\" title=\"-\" srcset=\"https:\/\/mouldking.store\/wp-content\/uploads\/2022\/11\/BALODY-20025-15.jpg 768w, https:\/\/mouldking.store\/wp-content\/uploads\/2022\/11\/BALODY-20025-15-300x300.jpg 300w, https:\/\/mouldking.store\/wp-content\/uploads\/2022\/11\/BALODY-20025-15-600x600.jpg 600w, https:\/\/mouldking.store\/wp-content\/uploads\/2022\/11\/BALODY-20025-15-150x150.jpg 150w, https:\/\/mouldking.store\/wp-content\/uploads\/2022\/11\/BALODY-20025-15-60x60.jpg 60w, https:\/\/mouldking.store\/wp-content\/uploads\/2022\/11\/BALODY-20025-15-90x90.jpg 90w\" sizes=\"(max-width: 768px) 100vw, 768px\" \/><figcaption id=\"caption-attachment-35133\" class=\"wp-caption-text\">BALODY 20025 \u00c1lomzongorista 2621 darabbal<\/figcaption><\/figure>\n<figure id=\"attachment_35134\" aria-describedby=\"caption-attachment-35134\" style=\"width: 768px\" class=\"wp-caption aligncenter\"><img decoding=\"async\" class=\"wp-image-35134 size-full\" src=\"https:\/\/mouldking.store\/wp-content\/uploads\/2022\/11\/BALODY-20025-14.jpg\" alt=\"BALODY 20025 Dream Pianist With 2621 Pieces\" width=\"768\" height=\"768\" title=\"-\" srcset=\"https:\/\/mouldking.store\/wp-content\/uploads\/2022\/11\/BALODY-20025-14.jpg 768w, https:\/\/mouldking.store\/wp-content\/uploads\/2022\/11\/BALODY-20025-14-300x300.jpg 300w, https:\/\/mouldking.store\/wp-content\/uploads\/2022\/11\/BALODY-20025-14-600x600.jpg 600w, https:\/\/mouldking.store\/wp-content\/uploads\/2022\/11\/BALODY-20025-14-150x150.jpg 150w, https:\/\/mouldking.store\/wp-content\/uploads\/2022\/11\/BALODY-20025-14-60x60.jpg 60w, https:\/\/mouldking.store\/wp-content\/uploads\/2022\/11\/BALODY-20025-14-90x90.jpg 90w\" sizes=\"(max-width: 768px) 100vw, 768px\" \/><figcaption id=\"caption-attachment-35134\" class=\"wp-caption-text\">BALODY 20025 \u00c1lomzongorista 2621 darabbal<\/figcaption><\/figure>\n<figure id=\"attachment_35135\" aria-describedby=\"caption-attachment-35135\" style=\"width: 768px\" class=\"wp-caption aligncenter\"><img decoding=\"async\" class=\"wp-image-35135 size-full\" src=\"https:\/\/mouldking.store\/wp-content\/uploads\/2022\/11\/BALODY-20025-13.jpg\" alt=\"BALODY 20025 Dream Pianist With 2621 Pieces\" width=\"768\" height=\"768\" title=\"-\" srcset=\"https:\/\/mouldking.store\/wp-content\/uploads\/2022\/11\/BALODY-20025-13.jpg 768w, https:\/\/mouldking.store\/wp-content\/uploads\/2022\/11\/BALODY-20025-13-300x300.jpg 300w, https:\/\/mouldking.store\/wp-content\/uploads\/2022\/11\/BALODY-20025-13-600x600.jpg 600w, https:\/\/mouldking.store\/wp-content\/uploads\/2022\/11\/BALODY-20025-13-150x150.jpg 150w, https:\/\/mouldking.store\/wp-content\/uploads\/2022\/11\/BALODY-20025-13-60x60.jpg 60w, https:\/\/mouldking.store\/wp-content\/uploads\/2022\/11\/BALODY-20025-13-90x90.jpg 90w\" sizes=\"(max-width: 768px) 100vw, 768px\" \/><figcaption id=\"caption-attachment-35135\" class=\"wp-caption-text\">BALODY 20025 \u00c1lomzongorista 2621 darabbal<\/figcaption><\/figure>\n<figure id=\"attachment_35136\" aria-describedby=\"caption-attachment-35136\" style=\"width: 768px\" class=\"wp-caption aligncenter\"><img loading=\"lazy\" decoding=\"async\" class=\"wp-image-35136 size-full\" src=\"https:\/\/mouldking.store\/wp-content\/uploads\/2022\/11\/BALODY-20025-12.jpg\" alt=\"BALODY 20025 Dream Pianist With 2621 Pieces\" width=\"768\" height=\"768\" title=\"-\" srcset=\"https:\/\/mouldking.store\/wp-content\/uploads\/2022\/11\/BALODY-20025-12.jpg 768w, https:\/\/mouldking.store\/wp-content\/uploads\/2022\/11\/BALODY-20025-12-300x300.jpg 300w, https:\/\/mouldking.store\/wp-content\/uploads\/2022\/11\/BALODY-20025-12-600x600.jpg 600w, https:\/\/mouldking.store\/wp-content\/uploads\/2022\/11\/BALODY-20025-12-150x150.jpg 150w, https:\/\/mouldking.store\/wp-content\/uploads\/2022\/11\/BALODY-20025-12-60x60.jpg 60w, https:\/\/mouldking.store\/wp-content\/uploads\/2022\/11\/BALODY-20025-12-90x90.jpg 90w\" sizes=\"(max-width: 768px) 100vw, 768px\" \/><figcaption id=\"caption-attachment-35136\" class=\"wp-caption-text\">BALODY 20025 \u00c1lomzongorista 2621 darabbal<\/figcaption><\/figure>\n<figure id=\"attachment_35137\" aria-describedby=\"caption-attachment-35137\" style=\"width: 768px\" class=\"wp-caption aligncenter\"><img loading=\"lazy\" decoding=\"async\" class=\"wp-image-35137 size-full\" src=\"https:\/\/mouldking.store\/wp-content\/uploads\/2022\/11\/BALODY-20025-11.jpg\" alt=\"BALODY 20025 Dream Pianist With 2621 Pieces\" width=\"768\" height=\"768\" title=\"-\" srcset=\"https:\/\/mouldking.store\/wp-content\/uploads\/2022\/11\/BALODY-20025-11.jpg 768w, https:\/\/mouldking.store\/wp-content\/uploads\/2022\/11\/BALODY-20025-11-300x300.jpg 300w, https:\/\/mouldking.store\/wp-content\/uploads\/2022\/11\/BALODY-20025-11-600x600.jpg 600w, https:\/\/mouldking.store\/wp-content\/uploads\/2022\/11\/BALODY-20025-11-150x150.jpg 150w, https:\/\/mouldking.store\/wp-content\/uploads\/2022\/11\/BALODY-20025-11-60x60.jpg 60w, https:\/\/mouldking.store\/wp-content\/uploads\/2022\/11\/BALODY-20025-11-90x90.jpg 90w\" sizes=\"(max-width: 768px) 100vw, 768px\" \/><figcaption id=\"caption-attachment-35137\" class=\"wp-caption-text\">BALODY 20025 \u00c1lomzongorista 2621 darabbal<\/figcaption><\/figure>\n<figure id=\"attachment_35138\" aria-describedby=\"caption-attachment-35138\" style=\"width: 544px\" class=\"wp-caption aligncenter\"><img loading=\"lazy\" decoding=\"async\" class=\"wp-image-35138 size-full\" src=\"https:\/\/mouldking.store\/wp-content\/uploads\/2022\/11\/BALODY-20025-10.jpg\" alt=\"BALODY 20025 Dream Pianist With 2621 Pieces\" width=\"544\" height=\"1024\" title=\"-\" srcset=\"https:\/\/mouldking.store\/wp-content\/uploads\/2022\/11\/BALODY-20025-10.jpg 544w, https:\/\/mouldking.store\/wp-content\/uploads\/2022\/11\/BALODY-20025-10-159x300.jpg 159w, https:\/\/mouldking.store\/wp-content\/uploads\/2022\/11\/BALODY-20025-10-300x565.jpg 300w, https:\/\/mouldking.store\/wp-content\/uploads\/2022\/11\/BALODY-20025-10-80x150.jpg 80w, https:\/\/mouldking.store\/wp-content\/uploads\/2022\/11\/BALODY-20025-10-32x60.jpg 32w, https:\/\/mouldking.store\/wp-content\/uploads\/2022\/11\/BALODY-20025-10-48x90.jpg 48w\" sizes=\"(max-width: 544px) 100vw, 544px\" \/><figcaption id=\"caption-attachment-35138\" class=\"wp-caption-text\">BALODY 20025 \u00c1lomzongorista 2621 darabbal<\/figcaption><\/figure>\n<figure id=\"attachment_35139\" aria-describedby=\"caption-attachment-35139\" style=\"width: 768px\" class=\"wp-caption aligncenter\"><img loading=\"lazy\" decoding=\"async\" class=\"wp-image-35139 size-full\" src=\"https:\/\/mouldking.store\/wp-content\/uploads\/2022\/11\/BALODY-20025-9.jpg\" alt=\"BALODY 20025 Dream Pianist With 2621 Pieces\" width=\"768\" height=\"463\" title=\"-\" srcset=\"https:\/\/mouldking.store\/wp-content\/uploads\/2022\/11\/BALODY-20025-9.jpg 768w, https:\/\/mouldking.store\/wp-content\/uploads\/2022\/11\/BALODY-20025-9-300x181.jpg 300w, https:\/\/mouldking.store\/wp-content\/uploads\/2022\/11\/BALODY-20025-9-600x362.jpg 600w, https:\/\/mouldking.store\/wp-content\/uploads\/2022\/11\/BALODY-20025-9-150x90.jpg 150w, https:\/\/mouldking.store\/wp-content\/uploads\/2022\/11\/BALODY-20025-9-100x60.jpg 100w, https:\/\/mouldking.store\/wp-content\/uploads\/2022\/11\/BALODY-20025-9-149x90.jpg 149w\" sizes=\"(max-width: 768px) 100vw, 768px\" \/><figcaption id=\"caption-attachment-35139\" class=\"wp-caption-text\">BALODY 20025 \u00c1lomzongorista 2621 darabbal<\/figcaption><\/figure>\n<figure id=\"attachment_35140\" aria-describedby=\"caption-attachment-35140\" style=\"width: 768px\" class=\"wp-caption aligncenter\"><img loading=\"lazy\" decoding=\"async\" class=\"wp-image-35140 size-full\" src=\"https:\/\/mouldking.store\/wp-content\/uploads\/2022\/11\/BALODY-20025-8.jpg\" alt=\"BALODY 20025 Dream Pianist With 2621 Pieces\" width=\"768\" height=\"768\" title=\"-\" srcset=\"https:\/\/mouldking.store\/wp-content\/uploads\/2022\/11\/BALODY-20025-8.jpg 768w, https:\/\/mouldking.store\/wp-content\/uploads\/2022\/11\/BALODY-20025-8-300x300.jpg 300w, https:\/\/mouldking.store\/wp-content\/uploads\/2022\/11\/BALODY-20025-8-600x600.jpg 600w, https:\/\/mouldking.store\/wp-content\/uploads\/2022\/11\/BALODY-20025-8-150x150.jpg 150w, https:\/\/mouldking.store\/wp-content\/uploads\/2022\/11\/BALODY-20025-8-60x60.jpg 60w, https:\/\/mouldking.store\/wp-content\/uploads\/2022\/11\/BALODY-20025-8-90x90.jpg 90w\" sizes=\"(max-width: 768px) 100vw, 768px\" \/><figcaption id=\"caption-attachment-35140\" class=\"wp-caption-text\">BALODY 20025 \u00c1lomzongorista 2621 darabbal<\/figcaption><\/figure>\n<figure id=\"attachment_35141\" aria-describedby=\"caption-attachment-35141\" style=\"width: 563px\" class=\"wp-caption aligncenter\"><img loading=\"lazy\" decoding=\"async\" class=\"wp-image-35141 size-full\" src=\"https:\/\/mouldking.store\/wp-content\/uploads\/2022\/11\/BALODY-20025-7.jpg\" alt=\"BALODY 20025 Dream Pianist With 2621 Pieces\" width=\"563\" height=\"751\" title=\"-\" srcset=\"https:\/\/mouldking.store\/wp-content\/uploads\/2022\/11\/BALODY-20025-7.jpg 563w, https:\/\/mouldking.store\/wp-content\/uploads\/2022\/11\/BALODY-20025-7-225x300.jpg 225w, https:\/\/mouldking.store\/wp-content\/uploads\/2022\/11\/BALODY-20025-7-300x400.jpg 300w, https:\/\/mouldking.store\/wp-content\/uploads\/2022\/11\/BALODY-20025-7-112x150.jpg 112w, https:\/\/mouldking.store\/wp-content\/uploads\/2022\/11\/BALODY-20025-7-45x60.jpg 45w, https:\/\/mouldking.store\/wp-content\/uploads\/2022\/11\/BALODY-20025-7-67x90.jpg 67w\" sizes=\"(max-width: 563px) 100vw, 563px\" \/><figcaption id=\"caption-attachment-35141\" class=\"wp-caption-text\">BALODY 20025 \u00c1lomzongorista 2621 darabbal<\/figcaption><\/figure>\n<figure id=\"attachment_35142\" aria-describedby=\"caption-attachment-35142\" style=\"width: 563px\" class=\"wp-caption aligncenter\"><img loading=\"lazy\" decoding=\"async\" class=\"wp-image-35142 size-full\" src=\"https:\/\/mouldking.store\/wp-content\/uploads\/2022\/11\/BALODY-20025-6.jpg\" alt=\"BALODY 20025 Dream Pianist With 2621 Pieces\" width=\"563\" height=\"521\" title=\"-\" srcset=\"https:\/\/mouldking.store\/wp-content\/uploads\/2022\/11\/BALODY-20025-6.jpg 563w, https:\/\/mouldking.store\/wp-content\/uploads\/2022\/11\/BALODY-20025-6-300x278.jpg 300w, https:\/\/mouldking.store\/wp-content\/uploads\/2022\/11\/BALODY-20025-6-150x139.jpg 150w, https:\/\/mouldking.store\/wp-content\/uploads\/2022\/11\/BALODY-20025-6-65x60.jpg 65w, https:\/\/mouldking.store\/wp-content\/uploads\/2022\/11\/BALODY-20025-6-97x90.jpg 97w\" sizes=\"(max-width: 563px) 100vw, 563px\" \/><figcaption id=\"caption-attachment-35142\" class=\"wp-caption-text\">BALODY 20025 \u00c1lomzongorista 2621 darabbal<\/figcaption><\/figure>\n<figure id=\"attachment_35143\" aria-describedby=\"caption-attachment-35143\" style=\"width: 563px\" class=\"wp-caption aligncenter\"><img loading=\"lazy\" decoding=\"async\" class=\"wp-image-35143 size-full\" src=\"https:\/\/mouldking.store\/wp-content\/uploads\/2022\/11\/BALODY-20025-5.jpg\" alt=\"BALODY 20025 Dream Pianist With 2621 Pieces\" width=\"563\" height=\"730\" title=\"-\" srcset=\"https:\/\/mouldking.store\/wp-content\/uploads\/2022\/11\/BALODY-20025-5.jpg 563w, https:\/\/mouldking.store\/wp-content\/uploads\/2022\/11\/BALODY-20025-5-231x300.jpg 231w, https:\/\/mouldking.store\/wp-content\/uploads\/2022\/11\/BALODY-20025-5-300x389.jpg 300w, https:\/\/mouldking.store\/wp-content\/uploads\/2022\/11\/BALODY-20025-5-116x150.jpg 116w, https:\/\/mouldking.store\/wp-content\/uploads\/2022\/11\/BALODY-20025-5-46x60.jpg 46w, https:\/\/mouldking.store\/wp-content\/uploads\/2022\/11\/BALODY-20025-5-69x90.jpg 69w\" sizes=\"(max-width: 563px) 100vw, 563px\" \/><figcaption id=\"caption-attachment-35143\" class=\"wp-caption-text\">BALODY 20025 \u00c1lomzongorista 2621 darabbal<\/figcaption><\/figure>\n<figure id=\"attachment_35144\" aria-describedby=\"caption-attachment-35144\" style=\"width: 563px\" class=\"wp-caption aligncenter\"><img loading=\"lazy\" decoding=\"async\" class=\"wp-image-35144 size-full\" src=\"https:\/\/mouldking.store\/wp-content\/uploads\/2022\/11\/BALODY-20025-4.jpg\" alt=\"BALODY 20025 Dream Pianist With 2621 Pieces\" width=\"563\" height=\"547\" title=\"-\" srcset=\"https:\/\/mouldking.store\/wp-content\/uploads\/2022\/11\/BALODY-20025-4.jpg 563w, https:\/\/mouldking.store\/wp-content\/uploads\/2022\/11\/BALODY-20025-4-300x291.jpg 300w, https:\/\/mouldking.store\/wp-content\/uploads\/2022\/11\/BALODY-20025-4-150x146.jpg 150w, https:\/\/mouldking.store\/wp-content\/uploads\/2022\/11\/BALODY-20025-4-62x60.jpg 62w, https:\/\/mouldking.store\/wp-content\/uploads\/2022\/11\/BALODY-20025-4-93x90.jpg 93w\" sizes=\"(max-width: 563px) 100vw, 563px\" \/><figcaption id=\"caption-attachment-35144\" class=\"wp-caption-text\">BALODY 20025 \u00c1lomzongorista 2621 darabbal<\/figcaption><\/figure>\n<figure id=\"attachment_35145\" aria-describedby=\"caption-attachment-35145\" style=\"width: 563px\" class=\"wp-caption aligncenter\"><img loading=\"lazy\" decoding=\"async\" class=\"wp-image-35145 size-full\" src=\"https:\/\/mouldking.store\/wp-content\/uploads\/2022\/11\/BALODY-20025-3.jpg\" alt=\"BALODY 20025 Dream Pianist With 2621 Pieces\" width=\"563\" height=\"721\" title=\"-\" srcset=\"https:\/\/mouldking.store\/wp-content\/uploads\/2022\/11\/BALODY-20025-3.jpg 563w, https:\/\/mouldking.store\/wp-content\/uploads\/2022\/11\/BALODY-20025-3-234x300.jpg 234w, https:\/\/mouldking.store\/wp-content\/uploads\/2022\/11\/BALODY-20025-3-300x384.jpg 300w, https:\/\/mouldking.store\/wp-content\/uploads\/2022\/11\/BALODY-20025-3-117x150.jpg 117w, https:\/\/mouldking.store\/wp-content\/uploads\/2022\/11\/BALODY-20025-3-47x60.jpg 47w, https:\/\/mouldking.store\/wp-content\/uploads\/2022\/11\/BALODY-20025-3-70x90.jpg 70w\" sizes=\"(max-width: 563px) 100vw, 563px\" \/><figcaption id=\"caption-attachment-35145\" class=\"wp-caption-text\">BALODY 20025 \u00c1lomzongorista 2621 darabbal<\/figcaption><\/figure>\n<figure id=\"attachment_35146\" aria-describedby=\"caption-attachment-35146\" style=\"width: 899px\" class=\"wp-caption aligncenter\"><img loading=\"lazy\" decoding=\"async\" class=\"wp-image-35146 size-full\" src=\"https:\/\/mouldking.store\/wp-content\/uploads\/2022\/11\/BALODY-20025-2.jpg\" alt=\"BALODY 20025 Dream Pianist With 2621 Pieces\" width=\"899\" height=\"1024\" title=\"-\" srcset=\"https:\/\/mouldking.store\/wp-content\/uploads\/2022\/11\/BALODY-20025-2.jpg 899w, https:\/\/mouldking.store\/wp-content\/uploads\/2022\/11\/BALODY-20025-2-263x300.jpg 263w, https:\/\/mouldking.store\/wp-content\/uploads\/2022\/11\/BALODY-20025-2-768x875.jpg 768w, https:\/\/mouldking.store\/wp-content\/uploads\/2022\/11\/BALODY-20025-2-300x342.jpg 300w, https:\/\/mouldking.store\/wp-content\/uploads\/2022\/11\/BALODY-20025-2-600x683.jpg 600w, https:\/\/mouldking.store\/wp-content\/uploads\/2022\/11\/BALODY-20025-2-132x150.jpg 132w, https:\/\/mouldking.store\/wp-content\/uploads\/2022\/11\/BALODY-20025-2-53x60.jpg 53w, https:\/\/mouldking.store\/wp-content\/uploads\/2022\/11\/BALODY-20025-2-79x90.jpg 79w\" sizes=\"(max-width: 899px) 100vw, 899px\" \/><figcaption id=\"caption-attachment-35146\" class=\"wp-caption-text\">BALODY 20025 \u00c1lomzongorista 2621 darabbal<\/figcaption><\/figure>\n<figure id=\"attachment_35147\" aria-describedby=\"caption-attachment-35147\" style=\"width: 600px\" class=\"wp-caption aligncenter\"><img loading=\"lazy\" decoding=\"async\" class=\"wp-image-35147 size-full\" src=\"https:\/\/mouldking.store\/wp-content\/uploads\/2022\/11\/BALODY-20025-1.jpg\" alt=\"BALODY 20025 Dream Pianist With 2621 Pieces\" width=\"600\" height=\"930\" title=\"-\" srcset=\"https:\/\/mouldking.store\/wp-content\/uploads\/2022\/11\/BALODY-20025-1.jpg 600w, https:\/\/mouldking.store\/wp-content\/uploads\/2022\/11\/BALODY-20025-1-194x300.jpg 194w, https:\/\/mouldking.store\/wp-content\/uploads\/2022\/11\/BALODY-20025-1-300x465.jpg 300w, https:\/\/mouldking.store\/wp-content\/uploads\/2022\/11\/BALODY-20025-1-97x150.jpg 97w, https:\/\/mouldking.store\/wp-content\/uploads\/2022\/11\/BALODY-20025-1-39x60.jpg 39w, https:\/\/mouldking.store\/wp-content\/uploads\/2022\/11\/BALODY-20025-1-58x90.jpg 58w\" sizes=\"(max-width: 600px) 100vw, 600px\" \/><figcaption id=\"caption-attachment-35147\" class=\"wp-caption-text\">BALODY 20025 \u00c1lomzongorista 2621 darabbal<\/figcaption><\/figure>","protected":false},"excerpt":{"rendered":"<p>Product information: Brand: BALODY Gender: Unisex Name: Dream Pianist Age Range: &gt; 6 years old Model Number: 20025 Classification: Assemblage Plastic Block Shape: Self-Locking Bricks Material: Plastic Plastic Type: ABS Bricks Blocks:2621 PCS Size: \u00a030\u00d727.2\u00d723.5cm Contains detailed assembly instructions. Notice: 1. Without an original box, but we guarantee our products have quality assurance and nice [&hellip;]<\/p>","protected":false},"featured_media":35133,"comment_status":"closed","ping_status":"closed","template":"","meta":{"_acf_changed":false},"product_cat":[1365],"product_tag":[7360,7359,7363,7364,7358,2722,7361,7362],"class_list":["product","first","instock","shipping-taxable","purchasable","product-type-variable"],"acf":[],"_links":{"self":[{"href":"https:\/\/mouldking.store\/hu\/wp-json\/wp\/v2\/product\/35132","targetHints":{"allow":["GET"]}}],"collection":[{"href":"https:\/\/mouldking.store\/hu\/wp-json\/wp\/v2\/product"}],"about":[{"href":"https:\/\/mouldking.store\/hu\/wp-json\/wp\/v2\/types\/product"}],"replies":[{"embeddable":true,"href":"https:\/\/mouldking.store\/hu\/wp-json\/wp\/v2\/comments?post=35132"}],"wp:featuredmedia":[{"embeddable":true,"href":"https:\/\/mouldking.store\/hu\/wp-json\/wp\/v2\/media\/35133"}],"wp:attachment":[{"href":"https:\/\/mouldking.store\/hu\/wp-json\/wp\/v2\/media?parent=35132"}],"wp:term":[{"taxonomy":"product_cat","embeddable":true,"href":"https:\/\/mouldking.store\/hu\/wp-json\/wp\/v2\/product_cat?post=35132"},{"taxonomy":"product_tag","embeddable":true,"href":"https:\/\/mouldking.store\/hu\/wp-json\/wp\/v2\/product_tag?post=35132"}],"curies":[{"name":"wp","href":"https:\/\/api.w.org\/{rel}","templated":true}]}}