{"id":35357,"date":"2022-11-18T14:42:23","date_gmt":"2022-11-18T07:42:23","guid":{"rendered":"https:\/\/mouldking.store\/?post_type=product&#038;p=35357"},"modified":"2022-11-18T14:42:24","modified_gmt":"2022-11-18T07:42:24","slug":"pantasy-86204-mini-iron-arm-astro-boy-with-126-pieces","status":"publish","type":"product","link":"https:\/\/mouldking.store\/hu\/shop\/pantasy-86204-mini-iron-arm-astro-boy-with-126-pieces\/","title":{"rendered":"PANTASY 86204 mini vaskaros Astro Boy 126 darabbal"},"content":{"rendered":"<p>Term\u00e9k inform\u00e1ci\u00f3:<\/p>\n<ol>\n<li>M\u00e1rka: PANTASY<\/li>\n<li>Nem: Uniszex<\/li>\n<li>Name: Mini Iron Arm Astro Boy<\/li>\n<li>Koroszt\u00e1ly: &gt; 6 \u00e9v<\/li>\n<li>Model Number: 86204<\/li>\n<li>Besorol\u00e1s: \u00d6sszeszerel\u00e9s<\/li>\n<li>M\u0171anyag blokk forma: \u00f6nz\u00e1r\u00f3 t\u00e9gla<\/li>\n<li>Anyaga: M\u0171anyag<\/li>\n<li>M\u0171anyag t\u00edpus: ABS<\/li>\n<li>Bricks Blocks:126 PCS<\/li>\n<li>Size: 11 \u00d7 6.4 \u00d7 11.4 cm<\/li>\n<li>R\u00e9szletes \u00f6sszeszerel\u00e9si \u00fatmutat\u00f3t tartalmaz.<\/li>\n<\/ol>\n<p>\u00c9rtes\u00edt\u00e9s:<br \/>\n1. Eredeti doboz n\u00e9lk\u00fcl, de garant\u00e1ljuk, hogy term\u00e9keink min\u0151s\u00e9gbiztos\u00edt\u00e1ssal \u00e9s sz\u00e9p csomagol\u00e1ssal rendelkeznek.<br \/>\n2. Mint minden alkatr\u00e9szt, amelyet a sz\u00e1ll\u00edt\u00e1s el\u0151tt ellen\u0151rizt\u00fcnk, ez\u00e9rt ha \u00fagy tal\u00e1lja, hogy n\u00e9h\u00e1ny alkatr\u00e9sz hi\u00e1nyzik vagy s\u00e9r\u00fclt, ne agg\u00f3djon, \u00e9s k\u00e9rj\u00fck, vegye fel vel\u00fcnk a kapcsolatot, \u00e9s azonnal ingyenesen elk\u00fcldj\u00fck \u00d6nnek.<\/p>\n<figure id=\"attachment_35358\" aria-describedby=\"caption-attachment-35358\" style=\"width: 768px\" class=\"wp-caption aligncenter\"><img fetchpriority=\"high\" decoding=\"async\" class=\"wp-image-35358 size-full\" src=\"https:\/\/mouldking.store\/wp-content\/uploads\/2022\/11\/PANTASY-86204-8.jpg\" alt=\"PANTASY 86204 Mini Iron Arm Astro Boy With 126 Pieces\" width=\"768\" height=\"768\" title=\"-\" srcset=\"https:\/\/mouldking.store\/wp-content\/uploads\/2022\/11\/PANTASY-86204-8.jpg 768w, https:\/\/mouldking.store\/wp-content\/uploads\/2022\/11\/PANTASY-86204-8-300x300.jpg 300w, https:\/\/mouldking.store\/wp-content\/uploads\/2022\/11\/PANTASY-86204-8-600x600.jpg 600w, https:\/\/mouldking.store\/wp-content\/uploads\/2022\/11\/PANTASY-86204-8-150x150.jpg 150w, https:\/\/mouldking.store\/wp-content\/uploads\/2022\/11\/PANTASY-86204-8-60x60.jpg 60w, https:\/\/mouldking.store\/wp-content\/uploads\/2022\/11\/PANTASY-86204-8-90x90.jpg 90w\" sizes=\"(max-width: 768px) 100vw, 768px\" \/><figcaption id=\"caption-attachment-35358\" class=\"wp-caption-text\">PANTASY 86204 mini vaskaros Astro Boy 126 darabbal<\/figcaption><\/figure>\n<figure id=\"attachment_35359\" aria-describedby=\"caption-attachment-35359\" style=\"width: 768px\" class=\"wp-caption aligncenter\"><img decoding=\"async\" class=\"wp-image-35359 size-full\" src=\"https:\/\/mouldking.store\/wp-content\/uploads\/2022\/11\/PANTASY-86204-7.jpg\" alt=\"PANTASY 86204 Mini Iron Arm Astro Boy With 126 Pieces\" width=\"768\" height=\"768\" title=\"-\" srcset=\"https:\/\/mouldking.store\/wp-content\/uploads\/2022\/11\/PANTASY-86204-7.jpg 768w, https:\/\/mouldking.store\/wp-content\/uploads\/2022\/11\/PANTASY-86204-7-300x300.jpg 300w, https:\/\/mouldking.store\/wp-content\/uploads\/2022\/11\/PANTASY-86204-7-600x600.jpg 600w, https:\/\/mouldking.store\/wp-content\/uploads\/2022\/11\/PANTASY-86204-7-150x150.jpg 150w, https:\/\/mouldking.store\/wp-content\/uploads\/2022\/11\/PANTASY-86204-7-60x60.jpg 60w, https:\/\/mouldking.store\/wp-content\/uploads\/2022\/11\/PANTASY-86204-7-90x90.jpg 90w\" sizes=\"(max-width: 768px) 100vw, 768px\" \/><figcaption id=\"caption-attachment-35359\" class=\"wp-caption-text\">PANTASY 86204 mini vaskaros Astro Boy 126 darabbal<\/figcaption><\/figure>\n<figure id=\"attachment_35360\" aria-describedby=\"caption-attachment-35360\" style=\"width: 768px\" class=\"wp-caption aligncenter\"><img decoding=\"async\" class=\"wp-image-35360 size-full\" src=\"https:\/\/mouldking.store\/wp-content\/uploads\/2022\/11\/PANTASY-86204-6.jpg\" alt=\"PANTASY 86204 Mini Iron Arm Astro Boy With 126 Pieces\" width=\"768\" height=\"768\" title=\"-\" srcset=\"https:\/\/mouldking.store\/wp-content\/uploads\/2022\/11\/PANTASY-86204-6.jpg 768w, https:\/\/mouldking.store\/wp-content\/uploads\/2022\/11\/PANTASY-86204-6-300x300.jpg 300w, https:\/\/mouldking.store\/wp-content\/uploads\/2022\/11\/PANTASY-86204-6-600x600.jpg 600w, https:\/\/mouldking.store\/wp-content\/uploads\/2022\/11\/PANTASY-86204-6-150x150.jpg 150w, https:\/\/mouldking.store\/wp-content\/uploads\/2022\/11\/PANTASY-86204-6-60x60.jpg 60w, https:\/\/mouldking.store\/wp-content\/uploads\/2022\/11\/PANTASY-86204-6-90x90.jpg 90w\" sizes=\"(max-width: 768px) 100vw, 768px\" \/><figcaption id=\"caption-attachment-35360\" class=\"wp-caption-text\">PANTASY 86204 mini vaskaros Astro Boy 126 darabbal<\/figcaption><\/figure>\n<figure id=\"attachment_35361\" aria-describedby=\"caption-attachment-35361\" style=\"width: 768px\" class=\"wp-caption aligncenter\"><img loading=\"lazy\" decoding=\"async\" class=\"wp-image-35361 size-full\" src=\"https:\/\/mouldking.store\/wp-content\/uploads\/2022\/11\/PANTASY-86204-5.jpg\" alt=\"PANTASY 86204 Mini Iron Arm Astro Boy With 126 Pieces\" width=\"768\" height=\"768\" title=\"-\" srcset=\"https:\/\/mouldking.store\/wp-content\/uploads\/2022\/11\/PANTASY-86204-5.jpg 768w, https:\/\/mouldking.store\/wp-content\/uploads\/2022\/11\/PANTASY-86204-5-300x300.jpg 300w, https:\/\/mouldking.store\/wp-content\/uploads\/2022\/11\/PANTASY-86204-5-600x600.jpg 600w, https:\/\/mouldking.store\/wp-content\/uploads\/2022\/11\/PANTASY-86204-5-150x150.jpg 150w, https:\/\/mouldking.store\/wp-content\/uploads\/2022\/11\/PANTASY-86204-5-60x60.jpg 60w, https:\/\/mouldking.store\/wp-content\/uploads\/2022\/11\/PANTASY-86204-5-90x90.jpg 90w\" sizes=\"(max-width: 768px) 100vw, 768px\" \/><figcaption id=\"caption-attachment-35361\" class=\"wp-caption-text\">PANTASY 86204 mini vaskaros Astro Boy 126 darabbal<\/figcaption><\/figure>\n<figure id=\"attachment_35362\" aria-describedby=\"caption-attachment-35362\" style=\"width: 768px\" class=\"wp-caption aligncenter\"><img loading=\"lazy\" decoding=\"async\" class=\"wp-image-35362 size-full\" src=\"https:\/\/mouldking.store\/wp-content\/uploads\/2022\/11\/PANTASY-86204-4.jpg\" alt=\"PANTASY 86204 Mini Iron Arm Astro Boy With 126 Pieces\" width=\"768\" height=\"768\" title=\"-\" srcset=\"https:\/\/mouldking.store\/wp-content\/uploads\/2022\/11\/PANTASY-86204-4.jpg 768w, https:\/\/mouldking.store\/wp-content\/uploads\/2022\/11\/PANTASY-86204-4-300x300.jpg 300w, https:\/\/mouldking.store\/wp-content\/uploads\/2022\/11\/PANTASY-86204-4-600x600.jpg 600w, https:\/\/mouldking.store\/wp-content\/uploads\/2022\/11\/PANTASY-86204-4-150x150.jpg 150w, https:\/\/mouldking.store\/wp-content\/uploads\/2022\/11\/PANTASY-86204-4-60x60.jpg 60w, https:\/\/mouldking.store\/wp-content\/uploads\/2022\/11\/PANTASY-86204-4-90x90.jpg 90w\" sizes=\"(max-width: 768px) 100vw, 768px\" \/><figcaption id=\"caption-attachment-35362\" class=\"wp-caption-text\">PANTASY 86204 mini vaskaros Astro Boy 126 darabbal<\/figcaption><\/figure>\n<figure id=\"attachment_35363\" aria-describedby=\"caption-attachment-35363\" style=\"width: 600px\" class=\"wp-caption aligncenter\"><img loading=\"lazy\" decoding=\"async\" class=\"wp-image-35363 size-full\" src=\"https:\/\/mouldking.store\/wp-content\/uploads\/2022\/11\/PANTASY-86204-3.jpg\" alt=\"PANTASY 86204 Mini Iron Arm Astro Boy With 126 Pieces\" width=\"600\" height=\"985\" title=\"-\" srcset=\"https:\/\/mouldking.store\/wp-content\/uploads\/2022\/11\/PANTASY-86204-3.jpg 600w, https:\/\/mouldking.store\/wp-content\/uploads\/2022\/11\/PANTASY-86204-3-183x300.jpg 183w, https:\/\/mouldking.store\/wp-content\/uploads\/2022\/11\/PANTASY-86204-3-300x493.jpg 300w, https:\/\/mouldking.store\/wp-content\/uploads\/2022\/11\/PANTASY-86204-3-91x150.jpg 91w, https:\/\/mouldking.store\/wp-content\/uploads\/2022\/11\/PANTASY-86204-3-37x60.jpg 37w, https:\/\/mouldking.store\/wp-content\/uploads\/2022\/11\/PANTASY-86204-3-55x90.jpg 55w\" sizes=\"(max-width: 600px) 100vw, 600px\" \/><figcaption id=\"caption-attachment-35363\" class=\"wp-caption-text\">PANTASY 86204 mini vaskaros Astro Boy 126 darabbal<\/figcaption><\/figure>\n<figure id=\"attachment_35364\" aria-describedby=\"caption-attachment-35364\" style=\"width: 478px\" class=\"wp-caption aligncenter\"><img loading=\"lazy\" decoding=\"async\" class=\"wp-image-35364 size-full\" src=\"https:\/\/mouldking.store\/wp-content\/uploads\/2022\/11\/PANTASY-86204-2.jpg\" alt=\"PANTASY 86204 Mini Iron Arm Astro Boy With 126 Pieces\" width=\"478\" height=\"1024\" title=\"-\" srcset=\"https:\/\/mouldking.store\/wp-content\/uploads\/2022\/11\/PANTASY-86204-2.jpg 478w, https:\/\/mouldking.store\/wp-content\/uploads\/2022\/11\/PANTASY-86204-2-140x300.jpg 140w, https:\/\/mouldking.store\/wp-content\/uploads\/2022\/11\/PANTASY-86204-2-300x643.jpg 300w, https:\/\/mouldking.store\/wp-content\/uploads\/2022\/11\/PANTASY-86204-2-70x150.jpg 70w, https:\/\/mouldking.store\/wp-content\/uploads\/2022\/11\/PANTASY-86204-2-28x60.jpg 28w, https:\/\/mouldking.store\/wp-content\/uploads\/2022\/11\/PANTASY-86204-2-42x90.jpg 42w\" sizes=\"(max-width: 478px) 100vw, 478px\" \/><figcaption id=\"caption-attachment-35364\" class=\"wp-caption-text\">PANTASY 86204 mini vaskaros Astro Boy 126 darabbal<\/figcaption><\/figure>\n<figure id=\"attachment_35365\" aria-describedby=\"caption-attachment-35365\" style=\"width: 674px\" class=\"wp-caption aligncenter\"><img loading=\"lazy\" decoding=\"async\" class=\"wp-image-35365 size-full\" src=\"https:\/\/mouldking.store\/wp-content\/uploads\/2022\/11\/PANTASY-86204-1.jpg\" alt=\"PANTASY 86204 Mini Iron Arm Astro Boy With 126 Pieces\" width=\"674\" height=\"1024\" title=\"-\" srcset=\"https:\/\/mouldking.store\/wp-content\/uploads\/2022\/11\/PANTASY-86204-1.jpg 674w, https:\/\/mouldking.store\/wp-content\/uploads\/2022\/11\/PANTASY-86204-1-197x300.jpg 197w, https:\/\/mouldking.store\/wp-content\/uploads\/2022\/11\/PANTASY-86204-1-300x456.jpg 300w, https:\/\/mouldking.store\/wp-content\/uploads\/2022\/11\/PANTASY-86204-1-600x912.jpg 600w, https:\/\/mouldking.store\/wp-content\/uploads\/2022\/11\/PANTASY-86204-1-99x150.jpg 99w, https:\/\/mouldking.store\/wp-content\/uploads\/2022\/11\/PANTASY-86204-1-39x60.jpg 39w, https:\/\/mouldking.store\/wp-content\/uploads\/2022\/11\/PANTASY-86204-1-59x90.jpg 59w\" sizes=\"(max-width: 674px) 100vw, 674px\" \/><figcaption id=\"caption-attachment-35365\" class=\"wp-caption-text\">PANTASY 86204 mini vaskaros Astro Boy 126 darabbal<\/figcaption><\/figure>","protected":false},"excerpt":{"rendered":"<p>Product information: Brand: PANTASY Gender: Unisex Name: Mini Iron Arm Astro Boy Age Range: &gt; 6 years old Model Number: 86204 Classification: Assemblage Plastic Block Shape: Self-Locking Bricks Material: Plastic Plastic Type: ABS Bricks Blocks:126 PCS Size: 11 \u00d7 6.4 \u00d7 11.4 cm Contains detailed assembly instructions. Notice: 1. Without an original box, but we [&hellip;]<\/p>","protected":false},"featured_media":35358,"comment_status":"closed","ping_status":"closed","template":"","meta":{"_acf_changed":false},"product_cat":[1408],"product_tag":[7485,7487,7486,479,7488,6280,7489,7490,7484],"class_list":["product","first","instock","shipping-taxable","purchasable","product-type-simple"],"acf":[],"_links":{"self":[{"href":"https:\/\/mouldking.store\/hu\/wp-json\/wp\/v2\/product\/35357","targetHints":{"allow":["GET"]}}],"collection":[{"href":"https:\/\/mouldking.store\/hu\/wp-json\/wp\/v2\/product"}],"about":[{"href":"https:\/\/mouldking.store\/hu\/wp-json\/wp\/v2\/types\/product"}],"replies":[{"embeddable":true,"href":"https:\/\/mouldking.store\/hu\/wp-json\/wp\/v2\/comments?post=35357"}],"wp:featuredmedia":[{"embeddable":true,"href":"https:\/\/mouldking.store\/hu\/wp-json\/wp\/v2\/media\/35358"}],"wp:attachment":[{"href":"https:\/\/mouldking.store\/hu\/wp-json\/wp\/v2\/media?parent=35357"}],"wp:term":[{"taxonomy":"product_cat","embeddable":true,"href":"https:\/\/mouldking.store\/hu\/wp-json\/wp\/v2\/product_cat?post=35357"},{"taxonomy":"product_tag","embeddable":true,"href":"https:\/\/mouldking.store\/hu\/wp-json\/wp\/v2\/product_tag?post=35357"}],"curies":[{"name":"wp","href":"https:\/\/api.w.org\/{rel}","templated":true}]}}