{"id":35420,"date":"2022-11-18T17:50:09","date_gmt":"2022-11-18T10:50:09","guid":{"rendered":"https:\/\/mouldking.store\/?post_type=product&#038;p=35420"},"modified":"2022-11-18T17:50:10","modified_gmt":"2022-11-18T10:50:10","slug":"mould-king-10016-as-valkyrie-sports-car-with-1136-pieces","status":"publish","type":"product","link":"https:\/\/mouldking.store\/hu\/shop\/mould-king-10016-as-valkyrie-sports-car-with-1136-pieces\/","title":{"rendered":"MOLD KING 10016 AS-Valkyrie sportaut\u00f3 1136 darabbal"},"content":{"rendered":"<p>Term\u00e9k inform\u00e1ci\u00f3:<\/p>\n<ol>\n<li>M\u00e1rka: MOLD KING<\/li>\n<li>Nem: Uniszex<\/li>\n<li>Name: AS-Valkyrie Sports Car<\/li>\n<li>Koroszt\u00e1ly: &gt; 6 \u00e9v<\/li>\n<li>Model Number: 10016<\/li>\n<li>Besorol\u00e1s: \u00d6sszeszerel\u00e9s<\/li>\n<li>M\u0171anyag blokk forma: \u00f6nz\u00e1r\u00f3 t\u00e9gla<\/li>\n<li>Anyaga: M\u0171anyag<\/li>\n<li>M\u0171anyag t\u00edpus: ABS<\/li>\n<li>Bricks Blocks:1136 PCS<\/li>\n<li>Size: 30 \u00d7 13.5 \u00d7 7.5 cm<\/li>\n<li>R\u00e9szletes \u00f6sszeszerel\u00e9si \u00fatmutat\u00f3t tartalmaz.<\/li>\n<\/ol>\n<p>\u00c9rtes\u00edt\u00e9s:<br \/>\n1. Eredeti doboz n\u00e9lk\u00fcl, de garant\u00e1ljuk, hogy term\u00e9keink min\u0151s\u00e9gbiztos\u00edt\u00e1ssal \u00e9s sz\u00e9p csomagol\u00e1ssal rendelkeznek.<br \/>\n2. Mint minden alkatr\u00e9szt, amelyet a sz\u00e1ll\u00edt\u00e1s el\u0151tt ellen\u0151rizt\u00fcnk, ez\u00e9rt ha \u00fagy tal\u00e1lja, hogy n\u00e9h\u00e1ny alkatr\u00e9sz hi\u00e1nyzik vagy s\u00e9r\u00fclt, ne agg\u00f3djon, \u00e9s k\u00e9rj\u00fck, vegye fel vel\u00fcnk a kapcsolatot, \u00e9s azonnal ingyenesen elk\u00fcldj\u00fck \u00d6nnek.<\/p>\n<figure id=\"attachment_35421\" aria-describedby=\"caption-attachment-35421\" style=\"width: 800px\" class=\"wp-caption aligncenter\"><img fetchpriority=\"high\" decoding=\"async\" class=\"wp-image-35421 size-full\" src=\"https:\/\/mouldking.store\/wp-content\/uploads\/2022\/11\/MK10016-1-cb48.jpg\" alt=\"MOULD KING 10016 AS-Valkyrie Sports Car With 1136 Pieces\" width=\"800\" height=\"800\" title=\"-\" srcset=\"https:\/\/mouldking.store\/wp-content\/uploads\/2022\/11\/MK10016-1-cb48.jpg 800w, https:\/\/mouldking.store\/wp-content\/uploads\/2022\/11\/MK10016-1-cb48-300x300.jpg 300w, https:\/\/mouldking.store\/wp-content\/uploads\/2022\/11\/MK10016-1-cb48-768x768.jpg 768w, https:\/\/mouldking.store\/wp-content\/uploads\/2022\/11\/MK10016-1-cb48-600x600.jpg 600w, https:\/\/mouldking.store\/wp-content\/uploads\/2022\/11\/MK10016-1-cb48-150x150.jpg 150w, https:\/\/mouldking.store\/wp-content\/uploads\/2022\/11\/MK10016-1-cb48-60x60.jpg 60w, https:\/\/mouldking.store\/wp-content\/uploads\/2022\/11\/MK10016-1-cb48-90x90.jpg 90w\" sizes=\"(max-width: 800px) 100vw, 800px\" \/><figcaption id=\"caption-attachment-35421\" class=\"wp-caption-text\">MOLD KING 10016 AS-Valkyrie sportaut\u00f3 1136 darabbal<\/figcaption><\/figure>\n<figure id=\"attachment_35422\" aria-describedby=\"caption-attachment-35422\" style=\"width: 800px\" class=\"wp-caption aligncenter\"><img decoding=\"async\" class=\"wp-image-35422 size-full\" src=\"https:\/\/mouldking.store\/wp-content\/uploads\/2022\/11\/MK10016-2-9ce7.jpg\" alt=\"MOULD KING 10016 AS-Valkyrie Sports Car With 1136 Pieces\" width=\"800\" height=\"800\" title=\"-\" srcset=\"https:\/\/mouldking.store\/wp-content\/uploads\/2022\/11\/MK10016-2-9ce7.jpg 800w, https:\/\/mouldking.store\/wp-content\/uploads\/2022\/11\/MK10016-2-9ce7-300x300.jpg 300w, https:\/\/mouldking.store\/wp-content\/uploads\/2022\/11\/MK10016-2-9ce7-768x768.jpg 768w, https:\/\/mouldking.store\/wp-content\/uploads\/2022\/11\/MK10016-2-9ce7-600x600.jpg 600w, https:\/\/mouldking.store\/wp-content\/uploads\/2022\/11\/MK10016-2-9ce7-150x150.jpg 150w, https:\/\/mouldking.store\/wp-content\/uploads\/2022\/11\/MK10016-2-9ce7-60x60.jpg 60w, https:\/\/mouldking.store\/wp-content\/uploads\/2022\/11\/MK10016-2-9ce7-90x90.jpg 90w\" sizes=\"(max-width: 800px) 100vw, 800px\" \/><figcaption id=\"caption-attachment-35422\" class=\"wp-caption-text\">MOLD KING 10016 AS-Valkyrie sportaut\u00f3 1136 darabbal<\/figcaption><\/figure>\n<figure id=\"attachment_35423\" aria-describedby=\"caption-attachment-35423\" style=\"width: 800px\" class=\"wp-caption aligncenter\"><img decoding=\"async\" class=\"wp-image-35423 size-full\" src=\"https:\/\/mouldking.store\/wp-content\/uploads\/2022\/11\/MK10016-3-b08e.jpg\" alt=\"MOULD KING 10016 AS-Valkyrie Sports Car With 1136 Pieces\" width=\"800\" height=\"800\" title=\"-\" srcset=\"https:\/\/mouldking.store\/wp-content\/uploads\/2022\/11\/MK10016-3-b08e.jpg 800w, https:\/\/mouldking.store\/wp-content\/uploads\/2022\/11\/MK10016-3-b08e-300x300.jpg 300w, https:\/\/mouldking.store\/wp-content\/uploads\/2022\/11\/MK10016-3-b08e-768x768.jpg 768w, https:\/\/mouldking.store\/wp-content\/uploads\/2022\/11\/MK10016-3-b08e-600x600.jpg 600w, https:\/\/mouldking.store\/wp-content\/uploads\/2022\/11\/MK10016-3-b08e-150x150.jpg 150w, https:\/\/mouldking.store\/wp-content\/uploads\/2022\/11\/MK10016-3-b08e-60x60.jpg 60w, https:\/\/mouldking.store\/wp-content\/uploads\/2022\/11\/MK10016-3-b08e-90x90.jpg 90w\" sizes=\"(max-width: 800px) 100vw, 800px\" \/><figcaption id=\"caption-attachment-35423\" class=\"wp-caption-text\">MOLD KING 10016 AS-Valkyrie sportaut\u00f3 1136 darabbal<\/figcaption><\/figure>\n<figure id=\"attachment_35424\" aria-describedby=\"caption-attachment-35424\" style=\"width: 800px\" class=\"wp-caption aligncenter\"><img loading=\"lazy\" decoding=\"async\" class=\"wp-image-35424 size-full\" src=\"https:\/\/mouldking.store\/wp-content\/uploads\/2022\/11\/MK10016-4-bcd2.jpg\" alt=\"MOULD KING 10016 AS-Valkyrie Sports Car With 1136 Pieces\" width=\"800\" height=\"800\" title=\"-\" srcset=\"https:\/\/mouldking.store\/wp-content\/uploads\/2022\/11\/MK10016-4-bcd2.jpg 800w, https:\/\/mouldking.store\/wp-content\/uploads\/2022\/11\/MK10016-4-bcd2-300x300.jpg 300w, https:\/\/mouldking.store\/wp-content\/uploads\/2022\/11\/MK10016-4-bcd2-768x768.jpg 768w, https:\/\/mouldking.store\/wp-content\/uploads\/2022\/11\/MK10016-4-bcd2-600x600.jpg 600w, https:\/\/mouldking.store\/wp-content\/uploads\/2022\/11\/MK10016-4-bcd2-150x150.jpg 150w, https:\/\/mouldking.store\/wp-content\/uploads\/2022\/11\/MK10016-4-bcd2-60x60.jpg 60w, https:\/\/mouldking.store\/wp-content\/uploads\/2022\/11\/MK10016-4-bcd2-90x90.jpg 90w\" sizes=\"(max-width: 800px) 100vw, 800px\" \/><figcaption id=\"caption-attachment-35424\" class=\"wp-caption-text\">MOLD KING 10016 AS-Valkyrie sportaut\u00f3 1136 darabbal<\/figcaption><\/figure>\n<figure id=\"attachment_35425\" aria-describedby=\"caption-attachment-35425\" style=\"width: 800px\" class=\"wp-caption aligncenter\"><img loading=\"lazy\" decoding=\"async\" class=\"wp-image-35425 size-full\" src=\"https:\/\/mouldking.store\/wp-content\/uploads\/2022\/11\/MK10016-5-fb70.jpg\" alt=\"MOULD KING 10016 AS-Valkyrie Sports Car With 1136 Pieces\" width=\"800\" height=\"800\" title=\"-\" srcset=\"https:\/\/mouldking.store\/wp-content\/uploads\/2022\/11\/MK10016-5-fb70.jpg 800w, https:\/\/mouldking.store\/wp-content\/uploads\/2022\/11\/MK10016-5-fb70-300x300.jpg 300w, https:\/\/mouldking.store\/wp-content\/uploads\/2022\/11\/MK10016-5-fb70-768x768.jpg 768w, https:\/\/mouldking.store\/wp-content\/uploads\/2022\/11\/MK10016-5-fb70-600x600.jpg 600w, https:\/\/mouldking.store\/wp-content\/uploads\/2022\/11\/MK10016-5-fb70-150x150.jpg 150w, https:\/\/mouldking.store\/wp-content\/uploads\/2022\/11\/MK10016-5-fb70-60x60.jpg 60w, https:\/\/mouldking.store\/wp-content\/uploads\/2022\/11\/MK10016-5-fb70-90x90.jpg 90w\" sizes=\"(max-width: 800px) 100vw, 800px\" \/><figcaption id=\"caption-attachment-35425\" class=\"wp-caption-text\">MOLD KING 10016 AS-Valkyrie sportaut\u00f3 1136 darabbal<\/figcaption><\/figure>","protected":false},"excerpt":{"rendered":"<p>Product information: Brand: MOULD KING Gender: Unisex Name: AS-Valkyrie Sports Car Age Range: &gt; 6 years old Model Number: 10016 Classification: Assemblage Plastic Block Shape: Self-Locking Bricks Material: Plastic Plastic Type: ABS Bricks Blocks:1136 PCS Size: 30 \u00d7 13.5 \u00d7 7.5 cm Contains detailed assembly instructions. Notice: 1. Without an original box, but we guarantee [&hellip;]<\/p>","protected":false},"featured_media":35421,"comment_status":"closed","ping_status":"closed","template":"","meta":{"_acf_changed":false},"product_cat":[1360,1357],"product_tag":[7557,7558,7560,615,7559,7561,7556,5166],"class_list":["product","first","instock","shipping-taxable","purchasable","product-type-simple"],"acf":[],"_links":{"self":[{"href":"https:\/\/mouldking.store\/hu\/wp-json\/wp\/v2\/product\/35420","targetHints":{"allow":["GET"]}}],"collection":[{"href":"https:\/\/mouldking.store\/hu\/wp-json\/wp\/v2\/product"}],"about":[{"href":"https:\/\/mouldking.store\/hu\/wp-json\/wp\/v2\/types\/product"}],"replies":[{"embeddable":true,"href":"https:\/\/mouldking.store\/hu\/wp-json\/wp\/v2\/comments?post=35420"}],"wp:featuredmedia":[{"embeddable":true,"href":"https:\/\/mouldking.store\/hu\/wp-json\/wp\/v2\/media\/35421"}],"wp:attachment":[{"href":"https:\/\/mouldking.store\/hu\/wp-json\/wp\/v2\/media?parent=35420"}],"wp:term":[{"taxonomy":"product_cat","embeddable":true,"href":"https:\/\/mouldking.store\/hu\/wp-json\/wp\/v2\/product_cat?post=35420"},{"taxonomy":"product_tag","embeddable":true,"href":"https:\/\/mouldking.store\/hu\/wp-json\/wp\/v2\/product_tag?post=35420"}],"curies":[{"name":"wp","href":"https:\/\/api.w.org\/{rel}","templated":true}]}}