{"id":35432,"date":"2022-11-18T18:05:58","date_gmt":"2022-11-18T11:05:58","guid":{"rendered":"https:\/\/mouldking.store\/?post_type=product&#038;p=35432"},"modified":"2022-11-18T18:05:58","modified_gmt":"2022-11-18T11:05:58","slug":"mould-king-16048-botanical-garden-street-view-with-1289-pieces","status":"publish","type":"product","link":"https:\/\/mouldking.store\/hu\/shop\/mould-king-16048-botanical-garden-street-view-with-1289-pieces\/","title":{"rendered":"Pen\u00e9szkir\u00e1ly 16048 Botanikus Kert Street View 1289 darabbal"},"content":{"rendered":"<p>Term\u00e9k inform\u00e1ci\u00f3:<\/p>\n<ol>\n<li>M\u00e1rka: Mold King<\/li>\n<li>Nem: Uniszex<\/li>\n<li>N\u00e9v: Botanikus Kert Utcak\u00e9p<\/li>\n<li>Koroszt\u00e1ly: &gt; 6 \u00e9v<\/li>\n<li>Modellsz\u00e1m: 16048<\/li>\n<li>Besorol\u00e1s: \u00d6sszeszerel\u00e9s<\/li>\n<li>M\u0171anyag blokk forma: \u00f6nz\u00e1r\u00f3 t\u00e9gla<\/li>\n<li>Anyaga: M\u0171anyag<\/li>\n<li>M\u0171anyag t\u00edpus: ABS<\/li>\n<li>T\u00e9gla blokkok: 1289 DB<\/li>\n<li>M\u00e9rete: 19,3 \u00d7 19,3 \u00d7 16,5 cm<\/li>\n<li>R\u00e9szletes \u00f6sszeszerel\u00e9si \u00fatmutat\u00f3t tartalmaz.<\/li>\n<\/ol>\n<p>\u00c9rtes\u00edt\u00e9s:<br \/>\n1. Eredeti doboz n\u00e9lk\u00fcl, de garant\u00e1ljuk, hogy term\u00e9keink min\u0151s\u00e9gbiztos\u00edt\u00e1ssal \u00e9s sz\u00e9p csomagol\u00e1ssal rendelkeznek.<br \/>\n2. Mint minden alkatr\u00e9szt, amelyet a sz\u00e1ll\u00edt\u00e1s el\u0151tt ellen\u0151rizt\u00fcnk, ez\u00e9rt ha \u00fagy tal\u00e1lja, hogy n\u00e9h\u00e1ny alkatr\u00e9sz hi\u00e1nyzik vagy s\u00e9r\u00fclt, ne agg\u00f3djon, \u00e9s k\u00e9rj\u00fck, vegye fel vel\u00fcnk a kapcsolatot, \u00e9s azonnal ingyenesen elk\u00fcldj\u00fck \u00d6nnek.<\/p>\n<figure id=\"attachment_35433\" aria-describedby=\"caption-attachment-35433\" style=\"width: 800px\" class=\"wp-caption aligncenter\"><img fetchpriority=\"high\" decoding=\"async\" class=\"wp-image-35433 size-full\" src=\"https:\/\/mouldking.store\/wp-content\/uploads\/2022\/11\/MK16048-1-b55f.jpg\" alt=\"Mould King 16048 Botanical Garden Street View With 1289 Pieces\" width=\"800\" height=\"800\" title=\"-\" srcset=\"https:\/\/mouldking.store\/wp-content\/uploads\/2022\/11\/MK16048-1-b55f.jpg 800w, https:\/\/mouldking.store\/wp-content\/uploads\/2022\/11\/MK16048-1-b55f-300x300.jpg 300w, https:\/\/mouldking.store\/wp-content\/uploads\/2022\/11\/MK16048-1-b55f-768x768.jpg 768w, https:\/\/mouldking.store\/wp-content\/uploads\/2022\/11\/MK16048-1-b55f-600x600.jpg 600w, https:\/\/mouldking.store\/wp-content\/uploads\/2022\/11\/MK16048-1-b55f-150x150.jpg 150w, https:\/\/mouldking.store\/wp-content\/uploads\/2022\/11\/MK16048-1-b55f-60x60.jpg 60w, https:\/\/mouldking.store\/wp-content\/uploads\/2022\/11\/MK16048-1-b55f-90x90.jpg 90w\" sizes=\"(max-width: 800px) 100vw, 800px\" \/><figcaption id=\"caption-attachment-35433\" class=\"wp-caption-text\">Pen\u00e9szkir\u00e1ly 16048 Botanikus Kert Street View 1289 darabbal<\/figcaption><\/figure>\n<figure id=\"attachment_35434\" aria-describedby=\"caption-attachment-35434\" style=\"width: 800px\" class=\"wp-caption aligncenter\"><img decoding=\"async\" class=\"wp-image-35434 size-full\" src=\"https:\/\/mouldking.store\/wp-content\/uploads\/2022\/11\/MK16048-2-22f0.jpg\" alt=\"Mould King 16048 Botanical Garden Street View With 1289 Pieces\" width=\"800\" height=\"800\" title=\"-\" srcset=\"https:\/\/mouldking.store\/wp-content\/uploads\/2022\/11\/MK16048-2-22f0.jpg 800w, https:\/\/mouldking.store\/wp-content\/uploads\/2022\/11\/MK16048-2-22f0-300x300.jpg 300w, https:\/\/mouldking.store\/wp-content\/uploads\/2022\/11\/MK16048-2-22f0-768x768.jpg 768w, https:\/\/mouldking.store\/wp-content\/uploads\/2022\/11\/MK16048-2-22f0-600x600.jpg 600w, https:\/\/mouldking.store\/wp-content\/uploads\/2022\/11\/MK16048-2-22f0-150x150.jpg 150w, https:\/\/mouldking.store\/wp-content\/uploads\/2022\/11\/MK16048-2-22f0-60x60.jpg 60w, https:\/\/mouldking.store\/wp-content\/uploads\/2022\/11\/MK16048-2-22f0-90x90.jpg 90w\" sizes=\"(max-width: 800px) 100vw, 800px\" \/><figcaption id=\"caption-attachment-35434\" class=\"wp-caption-text\">Pen\u00e9szkir\u00e1ly 16048 Botanikus Kert Street View 1289 darabbal<\/figcaption><\/figure>\n<figure id=\"attachment_35435\" aria-describedby=\"caption-attachment-35435\" style=\"width: 800px\" class=\"wp-caption aligncenter\"><img decoding=\"async\" class=\"wp-image-35435 size-full\" src=\"https:\/\/mouldking.store\/wp-content\/uploads\/2022\/11\/MK16048-3-713a.jpg\" alt=\"Mould King 16048 Botanical Garden Street View With 1289 Pieces\" width=\"800\" height=\"800\" title=\"-\" srcset=\"https:\/\/mouldking.store\/wp-content\/uploads\/2022\/11\/MK16048-3-713a.jpg 800w, https:\/\/mouldking.store\/wp-content\/uploads\/2022\/11\/MK16048-3-713a-300x300.jpg 300w, https:\/\/mouldking.store\/wp-content\/uploads\/2022\/11\/MK16048-3-713a-768x768.jpg 768w, https:\/\/mouldking.store\/wp-content\/uploads\/2022\/11\/MK16048-3-713a-600x600.jpg 600w, https:\/\/mouldking.store\/wp-content\/uploads\/2022\/11\/MK16048-3-713a-150x150.jpg 150w, https:\/\/mouldking.store\/wp-content\/uploads\/2022\/11\/MK16048-3-713a-60x60.jpg 60w, https:\/\/mouldking.store\/wp-content\/uploads\/2022\/11\/MK16048-3-713a-90x90.jpg 90w\" sizes=\"(max-width: 800px) 100vw, 800px\" \/><figcaption id=\"caption-attachment-35435\" class=\"wp-caption-text\">Pen\u00e9szkir\u00e1ly 16048 Botanikus Kert Street View 1289 darabbal<\/figcaption><\/figure>\n<figure id=\"attachment_35436\" aria-describedby=\"caption-attachment-35436\" style=\"width: 800px\" class=\"wp-caption aligncenter\"><img loading=\"lazy\" decoding=\"async\" class=\"wp-image-35436 size-full\" src=\"https:\/\/mouldking.store\/wp-content\/uploads\/2022\/11\/MK16048-4-0e08.jpg\" alt=\"Mould King 16048 Botanical Garden Street View With 1289 Pieces\" width=\"800\" height=\"800\" title=\"-\" srcset=\"https:\/\/mouldking.store\/wp-content\/uploads\/2022\/11\/MK16048-4-0e08.jpg 800w, https:\/\/mouldking.store\/wp-content\/uploads\/2022\/11\/MK16048-4-0e08-300x300.jpg 300w, https:\/\/mouldking.store\/wp-content\/uploads\/2022\/11\/MK16048-4-0e08-768x768.jpg 768w, https:\/\/mouldking.store\/wp-content\/uploads\/2022\/11\/MK16048-4-0e08-600x600.jpg 600w, https:\/\/mouldking.store\/wp-content\/uploads\/2022\/11\/MK16048-4-0e08-150x150.jpg 150w, https:\/\/mouldking.store\/wp-content\/uploads\/2022\/11\/MK16048-4-0e08-60x60.jpg 60w, https:\/\/mouldking.store\/wp-content\/uploads\/2022\/11\/MK16048-4-0e08-90x90.jpg 90w\" sizes=\"(max-width: 800px) 100vw, 800px\" \/><figcaption id=\"caption-attachment-35436\" class=\"wp-caption-text\">Pen\u00e9szkir\u00e1ly 16048 Botanikus Kert Street View 1289 darabbal<\/figcaption><\/figure>\n<figure id=\"attachment_35437\" aria-describedby=\"caption-attachment-35437\" style=\"width: 800px\" class=\"wp-caption aligncenter\"><img loading=\"lazy\" decoding=\"async\" class=\"wp-image-35437 size-full\" src=\"https:\/\/mouldking.store\/wp-content\/uploads\/2022\/11\/MK16048-5-7292.jpg\" alt=\"Mould King 16048 Botanical Garden Street View With 1289 Pieces\" width=\"800\" height=\"800\" title=\"-\" srcset=\"https:\/\/mouldking.store\/wp-content\/uploads\/2022\/11\/MK16048-5-7292.jpg 800w, https:\/\/mouldking.store\/wp-content\/uploads\/2022\/11\/MK16048-5-7292-300x300.jpg 300w, https:\/\/mouldking.store\/wp-content\/uploads\/2022\/11\/MK16048-5-7292-768x768.jpg 768w, https:\/\/mouldking.store\/wp-content\/uploads\/2022\/11\/MK16048-5-7292-600x600.jpg 600w, https:\/\/mouldking.store\/wp-content\/uploads\/2022\/11\/MK16048-5-7292-150x150.jpg 150w, https:\/\/mouldking.store\/wp-content\/uploads\/2022\/11\/MK16048-5-7292-60x60.jpg 60w, https:\/\/mouldking.store\/wp-content\/uploads\/2022\/11\/MK16048-5-7292-90x90.jpg 90w\" sizes=\"(max-width: 800px) 100vw, 800px\" \/><figcaption id=\"caption-attachment-35437\" class=\"wp-caption-text\">Pen\u00e9szkir\u00e1ly 16048 Botanikus Kert Street View 1289 darabbal<\/figcaption><\/figure>","protected":false},"excerpt":{"rendered":"<p>Product information: Brand: Mould King Gender: Unisex Name: Botanical Garden Street View Age Range: &gt; 6 years old Model Number: 16048 Classification: Assemblage Plastic Block Shape: Self-Locking Bricks Material: Plastic Plastic Type: ABS Bricks Blocks:1289 PCS Size: 19.3 \u00d7 19.3 \u00d7 16.5 cm Contains detailed assembly instructions. Notice: 1. Without an original box, but we [&hellip;]<\/p>","protected":false},"featured_media":35433,"comment_status":"closed","ping_status":"closed","template":"","meta":{"_acf_changed":false},"product_cat":[1365],"product_tag":[7570,7571,785,7572,615,7573,7574,7569,4727],"class_list":["product","first","instock","shipping-taxable","purchasable","product-type-simple"],"acf":[],"_links":{"self":[{"href":"https:\/\/mouldking.store\/hu\/wp-json\/wp\/v2\/product\/35432","targetHints":{"allow":["GET"]}}],"collection":[{"href":"https:\/\/mouldking.store\/hu\/wp-json\/wp\/v2\/product"}],"about":[{"href":"https:\/\/mouldking.store\/hu\/wp-json\/wp\/v2\/types\/product"}],"replies":[{"embeddable":true,"href":"https:\/\/mouldking.store\/hu\/wp-json\/wp\/v2\/comments?post=35432"}],"wp:featuredmedia":[{"embeddable":true,"href":"https:\/\/mouldking.store\/hu\/wp-json\/wp\/v2\/media\/35433"}],"wp:attachment":[{"href":"https:\/\/mouldking.store\/hu\/wp-json\/wp\/v2\/media?parent=35432"}],"wp:term":[{"taxonomy":"product_cat","embeddable":true,"href":"https:\/\/mouldking.store\/hu\/wp-json\/wp\/v2\/product_cat?post=35432"},{"taxonomy":"product_tag","embeddable":true,"href":"https:\/\/mouldking.store\/hu\/wp-json\/wp\/v2\/product_tag?post=35432"}],"curies":[{"name":"wp","href":"https:\/\/api.w.org\/{rel}","templated":true}]}}