{"id":35504,"date":"2022-11-21T14:19:32","date_gmt":"2022-11-21T07:19:32","guid":{"rendered":"https:\/\/mouldking.store\/?post_type=product&#038;p=35504"},"modified":"2022-11-21T14:19:33","modified_gmt":"2022-11-21T07:19:33","slug":"jihui-w2301-w2302-star-strawberry-bear-winking-strawberry-bear-with-592-pieces","status":"publish","type":"product","link":"https:\/\/mouldking.store\/hu\/shop\/jihui-w2301-w2302-star-strawberry-bear-winking-strawberry-bear-with-592-pieces\/","title":{"rendered":"JIHUI W2301 W2302 Star Strawberry Bear Kacsint\u00f3 eper medve 592 darabbal"},"content":{"rendered":"<p>Term\u00e9k inform\u00e1ci\u00f3:<\/p>\n<ol>\n<li>M\u00e1rka: JIHUI<\/li>\n<li>Nem: Uniszex<\/li>\n<li>N\u00e9v: Star Strawberry Bear Kacsint\u00f3 epermedve<\/li>\n<li>Koroszt\u00e1ly: &gt; 6 \u00e9v<\/li>\n<li>Modellsz\u00e1m: W2301 W2302<\/li>\n<li>Besorol\u00e1s: \u00d6sszeszerel\u00e9s<\/li>\n<li>M\u0171anyag blokk forma: \u00f6nz\u00e1r\u00f3 t\u00e9gla<\/li>\n<li>Anyaga: M\u0171anyag<\/li>\n<li>M\u0171anyag t\u00edpus: ABS<\/li>\n<li>T\u00e9gla blokkok: 592 DB<\/li>\n<li>M\u00e9ret: W2301: 10,8x6x11,4 cm; W2302: 7x7x1,6 cm<\/li>\n<li>R\u00e9szletes \u00f6sszeszerel\u00e9si \u00fatmutat\u00f3t tartalmaz.<\/li>\n<\/ol>\n<p>\u00c9rtes\u00edt\u00e9s:<br \/>\n1. Eredeti doboz n\u00e9lk\u00fcl, de garant\u00e1ljuk, hogy term\u00e9keink min\u0151s\u00e9gbiztos\u00edt\u00e1ssal \u00e9s sz\u00e9p csomagol\u00e1ssal rendelkeznek.<br \/>\n2. Mint minden alkatr\u00e9szt, amelyet a sz\u00e1ll\u00edt\u00e1s el\u0151tt ellen\u0151rizt\u00fcnk, ez\u00e9rt ha \u00fagy tal\u00e1lja, hogy n\u00e9h\u00e1ny alkatr\u00e9sz hi\u00e1nyzik vagy s\u00e9r\u00fclt, ne agg\u00f3djon, \u00e9s k\u00e9rj\u00fck, vegye fel vel\u00fcnk a kapcsolatot, \u00e9s azonnal ingyenesen elk\u00fcldj\u00fck \u00d6nnek.<\/p>\n<figure id=\"attachment_35505\" aria-describedby=\"caption-attachment-35505\" style=\"width: 1024px\" class=\"wp-caption aligncenter\"><img fetchpriority=\"high\" decoding=\"async\" class=\"wp-image-35505 size-large\" src=\"https:\/\/mouldking.store\/wp-content\/uploads\/2022\/11\/JIHUI-W2301-W2302-1024x1024.png\" alt=\"JIHUI W2301 W2302 Star Strawberry Bear Winking Strawberry Bear With 592 Pieces\" width=\"1024\" height=\"1024\" title=\"-\" srcset=\"https:\/\/mouldking.store\/wp-content\/uploads\/2022\/11\/JIHUI-W2301-W2302-1024x1024.png 1024w, https:\/\/mouldking.store\/wp-content\/uploads\/2022\/11\/JIHUI-W2301-W2302-300x300.png 300w, https:\/\/mouldking.store\/wp-content\/uploads\/2022\/11\/JIHUI-W2301-W2302-768x768.png 768w, https:\/\/mouldking.store\/wp-content\/uploads\/2022\/11\/JIHUI-W2301-W2302-600x600.png 600w, https:\/\/mouldking.store\/wp-content\/uploads\/2022\/11\/JIHUI-W2301-W2302-150x150.png 150w, https:\/\/mouldking.store\/wp-content\/uploads\/2022\/11\/JIHUI-W2301-W2302-60x60.png 60w, https:\/\/mouldking.store\/wp-content\/uploads\/2022\/11\/JIHUI-W2301-W2302-90x90.png 90w, https:\/\/mouldking.store\/wp-content\/uploads\/2022\/11\/JIHUI-W2301-W2302.png 1536w\" sizes=\"(max-width: 1024px) 100vw, 1024px\" \/><figcaption id=\"caption-attachment-35505\" class=\"wp-caption-text\">JIHUI W2301 W2302 Star Strawberry Bear Kacsint\u00f3 eper medve 592 darabbal<\/figcaption><\/figure>\n<figure id=\"attachment_35506\" aria-describedby=\"caption-attachment-35506\" style=\"width: 1024px\" class=\"wp-caption aligncenter\"><img decoding=\"async\" class=\"wp-image-35506 size-large\" src=\"https:\/\/mouldking.store\/wp-content\/uploads\/2022\/11\/W2301-a9ce-1024x821.jpg\" alt=\"JIHUI W2301 W2302 Star Strawberry Bear Winking Strawberry Bear With 592 Pieces\" width=\"1024\" height=\"821\" title=\"-\" srcset=\"https:\/\/mouldking.store\/wp-content\/uploads\/2022\/11\/W2301-a9ce-1024x821.jpg 1024w, https:\/\/mouldking.store\/wp-content\/uploads\/2022\/11\/W2301-a9ce-300x241.jpg 300w, https:\/\/mouldking.store\/wp-content\/uploads\/2022\/11\/W2301-a9ce-768x616.jpg 768w, https:\/\/mouldking.store\/wp-content\/uploads\/2022\/11\/W2301-a9ce-600x481.jpg 600w, https:\/\/mouldking.store\/wp-content\/uploads\/2022\/11\/W2301-a9ce-150x120.jpg 150w, https:\/\/mouldking.store\/wp-content\/uploads\/2022\/11\/W2301-a9ce-75x60.jpg 75w, https:\/\/mouldking.store\/wp-content\/uploads\/2022\/11\/W2301-a9ce-112x90.jpg 112w, https:\/\/mouldking.store\/wp-content\/uploads\/2022\/11\/W2301-a9ce.jpg 1347w\" sizes=\"(max-width: 1024px) 100vw, 1024px\" \/><figcaption id=\"caption-attachment-35506\" class=\"wp-caption-text\">JIHUI W2301 W2302 Star Strawberry Bear Kacsint\u00f3 eper medve 592 darabbal<\/figcaption><\/figure>\n<figure id=\"attachment_35507\" aria-describedby=\"caption-attachment-35507\" style=\"width: 1024px\" class=\"wp-caption aligncenter\"><img decoding=\"async\" class=\"wp-image-35507 size-large\" src=\"https:\/\/mouldking.store\/wp-content\/uploads\/2022\/11\/W2302-59d5-1024x821.jpg\" alt=\"JIHUI W2301 W2302 Star Strawberry Bear Winking Strawberry Bear With 592 Pieces\" width=\"1024\" height=\"821\" title=\"-\" srcset=\"https:\/\/mouldking.store\/wp-content\/uploads\/2022\/11\/W2302-59d5-1024x821.jpg 1024w, https:\/\/mouldking.store\/wp-content\/uploads\/2022\/11\/W2302-59d5-300x241.jpg 300w, https:\/\/mouldking.store\/wp-content\/uploads\/2022\/11\/W2302-59d5-768x616.jpg 768w, https:\/\/mouldking.store\/wp-content\/uploads\/2022\/11\/W2302-59d5-600x481.jpg 600w, https:\/\/mouldking.store\/wp-content\/uploads\/2022\/11\/W2302-59d5-150x120.jpg 150w, https:\/\/mouldking.store\/wp-content\/uploads\/2022\/11\/W2302-59d5-75x60.jpg 75w, https:\/\/mouldking.store\/wp-content\/uploads\/2022\/11\/W2302-59d5-112x90.jpg 112w, https:\/\/mouldking.store\/wp-content\/uploads\/2022\/11\/W2302-59d5.jpg 1347w\" sizes=\"(max-width: 1024px) 100vw, 1024px\" \/><figcaption id=\"caption-attachment-35507\" class=\"wp-caption-text\">JIHUI W2301 W2302 Star Strawberry Bear Kacsint\u00f3 eper medve 592 darabbal<\/figcaption><\/figure>","protected":false},"excerpt":{"rendered":"<p>Product information: Brand: JIHUI Gender: Unisex Name: Star Strawberry Bear Winking Strawberry Bear Age Range: &gt; 6 years old Model Number: W2301 W2302 Classification: Assemblage Plastic Block Shape: Self-Locking Bricks Material: Plastic Plastic Type: ABS Bricks Blocks:592 PCS Size: W2301: 10.8x6x11.4cm; W2302: 7x7x1.6cm Contains detailed assembly instructions. Notice: 1. Without an original box, but we [&hellip;]<\/p>","protected":false},"featured_media":35505,"comment_status":"closed","ping_status":"closed","template":"","meta":{"_acf_changed":false},"product_cat":[1365],"product_tag":[7626,2271,7590,7628,7630,7622,673,7593,7623,7629,7624,7625,7627],"class_list":["product","first","instock","shipping-taxable","purchasable","product-type-variable"],"acf":[],"_links":{"self":[{"href":"https:\/\/mouldking.store\/hu\/wp-json\/wp\/v2\/product\/35504","targetHints":{"allow":["GET"]}}],"collection":[{"href":"https:\/\/mouldking.store\/hu\/wp-json\/wp\/v2\/product"}],"about":[{"href":"https:\/\/mouldking.store\/hu\/wp-json\/wp\/v2\/types\/product"}],"replies":[{"embeddable":true,"href":"https:\/\/mouldking.store\/hu\/wp-json\/wp\/v2\/comments?post=35504"}],"wp:featuredmedia":[{"embeddable":true,"href":"https:\/\/mouldking.store\/hu\/wp-json\/wp\/v2\/media\/35505"}],"wp:attachment":[{"href":"https:\/\/mouldking.store\/hu\/wp-json\/wp\/v2\/media?parent=35504"}],"wp:term":[{"taxonomy":"product_cat","embeddable":true,"href":"https:\/\/mouldking.store\/hu\/wp-json\/wp\/v2\/product_cat?post=35504"},{"taxonomy":"product_tag","embeddable":true,"href":"https:\/\/mouldking.store\/hu\/wp-json\/wp\/v2\/product_tag?post=35504"}],"curies":[{"name":"wp","href":"https:\/\/api.w.org\/{rel}","templated":true}]}}