{"id":35612,"date":"2022-11-21T16:44:25","date_gmt":"2022-11-21T09:44:25","guid":{"rendered":"https:\/\/mouldking.store\/?post_type=product&#038;p=35612"},"modified":"2022-11-21T16:44:25","modified_gmt":"2022-11-21T09:44:25","slug":"sluban-m38-b1098-racers-speed-champions-contash-sports-car-with-2300-pieces","status":"publish","type":"product","link":"https:\/\/mouldking.store\/hu\/shop\/sluban-m38-b1098-racers-speed-champions-contash-sports-car-with-2300-pieces\/","title":{"rendered":"Sluban M38-B1098 Racers Speed Champions Contash sportaut\u00f3 2300 darabbal"},"content":{"rendered":"<p>Term\u00e9k inform\u00e1ci\u00f3:<\/p>\n<ol>\n<li>M\u00e1rka: Sluban<\/li>\n<li>Nem: Uniszex<\/li>\n<li>N\u00e9v: Racers Speed Champions Contash Sports Car<\/li>\n<li>Koroszt\u00e1ly: &gt; 6 \u00e9v<\/li>\n<li>Modellsz\u00e1m: M38-B1098<\/li>\n<li>Besorol\u00e1s: \u00d6sszeszerel\u00e9s<\/li>\n<li>M\u0171anyag blokk forma: \u00f6nz\u00e1r\u00f3 t\u00e9gla<\/li>\n<li>Anyaga: M\u0171anyag<\/li>\n<li>M\u0171anyag t\u00edpus: ABS<\/li>\n<li>T\u00e9gla blokkok: 2300 DB<\/li>\n<li>M\u00e9rete: 15,5 cm<\/li>\n<li>R\u00e9szletes \u00f6sszeszerel\u00e9si \u00fatmutat\u00f3t tartalmaz.<\/li>\n<\/ol>\n<p>\u00c9rtes\u00edt\u00e9s:<br \/>\n1. Eredeti doboz n\u00e9lk\u00fcl, de garant\u00e1ljuk, hogy term\u00e9keink min\u0151s\u00e9gbiztos\u00edt\u00e1ssal \u00e9s sz\u00e9p csomagol\u00e1ssal rendelkeznek.<br \/>\n2. Mint minden alkatr\u00e9szt, amelyet a sz\u00e1ll\u00edt\u00e1s el\u0151tt ellen\u0151rizt\u00fcnk, ez\u00e9rt ha \u00fagy tal\u00e1lja, hogy n\u00e9h\u00e1ny alkatr\u00e9sz hi\u00e1nyzik vagy s\u00e9r\u00fclt, ne agg\u00f3djon, \u00e9s k\u00e9rj\u00fck, vegye fel vel\u00fcnk a kapcsolatot, \u00e9s azonnal ingyenesen elk\u00fcldj\u00fck \u00d6nnek.<\/p>\n<figure id=\"attachment_35613\" aria-describedby=\"caption-attachment-35613\" style=\"width: 800px\" class=\"wp-caption aligncenter\"><img fetchpriority=\"high\" decoding=\"async\" class=\"wp-image-35613 size-full\" src=\"https:\/\/mouldking.store\/wp-content\/uploads\/2022\/11\/Racers-Speed-Champions-Contash-Sports-Car-Sluban-M38-B1098-5.jpg\" alt=\"Sluban M38-B1098 Racers Speed Champions Contash Sports Car With 2300 Pieces\" width=\"800\" height=\"800\" title=\"-\" srcset=\"https:\/\/mouldking.store\/wp-content\/uploads\/2022\/11\/Racers-Speed-Champions-Contash-Sports-Car-Sluban-M38-B1098-5.jpg 800w, https:\/\/mouldking.store\/wp-content\/uploads\/2022\/11\/Racers-Speed-Champions-Contash-Sports-Car-Sluban-M38-B1098-5-300x300.jpg 300w, https:\/\/mouldking.store\/wp-content\/uploads\/2022\/11\/Racers-Speed-Champions-Contash-Sports-Car-Sluban-M38-B1098-5-768x768.jpg 768w, https:\/\/mouldking.store\/wp-content\/uploads\/2022\/11\/Racers-Speed-Champions-Contash-Sports-Car-Sluban-M38-B1098-5-600x600.jpg 600w, https:\/\/mouldking.store\/wp-content\/uploads\/2022\/11\/Racers-Speed-Champions-Contash-Sports-Car-Sluban-M38-B1098-5-150x150.jpg 150w, https:\/\/mouldking.store\/wp-content\/uploads\/2022\/11\/Racers-Speed-Champions-Contash-Sports-Car-Sluban-M38-B1098-5-60x60.jpg 60w, https:\/\/mouldking.store\/wp-content\/uploads\/2022\/11\/Racers-Speed-Champions-Contash-Sports-Car-Sluban-M38-B1098-5-90x90.jpg 90w\" sizes=\"(max-width: 800px) 100vw, 800px\" \/><figcaption id=\"caption-attachment-35613\" class=\"wp-caption-text\">Sluban M38-B1098 Racers Speed Champions Contash sportaut\u00f3 2300 darabbal<\/figcaption><\/figure>\n<figure id=\"attachment_35614\" aria-describedby=\"caption-attachment-35614\" style=\"width: 800px\" class=\"wp-caption aligncenter\"><img decoding=\"async\" class=\"wp-image-35614 size-full\" src=\"https:\/\/mouldking.store\/wp-content\/uploads\/2022\/11\/Racers-Speed-Champions-Contash-Sports-Car-Sluban-M38-B1098-4.jpg\" alt=\"Sluban M38-B1098 Racers Speed Champions Contash Sports Car With 2300 Pieces\" width=\"800\" height=\"800\" title=\"-\" srcset=\"https:\/\/mouldking.store\/wp-content\/uploads\/2022\/11\/Racers-Speed-Champions-Contash-Sports-Car-Sluban-M38-B1098-4.jpg 800w, https:\/\/mouldking.store\/wp-content\/uploads\/2022\/11\/Racers-Speed-Champions-Contash-Sports-Car-Sluban-M38-B1098-4-300x300.jpg 300w, https:\/\/mouldking.store\/wp-content\/uploads\/2022\/11\/Racers-Speed-Champions-Contash-Sports-Car-Sluban-M38-B1098-4-768x768.jpg 768w, https:\/\/mouldking.store\/wp-content\/uploads\/2022\/11\/Racers-Speed-Champions-Contash-Sports-Car-Sluban-M38-B1098-4-600x600.jpg 600w, https:\/\/mouldking.store\/wp-content\/uploads\/2022\/11\/Racers-Speed-Champions-Contash-Sports-Car-Sluban-M38-B1098-4-150x150.jpg 150w, https:\/\/mouldking.store\/wp-content\/uploads\/2022\/11\/Racers-Speed-Champions-Contash-Sports-Car-Sluban-M38-B1098-4-60x60.jpg 60w, https:\/\/mouldking.store\/wp-content\/uploads\/2022\/11\/Racers-Speed-Champions-Contash-Sports-Car-Sluban-M38-B1098-4-90x90.jpg 90w\" sizes=\"(max-width: 800px) 100vw, 800px\" \/><figcaption id=\"caption-attachment-35614\" class=\"wp-caption-text\">Sluban M38-B1098 Racers Speed Champions Contash sportaut\u00f3 2300 darabbal<\/figcaption><\/figure>\n<figure id=\"attachment_35615\" aria-describedby=\"caption-attachment-35615\" style=\"width: 800px\" class=\"wp-caption aligncenter\"><img decoding=\"async\" class=\"wp-image-35615 size-full\" src=\"https:\/\/mouldking.store\/wp-content\/uploads\/2022\/11\/Racers-Speed-Champions-Contash-Sports-Car-Sluban-M38-B1098-3.jpg\" alt=\"Sluban M38-B1098 Racers Speed Champions Contash Sports Car With 2300 Pieces\" width=\"800\" height=\"800\" title=\"-\" srcset=\"https:\/\/mouldking.store\/wp-content\/uploads\/2022\/11\/Racers-Speed-Champions-Contash-Sports-Car-Sluban-M38-B1098-3.jpg 800w, https:\/\/mouldking.store\/wp-content\/uploads\/2022\/11\/Racers-Speed-Champions-Contash-Sports-Car-Sluban-M38-B1098-3-300x300.jpg 300w, https:\/\/mouldking.store\/wp-content\/uploads\/2022\/11\/Racers-Speed-Champions-Contash-Sports-Car-Sluban-M38-B1098-3-768x768.jpg 768w, https:\/\/mouldking.store\/wp-content\/uploads\/2022\/11\/Racers-Speed-Champions-Contash-Sports-Car-Sluban-M38-B1098-3-600x600.jpg 600w, https:\/\/mouldking.store\/wp-content\/uploads\/2022\/11\/Racers-Speed-Champions-Contash-Sports-Car-Sluban-M38-B1098-3-150x150.jpg 150w, https:\/\/mouldking.store\/wp-content\/uploads\/2022\/11\/Racers-Speed-Champions-Contash-Sports-Car-Sluban-M38-B1098-3-60x60.jpg 60w, https:\/\/mouldking.store\/wp-content\/uploads\/2022\/11\/Racers-Speed-Champions-Contash-Sports-Car-Sluban-M38-B1098-3-90x90.jpg 90w\" sizes=\"(max-width: 800px) 100vw, 800px\" \/><figcaption id=\"caption-attachment-35615\" class=\"wp-caption-text\">Sluban M38-B1098 Racers Speed Champions Contash sportaut\u00f3 2300 darabbal<\/figcaption><\/figure>\n<figure id=\"attachment_35616\" aria-describedby=\"caption-attachment-35616\" style=\"width: 800px\" class=\"wp-caption aligncenter\"><img loading=\"lazy\" decoding=\"async\" class=\"wp-image-35616 size-full\" src=\"https:\/\/mouldking.store\/wp-content\/uploads\/2022\/11\/Racers-Speed-Champions-Contash-Sports-Car-Sluban-M38-B1098-2.jpg\" alt=\"Sluban M38-B1098 Racers Speed Champions Contash Sports Car With 2300 Pieces\" width=\"800\" height=\"800\" title=\"-\" srcset=\"https:\/\/mouldking.store\/wp-content\/uploads\/2022\/11\/Racers-Speed-Champions-Contash-Sports-Car-Sluban-M38-B1098-2.jpg 800w, https:\/\/mouldking.store\/wp-content\/uploads\/2022\/11\/Racers-Speed-Champions-Contash-Sports-Car-Sluban-M38-B1098-2-300x300.jpg 300w, https:\/\/mouldking.store\/wp-content\/uploads\/2022\/11\/Racers-Speed-Champions-Contash-Sports-Car-Sluban-M38-B1098-2-768x768.jpg 768w, https:\/\/mouldking.store\/wp-content\/uploads\/2022\/11\/Racers-Speed-Champions-Contash-Sports-Car-Sluban-M38-B1098-2-600x600.jpg 600w, https:\/\/mouldking.store\/wp-content\/uploads\/2022\/11\/Racers-Speed-Champions-Contash-Sports-Car-Sluban-M38-B1098-2-150x150.jpg 150w, https:\/\/mouldking.store\/wp-content\/uploads\/2022\/11\/Racers-Speed-Champions-Contash-Sports-Car-Sluban-M38-B1098-2-60x60.jpg 60w, https:\/\/mouldking.store\/wp-content\/uploads\/2022\/11\/Racers-Speed-Champions-Contash-Sports-Car-Sluban-M38-B1098-2-90x90.jpg 90w\" sizes=\"(max-width: 800px) 100vw, 800px\" \/><figcaption id=\"caption-attachment-35616\" class=\"wp-caption-text\">Sluban M38-B1098 Racers Speed Champions Contash sportaut\u00f3 2300 darabbal<\/figcaption><\/figure>\n<figure id=\"attachment_35617\" aria-describedby=\"caption-attachment-35617\" style=\"width: 800px\" class=\"wp-caption aligncenter\"><img loading=\"lazy\" decoding=\"async\" class=\"wp-image-35617 size-full\" src=\"https:\/\/mouldking.store\/wp-content\/uploads\/2022\/11\/Racers-Speed-Champions-Contash-Sports-Car-Sluban-M38-B1098-1.jpg\" alt=\"Sluban M38-B1098 Racers Speed Champions Contash Sports Car With 2300 Pieces\" width=\"800\" height=\"800\" title=\"-\" srcset=\"https:\/\/mouldking.store\/wp-content\/uploads\/2022\/11\/Racers-Speed-Champions-Contash-Sports-Car-Sluban-M38-B1098-1.jpg 800w, https:\/\/mouldking.store\/wp-content\/uploads\/2022\/11\/Racers-Speed-Champions-Contash-Sports-Car-Sluban-M38-B1098-1-300x300.jpg 300w, https:\/\/mouldking.store\/wp-content\/uploads\/2022\/11\/Racers-Speed-Champions-Contash-Sports-Car-Sluban-M38-B1098-1-768x768.jpg 768w, https:\/\/mouldking.store\/wp-content\/uploads\/2022\/11\/Racers-Speed-Champions-Contash-Sports-Car-Sluban-M38-B1098-1-600x600.jpg 600w, https:\/\/mouldking.store\/wp-content\/uploads\/2022\/11\/Racers-Speed-Champions-Contash-Sports-Car-Sluban-M38-B1098-1-150x150.jpg 150w, https:\/\/mouldking.store\/wp-content\/uploads\/2022\/11\/Racers-Speed-Champions-Contash-Sports-Car-Sluban-M38-B1098-1-60x60.jpg 60w, https:\/\/mouldking.store\/wp-content\/uploads\/2022\/11\/Racers-Speed-Champions-Contash-Sports-Car-Sluban-M38-B1098-1-90x90.jpg 90w\" sizes=\"(max-width: 800px) 100vw, 800px\" \/><figcaption id=\"caption-attachment-35617\" class=\"wp-caption-text\">Sluban M38-B1098 Racers Speed Champions Contash sportaut\u00f3 2300 darabbal<\/figcaption><\/figure>","protected":false},"excerpt":{"rendered":"<p>Nincsenek minifigur\u00e1k<\/p>","protected":false},"featured_media":35614,"comment_status":"closed","ping_status":"closed","template":"","meta":{"_acf_changed":false},"product_cat":[1357],"product_tag":[6635,7762,7760,7761,7763,7517,7764,7765,7759,6633,5166],"class_list":["product","first","instock","shipping-taxable","purchasable","product-type-simple"],"acf":[],"_links":{"self":[{"href":"https:\/\/mouldking.store\/hu\/wp-json\/wp\/v2\/product\/35612","targetHints":{"allow":["GET"]}}],"collection":[{"href":"https:\/\/mouldking.store\/hu\/wp-json\/wp\/v2\/product"}],"about":[{"href":"https:\/\/mouldking.store\/hu\/wp-json\/wp\/v2\/types\/product"}],"replies":[{"embeddable":true,"href":"https:\/\/mouldking.store\/hu\/wp-json\/wp\/v2\/comments?post=35612"}],"wp:featuredmedia":[{"embeddable":true,"href":"https:\/\/mouldking.store\/hu\/wp-json\/wp\/v2\/media\/35614"}],"wp:attachment":[{"href":"https:\/\/mouldking.store\/hu\/wp-json\/wp\/v2\/media?parent=35612"}],"wp:term":[{"taxonomy":"product_cat","embeddable":true,"href":"https:\/\/mouldking.store\/hu\/wp-json\/wp\/v2\/product_cat?post=35612"},{"taxonomy":"product_tag","embeddable":true,"href":"https:\/\/mouldking.store\/hu\/wp-json\/wp\/v2\/product_tag?post=35612"}],"curies":[{"name":"wp","href":"https:\/\/api.w.org\/{rel}","templated":true}]}}