{"id":35623,"date":"2022-11-21T16:59:32","date_gmt":"2022-11-21T09:59:32","guid":{"rendered":"https:\/\/mouldking.store\/?post_type=product&#038;p=35623"},"modified":"2022-11-21T16:59:32","modified_gmt":"2022-11-21T09:59:32","slug":"sluban-m38-b1085-racers-sports-car-with-328-pieces","status":"publish","type":"product","link":"https:\/\/mouldking.store\/hu\/shop\/sluban-m38-b1085-racers-sports-car-with-328-pieces\/","title":{"rendered":"Sluban M38-B1085 Racers Sportaut\u00f3 328 darabbal"},"content":{"rendered":"<p>Term\u00e9k inform\u00e1ci\u00f3:<\/p>\n<ol>\n<li>M\u00e1rka: Sluban<\/li>\n<li>Nem: Uniszex<\/li>\n<li>Name: Racers Sports Car<\/li>\n<li>Koroszt\u00e1ly: &gt; 6 \u00e9v<\/li>\n<li>Model Number: M38-B1085<\/li>\n<li>Besorol\u00e1s: \u00d6sszeszerel\u00e9s<\/li>\n<li>M\u0171anyag blokk forma: \u00f6nz\u00e1r\u00f3 t\u00e9gla<\/li>\n<li>Anyaga: M\u0171anyag<\/li>\n<li>M\u0171anyag t\u00edpus: ABS<\/li>\n<li>Bricks Blocks:328 PCS<\/li>\n<li>Size:16 cm<\/li>\n<li>R\u00e9szletes \u00f6sszeszerel\u00e9si \u00fatmutat\u00f3t tartalmaz.<\/li>\n<\/ol>\n<p>\u00c9rtes\u00edt\u00e9s:<br \/>\n1. Eredeti doboz n\u00e9lk\u00fcl, de garant\u00e1ljuk, hogy term\u00e9keink min\u0151s\u00e9gbiztos\u00edt\u00e1ssal \u00e9s sz\u00e9p csomagol\u00e1ssal rendelkeznek.<br \/>\n2. Mint minden alkatr\u00e9szt, amelyet a sz\u00e1ll\u00edt\u00e1s el\u0151tt ellen\u0151rizt\u00fcnk, ez\u00e9rt ha \u00fagy tal\u00e1lja, hogy n\u00e9h\u00e1ny alkatr\u00e9sz hi\u00e1nyzik vagy s\u00e9r\u00fclt, ne agg\u00f3djon, \u00e9s k\u00e9rj\u00fck, vegye fel vel\u00fcnk a kapcsolatot, \u00e9s azonnal ingyenesen elk\u00fcldj\u00fck \u00d6nnek.<\/p>\n<figure id=\"attachment_35624\" aria-describedby=\"caption-attachment-35624\" style=\"width: 800px\" class=\"wp-caption aligncenter\"><img fetchpriority=\"high\" decoding=\"async\" class=\"wp-image-35624 size-full\" src=\"https:\/\/mouldking.store\/wp-content\/uploads\/2022\/11\/Racers-Sports-Car-Sluban-M38-B1085-5.jpg\" alt=\"Sluban M38-B1085 Racers Sports Car With 328 Pieces\" width=\"800\" height=\"800\" title=\"-\" srcset=\"https:\/\/mouldking.store\/wp-content\/uploads\/2022\/11\/Racers-Sports-Car-Sluban-M38-B1085-5.jpg 800w, https:\/\/mouldking.store\/wp-content\/uploads\/2022\/11\/Racers-Sports-Car-Sluban-M38-B1085-5-300x300.jpg 300w, https:\/\/mouldking.store\/wp-content\/uploads\/2022\/11\/Racers-Sports-Car-Sluban-M38-B1085-5-768x768.jpg 768w, https:\/\/mouldking.store\/wp-content\/uploads\/2022\/11\/Racers-Sports-Car-Sluban-M38-B1085-5-600x600.jpg 600w, https:\/\/mouldking.store\/wp-content\/uploads\/2022\/11\/Racers-Sports-Car-Sluban-M38-B1085-5-150x150.jpg 150w, https:\/\/mouldking.store\/wp-content\/uploads\/2022\/11\/Racers-Sports-Car-Sluban-M38-B1085-5-60x60.jpg 60w, https:\/\/mouldking.store\/wp-content\/uploads\/2022\/11\/Racers-Sports-Car-Sluban-M38-B1085-5-90x90.jpg 90w\" sizes=\"(max-width: 800px) 100vw, 800px\" \/><figcaption id=\"caption-attachment-35624\" class=\"wp-caption-text\">Sluban M38-B1085 Racers Sportaut\u00f3 328 darabbal<\/figcaption><\/figure>\n<figure id=\"attachment_35625\" aria-describedby=\"caption-attachment-35625\" style=\"width: 800px\" class=\"wp-caption aligncenter\"><img decoding=\"async\" class=\"wp-image-35625 size-full\" src=\"https:\/\/mouldking.store\/wp-content\/uploads\/2022\/11\/Racers-Sports-Car-Sluban-M38-B1085-4.jpg\" alt=\"Sluban M38-B1085 Racers Sports Car With 328 Pieces\" width=\"800\" height=\"800\" title=\"-\" srcset=\"https:\/\/mouldking.store\/wp-content\/uploads\/2022\/11\/Racers-Sports-Car-Sluban-M38-B1085-4.jpg 800w, https:\/\/mouldking.store\/wp-content\/uploads\/2022\/11\/Racers-Sports-Car-Sluban-M38-B1085-4-300x300.jpg 300w, https:\/\/mouldking.store\/wp-content\/uploads\/2022\/11\/Racers-Sports-Car-Sluban-M38-B1085-4-768x768.jpg 768w, https:\/\/mouldking.store\/wp-content\/uploads\/2022\/11\/Racers-Sports-Car-Sluban-M38-B1085-4-600x600.jpg 600w, https:\/\/mouldking.store\/wp-content\/uploads\/2022\/11\/Racers-Sports-Car-Sluban-M38-B1085-4-150x150.jpg 150w, https:\/\/mouldking.store\/wp-content\/uploads\/2022\/11\/Racers-Sports-Car-Sluban-M38-B1085-4-60x60.jpg 60w, https:\/\/mouldking.store\/wp-content\/uploads\/2022\/11\/Racers-Sports-Car-Sluban-M38-B1085-4-90x90.jpg 90w\" sizes=\"(max-width: 800px) 100vw, 800px\" \/><figcaption id=\"caption-attachment-35625\" class=\"wp-caption-text\">Sluban M38-B1085 Racers Sportaut\u00f3 328 darabbal<\/figcaption><\/figure>\n<figure id=\"attachment_35626\" aria-describedby=\"caption-attachment-35626\" style=\"width: 800px\" class=\"wp-caption aligncenter\"><img decoding=\"async\" class=\"wp-image-35626 size-full\" src=\"https:\/\/mouldking.store\/wp-content\/uploads\/2022\/11\/Racers-Sports-Car-Sluban-M38-B1085-3.jpg\" alt=\"Sluban M38-B1085 Racers Sports Car With 328 Pieces\" width=\"800\" height=\"800\" title=\"-\" srcset=\"https:\/\/mouldking.store\/wp-content\/uploads\/2022\/11\/Racers-Sports-Car-Sluban-M38-B1085-3.jpg 800w, https:\/\/mouldking.store\/wp-content\/uploads\/2022\/11\/Racers-Sports-Car-Sluban-M38-B1085-3-300x300.jpg 300w, https:\/\/mouldking.store\/wp-content\/uploads\/2022\/11\/Racers-Sports-Car-Sluban-M38-B1085-3-768x768.jpg 768w, https:\/\/mouldking.store\/wp-content\/uploads\/2022\/11\/Racers-Sports-Car-Sluban-M38-B1085-3-600x600.jpg 600w, https:\/\/mouldking.store\/wp-content\/uploads\/2022\/11\/Racers-Sports-Car-Sluban-M38-B1085-3-150x150.jpg 150w, https:\/\/mouldking.store\/wp-content\/uploads\/2022\/11\/Racers-Sports-Car-Sluban-M38-B1085-3-60x60.jpg 60w, https:\/\/mouldking.store\/wp-content\/uploads\/2022\/11\/Racers-Sports-Car-Sluban-M38-B1085-3-90x90.jpg 90w\" sizes=\"(max-width: 800px) 100vw, 800px\" \/><figcaption id=\"caption-attachment-35626\" class=\"wp-caption-text\">Sluban M38-B1085 Racers Sportaut\u00f3 328 darabbal<\/figcaption><\/figure>\n<figure id=\"attachment_35627\" aria-describedby=\"caption-attachment-35627\" style=\"width: 800px\" class=\"wp-caption aligncenter\"><img loading=\"lazy\" decoding=\"async\" class=\"wp-image-35627 size-full\" src=\"https:\/\/mouldking.store\/wp-content\/uploads\/2022\/11\/Racers-Sports-Car-Sluban-M38-B1085-2.jpg\" alt=\"Sluban M38-B1085 Racers Sports Car With 328 Pieces\" width=\"800\" height=\"800\" title=\"-\" srcset=\"https:\/\/mouldking.store\/wp-content\/uploads\/2022\/11\/Racers-Sports-Car-Sluban-M38-B1085-2.jpg 800w, https:\/\/mouldking.store\/wp-content\/uploads\/2022\/11\/Racers-Sports-Car-Sluban-M38-B1085-2-300x300.jpg 300w, https:\/\/mouldking.store\/wp-content\/uploads\/2022\/11\/Racers-Sports-Car-Sluban-M38-B1085-2-768x768.jpg 768w, https:\/\/mouldking.store\/wp-content\/uploads\/2022\/11\/Racers-Sports-Car-Sluban-M38-B1085-2-600x600.jpg 600w, https:\/\/mouldking.store\/wp-content\/uploads\/2022\/11\/Racers-Sports-Car-Sluban-M38-B1085-2-150x150.jpg 150w, https:\/\/mouldking.store\/wp-content\/uploads\/2022\/11\/Racers-Sports-Car-Sluban-M38-B1085-2-60x60.jpg 60w, https:\/\/mouldking.store\/wp-content\/uploads\/2022\/11\/Racers-Sports-Car-Sluban-M38-B1085-2-90x90.jpg 90w\" sizes=\"(max-width: 800px) 100vw, 800px\" \/><figcaption id=\"caption-attachment-35627\" class=\"wp-caption-text\">Sluban M38-B1085 Racers Sportaut\u00f3 328 darabbal<\/figcaption><\/figure>\n<figure id=\"attachment_35628\" aria-describedby=\"caption-attachment-35628\" style=\"width: 800px\" class=\"wp-caption aligncenter\"><img loading=\"lazy\" decoding=\"async\" class=\"wp-image-35628 size-full\" src=\"https:\/\/mouldking.store\/wp-content\/uploads\/2022\/11\/Racers-Sports-Car-Sluban-M38-B1085-1.jpg\" alt=\"Sluban M38-B1085 Racers Sports Car With 328 Pieces\" width=\"800\" height=\"800\" title=\"-\" srcset=\"https:\/\/mouldking.store\/wp-content\/uploads\/2022\/11\/Racers-Sports-Car-Sluban-M38-B1085-1.jpg 800w, https:\/\/mouldking.store\/wp-content\/uploads\/2022\/11\/Racers-Sports-Car-Sluban-M38-B1085-1-300x300.jpg 300w, https:\/\/mouldking.store\/wp-content\/uploads\/2022\/11\/Racers-Sports-Car-Sluban-M38-B1085-1-768x768.jpg 768w, https:\/\/mouldking.store\/wp-content\/uploads\/2022\/11\/Racers-Sports-Car-Sluban-M38-B1085-1-600x600.jpg 600w, https:\/\/mouldking.store\/wp-content\/uploads\/2022\/11\/Racers-Sports-Car-Sluban-M38-B1085-1-150x150.jpg 150w, https:\/\/mouldking.store\/wp-content\/uploads\/2022\/11\/Racers-Sports-Car-Sluban-M38-B1085-1-60x60.jpg 60w, https:\/\/mouldking.store\/wp-content\/uploads\/2022\/11\/Racers-Sports-Car-Sluban-M38-B1085-1-90x90.jpg 90w\" sizes=\"(max-width: 800px) 100vw, 800px\" \/><figcaption id=\"caption-attachment-35628\" class=\"wp-caption-text\">Sluban M38-B1085 Racers Sportaut\u00f3 328 darabbal<\/figcaption><\/figure>","protected":false},"excerpt":{"rendered":"<p>Eredeti doboza nincs<\/p>","protected":false},"featured_media":35624,"comment_status":"closed","ping_status":"closed","template":"","meta":{"_acf_changed":false},"product_cat":[1360,1357],"product_tag":[7773,7761,7774,7517,7775,7772,5166],"class_list":["product","first","instock","shipping-taxable","purchasable","product-type-simple"],"acf":[],"_links":{"self":[{"href":"https:\/\/mouldking.store\/hu\/wp-json\/wp\/v2\/product\/35623","targetHints":{"allow":["GET"]}}],"collection":[{"href":"https:\/\/mouldking.store\/hu\/wp-json\/wp\/v2\/product"}],"about":[{"href":"https:\/\/mouldking.store\/hu\/wp-json\/wp\/v2\/types\/product"}],"replies":[{"embeddable":true,"href":"https:\/\/mouldking.store\/hu\/wp-json\/wp\/v2\/comments?post=35623"}],"wp:featuredmedia":[{"embeddable":true,"href":"https:\/\/mouldking.store\/hu\/wp-json\/wp\/v2\/media\/35624"}],"wp:attachment":[{"href":"https:\/\/mouldking.store\/hu\/wp-json\/wp\/v2\/media?parent=35623"}],"wp:term":[{"taxonomy":"product_cat","embeddable":true,"href":"https:\/\/mouldking.store\/hu\/wp-json\/wp\/v2\/product_cat?post=35623"},{"taxonomy":"product_tag","embeddable":true,"href":"https:\/\/mouldking.store\/hu\/wp-json\/wp\/v2\/product_tag?post=35623"}],"curies":[{"name":"wp","href":"https:\/\/api.w.org\/{rel}","templated":true}]}}